{"id":6921,"date":"2025-04-28T16:28:46","date_gmt":"2025-04-28T16:28:46","guid":{"rendered":"https:\/\/wmdcompany.eu\/?post_type=product&#038;p=6921"},"modified":"2025-10-07T06:41:01","modified_gmt":"2025-10-07T06:41:01","slug":"mobiilne-jahutusseade-3-5kw","status":"publish","type":"product","link":"https:\/\/westonclimate.com\/lt\/tooted\/mobilus-ausinimo-irenginys-3-5kw\/","title":{"rendered":"MOBILUS AU\u0160INIMO \u012eRENGINYS - 3,5 KW"},"content":{"rendered":"<ul>\n<li>Kompakti\u0161kas ir eleganti\u0161kas dizainas<\/li>\n<li>Greitas au\u0161inimas iki 16 C<\/li>\n<li>Nuotolinio valdymo pultas o C<\/li>\n<li>3 viename: v\u0117sinimas, d\u017eiovinimas, ventiliatorius<\/li>\n<li>Elektroninis valdymas<\/li>\n<li>24 valand\u0173 laikmatis<\/li>\n<li>Miego re\u017eimas<\/li>\n<li>Automatinis paleidimas i\u0161 naujo<\/li>\n<li>1W bud\u0117jimo re\u017eimo energijos suvartojimas<\/li>\n<li>Savidiagnostika<\/li>\n<li>Ratai<\/li>\n<li>Priedai Art. NSP1912A3<\/li>\n<li>Au\u0161inimo paj\u0117gumas<\/li>\n<li>Oro srautas<\/li>\n<li>Triuk\u0161mo lygis<\/li>\n<li>D\u017eiovinimo paj\u0117gumas<\/li>\n<li>Matmenys (mm) 3,5 kw 360\/330\/300 49\/51\/53 1,8 L\/h, m\u00b3\/h, dB, 390x820x405 mm.<\/li>\n<\/ul>","protected":false},"excerpt":{"rendered":"<p>\"Weston Climate\" mobiliajame au\u0161intuve naudojamas ekologi\u0161kas \u0161aldymo agentas R290 (C3H8). R290 duj\u0173 prana\u0161umas, palyginti su oro kondicionieriuose naudojamais \u0161aldymo agentais, yra tas, kad j\u0173 ODP (ozono ardymo potencialas) yra lygus nuliui, o GWP = 3 (visuotinio at\u0161ilimo potencialas) - labai ma\u017eas. Palyginti su dviem iki \u0161iol naudot\u0173 duj\u0173 koeficientais, R290 duj\u0173 poveikis aplinkai yra nedidelis.<\/p>","protected":false},"featured_media":7613,"template":"","meta":[],"product_brand":[],"product_cat":[126],"product_tag":[],"class_list":{"0":"post-6921","1":"product","2":"type-product","3":"status-publish","4":"has-post-thumbnail","6":"product_cat-konditsioneerid","8":"first","9":"instock","10":"taxable","11":"shipping-taxable","12":"purchasable","13":"product-type-simple"},"_links":{"self":[{"href":"https:\/\/westonclimate.com\/lt\/wp-json\/wp\/v2\/product\/6921","targetHints":{"allow":["GET"]}}],"collection":[{"href":"https:\/\/westonclimate.com\/lt\/wp-json\/wp\/v2\/product"}],"about":[{"href":"https:\/\/westonclimate.com\/lt\/wp-json\/wp\/v2\/types\/product"}],"version-history":[{"count":9,"href":"https:\/\/westonclimate.com\/lt\/wp-json\/wp\/v2\/product\/6921\/revisions"}],"predecessor-version":[{"id":9433,"href":"https:\/\/westonclimate.com\/lt\/wp-json\/wp\/v2\/product\/6921\/revisions\/9433"}],"wp:featuredmedia":[{"embeddable":true,"href":"https:\/\/westonclimate.com\/lt\/wp-json\/wp\/v2\/media\/7613"}],"wp:attachment":[{"href":"https:\/\/westonclimate.com\/lt\/wp-json\/wp\/v2\/media?parent=6921"}],"wp:term":[{"taxonomy":"product_brand","embeddable":true,"href":"https:\/\/westonclimate.com\/lt\/wp-json\/wp\/v2\/product_brand?post=6921"},{"taxonomy":"product_cat","embeddable":true,"href":"https:\/\/westonclimate.com\/lt\/wp-json\/wp\/v2\/product_cat?post=6921"},{"taxonomy":"product_tag","embeddable":true,"href":"https:\/\/westonclimate.com\/lt\/wp-json\/wp\/v2\/product_tag?post=6921"}],"curies":[{"name":"wp","href":"https:\/\/api.w.org\/{rel}","templated":true}]}}