{"id":8974,"date":"2025-09-17T10:44:42","date_gmt":"2025-09-17T10:44:42","guid":{"rendered":"https:\/\/staging.westonclimate.ee\/?post_type=product&#038;p=8974"},"modified":"2026-01-30T17:10:43","modified_gmt":"2026-01-30T17:10:43","slug":"weston-climate-jbt-seeria-80l-akumulatsioonipaak","status":"publish","type":"product","link":"https:\/\/westonclimate.com\/lt\/tooted\/weston-climate-jbt-serijos-80l-akumuliacine-talpykla\/","title":{"rendered":"\"Weston Climate JBT\" serijos 80L-1000L akumuliacin\u0117 talpykla"},"content":{"rendered":"<ul>\n<li>Vandens bako talpa: 80 L<\/li>\n<li>Faktin\u0117 vidinio bako talpa (90%): \u226572 L<\/li>\n<li>Vidinio bako med\u017eiaga: SUS 304 \/ ner\u016bdijantis plienas.<\/li>\n<li>Tik\u0117tina gyvenimo trukm\u0117: 55 metai<\/li>\n<li>Vandens temperat\u016bra: ne auk\u0161tesn\u0117 kaip 95 \u00b0C<\/li>\n<li>Vidinis skersmuo: 370 mm<\/li>\n<li>I\u0161orinis skersmuo: 470 mm<\/li>\n<li>Grynasis svoris: 24 kg<\/li>\n<li>Bendrasis svoris (BSS): 28 kg<\/li>\n<li>Gaminio matmenys: 470 \u00d7 850 mm<\/li>\n<li>Pakuot\u0117s matmenys: 950 \u00d7 550 \u00d7 550 mm<\/li>\n<li>Darbinis sl\u0117gis: 0,7 MPa<\/li>\n<li>Bandomasis sl\u0117gis: 1,25 MPa<\/li>\n<\/ul>","protected":false},"excerpt":{"rendered":"<p><strong>\"Weston Climate JBT\" serijos 80L-1000L akumuliacin\u0117 talpykla<\/strong>\u00a0skirtas kaip buferis tarp \u0161ilumos siurblio ir \u0161ildymo sistemos.<\/p>\n<p>Bakas pagamintas i\u0161 <strong>ner\u016bdijantis plienas<\/strong> (SUS 304).<\/p>\n<p><strong>Produkto tarnavimo laikas - daugiau kaip 55 metai.<\/strong> Produktui suteikiama 10 met\u0173 garantija.<\/p>\n<p>Rezervuaras izoliuotas ir u\u017edengtas da\u017eyta plieno skarda. Rezervuaras montuojamas ant sienos ir pritaikytas maksimaliai 95 \u00b0C vandens temperat\u016brai.<\/p>\n<p><strong data-start=\"653\" data-end=\"700\">80L PRODUKTO SAND\u0116LYJE! <\/strong><strong data-start=\"653\" data-end=\"700\">HIND 351\u20ac +km.<\/strong><\/p>\n<p><strong data-start=\"653\" data-end=\"700\"> TEIRAUKIT\u0116S PASI\u016aLYMO D\u0116L KIT\u0172 DYD\u017dI\u0172!<\/strong><\/p>","protected":false},"featured_media":8976,"template":"","meta":[],"product_brand":[],"product_cat":[258,211],"product_tag":[],"class_list":{"0":"post-8974","1":"product","2":"type-product","3":"status-publish","4":"has-post-thumbnail","6":"product_cat-paagid-ja-boilerid","7":"product_cat-lisaseadmed","9":"first","10":"instock","11":"taxable","12":"shipping-taxable","13":"purchasable","14":"product-type-simple"},"_links":{"self":[{"href":"https:\/\/westonclimate.com\/lt\/wp-json\/wp\/v2\/product\/8974","targetHints":{"allow":["GET"]}}],"collection":[{"href":"https:\/\/westonclimate.com\/lt\/wp-json\/wp\/v2\/product"}],"about":[{"href":"https:\/\/westonclimate.com\/lt\/wp-json\/wp\/v2\/types\/product"}],"version-history":[{"count":6,"href":"https:\/\/westonclimate.com\/lt\/wp-json\/wp\/v2\/product\/8974\/revisions"}],"predecessor-version":[{"id":11015,"href":"https:\/\/westonclimate.com\/lt\/wp-json\/wp\/v2\/product\/8974\/revisions\/11015"}],"wp:featuredmedia":[{"embeddable":true,"href":"https:\/\/westonclimate.com\/lt\/wp-json\/wp\/v2\/media\/8976"}],"wp:attachment":[{"href":"https:\/\/westonclimate.com\/lt\/wp-json\/wp\/v2\/media?parent=8974"}],"wp:term":[{"taxonomy":"product_brand","embeddable":true,"href":"https:\/\/westonclimate.com\/lt\/wp-json\/wp\/v2\/product_brand?post=8974"},{"taxonomy":"product_cat","embeddable":true,"href":"https:\/\/westonclimate.com\/lt\/wp-json\/wp\/v2\/product_cat?post=8974"},{"taxonomy":"product_tag","embeddable":true,"href":"https:\/\/westonclimate.com\/lt\/wp-json\/wp\/v2\/product_tag?post=8974"}],"curies":[{"name":"wp","href":"https:\/\/api.w.org\/{rel}","templated":true}]}}