{"id":3532,"date":"2024-06-18T14:27:19","date_gmt":"2024-06-18T14:27:19","guid":{"rendered":"https:\/\/wmdcompany.eu\/?page_id=3532"},"modified":"2025-09-24T07:01:31","modified_gmt":"2025-09-24T07:01:31","slug":"citi-noteikumi-un-nosacijumi","status":"publish","type":"page","link":"https:\/\/westonclimate.com\/lv\/muugitingimused\/","title":{"rendered":"P\u0101rdo\u0161anas nosac\u012bjumi"},"content":{"rendered":"<div data-elementor-type=\"wp-page\" data-elementor-id=\"3532\" class=\"elementor elementor-3532\" data-elementor-post-type=\"page\">\n\t\t\t\t<div class=\"elementor-element elementor-element-273dbb49 e-flex e-con-boxed wpr-particle-no wpr-jarallax-no wpr-parallax-no wpr-sticky-section-no wpr-equal-height-no e-con e-parent\" data-id=\"273dbb49\" data-element_type=\"container\" data-e-type=\"container\">\n\t\t\t\t\t<div class=\"e-con-inner\">\n\t\t\t\t<div class=\"elementor-element elementor-element-6e2af5c0 elementor-widget elementor-widget-text-editor\" data-id=\"6e2af5c0\" data-element_type=\"widget\" data-e-type=\"widget\" data-widget_type=\"text-editor.default\">\n\t\t\t\t<div class=\"elementor-widget-container\">\n\t\t\t\t\t\t\t\t\t<h1 id=\"veebipoe-m\u00fc\u00fcgitingimused\">P\u0101rdo\u0161anas noteikumi un nosac\u012bjumi<\/h1><p>Tie\u0161saistes veikals <a href=\"https:\/\/westonclimate.com\/lv\/\" target=\"_blank\" rel=\"noopener\">www.westonclimate.com<\/a>\u00a0(turpm\u0101k tekst\u0101 - Interneta veikals) pieder uz\u0146\u0113mumam O\u00dc WMD Company (re\u0123istr\u0101cijas kods 16170164), kura juridisk\u0101 adrese ir Vabadust pst 174b, Tallinn, 10917 Harjumaa, Igaunija.<\/p><p><strong><br \/>P\u0101rdo\u0161anas l\u012bguma sp\u0113k\u0101 esam\u012bba, komerci\u0101l\u0101 inform\u0101cija un inform\u0101cija par cenu<\/strong><\/p><p>Pirk\u0161anas noteikumi un nosac\u012bjumi attiecas uz pre\u010du ieg\u0101di no Interneta veikala.<\/p><p>Interneta veikal\u0101 p\u0101rdoto produktu cenas ir nor\u0101d\u012btas pie produktiem. Uz cenu attiecas pieg\u0101des maksa. Visas tie\u0161saistes veikal\u0101 p\u0101rdoto pre\u010du cenas ir nor\u0101d\u012btas euro.<\/p><p>Pieg\u0101des maksa ir atkar\u012bga no pirc\u0113ja atra\u0161an\u0101s vietas un pieg\u0101des veida. Pieg\u0101des maksa tiek par\u0101d\u012bta pirc\u0113jam, veicot pas\u016bt\u012bjumu.<\/p><p>Inform\u0101cija par prec\u0113m ir sniegta tie\u0161saistes veikal\u0101 tie\u0161i pie prec\u0113m.<\/p><p><strong><br \/>Pas\u016bt\u012bjuma iesnieg\u0161ana<\/strong><\/p><p>Lai veiktu pas\u016bt\u012bjumu, jums ir j\u0101pievieno v\u0113lamie produkti iepirkumu groz\u0101. Lai veiktu pas\u016bt\u012bjumu, ir j\u0101aizpilda nepiecie\u0161amie lauki un j\u0101izv\u0113las atbilsto\u0161ais pieg\u0101des veids. P\u0113c tam ekr\u0101n\u0101 tiks par\u0101d\u012bta maksas summa, kuru var dro\u0161i samaks\u0101t, izmantojot \u0161\u0101das maks\u0101jumu metodes:<\/p><ul><li><a href=\"https:\/\/maksekeskus.ee\/service\/kaardimaksed\/\" target=\"_blank\" rel=\"noopener\">Visa\/Mastercard kar\u0161u maks\u0101jumi<\/a><\/li><li>Igaunijas banku maks\u0101jumi: Swedbank, SEB, Luminor, LHV, Coop Pank, Citadele, Revolut, N26.<\/li><li>Igaunijas d\u0101vanu karte: Kniks<\/li><li><a href=\"https:\/\/maksekeskus.ee\/service\/maksa-hiljem-lahendused\/\" target=\"_blank\" rel=\"noopener\">Igaunija maks\u0101 v\u0113l\u0101k risin\u0101jumi<\/a>: Esto pirk\u0161ana uz nomaksu, Esto 3, Inbank pirk\u0161ana uz nomaksu<\/li><li>Latvijas banku maks\u0101jumi: Swedbank, SEB, Citadele, Luminor, Revolut, N26.<\/li><li>Latvie\u0161u d\u0101vanu karte: Kniks<\/li><li><a href=\"https:\/\/maksekeskus.ee\/service\/maksa-hiljem-lahendused\/\" target=\"_blank\" rel=\"noopener\">Latvijai j\u0101maks\u0101 par v\u0113l\u0101kajiem risin\u0101jumiem<\/a>: Bankas iemaksas<\/li><li>Bankas maks\u0101jumi Lietuv\u0101: Swedbank, SEB, Urbo, LKU, Citadele, \u0160iauliu, Luminor, Revolut, N26.<\/li><li>Lietuvas d\u0101vanu karte: Kniks<\/li><li><a href=\"https:\/\/maksekeskus.ee\/service\/maksa-hiljem-lahendused\/\" target=\"_blank\" rel=\"noopener\">Lietuva maks\u0101s par v\u0113l\u0101kajiem risin\u0101jumiem<\/a>: Bankas iemaksas<\/li><li>Banku maks\u0101jumi Somij\u0101: Nordea, Nordea Business, Danske Bank, OP Pohjola, Alandsbanken, Handelsbanken, S-Pankki, Oma S\u00e4\u00e4st\u00f6pankki, S\u00e4\u00e4st\u00f6pankki, POP Pankki, Revolut, N26.<\/li><li>Somijas d\u0101vanu karte: Kniks<\/li><li>Apple Pay<\/li><\/ul><p>NB: Maks\u0101jot ar bankas p\u0101rskait\u012bjumu, bankas lap\u0101 noteikti noklik\u0161\u0137iniet uz pogas \"Atpaka\u013c pie tirgot\u0101ja\".<\/p><p>Maks\u0101jumi, ko veic ar starpniec\u012bbu <a href=\"http:\/\/www.maksekeskus.ee\/\" target=\"_blank\" rel=\"noopener noreferrer\">Maks\u0101jumu centrs AS<\/a>. Maks\u0101jums notiek \u0101rpus Interneta veikala dro\u0161\u0101 vid\u0113 - maks\u0101juma ar bankas p\u0101rskait\u012bjumu gad\u012bjum\u0101 attiec\u012bg\u0101s bankas dro\u0161\u0101 vid\u0113 un maks\u0101juma ar kred\u012btkarti gad\u012bjum\u0101 - Maksekeskus AS dro\u0161\u0101 vid\u0113. P\u0101rdev\u0113jam nav piek\u013cuves klienta bankas un kred\u012btkartes datiem. L\u012bgums st\u0101jas sp\u0113k\u0101 no dienas, kad internetveikala nor\u0113\u0137inu kont\u0101 ir sa\u0146emta maks\u0101jam\u0101 summa.<\/p><p>Interneta veikala \u012bpa\u0161nieks ir personas datu p\u0101rzinis un nodod personas datus, kas nepiecie\u0161ami maks\u0101jumu veik\u0161anai, apstr\u0101d\u0101t\u0101jam Maksekeskus AS.<\/p><p>Ja pas\u016bt\u012bt\u0101s preces nevar pieg\u0101d\u0101t pieg\u0101des termi\u0146a beig\u0101m vai k\u0101da cita iemesla d\u0113\u013c, pirc\u0113js tiks inform\u0113ts p\u0113c iesp\u0113jas \u0101tr\u0101k, un samaks\u0101t\u0101 nauda (ieskaitot pieg\u0101des izmaksas) tiks atmaks\u0101ta nekav\u0113joties, bet ne v\u0113l\u0101k k\u0101 14 dienu laik\u0101 p\u0113c pazi\u0146ojuma sa\u0146em\u0161anas.<\/p><p><strong><br \/>Pieg\u0101de uz<\/strong><\/p><p>Preces tiek s\u016bt\u012btas uz Igauniju, Latviju, Lietuvu.<\/p><p>Lai sa\u0146emtu preces, pirc\u0113jam ir \u0161\u0101das iesp\u0113jas: Venipak kurjers, pakom\u0101ti (Itella Smartpost, Omniva, DPD), iesp\u0113ja sa\u0146emt preces pa\u0161am.<\/p><p>Pieg\u0101des izmaksas sedz pirc\u0113js, un atbilsto\u0161\u0101 inform\u0101cija par cenu tiek par\u0101d\u012bta kop\u0101 ar pieg\u0101des metodi.<\/p><p>S\u016bt\u012bjumi Igaunijas teritorij\u0101 parasti ierodas pirc\u0113ja nor\u0101d\u012btaj\u0101 galam\u0113r\u0137\u012b 10 darba dienu laik\u0101 p\u0113c p\u0101rdo\u0161anas l\u012bguma st\u0101\u0161an\u0101s sp\u0113k\u0101. \u0100rpus Igaunijas pieg\u0101de notiek 10 darba dienu laik\u0101.<\/p><p>Iz\u0146\u0113muma gad\u012bjumos jums ir ties\u012bbas sa\u0146emt preces pieg\u0101di l\u012bdz 45 kalend\u0101ro dienu laik\u0101.<\/p><p><strong><br \/>Atteikuma ties\u012bbas<\/strong><\/p><p>P\u0113c pas\u016bt\u012bjuma sa\u0146em\u0161anas pirc\u0113jam ir ties\u012bbas atteikties no e-l\u012bguma 14 dienu laik\u0101.<\/p><p>Atteikuma ties\u012bbas nav sp\u0113k\u0101, ja pirc\u0113js ir juridiska persona.<\/p><p>Lai izmantotu 14 dienu atteikuma ties\u012bbas, pas\u016bt\u012bt\u0101s preces nedr\u012bkst izmantot nek\u0101d\u0101 cit\u0101 veid\u0101, iz\u0146emot to, kas nepiecie\u0161ams, lai p\u0101rliecin\u0101tos par pre\u010du raksturu, \u012bpa\u0161\u012bb\u0101m un darb\u012bbu, t\u0101pat k\u0101 tas ir at\u013cauts, test\u0113jot preces fizisk\u0101 veikal\u0101.<\/p><p>Ja preces ir izmantotas citiem m\u0113r\u0137iem, kas nav nepiecie\u0161ami, lai p\u0101rliecin\u0101tos par pre\u010du raksturu, \u012bpa\u0161\u012bb\u0101m un darb\u012bbu, vai ja prec\u0113m ir lieto\u0161anas vai nolietojuma paz\u012bmes, Interneta veikalam ir ties\u012bbas samazin\u0101t atmaks\u0101jamo maksu atbilsto\u0161i pre\u010du v\u0113rt\u012bbas samazin\u0101jumam.<\/p><p>Lai atgrieztu preces, j\u0101iesniedz atteikuma veidlapa, kas atrodama \u0161eit: <a href=\"https:\/\/westonclimate.com\/lv\/5564-2\/\" target=\"_blank\" rel=\"noopener\"><em>Pazi\u0146ojums par atsauk\u0161anu<\/em>\u00a0<\/a>un 14 dienu laik\u0101 p\u0113c pre\u010du sa\u0146em\u0161anas nos\u016btiet to uz sales@westonclimate.com.<\/p><p>Pre\u010du atgrie\u0161anas izmaksas sedz pirc\u0113js, ja vien atgrie\u0161anas iemesls nav t\u0101ds, ka atgrie\u017eamais produkts neatbilst pas\u016bt\u012btajam (piem\u0113ram, nepareizs vai boj\u0101ts produkts).<\/p><p>Pirc\u0113jam preces ir j\u0101atdod atpaka\u013c 14 dienu laik\u0101 no pieteikuma datuma vai j\u0101iesniedz pier\u0101d\u012bjums, ka vi\u0146\u0161 \u0161aj\u0101 termi\u0146\u0101 t\u0101s ir nodevis p\u0101rvad\u0101t\u0101jam.<\/p><p>Sa\u0146emot atgriezt\u0101s preces, interneta veikals nekav\u0113joties, bet ne v\u0113l\u0101k k\u0101 14 dienu laik\u0101 no atteikuma sa\u0146em\u0161anas dienas, atmaks\u0101 pirc\u0113jam visus no pirc\u0113ja saska\u0146\u0101 ar l\u012bgumu sa\u0146emtos maks\u0101jumus.<\/p><p>Interneta veikals var atteikties atmaks\u0101t naudu, kam\u0113r tas nav sa\u0146\u0113mis preces, uz kur\u0101m attiecas l\u012bgums, vai kam\u0113r pirc\u0113js nav iesniedzis pier\u0101d\u012bjumus, ka vi\u0146\u0161 ir nos\u016bt\u012bjis preces atpaka\u013c, atkar\u012bb\u0101 no t\u0101, kas notiek agr\u0101k.<\/p><p>Ja pirc\u0113js ir nep\u0101rprotami izv\u0113l\u0113jies pieg\u0101des veidu, kas nav visl\u0113t\u0101kais pieg\u0101des veids, ko pied\u0101v\u0101 Interneta veikals, Interneta veikalam nav pien\u0101kuma atl\u012bdzin\u0101t pat\u0113r\u0113t\u0101jam izmaksas, kas p\u0101rsniedz parast\u0101 pieg\u0101des veida izmaksas.<\/p><p>Interneta veikalam ir ties\u012bbas atteikties no p\u0101rdo\u0161anas un piepras\u012bt no pirc\u0113ja atgriezt preces, ja k\u013c\u016bdas d\u0113\u013c pre\u010du cena interneta veikal\u0101 ir nor\u0101d\u012bta iev\u0113rojami zem\u0101ka par pre\u010du tirgus cenu.<\/p><p><strong><br \/>Ties\u012bbas iesniegt s\u016bdz\u012bbu<\/strong><\/p><p>Interneta veikals ir atbild\u012bgs par pirc\u0113jam p\u0101rdoto pre\u010du neatbilst\u012bbu vai defektu, kas jau past\u0101v\u0113ja pieg\u0101des br\u012bd\u012b un kas izpaud\u012bsies ne v\u0113l\u0101k k\u0101 divu gadu laik\u0101 p\u0113c pre\u010du pieg\u0101des pirc\u0113jam.\u00a0<b data-stringify-type=\"bold\">P\u0113c tam vienu gadu p\u0113c pre\u010du pieg\u0101des pirc\u0113jam tiek uzskat\u012bts, ka defekts ir past\u0101v\u0113jis pieg\u0101des br\u012bd\u012b. Interneta veikala pien\u0101kums ir atsp\u0113kot \u0161o pie\u0146\u0113mumu.<\/b><\/p><p>Defekta gad\u012bjum\u0101 pirc\u0113jam ir ties\u012bbas ne v\u0113l\u0101k k\u0101 divu m\u0113ne\u0161u laik\u0101 sazin\u0101ties ar interneta veikalu, nos\u016btot e-pastu uz sales@westonclimate.com vai zvanot pa t\u0101lruni +372 5568 9584.<\/p><p>Interneta veikals nav atbild\u012bgs par defektiem, kas radu\u0161ies p\u0113c pre\u010du pieg\u0101des pirc\u0113jam.<\/p><p>Ja prec\u0113m, kas ieg\u0101d\u0101tas no Interneta veikala, ir defekts, par kuru ir atbild\u012bgs Interneta veikals, Interneta veikals labos vai nomain\u012bs boj\u0101t\u0101s preces. Ja preces nav iesp\u0113jams salabot vai nomain\u012bt, Interneta veikals atmaks\u0101s pirc\u0113jam visus maks\u0101jumus par pirkuma l\u012bgumu.<\/p><p>Interneta veikals 15 dienu laik\u0101 atbild\u0113s uz pat\u0113r\u0113t\u0101ja s\u016bdz\u012bbu rakstiski vai t\u0101d\u0101 form\u0101t\u0101, ko var atveidot rakstiski.<\/p><p><strong><br \/>Tie\u0161\u0101 tirgved\u012bba un personas datu apstr\u0101de<\/strong><\/p><p>Interneta veikals izmanto pirc\u0113ja sniegtos personas datus tikai, lai apstr\u0101d\u0101tu pas\u016bt\u012bjumu un nos\u016bt\u012btu preces pirc\u0113jam. Lai pieg\u0101d\u0101tu preces, tie\u0161saistes veikals p\u0101rs\u016bta personas datus uz\u0146\u0113mumiem, kas sniedz transporta pakalpojumus.<\/p><p>Interneta veikals nos\u016bta jaunumus un pied\u0101v\u0101jumus uz pirc\u0113ja e-pasta adresi tikai tad, ja pirc\u0113js ir izteicis v\u0113lmi tos sa\u0146emt, ievadot savu e-pasta adresi t\u012bmek\u013ca vietn\u0113 un nor\u0101d\u012bjis savu v\u0113lmi sa\u0146emt tie\u0161\u0101 pasta pazi\u0146ojumus.<\/p><p>Pirc\u0113js jebkur\u0101 laik\u0101 var atteikties no pied\u0101v\u0101jumu un bi\u013cetenu sa\u0146em\u0161anas pa e-pastu, pazi\u0146ojot mums par to pa e-pastu vai izpildot nor\u0101d\u012bjumus e-past\u0101, kur\u0101 ir pied\u0101v\u0101jumi.<\/p><p><strong><br \/>Str\u012bdu iz\u0161\u0137ir\u0161ana<\/strong><\/p><p>Ja pirc\u0113jam ir k\u0101das s\u016bdz\u012bbas par Interneta veikalu, t\u0101s j\u0101nos\u016bta pa e-pastu uz sales@westonclimate.com vai pa t\u0101lruni +372 5568 9584.<\/p><p>Ja pirc\u0113js un interneta veikals nesp\u0113j atrisin\u0101t str\u012bdu, vienojoties, pirc\u0113js var v\u0113rsties Pat\u0113r\u0113t\u0101ju str\u012bdu komisij\u0101. J\u016bs varat iepaz\u012bties ar proced\u016bras noteikumiem un nosac\u012bjumiem un iesniegt pieteikumu <a href=\"https:\/\/komisjon.ee\/et\/avalduse-esitamine\" target=\"_blank\" rel=\"noopener noreferrer\">\u0161eit<\/a>. Pat\u0113r\u0113t\u0101ju str\u012bdu komiteja ir kompetenta risin\u0101t str\u012bdus, kas izriet no l\u012bguma, kas nosl\u0113gts starp pirc\u0113ju un Interneta veikalu. Komisija pirc\u0113ja s\u016bdz\u012bbu izskata bez maksas.<\/p><p>Pirc\u0113js var v\u0113rsties Eiropas Savien\u012bbas pat\u0113r\u0113t\u0101ju str\u012bdu iz\u0161\u0137ir\u0161anas platform\u0101. <a href=\"https:\/\/ec.europa.eu\/consumers\/odr\/main\/index.cfm?event=main.home2.show&amp;lng=ET\" target=\"_blank\" rel=\"noopener noreferrer\">uz<\/a>.<\/p>\t\t\t\t\t\t\t\t<\/div>\n\t\t\t\t<\/div>\n\t\t\t\t\t<\/div>\n\t\t\t\t<\/div>\n\t\t<div class=\"elementor-element elementor-element-02a245f e-flex e-con-boxed wpr-particle-no wpr-jarallax-no wpr-parallax-no wpr-sticky-section-no wpr-equal-height-no e-con e-parent\" data-id=\"02a245f\" data-element_type=\"container\" data-e-type=\"container\">\n\t\t\t\t\t<div class=\"e-con-inner\">\n\t\t\t\t<div class=\"elementor-element elementor-element-464fb6f elementor-widget elementor-widget-spacer\" data-id=\"464fb6f\" data-element_type=\"widget\" data-e-type=\"widget\" data-widget_type=\"spacer.default\">\n\t\t\t\t<div class=\"elementor-widget-container\">\n\t\t\t\t\t\t\t<div class=\"elementor-spacer\">\n\t\t\t<div class=\"elementor-spacer-inner\"><\/div>\n\t\t<\/div>\n\t\t\t\t\t\t<\/div>\n\t\t\t\t<\/div>\n\t\t\t\t\t<\/div>\n\t\t\t\t<\/div>\n\t\t\t\t<\/div>","protected":false},"excerpt":{"rendered":"<p>Veebipoe m\u00fc\u00fcgitingimused Veebipoe www.westonclimate.com\u00a0(edaspidi Veebipood) omanik on O\u00dc WMD Company (registrikood 16170164), asukohaga Vabadust pst 174b, Tallinn, 10917 Harjumaa, Eesti. M\u00fc\u00fcgilepingu kehtivus, kauba- ja hinnainfo M\u00fc\u00fcgitingimused kehtivad Veebipoest kaupade ostmisel. Veebipoes m\u00fc\u00fcdavate toodete hinnad on m\u00e4rgitud toodete juurde. Hinnale lisandub tasu kauba k\u00e4ttetoimetamise eest. K\u00f5ik veebipoes m\u00fc\u00fcdavate kaupade hinnad on eurodes. Kauba k\u00e4ttetoimetamise tasu s\u00f5ltub ostja asukohast ning k\u00e4ttetoimetamise viisist. K\u00e4ttetoimetamise tasu kuvatakse ostjale tellimuse vormistamisel. Teave kauba kohta on esitatud Veebipoes vahetult kauba juures. Tellimuse vormistamine Kauba tellimiseks tuleb lisada soovitud tooted ostukorvi. Tellimuse vormistamiseks tuleb t\u00e4ita n\u00f5utud andmev\u00e4ljad ning valida sobiv toodete kohaletoimetamise viis. Seej\u00e4rel kuvatakse ekraanile tasu suurus, mille saab tasuda turvaliselt l\u00e4bi j\u00e4rgnevate makseviiside: Visa\/Mastercard kaardimaksed Eesti pangamaksed: Swedbank, SEB, Luminor, LHV, Coop Pank, Citadele, Revolut, N26 Eesti kinkekaart: Kniks Eesti maksa hiljem lahendused: Esto j\u00e4relmaks, Esto 3, Inbank j\u00e4relmaks L\u00e4ti pangamaksed: Swedbank, SEB, Citadele, Luminor, Revolut, N26 L\u00e4ti kinkekaart: Kniks L\u00e4ti maksa hiljem lahendused: Inbank j\u00e4relmaks Leedu pangamaksed: Swedbank, SEB, Urbo, LKU, Citadele, \u0160iauliu, Luminor, Revolut, N26 Leedu kinkekaart: Kniks Leedu maksa hiljem lahendused: Inbank j\u00e4relmaks Soome pangamaksed: Nordea, Nordea Business, Danske Bank, OP Pohjola, Alandsbanken, Handelsbanken, S-Pankki, Oma S\u00e4\u00e4st\u00f6pankki, S\u00e4\u00e4st\u00f6pankki, POP Pankki, Revolut, N26 Soome kinkekaart: Kniks Apple Pay NB! Pangalingiga tasumisel vajutada kindlasti panga lehel nupule \u201eTagasi kaupmehe juurde\u201c. Makseid vahendab Maksekeskus AS. Tasumine toimub v\u00e4ljaspool Veebipoodi turvalises keskkonnas \u2013 pangalingiga tasumisel vastava panga turvalises keskkonnas ja krediitkaardiga tasumisel Maksekeskus AS turvalises keskkonnas. M\u00fc\u00fcjal puudub ligip\u00e4\u00e4s kliendi panga ja krediitkaardi andmetele. Leping j\u00f5ustub alates tasumisele kuuluva summa laekumisest Veebipoe arvelduskontole. Veebipoe omanik on isikuandmete vastutav t\u00f6\u00f6tleja ning edastab maksete teostamiseks vajalikud isikuandmed volitatud t\u00f6\u00f6tleja Maksekeskus AS-le. Kui tellitud kaupa ei ole v\u00f5imalik tarnida seoses kauba l\u00f5ppemisega v\u00f5i muul p\u00f5hjusel, teavitatakse sellest ostjat esimesel v\u00f5imalusel ning tagastatakse tasutud raha (sh kauba k\u00e4ttetoimetamise kulud) viivitamata, kuid mitte hiljem kui 14 p\u00e4eva jooksul teate saatmisest. Kohaletoimetamine Kaupu saadetakse j\u00e4rgmistesse riikidesse: Eesti, L\u00e4ti, Leedu. Kauba k\u00e4ttesaamiseks on ostjal j\u00e4rgnevad valikud: Venipak kuller, pakiautomaadid (Itella Smartpost, Omniva, DPD), ise kaubale j\u00e4rele tulemuse v\u00f5imalus. Kauba saatmiskulud kannab ostja ning vastav hinnainfo on kuvatud saatmisviisi juures. Eestisisesed saadetised j\u00f5uavad \u00fcldjuhul ostja m\u00e4\u00e4ratud sihtpunkti 10 t\u00f6\u00f6p\u00e4eva jooksul alates m\u00fc\u00fcgilepingu j\u00f5ustumisest. V\u00e4ljaspool Eestit toimub kohaletoimetamine 10 t\u00f6\u00f6p\u00e4eva jooksul. Erandlikel juhtumitel on \u00f5igus kaup kohale toimetada kuni 45 kalendrip\u00e4eva jooksul. Taganemis\u00f5igus P\u00e4rast tellimuse k\u00e4ttesaamist on ostjal \u00f5igus e-poes s\u00f5lmitud lepingust taganeda 14 p\u00e4eva jooksul. Taganemis\u00f5igus ei kohaldu, kui ostjaks on juriidiline isik. 14-p\u00e4evase tagastamis\u00f5iguse kasutamiseks ei tohi tellitud kaupa kasutada muul viisil kui on vajalik kauba olemuses, omadustes ja toimimises veendumiseks viisil nagu see on lubatud kauba testimiseks f\u00fc\u00fcsilises poes. Kui kaupa on kasutatud muuks otstarbeks kui on vajalik kauba olemuses, omadustes ja toimimises veendumiseks v\u00f5i sellel on kasutamise v\u00f5i kulumise m\u00e4rke, on Veebipoel \u00f5igus alandada tagastatavat tasu vastavalt kauba v\u00e4\u00e4rtuse v\u00e4henemisele. Kauba tagastamiseks tuleb esitada kauba ostmisest taganemise avaldus, mille vormi leiab siit: taganemisavaldus\u00a0ning saata see e-posti aadressile sales@westonclimate.com hiljemalt 14 p\u00e4eva jooksul kauba k\u00e4ttesaamisest. Kauba tagastamise kulud kannab ostja, v\u00e4lja arvatud juhul, kui tagastamise p\u00f5hjus seisneb asjaolus, et tagastamisele kuuluv toode ei vasta tellitule (nt vale v\u00f5i defektiga toode). Ostja peab kauba tagastama avalduse esitamisele j\u00e4rgneva 14 p\u00e4eva jooksul v\u00f5i esitama t\u00f5endi, et ta on eelnimetatud perioodi jooksul kauba \u00fcle andnud kauba vedajale. Veebipood tagastab tagastatava kauba k\u00e4ttesaamisel ostjale viivitamata, kuid mitte hiljem kui 14 p\u00e4eva m\u00f6\u00f6dumisel arvates taganemisavalduse saamisest, k\u00f5ik ostjalt lepingu alusel saadud tasud. Veebipood v\u00f5ib keelduda tagasimaksete tegemisest seni, kuni on lepingu esemeks oleva asja tagasi saanud v\u00f5i kuni ostja on esitanud t\u00f5endid, et on asja tagasi saatnud, s\u00f5ltuvalt sellest, kumb toimub varem. Kui ostja on s\u00f5naselgelt valinud Veebipoe pakutud k\u00f5ige odavamast tavap\u00e4rasest asja k\u00e4ttetoimetamise viisist erineva k\u00e4ttetoimetamise viisi, ei pea Veebipood tarbijale tagastama kulu, mis \u00fcletab tavap\u00e4rase k\u00e4ttetoimetamise viisiga seotud kulu. Veebipoel on \u00f5igus taganeda m\u00fc\u00fcgitehingust ning n\u00f5uda ostjalt tagasi kaup, kui kauba hind veebipoes on eksituse t\u00f5ttu m\u00e4rgitud oluliselt alla kauba turuhinna. Pretensiooni esitamise \u00f5igus Veebipood vastutab ostjale m\u00fc\u00fcdud kauba lepingutingimustele mittevastavuse v\u00f5i puuduse eest, mis oli olemas juba asja \u00fcleandmise hetkel ning mis ilmneb kuni kahe aasta jooksul, alates kauba \u00fcleandmisest ostjale.\u00a0Sellest 1 aasta jooksul alates asja \u00fcleandmisest ostjale eeldatakse, et puudus oli olemas juba asja \u00fcleandmise ajal. Vastava eelduse \u00fcmberl\u00fckkamine on Veebipoe kohustus. Ostjal on \u00f5igus puuduse ilmnemisel p\u00f6\u00f6rduda hiljemalt kahe kuu jooksul veebipoe poole, saates e-kirja aadressile sales@westonclimate.com v\u00f5i helistada telefonil: +372 5568 9584. Veebipood ei vastuta puuduste eest, mis on tekkinud p\u00e4rast kauba \u00fcleandmist ostjale. Kui Veebipoest ostetud kaubal on puudused, mille eest Veebipood vastutab, parandab v\u00f5i asendab Veebipood puudusega kauba. Kui kaupa ei ole v\u00f5imalik parandada ega asendada, tagastab Veebipood ostjale k\u00f5ik m\u00fc\u00fcgilepinguga kaasnenud tasud. Veebipood vastab tarbija esitatud kaebusele kirjalikult v\u00f5i kirjalikku taasesitamist v\u00f5imaldavas vormis 15 p\u00e4eva jooksul. Otseturustus ja isikuandmete t\u00f6\u00f6tlemine Veebipood kasutab ostja poolt sisestatud isikuandmeid ainult tellimuse t\u00f6\u00f6tlemiseks ning kauba ostjale saatmiseks. Veebipood edastab isikuandmeid veoteenust pakkuvale ettev\u00f5tetele selleks, et kohale toimetada kaupa. Veebipood saadab ostjale uudiskirju ning pakkumisi ostja e-maili aadressile ainult juhul, kui ostja on selleks avaldanud soovi sisestades veebilehel e-kirja aadressi ning andnud teada oma soovist otsepostituse teadete saamiseks. Ostjal on igal ajal v\u00f5imalik loobuda e-postile saadetavatest pakkumistest ja uudiskirjadest andes sellest meile teada e-kirja teel v\u00f5i j\u00e4rgides pakkumisi sisaldava e-kirjas toodud juhiseid. Vaidluste lahendamine Kui ostjal on Veebipoe osas pretensioone, tuleb need saata e-kirja aadressile sales@westonclimate.com v\u00f5i helistada telefonil: +372 5568 9584. Kui ostja ja Veebipood ei suuda lahendada vaidlust kokkuleppe teel, siis on ostjal v\u00f5imalik p\u00f6\u00f6rduda Tarbijavaidluste komisjoni poole. Menetlustingimustega saab tutvuda ning avaldust esitada siin. Tarbijavaidluste komisjoni p\u00e4devuses on lahendada ostja ja Veebipoe vahel s\u00f5lmitud lepingust tulenevaid vaidlusi. Ostja kaebuse l\u00e4bivaatamine komisjonis on tasuta. Ostja v\u00f5ib p\u00f6\u00f6rduda Euroopa Liidu tarbijavaidlusi lahendava platvormi poole.<\/p>","protected":false},"author":8,"featured_media":0,"parent":0,"menu_order":0,"comment_status":"closed","ping_status":"closed","template":"","meta":{"footnotes":""},"class_list":["post-3532","page","type-page","status-publish","hentry"],"_links":{"self":[{"href":"https:\/\/westonclimate.com\/lv\/wp-json\/wp\/v2\/pages\/3532","targetHints":{"allow":["GET"]}}],"collection":[{"href":"https:\/\/westonclimate.com\/lv\/wp-json\/wp\/v2\/pages"}],"about":[{"href":"https:\/\/westonclimate.com\/lv\/wp-json\/wp\/v2\/types\/page"}],"author":[{"embeddable":true,"href":"https:\/\/westonclimate.com\/lv\/wp-json\/wp\/v2\/users\/8"}],"replies":[{"embeddable":true,"href":"https:\/\/westonclimate.com\/lv\/wp-json\/wp\/v2\/comments?post=3532"}],"version-history":[{"count":32,"href":"https:\/\/westonclimate.com\/lv\/wp-json\/wp\/v2\/pages\/3532\/revisions"}],"predecessor-version":[{"id":9187,"href":"https:\/\/westonclimate.com\/lv\/wp-json\/wp\/v2\/pages\/3532\/revisions\/9187"}],"wp:attachment":[{"href":"https:\/\/westonclimate.com\/lv\/wp-json\/wp\/v2\/media?parent=3532"}],"curies":[{"name":"wp","href":"https:\/\/api.w.org\/{rel}","templated":true}]}}