{"id":5564,"date":"2025-02-12T17:49:33","date_gmt":"2025-02-12T17:49:33","guid":{"rendered":"https:\/\/staging.wmdcompany.eu\/?page_id=5564"},"modified":"2025-07-29T19:29:44","modified_gmt":"2025-07-29T19:29:44","slug":"5564-2","status":"publish","type":"page","link":"https:\/\/westonclimate.com\/lv\/5564-2\/","title":{"rendered":"Atgrie\u0161ana un apmai\u0146a"},"content":{"rendered":"<div data-elementor-type=\"wp-page\" data-elementor-id=\"5564\" class=\"elementor elementor-5564\" data-elementor-post-type=\"page\">\n\t\t\t\t<div class=\"elementor-element elementor-element-3ab0f04d e-flex e-con-boxed wpr-particle-no wpr-jarallax-no wpr-parallax-no wpr-sticky-section-no wpr-column-slider-no wpr-equal-height-no e-con e-parent\" data-id=\"3ab0f04d\" data-element_type=\"container\" data-e-type=\"container\">\n\t\t\t\t\t<div class=\"e-con-inner\">\n\t\t\t\t<div class=\"elementor-element elementor-element-5755247d elementor-widget elementor-widget-text-editor\" data-id=\"5755247d\" data-element_type=\"widget\" data-e-type=\"widget\" data-widget_type=\"text-editor.default\">\n\t\t\t\t<div class=\"elementor-widget-container\">\n\t\t\t\t\t\t\t\t\t<h1>Atgrie\u0161ana un apmai\u0146a<\/h1><p><strong><br \/>WMD Company O\u00dc atgrie\u0161an\u0101s nosac\u012bjumi<br \/><\/strong><br \/>Pre\u010du atgrie\u0161ana WMD Company O\u00dc jumta centros notiek saska\u0146\u0101 ar turpm\u0101k min\u0113tajiem noteikumiem:<\/p><p>1. Klientam iepriek\u0161 j\u0101inform\u0113 a\u0123ents\/p\u0101rdev\u0113js, kas p\u0101rdeva preces, par v\u0113lmi atgriezt preces*. Pre\u010du atgrie\u0161ana ir atkar\u012bga no iepriek\u0161\u0113jas p\u0101rdev\u0113ja piekri\u0161anas.<br \/>2. Atgrie\u017eamaj\u0101m prec\u0113m j\u0101pievieno pien\u0101c\u012bgi aizpild\u012bta atgrie\u0161anas veidlapa.<br \/>3. Atgrie\u017eamaj\u0101m prec\u0113m j\u0101b\u016bt bez uzst\u0101d\u012b\u0161anas z\u012bm\u0113m, neskart\u0101m un ori\u0123in\u0101laj\u0101 iepakojum\u0101 (iek\u0101rtas, piederumi, piem\u0113ram, kontrolieri). Preces, kuras klients ir saboj\u0101jis, nevar atdot atpaka\u013c.<br \/>4. \u012apa\u0161a izm\u0113ra preces*** un preces, kas pas\u016bt\u012btas p\u0113c \u012bpa\u0161a pas\u016bt\u012bjuma klientam, netiek atgrieztas.<br \/>5. Preces, kas klientam pieg\u0101d\u0101tas 3 m\u0113ne\u0161us p\u0113c pieg\u0101des datuma, netiks ieg\u0101d\u0101tas.<br \/>6. Pre\u010du atgrie\u0161ana notiek uz pirc\u0113ja risku un r\u0113\u0137ina.<\/p><p><strong>Pre\u010du atmaksas nosac\u012bjumi:<\/strong><\/p><p>100% no pre\u010du pirkuma cenas, ja atgrie\u0161anas iemesls ir WMD Company O\u00dc k\u013c\u016bda un par pre\u010du neatbilst\u012bbu l\u012bguma noteikumiem j\u0101pazi\u0146o 60 dienu laik\u0101 p\u0113c pre\u010du pieg\u0101des klientam;<\/p><p>80% no noliktav\u0101 eso\u0161o pre\u010du** pirkuma cenas, ja vien atmaksa nav saist\u012bta ar WMD Company O\u00dc k\u013c\u016bdu un atmaksa tiek veikta 30 dienu laik\u0101 p\u0113c pre\u010du pieg\u0101des klientam;<\/p><p>60% no noliktav\u0101 eso\u0161o pre\u010du pirkuma cenas** saska\u0146\u0101 ar pirkuma r\u0113\u0137inu, ja vien atmaksa nav saist\u012bta ar WMD Company O\u00dc k\u013c\u016bdu un atmaksa tiek veikta 31 dienas - 6 m\u0113ne\u0161u laik\u0101 no pre\u010du pieg\u0101des klientam.<\/p><p>*Preces - jebkuras preces, kas ieg\u0101d\u0101tas no WMD Company O\u00dc.<br \/>**laokaup - no WMD Company O\u00dc ieg\u0101d\u0101tas standarta preces, kas nav ra\u017eotas vai pas\u016bt\u012btas p\u0113c klienta ras\u0113jumiem un izm\u0113riem un ko var izmantot da\u017e\u0101d\u0101m \u0113k\u0101m un objektiem.<br \/>***IPersonaliz\u0113tas preces - preces, kas ieg\u0101d\u0101tas no WMD Company O\u00dc un ir skaidri personaliz\u0113tas.<br \/>var izgatavot vai pas\u016bt\u012bt p\u0113c klienta izm\u0113riem un ras\u0113jumiem, un kuru izmanto\u0161ana ir.<br \/>citas \u0113kas vai iek\u0101rtas nav iesp\u0113jama vai rad\u012bs papildu izmaksas.<\/p>\t\t\t\t\t\t\t\t<\/div>\n\t\t\t\t<\/div>\n\t\t\t\t\t<\/div>\n\t\t\t\t<\/div>\n\t\t<div class=\"elementor-element elementor-element-3fa745c e-flex e-con-boxed wpr-particle-no wpr-jarallax-no wpr-parallax-no wpr-sticky-section-no wpr-column-slider-no wpr-equal-height-no e-con e-parent\" data-id=\"3fa745c\" data-element_type=\"container\" data-e-type=\"container\">\n\t\t\t\t\t<div class=\"e-con-inner\">\n\t\t\t\t<div class=\"elementor-element elementor-element-a61bf8d elementor-widget elementor-widget-shortcode\" data-id=\"a61bf8d\" data-element_type=\"widget\" data-e-type=\"widget\" data-widget_type=\"shortcode.default\">\n\t\t\t\t<div class=\"elementor-widget-container\">\n\t\t\t\t\t\t\t<div class=\"elementor-shortcode\">\n<div class=\"wpcf7 no-js\" id=\"wpcf7-f6102-o1\" lang=\"et\" dir=\"ltr\" data-wpcf7-id=\"6102\">\n<div class=\"screen-reader-response\"><p role=\"status\" aria-live=\"polite\" aria-atomic=\"true\"><\/p> <ul><\/ul><\/div>\n<form action=\"\/lv\/wp-json\/wp\/v2\/pages\/5564#wpcf7-f6102-o1\" method=\"post\" class=\"wpcf7-form init\" aria-label=\"Kontaktinform\u0101cija\" novalidate=\"novalidate\" data-status=\"init\" data-trp-original-action=\"\/lv\/wp-json\/wp\/v2\/pages\/5564#wpcf7-f6102-o1\">\n<fieldset class=\"hidden-fields-container\"><input type=\"hidden\" name=\"_wpcf7\" value=\"6102\" \/><input type=\"hidden\" name=\"_wpcf7_version\" value=\"6.1.5\" \/><input type=\"hidden\" name=\"_wpcf7_locale\" value=\"et\" \/><input type=\"hidden\" name=\"_wpcf7_unit_tag\" value=\"wpcf7-f6102-o1\" \/><input type=\"hidden\" name=\"_wpcf7_container_post\" value=\"0\" \/><input type=\"hidden\" name=\"_wpcf7_posted_data_hash\" value=\"\" \/><input type=\"hidden\" name=\"_wpcf7_recaptcha_response\" value=\"\" \/>\n<\/fieldset>\n<fieldset>\n\t<legend>Inform\u0101cija par klientu\n\t<\/legend>\n\t<div>\n\t\t<p><label>Uz\u0146\u0113muma nosaukums<br \/>\n<span class=\"wpcf7-form-control-wrap\" data-name=\"company-name\"><input size=\"40\" maxlength=\"400\" class=\"wpcf7-form-control wpcf7-text\" aria-invalid=\"false\" value=\"\" type=\"text\" name=\"company-name\" \/><\/span> <\/label><br \/>\n<label>Sa\u0146\u0113m\u0113ja, kas iesniedz deklar\u0101ciju, v\u0101rds un uzv\u0101rds<br \/>\n<span class=\"wpcf7-form-control-wrap\" data-name=\"returnee\"><input size=\"40\" maxlength=\"400\" class=\"wpcf7-form-control wpcf7-text\" aria-invalid=\"false\" value=\"\" type=\"text\" name=\"returnee\" \/><\/span><\/label><br \/>\n<label>T\u0101lrunis<br \/>\n<span class=\"wpcf7-form-control-wrap\" data-name=\"phone\"><input size=\"40\" maxlength=\"400\" class=\"wpcf7-form-control wpcf7-tel wpcf7-text wpcf7-validates-as-tel\" aria-invalid=\"false\" value=\"\" type=\"tel\" name=\"phone\" \/><\/span><\/label>\n\t\t<\/p>\n\t<\/div>\n<\/fieldset>\n<fieldset>\n\t<legend>Produkta dati\n\t<\/legend>\n\t<div>\n\t\t<p><label>Produkta nosaukums<br \/>\n<span class=\"wpcf7-form-control-wrap\" data-name=\"product-name\"><input size=\"40\" maxlength=\"400\" class=\"wpcf7-form-control wpcf7-text\" aria-invalid=\"false\" value=\"\" type=\"text\" name=\"product-name\" \/><\/span><\/label><br \/>\n<label>Daudzums<br \/>\n<span class=\"wpcf7-form-control-wrap\" data-name=\"amount\"><input class=\"wpcf7-form-control wpcf7-number wpcf7-validates-as-number\" aria-invalid=\"false\" value=\"\" type=\"number\" name=\"amount\" \/><\/span><\/label><br \/>\n<label>Pas\u016bt\u012bjuma\/pirkuma r\u0113\u0137ina\/nos\u016bt\u012bjuma pavadz\u012bmes Nr.<br \/>\n<span class=\"wpcf7-form-control-wrap\" data-name=\"order-info\"><input size=\"40\" maxlength=\"400\" class=\"wpcf7-form-control wpcf7-text\" aria-invalid=\"false\" value=\"\" type=\"text\" name=\"order-info\" \/><\/span><\/label>\n\t\t<\/p>\n\t<\/div>\n<\/fieldset>\n<fieldset>\n\t<legend>Atgrie\u0161an\u0101s iemesls\n\t<\/legend>\n\t<p><span class=\"wpcf7-form-control-wrap\" data-name=\"reason\"><span class=\"wpcf7-form-control wpcf7-checkbox\"><span class=\"wpcf7-list-item first\"><label><input type=\"checkbox\" name=\"reason[]\" value=\"Ekslikult tellitud toode\" \/><span class=\"wpcf7-list-item-label\">K\u013c\u016bdaini pas\u016bt\u012bts produkts<\/span><\/label><\/span><span class=\"wpcf7-list-item\"><label><input type=\"checkbox\" name=\"reason[]\" value=\"Defektne kaup\" \/><span class=\"wpcf7-list-item-label\">Preces ar tr\u016bkumiem<\/span><\/label><\/span><span class=\"wpcf7-list-item\"><label><input type=\"checkbox\" name=\"reason[]\" value=\"Valesti saadetud\" \/><span class=\"wpcf7-list-item-label\">Nepareizi nos\u016bt\u012bts<\/span><\/label><\/span><span class=\"wpcf7-list-item last\"><label><input type=\"checkbox\" name=\"reason[]\" value=\"Muu\" \/><span class=\"wpcf7-list-item-label\">Citi<\/span><\/label><\/span><\/span><\/span><br \/>\n<span class=\"wpcf7-form-control-wrap\" data-name=\"reason-explain\"><textarea cols=\"40\" rows=\"10\" maxlength=\"2000\" class=\"wpcf7-form-control wpcf7-textarea\" aria-invalid=\"false\" placeholder=\"Paskaidrojums\" name=\"reason-explain\"><\/textarea><\/span>\n\t<\/p>\n<\/fieldset>\n<fieldset>\n\t<legend>Klienta piepras\u012bjums\n\t<\/legend>\n\t<p><span class=\"wpcf7-form-control-wrap\" data-name=\"customerwants\"><span class=\"wpcf7-form-control wpcf7-radio\"><span class=\"wpcf7-list-item first\"><label><input type=\"radio\" name=\"customerwants\" value=\"Soovime h\u00fcvitusarvet\" \/><span class=\"wpcf7-list-item-label\">M\u0113s v\u0113lamies sa\u0146emt kompens\u0101cijas r\u0113\u0137inu<\/span><\/label><\/span><span class=\"wpcf7-list-item last\"><label><input type=\"radio\" name=\"customerwants\" value=\"Soovime uut toodet\" \/><span class=\"wpcf7-list-item-label\">M\u0113s v\u0113lamies jaunu produktu<\/span><\/label><\/span><\/span><\/span>\n\t<\/p>\n<\/fieldset>\n<p><input class=\"wpcf7-form-control wpcf7-submit has-spinner\" type=\"submit\" value=\"S\u016bt\u012bt uz\" \/>\n<\/p><div class=\"wpcf7-response-output\" aria-hidden=\"true\"><\/div>\n<input type=\"hidden\" name=\"trp-form-language\" value=\"lv\"\/><\/form>\n<\/div>\n<\/div>\n\t\t\t\t\t\t<\/div>\n\t\t\t\t<\/div>\n\t\t\t\t\t<\/div>\n\t\t\t\t<\/div>\n\t\t\t\t<\/div>","protected":false},"excerpt":{"rendered":"<p>Tagastamine ja vahetus WMD Company O\u00dc tagastustingimusedKauba tagastamine WMD Company O\u00dc katusekeskustesse toimub allolevate reeglite kohaselt: 1. Kauba* tagastamise soovist peab klient eelnevalt teavitama kauba m\u00fc\u00fcnud esindust\/m\u00fc\u00fcjat. Kauba tagastamise eelduseks on m\u00fc\u00fcja eelnev sellekohane\u00a0 n\u00f5usolek.2. Tagastatavale kaubale peab olema lisatud n\u00f5uetekohaselt t\u00e4idetud tagastusleht.3. Tagastatav kaup peab olema paigaldusj\u00e4lgedeta, terve ja\u00a0 originaalpakendis (seadmed, lisatarvikud, nt. kontrollerid). Kliendi poolt rikutud kaup tagastamisele ei kuulu.4. Erim\u00f5\u00f5dulist kaupa*** ja kliendile eritellimusena tellitud kaupa tagasi ei osteta.5. Kaupu, mille \u00fcleandmisest kliendile on m\u00f6\u00f6dunud 3 kuud tagasi ei osteta.6. Kauba tagastamine toimub ostja vastutusel ja kulul. Kauba h\u00fcvitamistingimused: 100% kauba ostuhinnast, kui\u00a0 tagastamise p\u00f5hjuseks on WMD Company O\u00dc poolne eksimus ning kauba lepingutingimustele mittevastavusest teavitatakse 60 p\u00e4eva jooksul alates kauba tarnest kliendile; 80% laokauba** ostuhinnast, kui tagastus ei tulene WMD Company O\u00dc poolsest eksimusest ning tagastus toimub 30 p\u00e4eva jooksul alates kauba tarnest kliendile; 60% laokauba** ostuhinnast vastavalt ostuarvele, kui tagastus ei tulene WMD Company O\u00dc poolsest eksimusest ning tagastus toimub 31 p\u00e4eva \u2013 6 kuu jooksul alates kauba tarnest kliendile. *kaup \u2013 mis iganes WMD Company O\u00dc -st ostetud kaup.**laokaup \u2013 WMD Company O\u00dc -st ostetud standardne kaup, mis ei ole toodetud ega tellitud kliendipoolsete\u00a0 jooniste ja m\u00f5\u00f5tude alusel ning mida on v\u00f5imalik kasutada erinevate hoonete ja objektide tarbeks.***erim\u00f5\u00f5duline kaup \u2013 WMD Company O\u00dc -st ostetud kaup,\u00a0 mis on selgelt personaliseeritudehk valmistatud v\u00f5i tellitud kliendipoolseid m\u00f5\u00f5tmeid ja jooniseid j\u00e4rgides ning mille kasutamineteise hoone v\u00f5i objekti tarbeks ei ole v\u00f5imalik v\u00f5i tekitab lisakulutusi.<\/p>","protected":false},"author":8,"featured_media":0,"parent":0,"menu_order":0,"comment_status":"closed","ping_status":"closed","template":"","meta":{"footnotes":""},"class_list":["post-5564","page","type-page","status-publish","hentry"],"_links":{"self":[{"href":"https:\/\/westonclimate.com\/lv\/wp-json\/wp\/v2\/pages\/5564","targetHints":{"allow":["GET"]}}],"collection":[{"href":"https:\/\/westonclimate.com\/lv\/wp-json\/wp\/v2\/pages"}],"about":[{"href":"https:\/\/westonclimate.com\/lv\/wp-json\/wp\/v2\/types\/page"}],"author":[{"embeddable":true,"href":"https:\/\/westonclimate.com\/lv\/wp-json\/wp\/v2\/users\/8"}],"replies":[{"embeddable":true,"href":"https:\/\/westonclimate.com\/lv\/wp-json\/wp\/v2\/comments?post=5564"}],"version-history":[{"count":33,"href":"https:\/\/westonclimate.com\/lv\/wp-json\/wp\/v2\/pages\/5564\/revisions"}],"predecessor-version":[{"id":8149,"href":"https:\/\/westonclimate.com\/lv\/wp-json\/wp\/v2\/pages\/5564\/revisions\/8149"}],"wp:attachment":[{"href":"https:\/\/westonclimate.com\/lv\/wp-json\/wp\/v2\/media?parent=5564"}],"curies":[{"name":"wp","href":"https:\/\/api.w.org\/{rel}","templated":true}]}}