{"id":5579,"date":"2025-02-13T12:11:16","date_gmt":"2025-02-13T12:11:16","guid":{"rendered":"https:\/\/staging.wmdcompany.eu\/?page_id=5579"},"modified":"2026-04-26T08:29:51","modified_gmt":"2026-04-26T08:29:51","slug":"meist-wmd-company-ou","status":"publish","type":"page","link":"https:\/\/westonclimate.com\/lv\/visvairak-wmd-uznemums-ou\/","title":{"rendered":"Par mums - WMD Company O\u00dc"},"content":{"rendered":"<div data-elementor-type=\"wp-page\" data-elementor-id=\"5579\" class=\"elementor elementor-5579\" data-elementor-post-type=\"page\">\n\t\t\t\t<div class=\"elementor-element elementor-element-711df678 e-flex e-con-boxed wpr-particle-no wpr-jarallax-no wpr-parallax-no wpr-sticky-section-no wpr-column-slider-no wpr-equal-height-no e-con e-parent\" data-id=\"711df678\" data-element_type=\"container\" data-e-type=\"container\">\n\t\t\t\t\t<div class=\"e-con-inner\">\n\t\t\t\t<div class=\"elementor-element elementor-element-21778d0f elementor-widget elementor-widget-text-editor\" data-id=\"21778d0f\" data-element_type=\"widget\" data-e-type=\"widget\" data-widget_type=\"text-editor.default\">\n\t\t\t\t<div class=\"elementor-widget-container\">\n\t\t\t\t\t\t\t\t\t<h1>Par mums - WMD Company O\u00dc<\/h1><p><strong>WESTON CLIMATE - WMD Company O\u00dc<\/strong> pied\u0101v\u0101 augstas kvalit\u0101tes gaisa kondicion\u0113\u0161anas un apkures iek\u0101rtas, kompresorus un da\u017e\u0101dus piederumus. Pateicoties daudzu gadu pla\u0161ajai sadarb\u012bbai ar vado\u0161ajiem pasaules z\u012bmoliem un augstas kvalit\u0101tes iek\u0101rtu ra\u017eot\u0101jiem, SIA WMD Company nodro\u0161ina, ka visi produkti tiek ra\u017eoti saska\u0146\u0101 ar uz\u0146\u0113muma apstiprin\u0101taj\u0101m tehniskaj\u0101m specifik\u0101cij\u0101m un atbilst stingriem ES standartiem. Weston Climate iek\u0101rtas raksturo zems trok\u0161\u0146u l\u012bmenis, augsta energoefektivit\u0101te, inov\u0101cijas un uzticam\u012bba.\u00a0<\/p><p><strong>Siltums\u016bk\u0146i<\/strong><\/p><p>Siltums\u016bk\u0146os gaiss-\u016bdens m\u0113s izmantojam videi draudz\u012bgus un efekt\u012bvus aukstuma\u0123entus R32 un R290. Siltums\u016bk\u0146i gaiss-\u016bdens ir apr\u012bkoti ar SG un PV (saules pane\u013cu un vied\u0101 t\u012bkla) piesl\u0113gumu un efekt\u012bvi darbojas pat pie -35 \u00b0C apk\u0101rt\u0113j\u0101 gaisa temperat\u016bras. Visas iek\u0101rtas pirms pieg\u0101des tiek test\u0113tas, un t\u0101m r\u016bpn\u012bc\u0101 tiek veikts tr\u012bs dienu zemas temperat\u016bras (-42\u2070C) testa cikls. Liel\u0101k\u0101 da\u013ca iek\u0101rtu tiek ra\u017eotas katrai vietai atsevi\u0161\u0137i, atbilsto\u0161i klienta v\u0113lm\u0113m un vajadz\u012bb\u0101m, l\u012bdz\u012bgi k\u0101 \"uzvalks p\u0113c individu\u0101la pas\u016bt\u012bjuma\", nodro\u0161inot augstu efektivit\u0101ti un netrauc\u0113tu darb\u012bbu vis\u0101 iek\u0101rtas kalpo\u0161anas laik\u0101. Siltums\u016bk\u0146u kvalit\u0101ti un efektivit\u0101ti garant\u0113 atz\u012bts WESTON CLIMATE z\u012bmols.<\/p><p><strong>Ventil\u0101cijas iek\u0101rtas<\/strong><\/p><p>Gaisa apstr\u0101des iek\u0101rtas ir apr\u012bkotas ar augstas efektivit\u0101tes patent\u0113tiem siltummai\u0146iem, kuru vid\u0113j\u0101 siltuma atg\u016b\u0161anas efektivit\u0101te ir 97% un kalpo\u0161anas laiks - 97%. <strong>vismaz 15 gadus.\u00a0<\/strong>HPERV\/Westonclimate ventil\u0101cijas vien\u012bb\u0101m ir pievienots miniat\u016brs gaisa siltums\u016bknis, kas nodro\u0161ina v\u0113l augst\u0101ku energoefektivit\u0101ti (COP 6,0), un t\u0101m ir vair\u0101kas svar\u012bgas funkcijas vien\u0101 vien\u012bb\u0101: <strong>ventil\u0101cija, priek\u0161sild\u012b\u0161ana, dzes\u0113\u0161ana un \u017e\u0101v\u0113\u0161ana.<\/strong><\/p><p><strong>Uzst\u0101d\u012b\u0161ana<\/strong><\/p><p>M\u0113s pied\u0101v\u0101jam ventil\u0101cijas un gaisa kondicion\u0113\u0161anas sist\u0113mas ar uzst\u0101d\u012b\u0161anu. Uzst\u0101d\u012b\u0161ana tiek veikta saska\u0146\u0101 ar projekta tehniskaj\u0101m pras\u012bb\u0101m un sp\u0113k\u0101 eso\u0161ajiem standartiem, nodro\u0161inot pareizu sist\u0113mu darb\u012bbu un energoefekt\u012bvu ekspluat\u0101ciju gadiem ilgi.<\/p><p><strong>WESTON CLIMATE pre\u010du z\u012bme<\/strong><\/p><p>Eiropas tirgum pieg\u0101d\u0101tie produkti ir apvienoti zem viena z\u012bmola - WESTON CLIMATE -, lai m\u016bsu pa\u0161reiz\u0113jie un n\u0101kamie klienti var\u0113tu lab\u0101k orient\u0113ties produktu kvalit\u0101t\u0113. Visas Eirop\u0101 pied\u0101v\u0101t\u0101s iek\u0101rtas WMD uz\u0146\u0113mums ra\u017eo saska\u0146\u0101 ar vispras\u012bg\u0101ko klientu tehniskaj\u0101m specifik\u0101cij\u0101m, kas stingri iev\u0113ro Zieme\u013cvalstu dabas apst\u0101k\u013cus un pras\u012bbas, t\u0101d\u0113j\u0101di garant\u0113jot augstu iek\u0101rtu kvalit\u0101ti un ilgm\u016b\u017e\u012bbu.<\/p><p class=\"whitespace-normal break-words\">Liel\u0101k\u0101 da\u013ca ier\u012b\u010du ir re\u0123istr\u0113tas EPREL un KEYMARK.<\/p><p>WESTON CLIMATE produkti ir iek\u013cauti EPREL re\u0123istr\u0101, kur\u0101 atrodams ES tirgum at\u013cauto energoiek\u0101rtu saraksts:<\/p><ul><li><a href=\"https:\/\/eprel.ec.europa.eu\/screen\/product\/spaceheaters\" target=\"_blank\" rel=\"noopener nofollow noreferrer\">EPREL siltums\u016bk\u0146i<\/a><\/li><li><a href=\"https:\/\/eprel.ec.europa.eu\/screen\/product\/residentialventilationunits\" target=\"_blank\" rel=\"noopener nofollow noreferrer\">EPREL ventil\u0101cijas iek\u0101rtas<\/a><\/li><\/ul><p>\u00a0<\/p><p>WESTON CLIMATE pied\u0101v\u0101to iek\u0101rtu kvalit\u0101ti apliecina ar\u012b pagarin\u0101tie garantijas termi\u0146i:<\/p><ul><li>Gaisa kondicion\u0113\u0161anas un ventil\u0101cijas iek\u0101rtas: 7 gadi<\/li><li>Cirkul\u0101cijas s\u016bk\u0146iem: 10 gadi<\/li><li>Kompresoriem: 2 gadi<\/li><\/ul><p>\u00a0<\/p><p>WESTON CLIMATE in\u017eenieri past\u0101v\u012bgi izstr\u0101d\u0101 jaunus produktus un uzlabo eso\u0161\u0101s iek\u0101rtas.<\/p><p>M\u016bsu galven\u0101s priorit\u0101tes ir produktu kvalit\u0101te, \u0101tra pieg\u0101de, klientu apmierin\u0101t\u012bba un p\u0113c iesp\u0113jas ilg\u0101ks darbsp\u0113jas laiks. WESTON CLIMATE iek\u0101rtas tiek ra\u017eotas p\u0113c pas\u016bt\u012bjuma, \u0146emot v\u0113r\u0101 klienta vajadz\u012bbas un \u012bpa\u0161\u0101s pras\u012bbas. Vid\u0113jais pas\u016bt\u012bjumu pieg\u0101des laiks ir no 35 l\u012bdz 65 darba dien\u0101m atkar\u012bb\u0101 no pas\u016bt\u012bt\u0101 apr\u012bkojuma sare\u017e\u0123\u012bt\u012bbas un daudzuma. Visiem noliktav\u0101 eso\u0161ajiem ra\u017eojumiem (standarta ra\u017eojumiem) var pied\u0101v\u0101t pieg\u0101des laiku no 3 l\u012bdz 10 darba dien\u0101m.<\/p><p>Vienm\u0113r jaut\u0101jiet <a href=\"https:\/\/westonclimate.com\/lv\/izsmarzoja-piedavajumu\/\" target=\"_blank\" rel=\"noopener\">personaliz\u0113ts pied\u0101v\u0101jums<\/a>, kas garant\u0113, ka tiek izpild\u012btas pat vispras\u012bg\u0101ko klientu v\u0113lmes.<\/p><p><strong>Pievienojieties WESTON CLIMATE partneru t\u012bklam<\/strong><\/p><p>K\u013c\u016bstiet par WESTON CLIMATE t\u0101l\u0101kp\u0101rdev\u0113ju un att\u012bstiet savu biznesu - pied\u0101v\u0101jiet saviem klientiem energoefekt\u012bvus un augstas kvalit\u0101tes ventil\u0101cijas un gaisa kondicion\u0113\u0161anas risin\u0101jumus, stipriniet savu uz\u0146\u0113m\u0113jdarb\u012bbu, izmantojot profesion\u0101lu tehnisko atbalstu un stabilu sadarb\u012bbu. Las\u012bt vair\u0101k <a href=\"https:\/\/westonclimate.com\/lv\/talaka-uzstadisana\/\" target=\"_blank\" rel=\"noopener\">\u0160EIT<\/a>!<\/p><p><img fetchpriority=\"high\" decoding=\"async\" src=\"https:\/\/westonclimate.com\/wp-content\/uploads\/2026\/04\/WestonClimate_AA_2026-1-1024x256.jpg\" alt=\"\" width=\"800\" height=\"200\" \/><\/p>\t\t\t\t\t\t\t\t<\/div>\n\t\t\t\t<\/div>\n\t\t\t\t\t<\/div>\n\t\t\t\t<\/div>\n\t\t<div class=\"elementor-element elementor-element-a94cd76 e-flex e-con-boxed wpr-particle-no wpr-jarallax-no wpr-parallax-no wpr-sticky-section-no wpr-column-slider-no wpr-equal-height-no e-con e-parent\" data-id=\"a94cd76\" data-element_type=\"container\" data-e-type=\"container\">\n\t\t\t\t\t<div class=\"e-con-inner\">\n\t\t\t\t<div class=\"elementor-element elementor-element-0b7c330 elementor-widget elementor-widget-spacer\" data-id=\"0b7c330\" data-element_type=\"widget\" data-e-type=\"widget\" data-widget_type=\"spacer.default\">\n\t\t\t\t<div class=\"elementor-widget-container\">\n\t\t\t\t\t\t\t<div class=\"elementor-spacer\">\n\t\t\t<div class=\"elementor-spacer-inner\"><\/div>\n\t\t<\/div>\n\t\t\t\t\t\t<\/div>\n\t\t\t\t<\/div>\n\t\t\t\t\t<\/div>\n\t\t\t\t<\/div>\n\t\t\t\t<\/div>","protected":false},"excerpt":{"rendered":"<p>Meist \u2013 WMD Company O\u00dc WESTON CLIMATE &#8211; WMD Company O\u00dc pakub kvaliteetseid kliimaseadmeid ja k\u00fctteseadmeid, kompressoreid ja mitmesuguseid lisatarvikuid. T\u00e4nu aastatepikkusele ulatuslikule koost\u00f6\u00f6le juhtivate globaalsete kaubam\u00e4rkide ja kvaliteetsete seadmete tootjatega tagab WMD Company O\u00dc, et k\u00f5ik tooted on valmistatud vastavalt ettev\u00f5tte kinnitatud tehnilistele spetsifikatsioonidele ja vastavad rangetele EL-i standarditele. Weston Climate&#8217;i seadmeid iseloomustab madal m\u00fcratase, k\u00f5rge energiat\u00f5husus, innovatsioon ja t\u00f6\u00f6kindlus.\u00a0 Soojuspumbad \u00d5hk-vesi soojuspumpades kasutame looduss\u00f5bralikke ja efektiivseid k\u00fclmaaineid R32 ja R290. \u00d5hksoojuspumbad on varustatud SG ja PV (p\u00e4ikesepaneelide ja nutiv\u00f5rgu) \u00fchendusvalmidusega ning need seadmed t\u00f6\u00f6tavad efektiivselt ka -35\u00b0C v\u00e4lis\u00f5hutemperatuuril. K\u00f5ik seadmed on enne tarnet kontrollitud ja l\u00e4bivad tehases madalal temperatuuril (-42\u2070C) kolmep\u00e4evase katsets\u00fckli.\u00a0Valdavalt toodetakse seadmed objektip\u00f5hiselt, koosk\u00f5las tellija soovide ning vajadustega nagu \u201er\u00e4tsepa\u00fclikond\u201d, mis tagab seadmete suure efektiivsuse ning t\u00f5rgeteta t\u00f6\u00f6 kogu seadme kasutusaja jooksul. Soojuspumpade kvaliteedi ja efektiivsuse tagab tunnustatud kaubam\u00e4rk WESTON CLIMATE. Ventilatsiooniseadmed Ventilatsiooniseadmed on varustatud k\u00f5rge efektiivsusega patenteeritud soojusvahetitega, mille soojustagastuse kasutegur on keskmiselt 97% ja eluiga v\u00e4hemalt 15 aastat.\u00a0Ventilatsiooniseadmetel koondnimetusega HPERV\/Westonclimate on \u00fcliefektiivsele soojusvahetile lisatud miniatuurne \u00f5hksoojuspump, mis tagab veelgi k\u00f5rgema\u00a0 energiaefektiivsuse (COP 6,0) ning need ventilatsiooniseadmed omavad mitut olulist funktsiooni \u00fches seadmes: ventilatsioon, eelk\u00fcte, jahutus ja kuivatus. Paigaldus Ventilatsiooni- ja kliimaseadmeid pakume koos paigaldusega. Paigaldus toimub vastavalt projekti tehnilistele n\u00f5uetele ja kehtivatele standarditele, tagades s\u00fcsteemide korrektse toimimise ja energiat\u00f5husa t\u00f6\u00f6 aastateks. WESTON CLIMATE kaubam\u00e4rk Euroopa turule tarnitavad tooted on koondatud \u00fchtse kaubam\u00e4rgi alla \u2013 WESTON CLIMATE, et meie praegustel ja tulevastel klientidel oleks v\u00f5imalik paremini orienteeruda toodete kvaliteedis. K\u00f5ik Euroopas pakutavad seadmed on toodetud WMD Company poolt esitatud n\u00f5udlikele klientidele sobivate tehniliste n\u00f5udmiste alusel, mis j\u00e4rgivad rangelt p\u00f5hjamaade looduslikke tingimusi ning sellest tulenevaid n\u00f5udeid ning tagavad seadmetele k\u00f5rge kvaliteedi ja l\u00e4bi selle ka pikaealisuse. Valdav enamus seadmetel on EPREL-i ja KEYMARK-i registreeringud. WESTON CLIMATE tooted EPREL registris, kust leiate EU turule lubatud energeetika seadmete loetelu: EPREL soojuspumbad EPREL ventilatsiooniseadmed \u00a0 WESTON CLIMATE pakutavate seadmete kvaliteeti kinnitavad ka pikendatud garantiiajad: Kliima- ja ventilatsiooniseadmetele: 7 aastat Tsirkulatsioonipumpadele: 10 aastat Kompressoritele: 2 aastat \u00a0 WESTON CLIMATE tootmistes tegelevad insenerid pidevalt uute toodete v\u00e4ljat\u00f6\u00f6tamise ning olemasolevate seadmete t\u00e4iustamisega. Meile on esmat\u00e4htis toote kvaliteet, kiire tarne, kliendi rahulolu ja seadmete v\u00f5imalikult pikk t\u00f5rgeteta kasutusaeg. WESTON CLIMATE seadmed toodetakse tellimuste alusel, objekti p\u00f5hiselt ja v\u00f5ttes aluseks kliendi vajadused ning erisoovid. Tellimuste keskmine tarneaeg on 35 kuni 65 t\u00f6\u00f6p\u00e4eva, mis s\u00f5ltub tellitud seadmete keerukusest ja kogusest. K\u00f5ikidele laokaupale (standard tooted) on v\u00f5imalik pakkuda tarneaega 3 kuni 10 t\u00f6\u00f6p\u00e4eva. K\u00fcsi alati personaalset pakkumist, mis garanteerib ka k\u00f5ige n\u00f5udlikuma kliendi soovide t\u00e4itumise. Liitu WESTON CLIMATE partnerite v\u00f5rgustikuga Tule WESTON CLIMATE edasim\u00fc\u00fcjaks ja kasvata oma \u00e4ri \u2013 paku oma klientidele energiat\u00f5husaid ja kvaliteetseid ventilatsiooni- ja kliimalahendusi, tugevda oma \u00e4ri l\u00e4bi professionaalse tehnilise toe ja kindla partnerluse. Loe t\u00e4iendavalt SIIT!<\/p>","protected":false},"author":8,"featured_media":0,"parent":0,"menu_order":0,"comment_status":"closed","ping_status":"closed","template":"","meta":{"footnotes":""},"class_list":["post-5579","page","type-page","status-publish","hentry"],"_links":{"self":[{"href":"https:\/\/westonclimate.com\/lv\/wp-json\/wp\/v2\/pages\/5579","targetHints":{"allow":["GET"]}}],"collection":[{"href":"https:\/\/westonclimate.com\/lv\/wp-json\/wp\/v2\/pages"}],"about":[{"href":"https:\/\/westonclimate.com\/lv\/wp-json\/wp\/v2\/types\/page"}],"author":[{"embeddable":true,"href":"https:\/\/westonclimate.com\/lv\/wp-json\/wp\/v2\/users\/8"}],"replies":[{"embeddable":true,"href":"https:\/\/westonclimate.com\/lv\/wp-json\/wp\/v2\/comments?post=5579"}],"version-history":[{"count":92,"href":"https:\/\/westonclimate.com\/lv\/wp-json\/wp\/v2\/pages\/5579\/revisions"}],"predecessor-version":[{"id":11585,"href":"https:\/\/westonclimate.com\/lv\/wp-json\/wp\/v2\/pages\/5579\/revisions\/11585"}],"wp:attachment":[{"href":"https:\/\/westonclimate.com\/lv\/wp-json\/wp\/v2\/media?parent=5579"}],"curies":[{"name":"wp","href":"https:\/\/api.w.org\/{rel}","templated":true}]}}