{"id":5605,"date":"2025-02-13T17:20:54","date_gmt":"2025-02-13T17:20:54","guid":{"rendered":"https:\/\/staging.wmdcompany.eu\/?page_id=5605"},"modified":"2025-07-29T19:38:26","modified_gmt":"2025-07-29T19:38:26","slug":"maksasanas-metodes","status":"publish","type":"page","link":"https:\/\/westonclimate.com\/lv\/makseviisid\/","title":{"rendered":"Maks\u0101juma metodes"},"content":{"rendered":"<div data-elementor-type=\"wp-page\" data-elementor-id=\"5605\" class=\"elementor elementor-5605\" data-elementor-post-type=\"page\">\n\t\t\t\t<div class=\"elementor-element elementor-element-ad67b89 e-flex e-con-boxed wpr-particle-no wpr-jarallax-no wpr-parallax-no wpr-sticky-section-no wpr-equal-height-no e-con e-parent\" data-id=\"ad67b89\" data-element_type=\"container\" data-e-type=\"container\">\n\t\t\t\t\t<div class=\"e-con-inner\">\n\t\t\t\t<div class=\"elementor-element elementor-element-7122db7 elementor-widget elementor-widget-text-editor\" data-id=\"7122db7\" data-element_type=\"widget\" data-e-type=\"widget\" data-widget_type=\"text-editor.default\">\n\t\t\t\t<div class=\"elementor-widget-container\">\n\t\t\t\t\t\t\t\t\t<h1>Maks\u0101juma metodes<\/h1><p>Pas\u016bt\u012bjumus var dro\u0161i apmaks\u0101t Weston Climate e-veikal\u0101, izmantojot da\u017e\u0101das bankas saites, k\u0101 ar\u012b izmantojot bankas un ESTO iemaksas.<\/p><div>K\u0101 ieg\u0101d\u0101ties?<\/div><ul><li>Pievienot produktus groz\u0101<\/li><li>Pierakst\u012bties vai pieteikties<\/li><li>Izv\u0113lieties pieg\u0101des metodi<\/li><li>Sagatavojiet savu pas\u016bt\u012bjumu<\/li><li>Veikt maks\u0101jumu<\/li><\/ul><p>Maks\u0101jums tiek veikts \u0101rpus Weston Climate e-veikala vides. Personas datus apstr\u0101d\u0101 WMD Company O\u00dc, kas maks\u0101jumu veik\u0161anai nepiecie\u0161amos personas datus p\u0101rs\u016bta pilnvarotajiem apstr\u0101d\u0101t\u0101jiem Inbank AS, ESTO AS un Maksekeskus AS. Weston Climate e-veikalam nav piek\u013cuves klienta bankas un kred\u012btkartes datiem.<\/p><p>P\u0113c tam, kad esat samaks\u0101jis par produktu, l\u016bdzu, p\u0101rliecinieties, ka esat noklik\u0161\u0137in\u0101jis uz \"<b>Atgriezties pie tirgot\u0101ja<\/b>\".<\/p>\t\t\t\t\t\t\t\t<\/div>\n\t\t\t\t<\/div>\n\t\t\t\t<div class=\"elementor-element elementor-element-b1fdd8b elementor-widget elementor-widget-spacer\" data-id=\"b1fdd8b\" data-element_type=\"widget\" data-e-type=\"widget\" data-widget_type=\"spacer.default\">\n\t\t\t\t<div class=\"elementor-widget-container\">\n\t\t\t\t\t\t\t<div class=\"elementor-spacer\">\n\t\t\t<div class=\"elementor-spacer-inner\"><\/div>\n\t\t<\/div>\n\t\t\t\t\t\t<\/div>\n\t\t\t\t<\/div>\n\t\t\t\t\t<\/div>\n\t\t\t\t<\/div>\n\t\t\t\t<\/div>","protected":false},"excerpt":{"rendered":"<p>Makseviisid Tellimuste eest saab turvaliselt tasuda Weston Climate e-poes erinevate pangalinkide abil ning lisaks saab kasutada makseviisina Inbank ja ESTO j\u00e4relmaksu. Kuidas osta? Lisa tooted ostukorvi Registreeru v\u00f5i logi sisse Vali k\u00e4ttesaamise viis Vormista tellimus Soorita makse Makse tegemine toimub v\u00e4ljaspool Weston Climate e-poe keskkonda. Isikuandmeid t\u00f6\u00f6tleb WMD Company O\u00dc, kes edastab maksete teostamiseks vajalikud isikuandmed volitatud t\u00f6\u00f6tlejatele Inbank AS, ESTO AS ja Maksekeskus AS. Weston Climate e-poel puudub ligip\u00e4\u00e4s kliendi panga- ja krediitkaardiandmetele. P\u00e4rast toote eest tasumist vajutage palun pangas kindlasti nupule \u201eTagasi kaupmehe juurde\u201d.<\/p>","protected":false},"author":8,"featured_media":0,"parent":0,"menu_order":0,"comment_status":"closed","ping_status":"closed","template":"","meta":{"footnotes":""},"class_list":["post-5605","page","type-page","status-publish","hentry"],"_links":{"self":[{"href":"https:\/\/westonclimate.com\/lv\/wp-json\/wp\/v2\/pages\/5605","targetHints":{"allow":["GET"]}}],"collection":[{"href":"https:\/\/westonclimate.com\/lv\/wp-json\/wp\/v2\/pages"}],"about":[{"href":"https:\/\/westonclimate.com\/lv\/wp-json\/wp\/v2\/types\/page"}],"author":[{"embeddable":true,"href":"https:\/\/westonclimate.com\/lv\/wp-json\/wp\/v2\/users\/8"}],"replies":[{"embeddable":true,"href":"https:\/\/westonclimate.com\/lv\/wp-json\/wp\/v2\/comments?post=5605"}],"version-history":[{"count":26,"href":"https:\/\/westonclimate.com\/lv\/wp-json\/wp\/v2\/pages\/5605\/revisions"}],"predecessor-version":[{"id":8158,"href":"https:\/\/westonclimate.com\/lv\/wp-json\/wp\/v2\/pages\/5605\/revisions\/8158"}],"wp:attachment":[{"href":"https:\/\/westonclimate.com\/lv\/wp-json\/wp\/v2\/media?parent=5605"}],"curies":[{"name":"wp","href":"https:\/\/api.w.org\/{rel}","templated":true}]}}