{"id":5616,"date":"2025-02-13T17:38:36","date_gmt":"2025-02-13T17:38:36","guid":{"rendered":"https:\/\/staging.wmdcompany.eu\/?page_id=5616"},"modified":"2025-07-29T19:16:39","modified_gmt":"2025-07-29T19:16:39","slug":"kuidas-osta","status":"publish","type":"page","link":"https:\/\/westonclimate.com\/lv\/ka-iegadaties\/","title":{"rendered":"K\u0101 ieg\u0101d\u0101ties"},"content":{"rendered":"<div data-elementor-type=\"wp-page\" data-elementor-id=\"5616\" class=\"elementor elementor-5616\" data-elementor-post-type=\"page\">\n\t\t\t\t<div class=\"elementor-element elementor-element-63f31ea7 e-flex e-con-boxed wpr-particle-no wpr-jarallax-no wpr-parallax-no wpr-sticky-section-no wpr-column-slider-no wpr-equal-height-no e-con e-parent\" data-id=\"63f31ea7\" data-element_type=\"container\" data-e-type=\"container\">\n\t\t\t\t\t<div class=\"e-con-inner\">\n\t\t\t\t<div class=\"elementor-element elementor-element-5c5a7cea elementor-widget__width-initial elementor-widget elementor-widget-text-editor\" data-id=\"5c5a7cea\" data-element_type=\"widget\" data-e-type=\"widget\" data-widget_type=\"text-editor.default\">\n\t\t\t\t<div class=\"elementor-widget-container\">\n\t\t\t\t\t\t\t\t\t<h1>K\u0101 ieg\u0101d\u0101ties<\/h1><p style=\"text-align: left;\">Izv\u0113lieties produktu un nospiediet \"<b>Pievienot grozam<\/b>\" Ja produktam ir papildu opcijas, t\u0101s ar\u012b j\u0101nor\u0101da. P\u0113c tam varat turpin\u0101t iepirkties vai doties uz iepirkumu grozu, noklik\u0161\u0137inot uz zil\u0101s joslas virs produkta.\"<strong>Skat\u012bt grozu\"<\/strong>. Turkl\u0101t j\u016bs vienm\u0113r varat apskat\u012bt sava iepirkumu groza saturu, noklik\u0161\u0137inot uz iepirkumu groza ikonas galvenaj\u0101 izv\u0113ln\u0113.<\/p><p style=\"text-align: left;\">Iepirkumu groz\u0101 varat piel\u0101got ieg\u0101d\u0101to pre\u010du daudzumus un izv\u0113l\u0113tos produktus. Veicot izmai\u0146as, tostarp ievadot akcijas kodu, ir j\u0101noklik\u0161\u0137ina uz \"<strong>Atjaunin\u0101t iepirkumu grozu\"<\/strong>lai izmai\u0146as st\u0101tos sp\u0113k\u0101. Kad esat apmierin\u0101ts ar sava iepirkumu groza saturu, noklik\u0161\u0137iniet uz \"<strong>P\u0101rejiet uz apmaksu<\/strong>\u201c.<\/p><p style=\"text-align: left;\">Lai veiktu pas\u016bt\u012bjumu, jums ir j\u0101aizpilda kontaktinform\u0101cija un j\u0101izv\u0113las maks\u0101juma veids. Lai apstiprin\u0101tu maks\u0101jumu, p\u0113c maks\u0101juma veik\u0161anas noklik\u0161\u0137iniet uz pogas \"Maks\u0101juma apstiprin\u0101jums\".<b>Atgriezties pie tirgot\u0101ja<\/b>\"P\u0113c veiksm\u012bga maks\u0101juma veik\u0161anas e-veikals nos\u016bt\u012bs klientam e-pasta apstiprin\u0101jumu par pirkumu.<\/p><p style=\"text-align: left;\">Veicot pas\u016bt\u012bjumu, klients ap\u0146emas sniegt pareizu inform\u0101ciju, kas nepiecie\u0161ama pas\u016bt\u012bjuma izpildei. P\u0101rdev\u0113js nav atbild\u012bgs par to, ka nav iesp\u0113jams izpild\u012bt pas\u016bt\u012bjumu, ja klients sniedzis nepareizu inform\u0101ciju, vai par jebk\u0101d\u0101m no t\u0101 izrieto\u0161\u0101m sek\u0101m.<\/p><p style=\"text-align: left;\">P\u0101rdev\u0113jam ir ties\u012bbas atteikties no pas\u016bt\u012bjuma, ja rodas \u0161aubas par P\u0101rdev\u0113jam sniegt\u0101s inform\u0101cijas pareiz\u012bbu un labas prakses neiev\u0113ro\u0161anas gad\u012bjum\u0101.<\/p>\t\t\t\t\t\t\t\t<\/div>\n\t\t\t\t<\/div>\n\t\t\t\t\t<\/div>\n\t\t\t\t<\/div>\n\t\t<div class=\"elementor-element elementor-element-22890e6 e-flex e-con-boxed wpr-particle-no wpr-jarallax-no wpr-parallax-no wpr-sticky-section-no wpr-column-slider-no wpr-equal-height-no e-con e-parent\" data-id=\"22890e6\" data-element_type=\"container\" data-e-type=\"container\">\n\t\t\t\t\t<div class=\"e-con-inner\">\n\t\t\t\t<div class=\"elementor-element elementor-element-830158e elementor-widget elementor-widget-spacer\" data-id=\"830158e\" data-element_type=\"widget\" data-e-type=\"widget\" data-widget_type=\"spacer.default\">\n\t\t\t\t<div class=\"elementor-widget-container\">\n\t\t\t\t\t\t\t<div class=\"elementor-spacer\">\n\t\t\t<div class=\"elementor-spacer-inner\"><\/div>\n\t\t<\/div>\n\t\t\t\t\t\t<\/div>\n\t\t\t\t<\/div>\n\t\t\t\t\t<\/div>\n\t\t\t\t<\/div>\n\t\t\t\t<\/div>","protected":false},"excerpt":{"rendered":"<p>Kuidas osta Valige v\u00e4lja toode ning vajutage nuppu &#8220;Lisa korvi&#8221; Kui toote juures on lisavaliku v\u00f5imalused, tuleb ka need m\u00e4\u00e4rata. Seej\u00e4rel saate ostlemist j\u00e4tkata v\u00f5i suunuda ostukorvi klikkides toote kohale ilmunud sinisel ribal oleval nupul &#8220;Vaata ostukorvi&#8221;. Lisaks saab ostukorvi sisu vaadata ka alati lehe peamen\u00fc\u00fcs oleval ostukorvi ikoonil kl\u00f5psates. Ostukorvis saate korrigeerida ostetud kaupade koguseid ning valitud tooteid. Muudatusi tehes, s.h ka sooduskoodi sisestades tuleb vajutada nupul &#8220;Uuenda ostukorvi&#8221;, et muutused j\u00f5ustuks. Kui olete ostukorvi sisuga rahul, vajutage nupul &#8220;Mine maksma&#8220;. Tellimuse vormistamiseks tuleb t\u00e4ita kontaktivorm ning valida makseviis. Makse kinnitamiseks tuleb p\u00e4rast makse sooritamist kindlasti vajutada nupul &#8220;Tagasi kaupmehe juurde&#8221; P\u00e4rast edukat makse sooritamist saadab e-pood kliendi e-mailile ostu kinnituse. Klient kohustub tellimuse vormistamisel esitama tellimuse t\u00e4itmiseks vajalikud, t\u00f5esed andmed. M\u00fc\u00fcja ei vastuta tellimuse t\u00e4itmisel kliendi poolt esitatud ebakorrektsetest andmetest tingitud t\u00e4itmise v\u00f5imatuse v\u00f5i mistahes sellest tulenevate tagaj\u00e4rgede eest. M\u00fc\u00fcjal on \u00f5igus loobuda tellimuse t\u00e4itmisest kui tekib kahtlus M\u00fc\u00fcjale esitatud andmete \u00f5igsuses ja headele tavadele mittevastava k\u00e4itumise puhul.<\/p>","protected":false},"author":8,"featured_media":0,"parent":0,"menu_order":0,"comment_status":"closed","ping_status":"closed","template":"","meta":{"footnotes":""},"class_list":["post-5616","page","type-page","status-publish","hentry"],"_links":{"self":[{"href":"https:\/\/westonclimate.com\/lv\/wp-json\/wp\/v2\/pages\/5616","targetHints":{"allow":["GET"]}}],"collection":[{"href":"https:\/\/westonclimate.com\/lv\/wp-json\/wp\/v2\/pages"}],"about":[{"href":"https:\/\/westonclimate.com\/lv\/wp-json\/wp\/v2\/types\/page"}],"author":[{"embeddable":true,"href":"https:\/\/westonclimate.com\/lv\/wp-json\/wp\/v2\/users\/8"}],"replies":[{"embeddable":true,"href":"https:\/\/westonclimate.com\/lv\/wp-json\/wp\/v2\/comments?post=5616"}],"version-history":[{"count":41,"href":"https:\/\/westonclimate.com\/lv\/wp-json\/wp\/v2\/pages\/5616\/revisions"}],"predecessor-version":[{"id":8136,"href":"https:\/\/westonclimate.com\/lv\/wp-json\/wp\/v2\/pages\/5616\/revisions\/8136"}],"wp:attachment":[{"href":"https:\/\/westonclimate.com\/lv\/wp-json\/wp\/v2\/media?parent=5616"}],"curies":[{"name":"wp","href":"https:\/\/api.w.org\/{rel}","templated":true}]}}