{"id":3593,"date":"2024-06-20T10:46:22","date_gmt":"2024-06-20T10:46:22","guid":{"rendered":"https:\/\/wmdcompany.eu\/?post_type=product&#038;p=3593"},"modified":"2026-01-23T18:01:08","modified_gmt":"2026-01-23T18:01:08","slug":"weston-climate-soojuspumbaga-ventilatsioonideseade-hperv","status":"publish","type":"product","link":"https:\/\/westonclimate.com\/lv\/tooted\/weston-climate-siltumsukna-ventilacijas-sistema-hperv\/","title":{"rendered":"Weston Climate siltums\u016bk\u0146a ventil\u0101cijas sist\u0113ma HPERV"},"content":{"rendered":"<p><strong>Tehnisk\u0101 inform\u0101cija:<\/strong><\/p>\n<ul>\n<li>Ener\u0123ijas klase: A+<\/li>\n<li>Maksim\u0101lais iek\u0161\u0113jais un \u0101r\u0113jais nopl\u016bdes \u0101trums (%): maz\u0101ks par 5% iek\u0161\u0113jais, maz\u0101ks par 5% \u0101r\u0113jais.<\/li>\n<li>Atsauces pl\u016bsmas \u0101trums (m3\/s): 0,08<\/li>\n<li>Diferenci\u0101lais standartspiediens (Pa): 100<\/li>\n<li>\u012apatn\u0113j\u0101 ievad\u012bt\u0101 jauda (SPI) ((W\/(M3\/h)): 0,72<\/li>\n<li>Kontroles koeficients: 0,65<\/li>\n<li>Vad\u012bbas sist\u0113mas tips: viet\u0113j\u0101 vad\u012bba<\/li>\n<li>Gaisa pl\u016bsmas tips: DF<\/li>\n<li>Dzin\u0113ja tips: EC dzin\u0113js<\/li>\n<li>Siltuma re\u0123ener\u0101cijas sist\u0113mas tips: rekuper\u0101cijas sist\u0113ma<\/li>\n<li>Energoefektivit\u0101te (%): 76,5<\/li>\n<li>Maksim\u0101l\u0101 gaisa pl\u016bsma (m3\/h): 350<\/li>\n<li>Nomin\u0101lais gaisa pl\u016bsmas \u0101trums (m3\/h): 300<\/li>\n<li>Gaisa nos\u016bkn\u0113\u0161ana (ventil\u0101cijas re\u017e\u012bms) (m3\/h): 300<\/li>\n<li>Gaisa nos\u016bkn\u0113\u0161ana (apkures\/dzes\u0113\u0161anas re\u017e\u012bms) (m3\/h): 350<\/li>\n<li>\u0100r\u0113j\u0101 statisk\u0101 efektivit\u0101te (Pa): 100<\/li>\n<li>Troksnis db(A): 37\/42<\/li>\n<li>Baro\u0161anas avots: 220 V 1A 50\/60 Hz<\/li>\n<li>Dzes\u0113\u0161ana (EER): 4,28<\/li>\n<li>Apkure (COP): 5,65<\/li>\n<li>Izm\u0113ri (gabar\u012bti) (mm): 760x600x850<\/li>\n<li>Gaisa iepl\u016bdes\/izpl\u016bdes diametrs (mm): 188<\/li>\n<li>Gaisa iepl\u016bdes\/izpl\u016bdes atveres augstums (mm): 60<\/li>\n<li>Ier\u012bces apak\u0161da\u013cas augstums (mm): 61,5<\/li>\n<li>\u00c4ravoolutoru (&#8221;): 1\/2<\/li>\n<li>Dzes\u0113\u0161anas viela: R32<\/li>\n<li>Darba temperat\u016bra: -15C l\u012bdz +50<\/li>\n<\/ul>\n<p><strong>Ventil\u0101cijas re\u017e\u012bms:<\/strong><\/p>\n<ul>\n<li>Temperat\u016bras efektivit\u0101te (sild\u012b\u0161ana) (%): 76,5<\/li>\n<li>Temperat\u016bras efektivit\u0101te (dzes\u0113\u0161ana) (%): 72 %.<\/li>\n<li>Energoefektivit\u0101te (sild\u012b\u0161ana) (%): 72,6<\/li>\n<li>Entilpijas efektivit\u0101te (dzes\u0113\u0161ana) (%): 69,4<\/li>\n<li>Ieejas jauda (W): 217<\/li>\n<li>Ieejas str\u0101va (A): 1,19<\/li>\n<\/ul>\n<p><strong>Dzes\u0113\u0161ana\/apkure:<\/strong><\/p>\n<ul>\n<li>Nomin\u0101l\u0101 dzes\u0113\u0161anas jauda (W): 3620<\/li>\n<li>Maksim\u0101l\u0101 dzes\u0113\u0161anas jauda (W): 4140<\/li>\n<li>Ieejas jauda (dzes\u0113\u0161ana) (W): 847<\/li>\n<li>Darba str\u0101va (dzes\u0113\u0161ana) (A): 5,65<\/li>\n<li>Nomin\u0101l\u0101 siltuma jauda (W): 4460<\/li>\n<li>Maksim\u0101l\u0101 sild\u012b\u0161anas jauda (W): 4651<\/li>\n<li>Ieejas jauda (sild\u012b\u0161ana) (W): 790<\/li>\n<li>Darba str\u0101va (sild\u012b\u0161ana) (A): 5,8<\/li>\n<li>Dzes\u0113\u0161ana (EER): 4,28<\/li>\n<li>Apkure (COP): 5,65<\/li>\n<\/ul>","protected":false},"excerpt":{"rendered":"<p><strong>Weston Climate daudzfunkcion\u0101la ventil\u0101cijas iek\u0101rta ar ieb\u016bv\u0113tu gaisa kondicionieri.<\/strong> HPERV siltums\u016bk\u0146a ventil\u0101cijas sist\u0113ma ir lieliska izv\u0113le, lai rad\u012btu komfortablu, vesel\u012bgu un energoefekt\u012bvu iek\u0161telpu klimatu. T\u0101 darbojas ar\u012b k\u0101 mitruma atdal\u012bt\u0101js no ventil\u0101cijas sist\u0113mas, kondens\u0113jot un atdalot lieko mitrumu no gaisa pl\u016bsmas.<\/p>\n<p><strong>Svaiga gaisa att\u012br\u012b\u0161ana, apkure\/dzes\u0113\u0161ana, siltuma atg\u016b\u0161ana un gaisa sausin\u0101\u0161ana - viss vien\u0101 ier\u012bc\u0113!<\/strong><\/p>\n<p>\u0160\u012b Weston Climate ventil\u0101cijas iek\u0101rta nodro\u0161ina komfortablu un vesel\u012bgu iek\u0161telpu gaisu, vienlaikus taupot ener\u0123iju un naudu - ide\u0101ls risin\u0101jums herm\u0113tisk\u0101m \u0113k\u0101m, kur\u0101s logi bie\u017ei paliek aizv\u0113rti trok\u0161\u0146a, putek\u013cu da\u013ci\u0146u un ener\u0123ijas zudumu d\u0113\u013c.<br \/>\n\u0160\u0137\u0113rsstr\u0101vas entalpijas siltummainis sp\u0113j nodot siltumu un mitrumu starp \u0101ra un iek\u0161telpu gaisa pl\u016bsm\u0101m, t\u0101s nesajaucot. Tas pal\u012bdz atg\u016bt l\u012bdz pat 80% ener\u0123ijas no izpl\u016bdes gaisa, samazinot kompresora sild\u012b\u0161anas vai dzes\u0113\u0161anas slodzi. Iek\u0101rta ir mazg\u0101jama un viegli kopjama. Paredzamais kalpo\u0161anas ilgums ir l\u012bdz 15 gadiem, veicot atbilsto\u0161u apkopi.<\/p>","protected":false},"featured_media":7688,"template":"","meta":[],"product_brand":[],"product_cat":[122,35],"product_tag":[],"class_list":{"0":"post-3593","1":"product","2":"type-product","3":"status-publish","4":"has-post-thumbnail","6":"product_cat-vertikaalsed","7":"product_cat-ventilatsiooniseadmed","9":"first","10":"instock","11":"taxable","12":"shipping-taxable","13":"purchasable","14":"product-type-variable"},"_links":{"self":[{"href":"https:\/\/westonclimate.com\/lv\/wp-json\/wp\/v2\/product\/3593","targetHints":{"allow":["GET"]}}],"collection":[{"href":"https:\/\/westonclimate.com\/lv\/wp-json\/wp\/v2\/product"}],"about":[{"href":"https:\/\/westonclimate.com\/lv\/wp-json\/wp\/v2\/types\/product"}],"version-history":[{"count":11,"href":"https:\/\/westonclimate.com\/lv\/wp-json\/wp\/v2\/product\/3593\/revisions"}],"predecessor-version":[{"id":10649,"href":"https:\/\/westonclimate.com\/lv\/wp-json\/wp\/v2\/product\/3593\/revisions\/10649"}],"wp:featuredmedia":[{"embeddable":true,"href":"https:\/\/westonclimate.com\/lv\/wp-json\/wp\/v2\/media\/7688"}],"wp:attachment":[{"href":"https:\/\/westonclimate.com\/lv\/wp-json\/wp\/v2\/media?parent=3593"}],"wp:term":[{"taxonomy":"product_brand","embeddable":true,"href":"https:\/\/westonclimate.com\/lv\/wp-json\/wp\/v2\/product_brand?post=3593"},{"taxonomy":"product_cat","embeddable":true,"href":"https:\/\/westonclimate.com\/lv\/wp-json\/wp\/v2\/product_cat?post=3593"},{"taxonomy":"product_tag","embeddable":true,"href":"https:\/\/westonclimate.com\/lv\/wp-json\/wp\/v2\/product_tag?post=3593"}],"curies":[{"name":"wp","href":"https:\/\/api.w.org\/{rel}","templated":true}]}}