{"id":3804,"date":"2024-06-26T21:34:36","date_gmt":"2024-06-26T21:34:36","guid":{"rendered":"https:\/\/wmdcompany.eu\/?post_type=product&#038;p=3804"},"modified":"2026-04-13T18:08:30","modified_gmt":"2026-04-13T18:08:30","slug":"weston-climate-monoblock-inverter-ohk-vesi-soojuspump-30kw","status":"publish","type":"product","link":"https:\/\/westonclimate.com\/lv\/tooted\/weston-klimats-monobloks-invertors-ohk-udens-siltumsuknis-30kw\/","title":{"rendered":"Weston Climate monobloka invertora tipa siltums\u016bknis gaiss-\u016bdens 30kW"},"content":{"rendered":"<ul>\n<li>Nomin\u0101l\u0101 sild\u012b\u0161anas jauda:<strong>\u00a030 kW<\/strong><\/li>\n<li>Sild\u012b\u0161anas jaudas diapazons:\u00a0<strong>10,50-35,85 kW<\/strong><\/li>\n<li>COP diapazons:\u00a0<strong>4,92-2,48 w\/w<\/strong><\/li>\n<li><strong>Bir\u017eas elektroener\u0123ijas cenu monitoringa sist\u0113mas (SG) gatav\u012bba.<\/strong><\/li>\n<li><strong>WiFi<\/strong><\/li>\n<li>Baro\u0161anas spriegums:\u00a0<strong>380-415\/50 V\/Hz<\/strong><\/li>\n<li>Kompresors:\u00a0<strong>L\u012bdzstr\u0101vas p\u0101rveidot\u0101js + EVI<\/strong><\/li>\n<li>Ventilatora motors:\u00a0<strong>L\u012bdzstr\u0101vas invertors<\/strong><\/li>\n<li>\u016adens s\u016bknis:\u00a0<strong>L\u012bdzstr\u0101vas invertors<\/strong><\/li>\n<li>Ener\u0123ijas klase:\u00a0<strong>A+++<\/strong><\/li>\n<li>\u0100ra gaisa temperat\u016bra:\u00a0<strong>-35 l\u012bdz 40\u00b0C<\/strong><\/li>\n<li>Apkures re\u017e\u012bma temperat\u016bras diapazons:\u00a0<strong>30 l\u012bdz 60\u00b0C<\/strong><\/li>\n<li>Trok\u0161\u0146a l\u012bmenis:\u00a0<strong>l\u012bdz\u00a0<\/strong><strong>63 dB(A)<\/strong><\/li>\n<li>Svars:\u00a0<strong>175 kg<\/strong><\/li>\n<li>Izm\u0113ri (garums, platums, augstums):\u00a0<strong>1200x430x1550 mm<\/strong><\/li>\n<\/ul>","protected":false},"excerpt":{"rendered":"<p><strong>Weston Climate MONOBLOCK invertora gaiss-\u016bdens siltums\u016bknis 30kW. <\/strong>Funkcijas: apkures re\u017e\u012bms, karst\u0101 \u016bdens re\u017e\u012bms, dzes\u0113\u0161anas re\u017e\u012bms, apkures un karst\u0101 \u016bdens re\u017e\u012bms, dzes\u0113\u0161anas un karst\u0101 \u016bdens re\u017e\u012bms.<\/p>\n<p>Ieteicam\u0101 virsmas plat\u012bba (labai izol\u0101cijai): l\u012bdz 550 m2<\/p>\n<p>Produkti ir noliktav\u0101.\u00a0<strong>\u0100tra pieg\u0101de, tikai l\u012bdz 5-7 darba dien\u0101m.<\/strong><\/p>\n<p><strong>Produkts ir uzst\u0101d\u012bts r\u016bpn\u012bc\u0101, jaut\u0101jiet par cenu!<\/strong><\/p>","protected":false},"featured_media":10979,"template":"","meta":[],"product_brand":[],"product_cat":[116,63,65],"product_tag":[],"class_list":{"0":"post-3804","1":"product","2":"type-product","3":"status-publish","4":"has-post-thumbnail","6":"product_cat-monobloc-weston-r32","7":"product_cat-soojuspumbad","8":"product_cat-soojuspump-monobloc","10":"first","11":"instock","12":"taxable","13":"shipping-taxable","14":"purchasable","15":"product-type-simple"},"_links":{"self":[{"href":"https:\/\/westonclimate.com\/lv\/wp-json\/wp\/v2\/product\/3804","targetHints":{"allow":["GET"]}}],"collection":[{"href":"https:\/\/westonclimate.com\/lv\/wp-json\/wp\/v2\/product"}],"about":[{"href":"https:\/\/westonclimate.com\/lv\/wp-json\/wp\/v2\/types\/product"}],"version-history":[{"count":7,"href":"https:\/\/westonclimate.com\/lv\/wp-json\/wp\/v2\/product\/3804\/revisions"}],"predecessor-version":[{"id":10530,"href":"https:\/\/westonclimate.com\/lv\/wp-json\/wp\/v2\/product\/3804\/revisions\/10530"}],"wp:featuredmedia":[{"embeddable":true,"href":"https:\/\/westonclimate.com\/lv\/wp-json\/wp\/v2\/media\/10979"}],"wp:attachment":[{"href":"https:\/\/westonclimate.com\/lv\/wp-json\/wp\/v2\/media?parent=3804"}],"wp:term":[{"taxonomy":"product_brand","embeddable":true,"href":"https:\/\/westonclimate.com\/lv\/wp-json\/wp\/v2\/product_brand?post=3804"},{"taxonomy":"product_cat","embeddable":true,"href":"https:\/\/westonclimate.com\/lv\/wp-json\/wp\/v2\/product_cat?post=3804"},{"taxonomy":"product_tag","embeddable":true,"href":"https:\/\/westonclimate.com\/lv\/wp-json\/wp\/v2\/product_tag?post=3804"}],"curies":[{"name":"wp","href":"https:\/\/api.w.org\/{rel}","templated":true}]}}