{"id":4352,"date":"2024-07-05T10:40:24","date_gmt":"2024-07-05T10:40:24","guid":{"rendered":"https:\/\/wmdcompany.eu\/?post_type=product&#038;p=4352"},"modified":"2026-01-16T14:21:26","modified_gmt":"2026-01-16T14:21:26","slug":"weston-climate-plus-seeria-900-1200m3-soojustagastusega-ventilatsiooniseade","status":"publish","type":"product","link":"https:\/\/westonclimate.com\/lv\/tooted\/weston-climate-plus-serijas-900-1200m3-rekuperacijas-ventilacijas-iekarta\/","title":{"rendered":"Weston Climate Plus s\u0113rijas 900-1200m3 rekuper\u0101cijas ventil\u0101cijas iek\u0101rta"},"content":{"rendered":"<p><strong>Funkcijas:<\/strong><\/p>\n<ul>\n<li>Kompakts dizains, piem\u0113rots ieb\u016bv\u0113\u0161anai griestos vai sien\u0101<\/li>\n<li>Pag\u0101ju\u0161aj\u0101 ned\u0113\u013c\u0101 no siltummai\u0146a<\/li>\n<li>Augsts statiskais spiediens, energoefekt\u012bvs elektroniski komut\u0113ts EC (BLDC) motors<\/li>\n<li>Energoefektivit\u0101te l\u012bdz 96%<\/li>\n<li>Standarta vasaras apvedce\u013ca integr\u0101cija<\/li>\n<li>Izcila veiktsp\u0113ja<\/li>\n<li>Mugav alumine hoolduspaneel &#8211; lihtne filtrihooldus<\/li>\n<li>Iek\u0161telpu temperat\u016bras\/ relat\u012bv\u0101 mitruma sensori<\/li>\n<li>Atbilst\u012bba: EU1253\/2014 ErP EcoDesign<\/li>\n<li>Madal energiatarve &#8211; A+ energiam\u00e4rgis<\/li>\n<\/ul>\n<p><strong>Vad\u012bbas funkcijas:<\/strong><\/p>\n<ul>\n<li>Integr\u0113ta p\u0101rvald\u012bbas sist\u0113ma<\/li>\n<li>HD 7 collu kr\u0101su sk\u0101rienekr\u0101ns ar re\u0101llaika iek\u0161telpu gaisa kvalit\u0101tes displeju<\/li>\n<li>Viet\u0113j\u0101 piepras\u012bjuma p\u0101rvald\u012bba ar main\u012bgu \u0101trumu<\/li>\n<li>Modbus RS485 vied\u0101s m\u0101jas piesl\u0113gums<\/li>\n<li>IAQ (iek\u0161telpu gaisa kvalit\u0101tes) sensori CO2\/PM2.5\/vOCs\/TEMP\/RH<\/li>\n<li>Ierosin\u0101t\u0101 ikned\u0113\u013cas darb\u012bba<\/li>\n<li>P\u0113c izv\u0113les atsevi\u0161\u0137a ventilatora vad\u012bba<\/li>\n<li>Vair\u0101ku \u0101r\u0113jo CO2\/RH\/TEMP sensoru piesl\u0113g\u0161ana<\/li>\n<li>Vair\u0101ku \u0101r\u0113jo palielin\u0101\u0161anas sl\u0113d\u017eu piesl\u0113g\u0161ana<\/li>\n<li>Inlet\/Fusion\/IAQ automatiz\u0101cija<\/li>\n<li>Pieejams ar t\u0101lvad\u012bbas pulti<\/li>\n<li>Pazi\u0146ojums par filtra reverso nolas\u012b\u0161anu\/aizst\u0101\u0161anu<\/li>\n<li>Piln\u012bgi vad\u012bbas pane\u013ca iestat\u012bjumi<\/li>\n<\/ul>\n<p><strong>Tehnisk\u0101 inform\u0101cija:<\/strong><\/p>\n<ul>\n<li>Ventil\u0101cijas motora tips: EC<\/li>\n<li>Maksim\u0101l\u0101 gaisa pl\u016bsma (m3\/h):\u00a0<strong><em>900@100Pa \/ 1000@100Pa \/ 1200@100Pa<\/em><\/strong><\/li>\n<li>Maksim\u0101l\u0101 nomin\u0101l\u0101 jauda:\u00a0<strong><em>230V-50Hz; 395W; 2.5A \/ 230V-50Hz; 455W; 2.9A \/ 230V-50Hz; 535W; 3.3A<\/em><\/strong><\/li>\n<li>Ieejas jaudas diapazons: 200-240 V; 50\/60 Hz<\/li>\n<li>Svars (kg): 149,2<\/li>\n<li>Filtrs: G4<\/li>\n<li>Jaudas filtrs: G4, F8 (p\u0113c izv\u0113les)<\/li>\n<li>Maksim\u0101lais statiskais spiediens (Pa):\u00a0<strong><em>358 \/ 388 \/ 492<\/em><\/strong><\/li>\n<li>Siltummai\u0146a tips: pretpl\u016bsmas<\/li>\n<li>Energoefektivit\u0101te (%):\u00a0<strong><em>80-92 \/ 79-92 \/ 75-92<\/em><\/strong><\/li>\n<li>Iek\u0161\u0113j\u0101s izol\u0101cijas materi\u0101ls: putu polietil\u0113ns<\/li>\n<li>Korpusa materi\u0101ls: t\u0113rauda loksne ar p\u0101rkl\u0101jumu<\/li>\n<li>P\u0101rvad\u0101jam\u0101 gaisa temperat\u016bra (C): -25 l\u012bdz +50<\/li>\n<li>Darba vides temperat\u016bra (C): +5 l\u012bdz +40<\/li>\n<li>Darba vides relat\u012bvais mitrums (%): zem 80<\/li>\n<li>Piesl\u0113gt\u0101 gaisa kan\u0101la diametrs (mm): 315<\/li>\n<\/ul>","protected":false},"excerpt":{"rendered":"<p><strong>Weston Climate Plus s\u0113rijas 900-1200m3 rekuper\u0101cijas ventil\u0101cijas iek\u0101rta <\/strong>ir kompakta konstrukcija, un tie ir paredz\u0113ti ieb\u016bv\u0113\u0161anai vien\u0101 l\u012bmen\u012b vai padzi\u013cin\u0101jum\u0101. Piem\u0113rotas izmanto\u0161anai maz\u0101s un vid\u0113ja lieluma priv\u0101tm\u0101j\u0101s, birojos, dz\u012bvojam\u0101s telp\u0101s, sporta z\u0101l\u0113s, medic\u012bnas iest\u0101d\u0113s, veikalos, viesn\u012bc\u0101s, izgl\u012bt\u012bbas iest\u0101d\u0113s, \u0113din\u0101\u0161anas iest\u0101d\u0113s utt. <strong>Plus s\u0113rijas 900-1200m3 rekuper\u0101cijas ventil\u0101cijas iek\u0101rta<\/strong> ir pas\u016bt\u012bti un piel\u0101goti Eiropas un Skandin\u0101vijas pras\u012bb\u0101m. Ier\u012bces konstrukcija ir izgatavota no augstas kvalit\u0101tes materi\u0101liem, kas garant\u0113, ka Plus s\u0113rija darbojas nevainojami un \u013coti klusi. Modern\u0101s tehnolo\u0123ijas nodro\u0161ina ier\u012bces uzticam\u012bbu un ilgu kalpo\u0161anas laiku. Plus s\u0113rija ir izstr\u0101d\u0101ta t\u0101, lai to b\u016btu \u013coti viegli uzst\u0101d\u012bt, un t\u0101 ir pa sp\u0113kam ikvienam aizraut\u012bgam \u0123imenes loceklim.<\/p>\n<table style=\"border-collapse: collapse; width: 48pt;\" border=\"0\" width=\"64\" cellspacing=\"0\" cellpadding=\"0\">\n<tbody>\n<tr style=\"height: 15.0pt;\">\n<td style=\"height: 15.0pt; width: 48pt;\" width=\"64\" height=\"20\"><a href=\"https:\/\/westonclimate.com\/wp-content\/uploads\/2024\/07\/CE-Certificate-CS-SERIES-2.pdf\" target=\"_blank\" rel=\"noopener\"><img fetchpriority=\"high\" decoding=\"async\" class=\"alignnone size-medium wp-image-10956\" src=\"https:\/\/westonclimate.com\/wp-content\/uploads\/2024\/07\/CS-sert_2-207x300.png\" alt=\"\" width=\"207\" height=\"300\" srcset=\"https:\/\/westonclimate.com\/wp-content\/uploads\/2024\/07\/CS-sert_2-207x300.png 207w, https:\/\/westonclimate.com\/wp-content\/uploads\/2024\/07\/CS-sert_2-707x1024.png 707w, https:\/\/westonclimate.com\/wp-content\/uploads\/2024\/07\/CS-sert_2-768x1112.png 768w, https:\/\/westonclimate.com\/wp-content\/uploads\/2024\/07\/CS-sert_2-8x12.png 8w, https:\/\/westonclimate.com\/wp-content\/uploads\/2024\/07\/CS-sert_2-600x869.png 600w, https:\/\/westonclimate.com\/wp-content\/uploads\/2024\/07\/CS-sert_2.png 862w\" sizes=\"(max-width: 207px) 100vw, 207px\" \/><\/a><\/td>\n<\/tr>\n<\/tbody>\n<\/table>\n<p><strong>Pieg\u0101des laiks l\u012bdz 45 darba dien\u0101m.<\/strong><\/p>","protected":false},"featured_media":7585,"template":"","meta":[],"product_brand":[],"product_cat":[121,35],"product_tag":[],"class_list":{"0":"post-4352","1":"product","2":"type-product","3":"status-publish","4":"has-post-thumbnail","6":"product_cat-laeventilatsioon","7":"product_cat-ventilatsiooniseadmed","9":"first","10":"instock","11":"taxable","12":"shipping-taxable","13":"purchasable","14":"product-type-variable"},"_links":{"self":[{"href":"https:\/\/westonclimate.com\/lv\/wp-json\/wp\/v2\/product\/4352","targetHints":{"allow":["GET"]}}],"collection":[{"href":"https:\/\/westonclimate.com\/lv\/wp-json\/wp\/v2\/product"}],"about":[{"href":"https:\/\/westonclimate.com\/lv\/wp-json\/wp\/v2\/types\/product"}],"version-history":[{"count":10,"href":"https:\/\/westonclimate.com\/lv\/wp-json\/wp\/v2\/product\/4352\/revisions"}],"predecessor-version":[{"id":10961,"href":"https:\/\/westonclimate.com\/lv\/wp-json\/wp\/v2\/product\/4352\/revisions\/10961"}],"wp:featuredmedia":[{"embeddable":true,"href":"https:\/\/westonclimate.com\/lv\/wp-json\/wp\/v2\/media\/7585"}],"wp:attachment":[{"href":"https:\/\/westonclimate.com\/lv\/wp-json\/wp\/v2\/media?parent=4352"}],"wp:term":[{"taxonomy":"product_brand","embeddable":true,"href":"https:\/\/westonclimate.com\/lv\/wp-json\/wp\/v2\/product_brand?post=4352"},{"taxonomy":"product_cat","embeddable":true,"href":"https:\/\/westonclimate.com\/lv\/wp-json\/wp\/v2\/product_cat?post=4352"},{"taxonomy":"product_tag","embeddable":true,"href":"https:\/\/westonclimate.com\/lv\/wp-json\/wp\/v2\/product_tag?post=4352"}],"curies":[{"name":"wp","href":"https:\/\/api.w.org\/{rel}","templated":true}]}}