{"id":4368,"date":"2024-07-05T11:09:12","date_gmt":"2024-07-05T11:09:12","guid":{"rendered":"https:\/\/wmdcompany.eu\/?post_type=product&#038;p=4368"},"modified":"2025-12-13T18:17:49","modified_gmt":"2025-12-13T18:17:49","slug":"weston-climate-juhtpaneel-vk8-7-wifi-rakendus","status":"publish","type":"product","link":"https:\/\/westonclimate.com\/lv\/tooted\/weston-klimata-kontroles-panelis-vk8-7-wifi-lietojumprogramma\/","title":{"rendered":"Weston klimata kontroles panelis VK8-7\u2033 (Wifi + lietotne)"},"content":{"rendered":"<ul>\n<li>HD 7 collu kr\u0101su sk\u0101rienekr\u0101ns<\/li>\n<li>Re\u0101llaika iek\u0161telpu gaisa kvalit\u0101tes displejs<\/li>\n<li>Integr\u0113ta p\u0101rvald\u012bbas sist\u0113ma<\/li>\n<li>Vajadz\u012bbas gad\u012bjum\u0101 main\u012bga \u0101truma regul\u0113\u0161ana<\/li>\n<li>Modbus RS485 Smart Home savienojums<\/li>\n<li>Iek\u0161telpu gaisa sensori: Co2, PM2,5, GOS, temperat\u016bra, relat\u012bvais mitrums.<\/li>\n<li>Ikned\u0113\u013cas pl\u0101notais darbs<\/li>\n<li>P\u0113c izv\u0113les atsevi\u0161\u0137a ventilatora vad\u012bba<\/li>\n<li>Iesp\u0113ja pievienot \u0101r\u0113jos sensorus: Co2, RH, Temp.<\/li>\n<li>M\u0113r\u012bjumu pl\u016bsma, kaus\u0113\u0161ana, IAQ automatiz\u0101cija<\/li>\n<li>Vad\u012bba, izmantojot Wifi + lietotni<\/li>\n<li>Pazi\u0146ojums par filtra nomai\u0146u<\/li>\n<li>Piln\u012bga vad\u012bba, izmantojot vad\u012bbas paneli<\/li>\n<\/ul>","protected":false},"excerpt":{"rendered":"<p><strong>Weston Climate<\/strong> 7 collu VK8 vad\u012bbas panelis (Wifi + lietotne). Vismodern\u0101k\u0101 un vispilnfunkcion\u0101l\u0101k\u0101 vad\u012bbas sist\u0113ma, kas nodro\u0161ina tie\u0161i t\u0101du klimatu j\u016bsu m\u0101j\u0101s, k\u0101du v\u0113laties. HD 7 collu ekr\u0101ns padara to \u012bpa\u0161i viegli lietojamu un pieejamu ikvienam. <strong>Vad\u012bbas panelis ir iek\u013cauts vis\u0101s Weston Climate vien\u012bb\u0101s.<\/strong><\/p>\n<p><strong>Pieg\u0101des laiks l\u012bdz 45 darba dien\u0101m.<\/strong><\/p>","protected":false},"featured_media":5164,"template":"","meta":[],"product_brand":[],"product_cat":[35],"product_tag":[],"class_list":{"0":"post-4368","1":"product","2":"type-product","3":"status-publish","4":"has-post-thumbnail","6":"product_cat-ventilatsiooniseadmed","8":"first","9":"instock","10":"taxable","11":"shipping-taxable","12":"purchasable","13":"product-type-simple"},"_links":{"self":[{"href":"https:\/\/westonclimate.com\/lv\/wp-json\/wp\/v2\/product\/4368","targetHints":{"allow":["GET"]}}],"collection":[{"href":"https:\/\/westonclimate.com\/lv\/wp-json\/wp\/v2\/product"}],"about":[{"href":"https:\/\/westonclimate.com\/lv\/wp-json\/wp\/v2\/types\/product"}],"version-history":[{"count":9,"href":"https:\/\/westonclimate.com\/lv\/wp-json\/wp\/v2\/product\/4368\/revisions"}],"predecessor-version":[{"id":9326,"href":"https:\/\/westonclimate.com\/lv\/wp-json\/wp\/v2\/product\/4368\/revisions\/9326"}],"wp:featuredmedia":[{"embeddable":true,"href":"https:\/\/westonclimate.com\/lv\/wp-json\/wp\/v2\/media\/5164"}],"wp:attachment":[{"href":"https:\/\/westonclimate.com\/lv\/wp-json\/wp\/v2\/media?parent=4368"}],"wp:term":[{"taxonomy":"product_brand","embeddable":true,"href":"https:\/\/westonclimate.com\/lv\/wp-json\/wp\/v2\/product_brand?post=4368"},{"taxonomy":"product_cat","embeddable":true,"href":"https:\/\/westonclimate.com\/lv\/wp-json\/wp\/v2\/product_cat?post=4368"},{"taxonomy":"product_tag","embeddable":true,"href":"https:\/\/westonclimate.com\/lv\/wp-json\/wp\/v2\/product_tag?post=4368"}],"curies":[{"name":"wp","href":"https:\/\/api.w.org\/{rel}","templated":true}]}}