{"id":4952,"date":"2024-10-30T07:55:21","date_gmt":"2024-10-30T07:55:21","guid":{"rendered":"https:\/\/wmdcompany.eu\/?post_type=product&#038;p=4952"},"modified":"2025-11-23T09:23:29","modified_gmt":"2025-11-23T09:23:29","slug":"weston-climate-r32-monoblock-evi-inverter-ohk-vesi-soojuspump-230v-9-5kw","status":"publish","type":"product","link":"https:\/\/westonclimate.com\/lv\/tooted\/weston-klimats-r32-monobloks-evi-invertors-ohk-udens-siltumsuknis-230v-9-5kw\/","title":{"rendered":"WESTON CLIMATE R32 MONOBLOCK EVI Invertora tipa siltums\u016bknis gaiss-\u016bdens 230V 9,5kW"},"content":{"rendered":"<ul>\n<li>Baro\u0161anas spriegums:\u00a0<strong>220 &#8211; 230V<\/strong><\/li>\n<li>Ener\u0123ijas klase:\u00a0<strong>A+++<\/strong><\/li>\n<li>Nomin\u0101l\u0101 sild\u012b\u0161anas jauda:\u00a0<strong>9,5 kW<\/strong><\/li>\n<li>Sild\u012b\u0161anas jaudas diapazons:<strong>\u00a02 &#8211; 9,5 kW<\/strong><\/li>\n<li>Sild\u012b\u0161anas ieejas jauda:\u00a0<strong>2,18 &#8211; 3,14 kW<\/strong><\/li>\n<li>COP:\u00a0<strong>l\u012bdz<\/strong>\u00a0<strong>4,35 W\/W<\/strong><\/li>\n<li>Dzes\u0113\u0161anas jauda:\u00a0<strong>8,6 kW<\/strong><\/li>\n<li>Dzes\u0113\u0161anas ieejas jauda:\u00a0<strong>2,84<\/strong>\u00a0<strong>kW<\/strong><\/li>\n<li>EER:<strong>\u00a0l\u012bdz 3,43 W\/W<\/strong><\/li>\n<li>\u016adens pl\u016bsmas \u0101trums:\u00a0<strong>1,5 m3\/h<\/strong><\/li>\n<li>Dzes\u0113\u0161anas \u0161\u0137idruma tips:\u00a0<strong>R32<\/strong><\/li>\n<li>\u0100ra gaisa temperat\u016bra:\u00a0<strong>-35 l\u012bdz 43\u00b0C<\/strong><\/li>\n<li>S\u016bk\u0146a svars:\u00a0<strong>91 kg<\/strong><\/li>\n<li>S\u016bk\u0146a izm\u0113ri (garums, platums, augstums):<strong>\u00a01127 \/ 475 \/ 810 mm<\/strong><\/li>\n<li>Iepakojuma svars:\u00a0<strong>106 kg<\/strong><\/li>\n<li>S\u016bk\u0146a izm\u0113ri (garums, platums, augstums):<strong>\u00a01195 \/ 535 \/ 960 mm<\/strong><\/li>\n<\/ul>","protected":false},"excerpt":{"rendered":"<p><strong>WESTON CLIMATE R32 EVI Full DC invertora tipa siltums\u016bknis gaiss-\u016bdens 230V 9,5kW.<\/strong> Funkcijas: sild\u012b\u0161anas re\u017e\u012bms, dzes\u0113\u0161anas re\u017e\u012bms, karst\u0101 \u016bdens re\u017e\u012bms, WiFi vad\u012bba, vad\u012bba pa t\u0101lruni, SG ready, saules pane\u013cu atbalsts (PV sist\u0113ma), Panasonic kompresors.<\/p>\n<p>Taj\u0101 tiek izmantots videi draudz\u012bgs aukstuma a\u0123ents R32, un, s\u0101kot no -8\u00b0C, s\u0101k darboties EVI tehnolo\u0123ija, kas iev\u0113rojami samazina ener\u0123ijas pat\u0113ri\u0146u zem\u0101k\u0101 temperat\u016br\u0101 gan karst\u0101 \u016bdens ra\u017eo\u0161anai, gan apkurei. Iek\u0101rta ekonomiski darbojas ar\u012b pie -35\u00b0C apk\u0101rt\u0113j\u0101s vides temperat\u016bras, un taj\u0101 izmantota l\u012bdzstr\u0101vas invertora tehnolo\u0123ija, kas nodro\u0161ina vienm\u0113r\u012bgu un stabilu darb\u012bbu.<\/p>\n<p>Ieteicam\u0101 virsmas plat\u012bba (labai izol\u0101cijai): l\u012bdz 170 m2<\/p>","protected":false},"featured_media":10404,"template":"","meta":[],"product_brand":[],"product_cat":[117,116,63,114,65],"product_tag":[],"class_list":{"0":"post-4952","1":"product","2":"type-product","3":"status-publish","4":"has-post-thumbnail","6":"product_cat-monobloc-weston-r32-230","7":"product_cat-monobloc-weston-r32","8":"product_cat-soojuspumbad","9":"product_cat-monobloc-weston-climate","10":"product_cat-soojuspump-monobloc","12":"first","13":"instock","14":"taxable","15":"shipping-taxable","16":"purchasable","17":"product-type-simple"},"_links":{"self":[{"href":"https:\/\/westonclimate.com\/lv\/wp-json\/wp\/v2\/product\/4952","targetHints":{"allow":["GET"]}}],"collection":[{"href":"https:\/\/westonclimate.com\/lv\/wp-json\/wp\/v2\/product"}],"about":[{"href":"https:\/\/westonclimate.com\/lv\/wp-json\/wp\/v2\/types\/product"}],"version-history":[{"count":4,"href":"https:\/\/westonclimate.com\/lv\/wp-json\/wp\/v2\/product\/4952\/revisions"}],"predecessor-version":[{"id":9358,"href":"https:\/\/westonclimate.com\/lv\/wp-json\/wp\/v2\/product\/4952\/revisions\/9358"}],"wp:featuredmedia":[{"embeddable":true,"href":"https:\/\/westonclimate.com\/lv\/wp-json\/wp\/v2\/media\/10404"}],"wp:attachment":[{"href":"https:\/\/westonclimate.com\/lv\/wp-json\/wp\/v2\/media?parent=4952"}],"wp:term":[{"taxonomy":"product_brand","embeddable":true,"href":"https:\/\/westonclimate.com\/lv\/wp-json\/wp\/v2\/product_brand?post=4952"},{"taxonomy":"product_cat","embeddable":true,"href":"https:\/\/westonclimate.com\/lv\/wp-json\/wp\/v2\/product_cat?post=4952"},{"taxonomy":"product_tag","embeddable":true,"href":"https:\/\/westonclimate.com\/lv\/wp-json\/wp\/v2\/product_tag?post=4952"}],"curies":[{"name":"wp","href":"https:\/\/api.w.org\/{rel}","templated":true}]}}