{"id":4996,"date":"2024-10-30T07:55:22","date_gmt":"2024-10-30T07:55:22","guid":{"rendered":"https:\/\/wmdcompany.eu\/?post_type=product&#038;p=4996"},"modified":"2026-02-17T20:29:55","modified_gmt":"2026-02-17T20:29:55","slug":"weston-climate-r290-monoblock-evi-inverter-ohk-vesi-soojuspump-230v-12kw","status":"publish","type":"product","link":"https:\/\/westonclimate.com\/lv\/tooted\/weston-climate-r290-monobloks-evi-invertors-ohc-udens-siltumsuknis-230v-12kw\/","title":{"rendered":"WESTON CLIMATE R290 MONOBLOCK EVI Invertora tipa siltums\u016bknis gaiss-\u016bdens 230V 12kW"},"content":{"rendered":"<ul>\n<li>Baro\u0161anas spriegums:\u00a0<strong>220 &#8211; 240V<\/strong><\/li>\n<li>Ener\u0123ijas klase:<strong>\u00a0A+++<\/strong><\/li>\n<li>Nomin\u0101l\u0101 sild\u012b\u0161anas jauda:\u00a0<strong>12 kW<\/strong><\/li>\n<li>Sild\u012b\u0161anas jaudas diapazons:<strong>\u00a02,8-12 kW<\/strong><\/li>\n<li>Sild\u012b\u0161anas ieejas jauda:\u00a0<strong>2,6 &#8211; 2,68 kW<\/strong><\/li>\n<li>COP:\u00a0<strong>l\u012bdz 4,31 W\/W<\/strong><\/li>\n<li>Dzes\u0113\u0161anas jauda:\u00a0<strong>8,89 kW<\/strong><\/li>\n<li>Dzes\u0113\u0161anas ieejas jauda:\u00a0<strong>3,34 kW<\/strong><\/li>\n<li>EER:\u00a0<strong>l\u012bdz 2,66 W\/W<\/strong><\/li>\n<li>Dzes\u0113\u0161anas \u0161\u0137idruma tips:<strong>\u00a0R290<\/strong><\/li>\n<li>\u0100ra gaisa temperat\u016bra:\u00a0<strong>-35 l\u012bdz 43\u00b0C<\/strong><\/li>\n<li>Aug\u0161up pa straumi \u016bdens temperat\u016bra l\u012bdz:<strong>\u00a075\u00b0C<\/strong><\/li>\n<li>S\u016bk\u0146a svars:\u00a0<strong>104 kg<\/strong><\/li>\n<li>S\u016bk\u0146a izm\u0113ri (garums, platums, augstums):\u00a0<strong>1205 \/ 475 \/ 815 mm<\/strong><\/li>\n<li>Iepakojuma svars:\u00a0<strong>119 kg<\/strong><\/li>\n<li>Iepakojuma izm\u0113ri (garums, platums, augstums):\u00a0<strong>1270 \/ 560 \/ 960 mm<\/strong><\/li>\n<\/ul>","protected":false},"excerpt":{"rendered":"<p><strong>Weston Climate R290 MONOBLOCK EVI Full DC Inverter gaiss-\u016bdens siltums\u016bknis 230V 12kW.<\/strong> Funkcijas: apkures re\u017e\u012bms, dzes\u0113\u0161anas re\u017e\u012bms, karst\u0101 \u016bdens re\u017e\u012bms, WiFi vad\u012bba, vad\u012bba pa t\u0101lruni, SG gatavs, saules pane\u013cu atbalsts (PV sist\u0113ma), GMCC kompresors, zems trok\u0161\u0146a l\u012bmenis.<\/p>\n<p>Izmantojot R290 dzes\u0113\u0161anas \u0161\u0137idrumu, var ra\u017eot augstas temperat\u016bras \u016bdeni (l\u012bdz 75\u00b0C), un, s\u0101kot no -8\u00b0C, tiek aktiviz\u0113ta EVI tehnolo\u0123ija, kas iev\u0113rojami samazina ener\u0123ijas pat\u0113ri\u0146u pie zemas temperat\u016bras gan karst\u0101 \u016bdens ra\u017eo\u0161anai, gan apkurei. Iek\u0101rta ekonomiski darbojas ar\u012b pie -35\u00b0C apk\u0101rt\u0113j\u0101s vides temperat\u016bras, un taj\u0101 izmantota l\u012bdzstr\u0101vas invertora tehnolo\u0123ija, kas nodro\u0161ina vienm\u0113r\u012bgu un stabilu darb\u012bbu.<\/p>\n<p>Ieteicam\u0101 virsmas plat\u012bba (labai izol\u0101cijai): l\u012bdz 220 m2.<\/p>\n<table style=\"border-collapse: collapse; width: 144pt;\" border=\"0\" width=\"192\" cellspacing=\"0\" cellpadding=\"0\">\n<tbody>\n<tr style=\"height: 14.4pt;\">\n<td style=\"height: 14.4pt; width: 48pt;\" width=\"64\" height=\"19\"><a href=\"https:\/\/westonclimate.com\/wp-content\/uploads\/2026\/02\/CB-certification-1-phase-R290-heating-coolingdomestic-hot-water-heat-pump.pdf\" target=\"_blank\" rel=\"noopener\"><img fetchpriority=\"high\" decoding=\"async\" class=\"alignnone size-medium wp-image-11118\" src=\"https:\/\/westonclimate.com\/wp-content\/uploads\/2024\/10\/Cert_290_1-208x300.png\" alt=\"\" width=\"208\" height=\"300\" srcset=\"https:\/\/westonclimate.com\/wp-content\/uploads\/2024\/10\/Cert_290_1-208x300.png 208w, https:\/\/westonclimate.com\/wp-content\/uploads\/2024\/10\/Cert_290_1-711x1024.png 711w, https:\/\/westonclimate.com\/wp-content\/uploads\/2024\/10\/Cert_290_1-768x1106.png 768w, https:\/\/westonclimate.com\/wp-content\/uploads\/2024\/10\/Cert_290_1-8x12.png 8w, https:\/\/westonclimate.com\/wp-content\/uploads\/2024\/10\/Cert_290_1-600x864.png 600w, https:\/\/westonclimate.com\/wp-content\/uploads\/2024\/10\/Cert_290_1.png 784w\" sizes=\"(max-width: 208px) 100vw, 208px\" \/><\/a><\/td>\n<td style=\"width: 48pt;\" width=\"64\"><a href=\"https:\/\/westonclimate.com\/wp-content\/uploads\/2026\/02\/CE-EMC.pdf\" target=\"_blank\" rel=\"noopener\"><img decoding=\"async\" class=\"alignnone size-medium wp-image-11120\" src=\"https:\/\/westonclimate.com\/wp-content\/uploads\/2024\/10\/Cert_290_3-210x300.png\" alt=\"\" width=\"210\" height=\"300\" srcset=\"https:\/\/westonclimate.com\/wp-content\/uploads\/2024\/10\/Cert_290_3-210x300.png 210w, https:\/\/westonclimate.com\/wp-content\/uploads\/2024\/10\/Cert_290_3-716x1024.png 716w, https:\/\/westonclimate.com\/wp-content\/uploads\/2024\/10\/Cert_290_3-768x1098.png 768w, https:\/\/westonclimate.com\/wp-content\/uploads\/2024\/10\/Cert_290_3-8x12.png 8w, https:\/\/westonclimate.com\/wp-content\/uploads\/2024\/10\/Cert_290_3-600x858.png 600w, https:\/\/westonclimate.com\/wp-content\/uploads\/2024\/10\/Cert_290_3.png 801w\" sizes=\"(max-width: 210px) 100vw, 210px\" \/><\/a><\/td>\n<td style=\"width: 48pt;\" width=\"64\"><a href=\"https:\/\/westonclimate.com\/wp-content\/uploads\/2026\/02\/ROHS-test-report-R290-heatingcooling-heat-pump.pdf\" target=\"_blank\" rel=\"noopener\"><img decoding=\"async\" class=\"alignnone size-medium wp-image-11121\" src=\"https:\/\/westonclimate.com\/wp-content\/uploads\/2024\/10\/Cert_290_4-221x300.png\" alt=\"\" width=\"221\" height=\"300\" srcset=\"https:\/\/westonclimate.com\/wp-content\/uploads\/2024\/10\/Cert_290_4-221x300.png 221w, https:\/\/westonclimate.com\/wp-content\/uploads\/2024\/10\/Cert_290_4-754x1024.png 754w, https:\/\/westonclimate.com\/wp-content\/uploads\/2024\/10\/Cert_290_4-768x1043.png 768w, https:\/\/westonclimate.com\/wp-content\/uploads\/2024\/10\/Cert_290_4-9x12.png 9w, https:\/\/westonclimate.com\/wp-content\/uploads\/2024\/10\/Cert_290_4-600x815.png 600w, https:\/\/westonclimate.com\/wp-content\/uploads\/2024\/10\/Cert_290_4.png 896w\" sizes=\"(max-width: 221px) 100vw, 221px\" \/><\/a><\/td>\n<\/tr>\n<tr style=\"height: 14.4pt;\">\n<td style=\"height: 14.4pt;\" height=\"19\"><a href=\"https:\/\/westonclimate.com\/wp-content\/uploads\/2026\/02\/The-CE-LVD-of-single-phase-R290-side-blow-heating-coolingdhw-heat-pump-newest-57kw.pdf\" target=\"_blank\" rel=\"noopener\"><img loading=\"lazy\" decoding=\"async\" class=\"alignnone size-medium wp-image-11122\" src=\"https:\/\/westonclimate.com\/wp-content\/uploads\/2024\/10\/Cert_290_5-211x300.png\" alt=\"\" width=\"211\" height=\"300\" srcset=\"https:\/\/westonclimate.com\/wp-content\/uploads\/2024\/10\/Cert_290_5-211x300.png 211w, https:\/\/westonclimate.com\/wp-content\/uploads\/2024\/10\/Cert_290_5-720x1024.png 720w, https:\/\/westonclimate.com\/wp-content\/uploads\/2024\/10\/Cert_290_5-768x1093.png 768w, https:\/\/westonclimate.com\/wp-content\/uploads\/2024\/10\/Cert_290_5-8x12.png 8w, https:\/\/westonclimate.com\/wp-content\/uploads\/2024\/10\/Cert_290_5-600x854.png 600w, https:\/\/westonclimate.com\/wp-content\/uploads\/2024\/10\/Cert_290_5.png 820w\" sizes=\"(max-width: 211px) 100vw, 211px\" \/><\/a><\/td>\n<td><a href=\"https:\/\/westonclimate.com\/wp-content\/uploads\/2026\/02\/The-CE-LVD-of-single-phase-R290-side-blow-heating-coolingdhw-heat-pump.pdf\" target=\"_blank\" rel=\"noopener\"><img loading=\"lazy\" decoding=\"async\" class=\"alignnone size-medium wp-image-11123\" src=\"https:\/\/westonclimate.com\/wp-content\/uploads\/2024\/10\/Cert_290_6-208x300.png\" alt=\"\" width=\"208\" height=\"300\" srcset=\"https:\/\/westonclimate.com\/wp-content\/uploads\/2024\/10\/Cert_290_6-208x300.png 208w, https:\/\/westonclimate.com\/wp-content\/uploads\/2024\/10\/Cert_290_6-709x1024.png 709w, https:\/\/westonclimate.com\/wp-content\/uploads\/2024\/10\/Cert_290_6-768x1109.png 768w, https:\/\/westonclimate.com\/wp-content\/uploads\/2024\/10\/Cert_290_6-8x12.png 8w, https:\/\/westonclimate.com\/wp-content\/uploads\/2024\/10\/Cert_290_6-600x867.png 600w, https:\/\/westonclimate.com\/wp-content\/uploads\/2024\/10\/Cert_290_6.png 812w\" sizes=\"(max-width: 208px) 100vw, 208px\" \/><\/a><\/td>\n<td><a href=\"https:\/\/westonclimate.com\/wp-content\/uploads\/2026\/02\/ERP-R290heating-coolingdomestic-hot-water-heat-pump.pdf\" target=\"_blank\" rel=\"noopener\"><img loading=\"lazy\" decoding=\"async\" class=\"alignnone size-medium wp-image-11126\" src=\"https:\/\/westonclimate.com\/wp-content\/uploads\/2024\/10\/Cert_290_9-206x300.png\" alt=\"\" width=\"206\" height=\"300\" srcset=\"https:\/\/westonclimate.com\/wp-content\/uploads\/2024\/10\/Cert_290_9-206x300.png 206w, https:\/\/westonclimate.com\/wp-content\/uploads\/2024\/10\/Cert_290_9-702x1024.png 702w, https:\/\/westonclimate.com\/wp-content\/uploads\/2024\/10\/Cert_290_9-768x1120.png 768w, https:\/\/westonclimate.com\/wp-content\/uploads\/2024\/10\/Cert_290_9-8x12.png 8w, https:\/\/westonclimate.com\/wp-content\/uploads\/2024\/10\/Cert_290_9-600x875.png 600w, https:\/\/westonclimate.com\/wp-content\/uploads\/2024\/10\/Cert_290_9.png 803w\" sizes=\"(max-width: 206px) 100vw, 206px\" \/><\/a><\/td>\n<\/tr>\n<\/tbody>\n<\/table>\n<table style=\"border-collapse: collapse; width: 96pt;\" border=\"0\" width=\"128\" cellspacing=\"0\" cellpadding=\"0\">\n<tbody>\n<tr style=\"height: 15.0pt;\">\n<td style=\"height: 15.0pt; width: 48pt;\" width=\"64\" height=\"20\"><a href=\"https:\/\/westonclimate.com\/wp-content\/uploads\/2026\/02\/Energy_290_2.png\" target=\"_blank\" rel=\"noopener\"><img decoding=\"async\" src=\"https:\/\/westonclimate.com\/wp-content\/uploads\/2026\/02\/Energy_290_2.png\" \/><\/a><\/td>\n<td style=\"width: 48pt;\" width=\"64\"><a href=\"https:\/\/westonclimate.com\/wp-content\/uploads\/2026\/02\/curve_R290_120.pdf\" target=\"_blank\" rel=\"noopener\"><img loading=\"lazy\" decoding=\"async\" class=\"alignnone size-medium wp-image-11208\" src=\"https:\/\/westonclimate.com\/wp-content\/uploads\/2026\/02\/curv_R290_120-231x300.png\" alt=\"\" width=\"231\" height=\"300\" srcset=\"https:\/\/westonclimate.com\/wp-content\/uploads\/2026\/02\/curv_R290_120-231x300.png 231w, https:\/\/westonclimate.com\/wp-content\/uploads\/2026\/02\/curv_R290_120-787x1024.png 787w, https:\/\/westonclimate.com\/wp-content\/uploads\/2026\/02\/curv_R290_120-768x999.png 768w, https:\/\/westonclimate.com\/wp-content\/uploads\/2026\/02\/curv_R290_120-9x12.png 9w, https:\/\/westonclimate.com\/wp-content\/uploads\/2026\/02\/curv_R290_120-600x780.png 600w, https:\/\/westonclimate.com\/wp-content\/uploads\/2026\/02\/curv_R290_120.png 851w\" sizes=\"(max-width: 231px) 100vw, 231px\" \/><\/a><\/td>\n<\/tr>\n<\/tbody>\n<\/table>\n<p>&nbsp;<\/p>\n<p>&nbsp;<\/p>\n<p>&nbsp;<\/p>","protected":false},"featured_media":10408,"template":"","meta":[],"product_brand":[],"product_cat":[119,115,63,114,65],"product_tag":[],"class_list":{"0":"post-4996","1":"product","2":"type-product","3":"status-publish","4":"has-post-thumbnail","6":"product_cat-monobloc-weston-r290-230","7":"product_cat-monobloc-weston-r290","8":"product_cat-soojuspumbad","9":"product_cat-monobloc-weston-climate","10":"product_cat-soojuspump-monobloc","12":"first","13":"instock","14":"taxable","15":"shipping-taxable","16":"purchasable","17":"product-type-simple"},"_links":{"self":[{"href":"https:\/\/westonclimate.com\/lv\/wp-json\/wp\/v2\/product\/4996","targetHints":{"allow":["GET"]}}],"collection":[{"href":"https:\/\/westonclimate.com\/lv\/wp-json\/wp\/v2\/product"}],"about":[{"href":"https:\/\/westonclimate.com\/lv\/wp-json\/wp\/v2\/types\/product"}],"version-history":[{"count":16,"href":"https:\/\/westonclimate.com\/lv\/wp-json\/wp\/v2\/product\/4996\/revisions"}],"predecessor-version":[{"id":11225,"href":"https:\/\/westonclimate.com\/lv\/wp-json\/wp\/v2\/product\/4996\/revisions\/11225"}],"wp:featuredmedia":[{"embeddable":true,"href":"https:\/\/westonclimate.com\/lv\/wp-json\/wp\/v2\/media\/10408"}],"wp:attachment":[{"href":"https:\/\/westonclimate.com\/lv\/wp-json\/wp\/v2\/media?parent=4996"}],"wp:term":[{"taxonomy":"product_brand","embeddable":true,"href":"https:\/\/westonclimate.com\/lv\/wp-json\/wp\/v2\/product_brand?post=4996"},{"taxonomy":"product_cat","embeddable":true,"href":"https:\/\/westonclimate.com\/lv\/wp-json\/wp\/v2\/product_cat?post=4996"},{"taxonomy":"product_tag","embeddable":true,"href":"https:\/\/westonclimate.com\/lv\/wp-json\/wp\/v2\/product_tag?post=4996"}],"curies":[{"name":"wp","href":"https:\/\/api.w.org\/{rel}","templated":true}]}}