{"id":6878,"date":"2025-04-11T18:18:20","date_gmt":"2025-04-11T18:18:20","guid":{"rendered":"https:\/\/wmdcompany.eu\/?post_type=product&#038;p=6878"},"modified":"2025-10-02T09:02:38","modified_gmt":"2025-10-02T09:02:38","slug":"amber-jahutus-ja-kute-9-2-kw","status":"publish","type":"product","link":"https:\/\/westonclimate.com\/lv\/tooted\/dzintara-dzesesana-un-apsildisana-9-2-kw\/","title":{"rendered":"AMBER Sild\u012b\u0161ana un dzes\u0113\u0161ana 9,2 kW"},"content":{"rendered":"<ul>\n<li><strong>Zieme\u013cvalstu apr\u012bkojums ietver<\/strong>\n<ul>\n<li>mikroprocesora kontrol\u0113ts \u0101r\u0113jais apak\u0161\u0113jais apsildes kabelis, kas \u013cauj izkaus\u0113tajam \u016bdenim \u0101tri izpl\u016bst pat \u013coti aukst\u0101 laik\u0101;<\/li>\n<li>kartera e\u013c\u013cas dzes\u0113\u0161anas kabelis, kas ne\u013cauj kompresoram darboties aukst\u0101 st\u0101vokl\u012b, uztur kompresoru siltu un pagarina t\u0101 kalpo\u0161anas laiku.<\/li>\n<\/ul>\n<\/li>\n<li><strong>Amber s\u0113rijas gaisa siltums\u016bk\u0146a galven\u0101s iez\u012bmes:<\/strong>\n<ul>\n<li>A+++ energoefektivit\u0101tes klase;<\/li>\n<li>Sezonas efektivit\u0101tes koeficients (SCOP) 4.4;<\/li>\n<li>\u0101ra gaisa temperat\u016bras diapazons apkurei -30 l\u012bdz +24\u00b0C;<\/li>\n<li>apk\u0101rt\u0113j\u0101 gaisa temperat\u016bras diapazons dzes\u0113\u0161anai -20 l\u012bdz +43\u00b0C;<\/li>\n<li>iek\u0161\u0113j\u0101 da\u013ca ar septi\u0146iem \u0101trumiem;<\/li>\n<li>iek\u0161\u0113js superre\u017e\u012bms;<\/li>\n<li>\u012bpa\u0161i gar\u0161 p\u016b\u0161anas att\u0101lums;<\/li>\n<li>inteli\u0123ent\u0101 atkaus\u0113\u0161ana.<\/li>\n<\/ul>\n<\/li>\n<li><strong>Pamatapr\u012bkojums:<\/strong>\n<ul>\n<li>autom\u0101tiska restart\u0113\u0161ana str\u0101vas padeves p\u0101rtraukuma gad\u012bjum\u0101;<\/li>\n<li>mazg\u0101jami putek\u013cu filtri;<\/li>\n<li>turbo funkcija;<\/li>\n<li>vieda priek\u0161sild\u012b\u0161ana;<\/li>\n<li>v\u0113lam\u0101s temperat\u016bras p\u0101rbaude pie t\u0101lvad\u012bbas pults, t. i., pie faktisk\u0101s cilv\u0113ku atra\u0161an\u0101s vietas;<\/li>\n<li>taimeris;<\/li>\n<li>must;<\/li>\n<li>zemsprieguma palai\u0161ana;<\/li>\n<li>b\u0113rnu sl\u0113dzene.<\/li>\n<\/ul>\n<\/li>\n<li><strong>Aksesu\u0101ri iek\u013cauti cen\u0101:<\/strong>\n<ul>\n<li>iesp\u0113ja kontrol\u0113t no viedier\u012bces;<\/li>\n<li>plazmas jonizators;<\/li>\n<li>nordicu apr\u012bkojums;<\/li>\n<li>+8\u00b0C notur\u0113\u0161anas funkcija;<\/li>\n<li>4D gaisa orient\u0101cija no t\u0101lvad\u012bbas pults;<\/li>\n<li>ener\u0123ijas taup\u012b\u0161anas re\u017e\u012bms;<\/li>\n<li>miega re\u017e\u012bmi;<\/li>\n<li>durvju kontrole.<\/li>\n<\/ul>\n<\/li>\n<\/ul>","protected":false},"excerpt":{"rendered":"<p><strong>Weston Climate AMBER s\u0113rijas jaun\u0101s paaudzes gaisa siltums\u016bk\u0146a gaisa kondicionieris (HEAT AND COOL 9,2 kW)<\/strong> ir paredz\u0113tas skarbajiem zieme\u013cu apst\u0101k\u013ciem. T\u0101 nodro\u0161ina augstu sild\u012b\u0161anas jaudu pie zemas temperat\u016bras un izcilu efektivit\u0101ti. To nodro\u0161ina jaun\u0101k\u0101s tehnolo\u0123ijas un videi draudz\u012bgs aukstuma a\u0123ents R32. Iek\u0101rtu var vad\u012bt, izmantojot iOS un Android viedier\u012bces. Ier\u012bc\u0113 ir iek\u013cauts r\u016bpn\u012bc\u0101 uzst\u0101d\u012bts ziemas ziemas apr\u012bkojums, kas nodro\u0161ina uzticam\u012bbu Zieme\u013cvalstu klimatiskajos apst\u0101k\u013cos gan apkurei, gan dzes\u0113\u0161anai. <strong>Iek\u0101rta ir piem\u0113rota 33-170 m\u00b2 lielas plat\u012bbas apsild\u012b\u0161anai un 20-90 m\u00b2 lielas plat\u012bbas dzes\u0113\u0161anai.<\/strong><\/p>","protected":false},"featured_media":7527,"template":"","meta":[],"product_brand":[],"product_cat":[126],"product_tag":[],"class_list":{"0":"post-6878","1":"product","2":"type-product","3":"status-publish","4":"has-post-thumbnail","6":"product_cat-konditsioneerid","8":"first","9":"instock","10":"taxable","11":"shipping-taxable","12":"purchasable","13":"product-type-simple"},"_links":{"self":[{"href":"https:\/\/westonclimate.com\/lv\/wp-json\/wp\/v2\/product\/6878","targetHints":{"allow":["GET"]}}],"collection":[{"href":"https:\/\/westonclimate.com\/lv\/wp-json\/wp\/v2\/product"}],"about":[{"href":"https:\/\/westonclimate.com\/lv\/wp-json\/wp\/v2\/types\/product"}],"version-history":[{"count":5,"href":"https:\/\/westonclimate.com\/lv\/wp-json\/wp\/v2\/product\/6878\/revisions"}],"predecessor-version":[{"id":9397,"href":"https:\/\/westonclimate.com\/lv\/wp-json\/wp\/v2\/product\/6878\/revisions\/9397"}],"wp:featuredmedia":[{"embeddable":true,"href":"https:\/\/westonclimate.com\/lv\/wp-json\/wp\/v2\/media\/7527"}],"wp:attachment":[{"href":"https:\/\/westonclimate.com\/lv\/wp-json\/wp\/v2\/media?parent=6878"}],"wp:term":[{"taxonomy":"product_brand","embeddable":true,"href":"https:\/\/westonclimate.com\/lv\/wp-json\/wp\/v2\/product_brand?post=6878"},{"taxonomy":"product_cat","embeddable":true,"href":"https:\/\/westonclimate.com\/lv\/wp-json\/wp\/v2\/product_cat?post=6878"},{"taxonomy":"product_tag","embeddable":true,"href":"https:\/\/westonclimate.com\/lv\/wp-json\/wp\/v2\/product_tag?post=6878"}],"curies":[{"name":"wp","href":"https:\/\/api.w.org\/{rel}","templated":true}]}}