{"id":6881,"date":"2025-04-12T08:40:36","date_gmt":"2025-04-12T08:40:36","guid":{"rendered":"https:\/\/wmdcompany.eu\/?post_type=product&#038;p=6881"},"modified":"2026-04-29T13:20:44","modified_gmt":"2026-04-29T13:20:44","slug":"fairy-jahutus-ja-kute-4-7-kw","status":"publish","type":"product","link":"https:\/\/westonclimate.com\/lv\/tooted\/pasaku-dzesesanas-un-dzesesanas-iekartas-4-7-kw\/","title":{"rendered":"FAIRY dzes\u0113\u0161ana un apsild\u012b\u0161ana 4,7 kW"},"content":{"rendered":"<ul>\n<li><strong>NF S\u0112RIJAS GAISA SILTUMS\u016aK\u0145A GALVEN\u0100S IEZ\u012aMES:<\/strong>\n<ul>\n<li>A+ ener\u0123ijas klase;<\/li>\n<li>Sezonas efektivit\u0101tes koeficients (SCOP) 4.1;<\/li>\n<li>jaud\u012bgs kompresors;<\/li>\n<li>\u0101ra gaisa temperat\u016bras diapazons apkurei -25 l\u012bdz +30\u00b0C;<\/li>\n<li>apk\u0101rt\u0113j\u0101 gaisa temperat\u016bras diapazons dzes\u0113\u0161anai -15 l\u012bdz +50\u00b0C;<\/li>\n<li>inteli\u0123ent\u0101 atkaus\u0113\u0161ana.<\/li>\n<\/ul>\n<\/li>\n<li><strong>GALVENAIS APR\u012aKOJUMS:<\/strong>\n<ul>\n<li>septi\u0146i iek\u0161\u0113jo komponentu \u0101trumi;<\/li>\n<li>autom\u0101tiska restart\u0113\u0161ana str\u0101vas padeves p\u0101rtraukuma gad\u012bjum\u0101;<\/li>\n<li>mazg\u0101jami putek\u013cu filtri;<\/li>\n<li>turbo funkcija;<\/li>\n<li>inteli\u0123ent\u0101 kompresora priek\u0161sild\u012b\u0161ana;<\/li>\n<li>v\u0113lam\u0101s temperat\u016bras p\u0101rbaude pie t\u0101lvad\u012bbas pults, t. i., pie faktisk\u0101s cilv\u0113ku atra\u0161an\u0101s vietas;<\/li>\n<li>taimeris;<\/li>\n<li>must;<\/li>\n<li>zemsprieguma palai\u0161ana;<\/li>\n<li>b\u0113rnu sl\u0113dzene.<\/li>\n<\/ul>\n<\/li>\n<li><strong>PAPILDU APR\u012aKOJUMS IEK\u013bAUTS CEN\u0100:<\/strong>\n<ul>\n<li>iesp\u0113ja kontrol\u0113t no viedier\u012bces;<\/li>\n<li>plazmas jonizators;<\/li>\n<li>nordicu apr\u012bkojums,<\/li>\n<li>+8\u00b0C notur\u0113\u0161anas funkcija;<\/li>\n<li>ener\u0123ijas taup\u012b\u0161anas re\u017e\u012bms;<\/li>\n<li>miega re\u017e\u012bms.<\/li>\n<\/ul>\n<\/li>\n<\/ul>\n<p><strong>M\u00f5\u00f5dud (laius\/s\u00fcgavus\/k\u00f5rgus)mm, kaal (kg)<\/strong><\/p>\n<ul>\n<li>siseosa: 889xx212x294mm, kaal 11kg<\/li>\n<li>v\u00e4lisosa: 732x330x555, kaal 25kg<\/li>\n<\/ul>","protected":false},"excerpt":{"rendered":"<p><strong>Weston Climate Fairy Nordic s\u0113rijas gaisa siltums\u016bk\u0146a gaisa kondicionieris (HEAT AND COOL 4,7 kW)<\/strong> ir paredz\u0113tas skarbajiem zieme\u013cu apst\u0101k\u013ciem. Iek\u0101rt\u0101 ir ieb\u016bv\u0113ts r\u016bpn\u012bc\u0101 uzst\u0101d\u012bts ziemas ziemas apr\u012bkojums, kas nodro\u0161ina uzticam\u012bbu Zieme\u013cvalstu klimatiskajos apst\u0101k\u013cos gan apkurei, gan dzes\u0113\u0161anai. Vied\u0101s ier\u012bces vad\u012bbas opcija. <strong>Iek\u0101rta ir piem\u0113rota apkures plat\u012bb\u0101m no 24 l\u012bdz 100 m\u00b2 un dzes\u0113\u0161anas plat\u012bb\u0101m no 14 l\u012bdz 57 m\u00b2.<\/strong><br \/>\nSezonas efektivit\u0101tes koeficients (SCOP) 4.1.<\/p>","protected":false},"featured_media":7527,"template":"","meta":[],"product_brand":[],"product_cat":[126],"product_tag":[],"class_list":{"0":"post-6881","1":"product","2":"type-product","3":"status-publish","4":"has-post-thumbnail","6":"product_cat-konditsioneerid","8":"first","9":"instock","10":"taxable","11":"shipping-taxable","12":"purchasable","13":"product-type-simple"},"_links":{"self":[{"href":"https:\/\/westonclimate.com\/lv\/wp-json\/wp\/v2\/product\/6881","targetHints":{"allow":["GET"]}}],"collection":[{"href":"https:\/\/westonclimate.com\/lv\/wp-json\/wp\/v2\/product"}],"about":[{"href":"https:\/\/westonclimate.com\/lv\/wp-json\/wp\/v2\/types\/product"}],"version-history":[{"count":8,"href":"https:\/\/westonclimate.com\/lv\/wp-json\/wp\/v2\/product\/6881\/revisions"}],"predecessor-version":[{"id":11612,"href":"https:\/\/westonclimate.com\/lv\/wp-json\/wp\/v2\/product\/6881\/revisions\/11612"}],"wp:featuredmedia":[{"embeddable":true,"href":"https:\/\/westonclimate.com\/lv\/wp-json\/wp\/v2\/media\/7527"}],"wp:attachment":[{"href":"https:\/\/westonclimate.com\/lv\/wp-json\/wp\/v2\/media?parent=6881"}],"wp:term":[{"taxonomy":"product_brand","embeddable":true,"href":"https:\/\/westonclimate.com\/lv\/wp-json\/wp\/v2\/product_brand?post=6881"},{"taxonomy":"product_cat","embeddable":true,"href":"https:\/\/westonclimate.com\/lv\/wp-json\/wp\/v2\/product_cat?post=6881"},{"taxonomy":"product_tag","embeddable":true,"href":"https:\/\/westonclimate.com\/lv\/wp-json\/wp\/v2\/product_tag?post=6881"}],"curies":[{"name":"wp","href":"https:\/\/api.w.org\/{rel}","templated":true}]}}