{"id":6921,"date":"2025-04-28T16:28:46","date_gmt":"2025-04-28T16:28:46","guid":{"rendered":"https:\/\/wmdcompany.eu\/?post_type=product&#038;p=6921"},"modified":"2025-10-07T06:41:01","modified_gmt":"2025-10-07T06:41:01","slug":"mobiilne-jahutusseade-3-5kw","status":"publish","type":"product","link":"https:\/\/westonclimate.com\/lv\/tooted\/mobila-dzesesanas-iekarta-3-5kw\/","title":{"rendered":"MOBILA DZES\u0112\u0160ANAS IEK\u0100RTA - 3,5KW"},"content":{"rendered":"<ul>\n<li>Kompakts un elegants dizains<\/li>\n<li>\u0100tra dzes\u0113\u0161anas jauda l\u012bdz 16 C<\/li>\n<li>T\u0101lvad\u012bbas pults o C<\/li>\n<li>3 in 1: dzes\u0113\u0161ana, \u017e\u0101v\u0113\u0161ana, ventilators<\/li>\n<li>Elektronisk\u0101 vad\u012bba<\/li>\n<li>24 stundu taimeris<\/li>\n<li>Miega re\u017e\u012bms<\/li>\n<li>Autom\u0101tiska restart\u0113\u0161ana<\/li>\n<li>1 W ener\u0123ijas pat\u0113ri\u0146\u0161 gaid\u012b\u0161anas re\u017e\u012bm\u0101<\/li>\n<li>Pa\u0161diagnostika<\/li>\n<li>Rite\u0146i<\/li>\n<li>Aksesu\u0101ri Art. NSP1912A3<\/li>\n<li>Dzes\u0113\u0161anas jauda<\/li>\n<li>Gaisa pl\u016bsma<\/li>\n<li>Trok\u0161\u0146a l\u012bmenis<\/li>\n<li>\u017d\u0101v\u0113\u0161anas jauda<\/li>\n<li>Izm\u0113ri (mm) 3,5 kw 360\/330\/300 49\/51\/53 1,8 L\/h, m\u00b3\/h, dB, 390x820x405 mm.<\/li>\n<\/ul>","protected":false},"excerpt":{"rendered":"<p>Weston Climate mobilaj\u0101 dzes\u0113t\u0101j\u0101 tiek izmantots videi draudz\u012bgs aukstuma a\u0123ents R290 (C3H8). R290 g\u0101zes priek\u0161roc\u012bba sal\u012bdzin\u0101jum\u0101 ar pa\u0161reiz gaisa kondicionieros izmantotajiem aukstuma\u0123entiem ir zemais ODP (ozona no\u0101rd\u012b\u0161an\u0101s potenci\u0101ls) - nulle un \u013coti zemais GWP = 3 (glob\u0101l\u0101s sasil\u0161anas potenci\u0101ls). Sal\u012bdzinot ar abiem l\u012bdz \u0161im izmantoto g\u0101zu koeficientiem, R290 g\u0101zes ietekme uz vidi ir neliela.<\/p>","protected":false},"featured_media":7613,"template":"","meta":[],"product_brand":[],"product_cat":[126],"product_tag":[],"class_list":{"0":"post-6921","1":"product","2":"type-product","3":"status-publish","4":"has-post-thumbnail","6":"product_cat-konditsioneerid","8":"first","9":"instock","10":"taxable","11":"shipping-taxable","12":"purchasable","13":"product-type-simple"},"_links":{"self":[{"href":"https:\/\/westonclimate.com\/lv\/wp-json\/wp\/v2\/product\/6921","targetHints":{"allow":["GET"]}}],"collection":[{"href":"https:\/\/westonclimate.com\/lv\/wp-json\/wp\/v2\/product"}],"about":[{"href":"https:\/\/westonclimate.com\/lv\/wp-json\/wp\/v2\/types\/product"}],"version-history":[{"count":9,"href":"https:\/\/westonclimate.com\/lv\/wp-json\/wp\/v2\/product\/6921\/revisions"}],"predecessor-version":[{"id":9433,"href":"https:\/\/westonclimate.com\/lv\/wp-json\/wp\/v2\/product\/6921\/revisions\/9433"}],"wp:featuredmedia":[{"embeddable":true,"href":"https:\/\/westonclimate.com\/lv\/wp-json\/wp\/v2\/media\/7613"}],"wp:attachment":[{"href":"https:\/\/westonclimate.com\/lv\/wp-json\/wp\/v2\/media?parent=6921"}],"wp:term":[{"taxonomy":"product_brand","embeddable":true,"href":"https:\/\/westonclimate.com\/lv\/wp-json\/wp\/v2\/product_brand?post=6921"},{"taxonomy":"product_cat","embeddable":true,"href":"https:\/\/westonclimate.com\/lv\/wp-json\/wp\/v2\/product_cat?post=6921"},{"taxonomy":"product_tag","embeddable":true,"href":"https:\/\/westonclimate.com\/lv\/wp-json\/wp\/v2\/product_tag?post=6921"}],"curies":[{"name":"wp","href":"https:\/\/api.w.org\/{rel}","templated":true}]}}