{"id":8751,"date":"2025-09-09T17:52:07","date_gmt":"2025-09-09T17:52:07","guid":{"rendered":"https:\/\/staging.westonclimate.ee\/?post_type=product&#038;p=8751"},"modified":"2026-04-29T11:53:23","modified_gmt":"2026-04-29T11:53:23","slug":"r290-monoblock-top-blow-soojuspump","status":"publish","type":"product","link":"https:\/\/westonclimate.com\/lv\/tooted\/r290-monobloka-augseja-trieciena-siltumsuknis\/","title":{"rendered":"R290 Invertora monobloks Top-Blow siltums\u016bknis (ar ska\u0146u un gaisa pl\u016bsmu no aug\u0161as)"},"content":{"rendered":"<ul>\n<li>Nomin\u0101l\u0101 sild\u012b\u0161anas jauda:<strong> 5kW, 7kW, 9kW, 12kW, 15kW, 20kW.<\/strong><\/li>\n<li>COP diapazons:<strong> l\u012bdz 4,9 w\/w<\/strong><\/li>\n<li><strong>Bir\u017eas elektroener\u0123ijas cenu monitoringa sist\u0113mas (SG) gatav\u012bba.<\/strong><\/li>\n<li><strong>Saules sist\u0113mu (PV) savietojam\u012bba<\/strong><\/li>\n<li><strong>WiFi p\u0101rvald\u012bba<\/strong><\/li>\n<li><strong>LED vad\u012bbas bloks<\/strong><\/li>\n<li>Baro\u0161anas spriegums:\u00a0<strong>230 V (1F) vai<\/strong>\u00a0<strong>380 V (3F)\u00a0<\/strong><\/li>\n<li>Kompresors:\u00a0<strong>L\u012bdzstr\u0101vas pilnpiedzi\u0146as invertors + EVI<\/strong><\/li>\n<li>Ventilatora motors:\u00a0<strong>L\u012bdzstr\u0101vas invertors<\/strong><\/li>\n<li>\u016adens s\u016bknis:\u00a0<strong>L\u012bdzstr\u0101vas invertors<\/strong><\/li>\n<li>Dzes\u0113\u0161anas viela: R290<\/li>\n<li>Ener\u0123ijas klase (35 \u2103):\u00a0<strong>A+++<\/strong><\/li>\n<li>Ener\u0123ijas klase (55 \u2103):\u00a0<strong>A++<\/strong><\/li>\n<li>Darba diapazons:\u00a0<strong>-35 l\u012bdz 43\u00b0C<\/strong><\/li>\n<li>\u016adens pl\u016bsma:\u00a0<strong>1,03 l\u012bdz 2,06 m\u00b3\/h<\/strong><\/li>\n<li>Samazin\u0101ts \u016bdens spiediens:\u00a0<strong>12 l\u012bdz 15 kPa<\/strong><\/li>\n<li>Minim\u0101lais un maksim\u0101lais \u016bdens spiediens:\u00a0<strong>2,0 \/ 10,0 bar<\/strong><\/li>\n<li>Izpl\u016bdes \u016bdens temperat\u016bra:\u00a0<strong>l\u012bdz 75\u00b0C<\/strong><\/li>\n<li>Trok\u0161\u0146a l\u012bmenis:\u00a0<strong>l\u012bdz 48<\/strong><strong>\u00a0dB(A)<\/strong><\/li>\n<li>Iesp\u0113ja uzst\u0101d\u012bt papildu bloku: savieno \u0101ra bloku ar \u0113kas apkures sist\u0113mu un kontrol\u0113 kop\u0113jo siltuma pl\u016bsmu m\u0101j\u0101. Kompaktais un efekt\u012bvais bloks ietver visus galvenos komponentus - siltummaini, cirkul\u0101cijas s\u016bkni, izple\u0161an\u0101s tvertni, dro\u0161\u012bbas v\u0101rstu un vad\u012bbas bloku -, nodro\u0161inot apkures sist\u0113mas uzticam\u012bbu un augstu energoefektivit\u0101ti. Las\u012bt vair\u0101k<span style=\"text-decoration: underline;\"> <a href=\"https:\/\/westonclimate.com\/lv\/tooted\/iekseja-dzesesanas-bloka-ventilatora-spoles-kasete\/\" target=\"_blank\" rel=\"noopener\">\u0160EIT.<\/a><\/span><\/li>\n<\/ul>\n<p>&nbsp;<\/p>\n<p><strong>M\u00f5\u00f5dud (pikkus\/laius\/k\u00f5rgus) (kg):<\/strong><\/p>\n<ul>\n<li><strong>5kW: <\/strong>neto 700*685*908mm, kaal 106,5kg, pakendiga 791*757*1061, kaal 138kg<\/li>\n<li><strong>7kW: <\/strong>neto 700*685*908mm, kaal 113kg, pakendiga 791*757*1061, kaal 144kg<\/li>\n<li><strong>9 kW:<\/strong> neto 700*685*908mm, kaal 116kg; pakendiga 791*757*1061, kaal 147kg<\/li>\n<li><strong>12kW: <\/strong>neto 1130*630*935mm, kaal 142,5; pakendiga 1220*730*1095, kaal 211kg<\/li>\n<li><strong>15kW:<\/strong> neto 1130*630*935mm, kaal 166; pakendiga 1220*730*1095, kaal 211kg<\/li>\n<li><strong>20kW:<\/strong> 1300*710*935mm, kaal 195kg, pakendiga 1390*770*1095, kaal 245kg<\/li>\n<\/ul>\n<p>&nbsp;<\/p>\n<p><strong>H\u00fcdroboksi <\/strong>m\u00f5\u00f5dud: 710\u00d7 410\u00d71005mm ja kaal 47kg<\/p>","protected":false},"excerpt":{"rendered":"<p>EPREL re\u0123istrs:<br \/>\n<a href=\"https:\/\/eprel.ec.europa.eu\/screen\/product\/spaceheaters\/2466941\" target=\"_blank\" rel=\"noopener\">WC-JMU50HC<\/a><a href=\"https:\/\/eprel.ec.europa.eu\/screen\/product\/spaceheaters\/2466941\" target=\"_blank\" rel=\"noopener\"> | <\/a><a href=\"https:\/\/eprel.ec.europa.eu\/screen\/product\/spaceheaters\/2466945\" target=\"_blank\" rel=\"noopener\">WC-JMU50HC 3F<\/a><a href=\"https:\/\/eprel.ec.europa.eu\/screen\/product\/spaceheaters\/2466941\" target=\"_blank\" rel=\"noopener\"> | <\/a><a href=\"https:\/\/eprel.ec.europa.eu\/screen\/product\/spaceheaters\/2466946\" target=\"_blank\" rel=\"noopener\">WC-JMU70HC<\/a><a href=\"https:\/\/eprel.ec.europa.eu\/screen\/product\/spaceheaters\/2466941\" target=\"_blank\" rel=\"noopener\"> | <\/a><a href=\"https:\/\/eprel.ec.europa.eu\/screen\/product\/spaceheaters\/2466949\" target=\"_blank\" rel=\"noopener\">WC-JMU70HC 3F<\/a><a href=\"https:\/\/eprel.ec.europa.eu\/screen\/product\/spaceheaters\/2466941\" target=\"_blank\" rel=\"noopener\"> | <\/a><a href=\"https:\/\/eprel.ec.europa.eu\/screen\/product\/spaceheaters\/2466950\" target=\"_blank\" rel=\"noopener\">WC-JMU90HC<\/a><a href=\"https:\/\/eprel.ec.europa.eu\/screen\/product\/spaceheaters\/2466941\" target=\"_blank\" rel=\"noopener\"> | <\/a><a href=\"https:\/\/eprel.ec.europa.eu\/screen\/product\/spaceheaters\/2466951\" target=\"_blank\" rel=\"noopener\">WC-JMU90CH 3F<\/a><a href=\"https:\/\/eprel.ec.europa.eu\/screen\/product\/spaceheaters\/2466941\" target=\"_blank\" rel=\"noopener\"> | <\/a><a href=\"https:\/\/eprel.ec.europa.eu\/screen\/product\/spaceheaters\/2466952\" target=\"_blank\" rel=\"noopener\">WC-JMU120HC<\/a><a href=\"https:\/\/eprel.ec.europa.eu\/screen\/product\/spaceheaters\/2466941\" target=\"_blank\" rel=\"noopener\"> | <\/a><a href=\"https:\/\/eprel.ec.europa.eu\/screen\/product\/spaceheaters\/2466953\" target=\"_blank\" rel=\"noopener\">WC-JMU120HC 3F<\/a><a href=\"https:\/\/eprel.ec.europa.eu\/screen\/product\/spaceheaters\/2466941\" target=\"_blank\" rel=\"noopener\"> | <\/a><a href=\"https:\/\/eprel.ec.europa.eu\/screen\/product\/spaceheaters\/2466941\" target=\"_blank\" rel=\"noopener\">WC-JMU50HC<\/a><a href=\"https:\/\/eprel.ec.europa.eu\/screen\/product\/spaceheaters\/2466941\" target=\"_blank\" rel=\"noopener\"> | <\/a><a href=\"https:\/\/eprel.ec.europa.eu\/screen\/product\/spaceheaters\/2466945\" target=\"_blank\" rel=\"noopener\">WC-JMU150HC 3F<\/a><\/p>\n<p><b>Jaunais produkts Eirop\u0101 - Top-Blow siltums\u016bknis - lab\u0101kais risin\u0101jums apkurei, dzes\u0113\u0161anai un karst\u0101 \u016bdens sagatavo\u0161anai.<\/b><\/p>\n<ul>\n<li><strong>\u012apa\u0161i kluss:<\/strong>\u00a048 dB<\/li>\n<li><strong>\u013boti efekt\u012bvs:<\/strong>\u00a0A+++<\/li>\n<li><strong>Taupa vietu:\u00a0<\/strong>piem\u0113ram, 5 kW siltums\u016bkni var uzst\u0101d\u012bt tikai 0,5 m2 plat\u012bb\u0101.<\/li>\n<li><strong>Kaimi\u0146iem draudz\u012bgs:\u00a0<\/strong>gaisa pl\u016bsma no siltums\u016bk\u0146a ir v\u0113rsta uz aug\u0161u, k\u0101 ar\u012b ska\u0146a.<\/li>\n<\/ul>\n<p>&nbsp;<\/p>\n<p>Pla\u0161as iesp\u0113jas:\u00a0<strong>savienojams ar gr\u012bdas apsildes, ventilatora konvektora un karst\u0101 \u016bdens sist\u0113m\u0101m, centr\u0101lais vad\u012bbas modulis.<\/strong>\u00a0nodro\u0161ina vienm\u0113r\u012bgu temperat\u016bru un energoefektivit\u0101ti vis\u0101 \u0113k\u0101.<\/p>\n<ul>\n<li><b>Ska\u0146a un gaisa pl\u016bsma no aug\u0161as (Top-Blow):<\/b>\u00a0unik\u0101ls risin\u0101jums Eirop\u0101. Kluss, gudrs un videi draudz\u012bgs risin\u0101jums visiem gadalaikiem.<\/li>\n<li><strong>Apkures jauda:<\/strong> 5kW, 7kW, 9kW, 12kW, 15kW, 20kW.<\/li>\n<li><strong>Darba spriegums:<\/strong>\u00a0230 V (1F) vai 380 V (3F)<\/li>\n<li><b>Klusais darbs:\u00a0<\/b>tikai 48 dB<\/li>\n<li><strong>Temperat\u016bra\u00a0<\/strong><strong>darb\u012bbas diapazons:\u00a0<\/strong>-35\u00b0C l\u012bdz +43\u00b0C (katra vien\u012bba test\u0113ta -42\u00b0C temperat\u016br\u0101 64 h)<\/li>\n<li><b>R290 dabiskais aukstuma a\u0123ents:\u00a0<\/b>maza ietekme uz vidi un A+++ energoefektivit\u0101te<\/li>\n<li><b>Patent\u0113ts dizains:\u00a0<\/b>korpuss ar efekt\u012bvu ska\u0146as izol\u0101ciju, lietus necaurlaid\u012bgu ventilatora motoru un trok\u0161\u0146us sl\u0101p\u0113jo\u0161u kompresoru.<\/li>\n<li><b>Gudra vad\u012bba:\u00a0<\/b>WiFi vad\u012bba, Smart house savienojam\u012bba (IOS savienojums), RS485 interfeiss un kr\u0101su sk\u0101rienekr\u0101ns.<\/li>\n<li><b>SMART GRID (SG) un saules pane\u013cu (PV) savietojam\u012bbas gatav\u012bba:<\/b> Sader\u012bgs ar saules pane\u013ciem un viedo t\u012bklu; gatav\u012bba bir\u017eas elektroener\u0123ijas cenu uzraudz\u012bbas sist\u0113mai (SG).<\/li>\n<\/ul>\n<table style=\"border-collapse: collapse; width: 144pt;\" border=\"0\" width=\"192\" cellspacing=\"0\" cellpadding=\"0\">\n<tbody>\n<tr style=\"height: 15.0pt;\">\n<td style=\"height: 15.0pt; width: 48pt;\" width=\"64\" height=\"20\"><a href=\"https:\/\/westonclimate.pl\/wp-content\/uploads\/2025\/09\/Sert_R290-Inverter-Monoblock-Top-Blow_JMU50HC.png\" target=\"_blank\" rel=\"noopener\"><img decoding=\"async\" class=\"alignnone wp-image-10014 alignleft\" src=\"https:\/\/westonclimate.pl\/wp-content\/uploads\/2025\/09\/Sert_R290-Inverter-Monoblock-Top-Blow_JMU50HC-210x300.png\" alt=\"\" width=\"66\" height=\"95\" \/><\/a><\/td>\n<td style=\"width: 48pt;\" width=\"64\"><a href=\"https:\/\/westonclimate.pl\/wp-content\/uploads\/2025\/09\/Sert_R290-Inverter-Monoblock-Top-Blow_JMU70HC.png\" target=\"_blank\" rel=\"noopener\"><img decoding=\"async\" class=\"alignnone wp-image-10015\" src=\"https:\/\/westonclimate.pl\/wp-content\/uploads\/2025\/09\/Sert_R290-Inverter-Monoblock-Top-Blow_JMU70HC-212x300.png\" alt=\"\" width=\"67\" height=\"95\" \/><\/a><\/td>\n<td style=\"width: 48pt;\" width=\"64\"><a href=\"https:\/\/westonclimate.pl\/wp-content\/uploads\/2025\/09\/Sert_R290-Inverter-Monoblock-Top-Blow_JMU90HC.png\" target=\"_blank\" rel=\"noopener\"><img decoding=\"async\" class=\"alignnone wp-image-10016\" src=\"https:\/\/westonclimate.pl\/wp-content\/uploads\/2025\/09\/Sert_R290-Inverter-Monoblock-Top-Blow_JMU90HC-213x300.png\" alt=\"\" width=\"68\" height=\"96\" \/><\/a><\/td>\n<\/tr>\n<tr style=\"height: 15.0pt;\">\n<td style=\"height: 15.0pt;\" height=\"20\"><a href=\"https:\/\/westonclimate.pl\/wp-content\/uploads\/2025\/09\/Sert_R290-Inverter-Monoblock-Top-Blow_JMU120HC.png\" target=\"_blank\" rel=\"noopener\"><img loading=\"lazy\" decoding=\"async\" class=\"alignnone wp-image-10017\" src=\"https:\/\/westonclimate.pl\/wp-content\/uploads\/2025\/09\/Sert_R290-Inverter-Monoblock-Top-Blow_JMU120HC-212x300.png\" alt=\"\" width=\"66\" height=\"93\" \/><\/a><\/td>\n<td><a href=\"https:\/\/westonclimate.pl\/wp-content\/uploads\/2025\/09\/Sert_R290-Inverter-Monoblock-Top-Blow_JMU150HCJMU150HC3N.png\" target=\"_blank\" rel=\"noopener\"><img loading=\"lazy\" decoding=\"async\" class=\"alignnone wp-image-10018\" src=\"https:\/\/westonclimate.pl\/wp-content\/uploads\/2025\/09\/Sert_R290-Inverter-Monoblock-Top-Blow_JMU150HCJMU150HC3N-210x300.png\" alt=\"\" width=\"72\" height=\"103\" \/><\/a><\/td>\n<td><\/td>\n<\/tr>\n<tr style=\"height: 15.0pt;\">\n<td style=\"height: 15.0pt;\" height=\"20\"><a href=\"https:\/\/westonclimate.com\/wp-content\/uploads\/2026\/02\/ERP-report-of-sky-heat-pump-5kw-JMU50HC.pdf\" target=\"_blank\" rel=\"noopener\"><img loading=\"lazy\" decoding=\"async\" class=\"alignnone size-medium wp-image-11195\" src=\"https:\/\/westonclimate.com\/wp-content\/uploads\/2026\/02\/ERP_Sky_1-205x300.png\" alt=\"\" width=\"205\" height=\"300\" srcset=\"https:\/\/westonclimate.com\/wp-content\/uploads\/2026\/02\/ERP_Sky_1-205x300.png 205w, https:\/\/westonclimate.com\/wp-content\/uploads\/2026\/02\/ERP_Sky_1-8x12.png 8w, https:\/\/westonclimate.com\/wp-content\/uploads\/2026\/02\/ERP_Sky_1-600x876.png 600w, https:\/\/westonclimate.com\/wp-content\/uploads\/2026\/02\/ERP_Sky_1.png 660w\" sizes=\"(max-width: 205px) 100vw, 205px\" \/><\/a><\/td>\n<td><a href=\"https:\/\/westonclimate.com\/wp-content\/uploads\/2026\/02\/ERP-report-of-sky-heat-pump-7kw-JMU70HC.pdf\" target=\"_blank\" rel=\"noopener\"><img loading=\"lazy\" decoding=\"async\" class=\"alignnone size-medium wp-image-11196\" src=\"https:\/\/westonclimate.com\/wp-content\/uploads\/2026\/02\/ERP_Sky_2-210x300.png\" alt=\"\" width=\"210\" height=\"300\" srcset=\"https:\/\/westonclimate.com\/wp-content\/uploads\/2026\/02\/ERP_Sky_2-210x300.png 210w, https:\/\/westonclimate.com\/wp-content\/uploads\/2026\/02\/ERP_Sky_2-716x1024.png 716w, https:\/\/westonclimate.com\/wp-content\/uploads\/2026\/02\/ERP_Sky_2-768x1098.png 768w, https:\/\/westonclimate.com\/wp-content\/uploads\/2026\/02\/ERP_Sky_2-8x12.png 8w, https:\/\/westonclimate.com\/wp-content\/uploads\/2026\/02\/ERP_Sky_2-600x858.png 600w, https:\/\/westonclimate.com\/wp-content\/uploads\/2026\/02\/ERP_Sky_2.png 827w\" sizes=\"(max-width: 210px) 100vw, 210px\" \/><\/a><\/td>\n<td><a href=\"https:\/\/westonclimate.com\/wp-content\/uploads\/2026\/02\/ERP-report-of-sky-heat-pump-9kw-JMU90HC.pdf\" target=\"_blank\" rel=\"noopener\"><img loading=\"lazy\" decoding=\"async\" class=\"alignnone size-medium wp-image-11197\" src=\"https:\/\/westonclimate.com\/wp-content\/uploads\/2026\/02\/ERP_Sky_3-208x300.png\" alt=\"\" width=\"208\" height=\"300\" srcset=\"https:\/\/westonclimate.com\/wp-content\/uploads\/2026\/02\/ERP_Sky_3-208x300.png 208w, https:\/\/westonclimate.com\/wp-content\/uploads\/2026\/02\/ERP_Sky_3-710x1024.png 710w, https:\/\/westonclimate.com\/wp-content\/uploads\/2026\/02\/ERP_Sky_3-768x1108.png 768w, https:\/\/westonclimate.com\/wp-content\/uploads\/2026\/02\/ERP_Sky_3-8x12.png 8w, https:\/\/westonclimate.com\/wp-content\/uploads\/2026\/02\/ERP_Sky_3-600x866.png 600w, https:\/\/westonclimate.com\/wp-content\/uploads\/2026\/02\/ERP_Sky_3.png 818w\" sizes=\"(max-width: 208px) 100vw, 208px\" \/><\/a><\/td>\n<\/tr>\n<tr style=\"height: 15.0pt;\">\n<td style=\"height: 15.0pt;\" height=\"20\"><a href=\"https:\/\/westonclimate.com\/wp-content\/uploads\/2026\/02\/ERP-report-of-sky-heat-pump-12kw-JMU120HC.pdf\" target=\"_blank\" rel=\"noopener\"><img loading=\"lazy\" decoding=\"async\" class=\"alignnone size-medium wp-image-11198\" src=\"https:\/\/westonclimate.com\/wp-content\/uploads\/2026\/02\/ERP_Sky_4-210x300.png\" alt=\"\" width=\"210\" height=\"300\" srcset=\"https:\/\/westonclimate.com\/wp-content\/uploads\/2026\/02\/ERP_Sky_4-210x300.png 210w, https:\/\/westonclimate.com\/wp-content\/uploads\/2026\/02\/ERP_Sky_4-716x1024.png 716w, https:\/\/westonclimate.com\/wp-content\/uploads\/2026\/02\/ERP_Sky_4-768x1098.png 768w, https:\/\/westonclimate.com\/wp-content\/uploads\/2026\/02\/ERP_Sky_4-8x12.png 8w, https:\/\/westonclimate.com\/wp-content\/uploads\/2026\/02\/ERP_Sky_4-600x858.png 600w, https:\/\/westonclimate.com\/wp-content\/uploads\/2026\/02\/ERP_Sky_4.png 825w\" sizes=\"(max-width: 210px) 100vw, 210px\" \/><\/a><\/td>\n<td><a href=\"https:\/\/westonclimate.com\/wp-content\/uploads\/2026\/02\/ERP-report-of-sky-heat-pump-15kw-JMU150HC.pdf\" target=\"_blank\" rel=\"noopener\"><img loading=\"lazy\" decoding=\"async\" class=\"alignnone size-medium wp-image-11199\" src=\"https:\/\/westonclimate.com\/wp-content\/uploads\/2026\/02\/ERP_Sky_5-211x300.png\" alt=\"\" width=\"211\" height=\"300\" srcset=\"https:\/\/westonclimate.com\/wp-content\/uploads\/2026\/02\/ERP_Sky_5-211x300.png 211w, https:\/\/westonclimate.com\/wp-content\/uploads\/2026\/02\/ERP_Sky_5-720x1024.png 720w, https:\/\/westonclimate.com\/wp-content\/uploads\/2026\/02\/ERP_Sky_5-768x1092.png 768w, https:\/\/westonclimate.com\/wp-content\/uploads\/2026\/02\/ERP_Sky_5-8x12.png 8w, https:\/\/westonclimate.com\/wp-content\/uploads\/2026\/02\/ERP_Sky_5-600x853.png 600w, https:\/\/westonclimate.com\/wp-content\/uploads\/2026\/02\/ERP_Sky_5.png 835w\" sizes=\"(max-width: 211px) 100vw, 211px\" \/><\/a><\/td>\n<td><\/td>\n<\/tr>\n<\/tbody>\n<\/table>\n<p>&nbsp;<\/p>","protected":false},"featured_media":8764,"template":"","meta":[],"product_brand":[],"product_cat":[115,63,65,88],"product_tag":[],"class_list":{"0":"post-8751","1":"product","2":"type-product","3":"status-publish","4":"has-post-thumbnail","6":"product_cat-monobloc-weston-r290","7":"product_cat-soojuspumbad","8":"product_cat-soojuspump-monobloc","9":"product_cat-allahindlus","11":"first","12":"instock","13":"taxable","14":"shipping-taxable","15":"purchasable","16":"product-type-variable","17":"has-default-attributes"},"_links":{"self":[{"href":"https:\/\/westonclimate.com\/lv\/wp-json\/wp\/v2\/product\/8751","targetHints":{"allow":["GET"]}}],"collection":[{"href":"https:\/\/westonclimate.com\/lv\/wp-json\/wp\/v2\/product"}],"about":[{"href":"https:\/\/westonclimate.com\/lv\/wp-json\/wp\/v2\/types\/product"}],"version-history":[{"count":29,"href":"https:\/\/westonclimate.com\/lv\/wp-json\/wp\/v2\/product\/8751\/revisions"}],"predecessor-version":[{"id":11605,"href":"https:\/\/westonclimate.com\/lv\/wp-json\/wp\/v2\/product\/8751\/revisions\/11605"}],"wp:featuredmedia":[{"embeddable":true,"href":"https:\/\/westonclimate.com\/lv\/wp-json\/wp\/v2\/media\/8764"}],"wp:attachment":[{"href":"https:\/\/westonclimate.com\/lv\/wp-json\/wp\/v2\/media?parent=8751"}],"wp:term":[{"taxonomy":"product_brand","embeddable":true,"href":"https:\/\/westonclimate.com\/lv\/wp-json\/wp\/v2\/product_brand?post=8751"},{"taxonomy":"product_cat","embeddable":true,"href":"https:\/\/westonclimate.com\/lv\/wp-json\/wp\/v2\/product_cat?post=8751"},{"taxonomy":"product_tag","embeddable":true,"href":"https:\/\/westonclimate.com\/lv\/wp-json\/wp\/v2\/product_tag?post=8751"}],"curies":[{"name":"wp","href":"https:\/\/api.w.org\/{rel}","templated":true}]}}