{"id":5579,"date":"2025-02-13T12:11:16","date_gmt":"2025-02-13T12:11:16","guid":{"rendered":"https:\/\/staging.wmdcompany.eu\/?page_id=5579"},"modified":"2026-04-26T08:29:51","modified_gmt":"2026-04-26T08:29:51","slug":"meist-wmd-company-ou","status":"publish","type":"page","link":"https:\/\/westonclimate.com\/pt_pt\/a-empresa-com-mais-wmd-ou\/","title":{"rendered":"Sobre n\u00f3s - WMD Company O\u00dc"},"content":{"rendered":"<div data-elementor-type=\"wp-page\" data-elementor-id=\"5579\" class=\"elementor elementor-5579\" data-elementor-post-type=\"page\">\n\t\t\t\t<div class=\"elementor-element elementor-element-711df678 e-flex e-con-boxed wpr-particle-no wpr-jarallax-no wpr-parallax-no wpr-sticky-section-no wpr-column-slider-no wpr-equal-height-no e-con e-parent\" data-id=\"711df678\" data-element_type=\"container\" data-e-type=\"container\">\n\t\t\t\t\t<div class=\"e-con-inner\">\n\t\t\t\t<div class=\"elementor-element elementor-element-21778d0f elementor-widget elementor-widget-text-editor\" data-id=\"21778d0f\" data-element_type=\"widget\" data-e-type=\"widget\" data-widget_type=\"text-editor.default\">\n\t\t\t\t<div class=\"elementor-widget-container\">\n\t\t\t\t\t\t\t\t\t<h1>Sobre n\u00f3s - WMD Company O\u00dc<\/h1><p><strong>WESTON CLIMATE - WMD Company O\u00dc<\/strong> oferece equipamento de ar condicionado e aquecimento de alta qualidade, compressores e v\u00e1rios acess\u00f3rios. Gra\u00e7as a muitos anos de coopera\u00e7\u00e3o extensiva com as principais marcas e fabricantes mundiais de equipamento de alta qualidade, a WMD Company Ltd. garante que todos os produtos s\u00e3o fabricados de acordo com as especifica\u00e7\u00f5es t\u00e9cnicas aprovadas pela empresa e cumprem as rigorosas normas da UE. O equipamento da Weston Climate caracteriza-se por baixo ru\u00eddo, elevada efici\u00eancia energ\u00e9tica, inova\u00e7\u00e3o e fiabilidade.\u00a0<\/p><p><strong>Bombas de calor<\/strong><\/p><p>Nas bombas de calor ar-\u00e1gua, utilizamos os fluidos frigorig\u00e9neos ecol\u00f3gicos e eficientes R32 e R290. As bombas de calor ar-\u00e1gua est\u00e3o equipadas com conetividade SG e PV (painel solar e rede inteligente) e funcionam eficientemente mesmo a temperaturas do ar ambiente de -35\u00b0C. Todas as unidades s\u00e3o testadas antes da entrega e s\u00e3o submetidas a um ciclo de teste de tr\u00eas dias a baixa temperatura (-42\u2070C) na f\u00e1brica. A maior parte do equipamento \u00e9 fabricado numa base local, de acordo com os desejos e necessidades do cliente, como um \"fato feito \u00e0 medida\", garantindo uma elevada efici\u00eancia e um funcionamento sem problemas durante toda a vida \u00fatil do equipamento. A qualidade e a efici\u00eancia das bombas de calor s\u00e3o garantidas pela reconhecida marca WESTON CLIMATE.<\/p><p><strong>Equipamento de ventila\u00e7\u00e3o<\/strong><\/p><p>As unidades de tratamento de ar est\u00e3o equipadas com permutadores de calor patenteados de alta efici\u00eancia com uma efici\u00eancia m\u00e9dia de recupera\u00e7\u00e3o de calor de 97% e uma vida \u00fatil de 97%. <strong>pelo menos 15 anos.\u00a0<\/strong>As unidades de ventila\u00e7\u00e3o HPERV\/Westonclimate t\u00eam uma bomba de calor miniatura de fonte de ar adicionada ao permutador de calor altamente eficiente para proporcionar uma efici\u00eancia energ\u00e9tica ainda maior (COP 6.0) e t\u00eam v\u00e1rias fun\u00e7\u00f5es importantes numa \u00fanica unidade: <strong>ventila\u00e7\u00e3o, pr\u00e9-aquecimento, arrefecimento e secagem.<\/strong><\/p><p><strong>Instala\u00e7\u00e3o<\/strong><\/p><p>Oferecemos sistemas de ventila\u00e7\u00e3o e ar condicionado com instala\u00e7\u00e3o. A instala\u00e7\u00e3o \u00e9 efectuada de acordo com os requisitos t\u00e9cnicos do projeto e as normas aplic\u00e1veis, garantindo o correto funcionamento dos sistemas e a efici\u00eancia energ\u00e9tica durante anos.<\/p><p><strong>Marca registada WESTON CLIMATE<\/strong><\/p><p>Os produtos fornecidos ao mercado europeu est\u00e3o agrupados sob uma \u00fanica marca - WESTON CLIMATE - para que os nossos clientes actuais e futuros se possam orientar melhor sobre a qualidade dos produtos. Todos os equipamentos oferecidos na Europa s\u00e3o fabricados pela WMD Company de acordo com as especifica\u00e7\u00f5es t\u00e9cnicas dos clientes mais exigentes, que respeitam rigorosamente as condi\u00e7\u00f5es e exig\u00eancias naturais dos pa\u00edses n\u00f3rdicos, garantindo assim uma elevada qualidade e longevidade dos equipamentos.<\/p><p class=\"whitespace-normal break-words\">A esmagadora maioria dos dispositivos est\u00e1 registada na EPREL e na KEYMARK.<\/p><p>Produtos WESTON CLIMATE no registo EPREL, onde pode encontrar a lista de equipamentos energ\u00e9ticos autorizados para o mercado da UE:<\/p><ul><li><a href=\"https:\/\/eprel.ec.europa.eu\/screen\/product\/spaceheaters\" target=\"_blank\" rel=\"noopener nofollow noreferrer\">Bombas de calor EPREL<\/a><\/li><li><a href=\"https:\/\/eprel.ec.europa.eu\/screen\/product\/residentialventilationunits\" target=\"_blank\" rel=\"noopener nofollow noreferrer\">Equipamento de ventila\u00e7\u00e3o EPREL<\/a><\/li><\/ul><p>\u00a0<\/p><p>A qualidade do equipamento oferecido pela WESTON CLIMATE \u00e9 tamb\u00e9m confirmada pelos per\u00edodos de garantia alargados:<\/p><ul><li>Para equipamento de ar condicionado e ventila\u00e7\u00e3o: 7 anos<\/li><li>Para bombas de circula\u00e7\u00e3o: 10 anos<\/li><li>Para compressores: 2 anos<\/li><\/ul><p>\u00a0<\/p><p>Na WESTON CLIMATE, os engenheiros est\u00e3o constantemente a desenvolver novos produtos e a melhorar o equipamento existente.<\/p><p>A qualidade do produto, a entrega r\u00e1pida, a satisfa\u00e7\u00e3o do cliente e o maior tempo de atividade poss\u00edvel s\u00e3o as nossas principais prioridades. O equipamento WESTON CLIMATE \u00e9 fabricado por encomenda, numa base local, com base nas necessidades e requisitos espec\u00edficos do cliente. O prazo m\u00e9dio de entrega das encomendas \u00e9 de 35 a 65 dias \u00fateis, consoante a complexidade e a quantidade do equipamento encomendado. Para todos os produtos em stock (produtos standard), pode ser proposto um prazo de entrega de 3 a 10 dias \u00fateis.<\/p><p>Perguntar sempre <a href=\"https:\/\/westonclimate.com\/pt_pt\/cheirou-a-oferta\/\" target=\"_blank\" rel=\"noopener\">oferta personalizada<\/a>garantindo a satisfa\u00e7\u00e3o dos desejos dos clientes mais exigentes.<\/p><p><strong>Junte-se \u00e0 rede de parceiros WESTON CLIMATE<\/strong><\/p><p>Torne-se um revendedor WESTON CLIMATE e fa\u00e7a crescer o seu neg\u00f3cio - forne\u00e7a aos seus clientes solu\u00e7\u00f5es de ventila\u00e7\u00e3o e ar condicionado energeticamente eficientes e de alta qualidade, reforce o seu neg\u00f3cio atrav\u00e9s de apoio t\u00e9cnico profissional e de uma parceria s\u00f3lida. Leia mais <a href=\"https:\/\/westonclimate.com\/pt_pt\/instalacao-posterior\/\" target=\"_blank\" rel=\"noopener\">AQUI<\/a>!<\/p><p><img fetchpriority=\"high\" decoding=\"async\" src=\"https:\/\/westonclimate.com\/wp-content\/uploads\/2026\/04\/WestonClimate_AA_2026-1-1024x256.jpg\" alt=\"\" width=\"800\" height=\"200\" \/><\/p>\t\t\t\t\t\t\t\t<\/div>\n\t\t\t\t<\/div>\n\t\t\t\t\t<\/div>\n\t\t\t\t<\/div>\n\t\t<div class=\"elementor-element elementor-element-a94cd76 e-flex e-con-boxed wpr-particle-no wpr-jarallax-no wpr-parallax-no wpr-sticky-section-no wpr-column-slider-no wpr-equal-height-no e-con e-parent\" data-id=\"a94cd76\" data-element_type=\"container\" data-e-type=\"container\">\n\t\t\t\t\t<div class=\"e-con-inner\">\n\t\t\t\t<div class=\"elementor-element elementor-element-0b7c330 elementor-widget elementor-widget-spacer\" data-id=\"0b7c330\" data-element_type=\"widget\" data-e-type=\"widget\" data-widget_type=\"spacer.default\">\n\t\t\t\t<div class=\"elementor-widget-container\">\n\t\t\t\t\t\t\t<div class=\"elementor-spacer\">\n\t\t\t<div class=\"elementor-spacer-inner\"><\/div>\n\t\t<\/div>\n\t\t\t\t\t\t<\/div>\n\t\t\t\t<\/div>\n\t\t\t\t\t<\/div>\n\t\t\t\t<\/div>\n\t\t\t\t<\/div>","protected":false},"excerpt":{"rendered":"<p>Meist \u2013 WMD Company O\u00dc WESTON CLIMATE &#8211; WMD Company O\u00dc pakub kvaliteetseid kliimaseadmeid ja k\u00fctteseadmeid, kompressoreid ja mitmesuguseid lisatarvikuid. T\u00e4nu aastatepikkusele ulatuslikule koost\u00f6\u00f6le juhtivate globaalsete kaubam\u00e4rkide ja kvaliteetsete seadmete tootjatega tagab WMD Company O\u00dc, et k\u00f5ik tooted on valmistatud vastavalt ettev\u00f5tte kinnitatud tehnilistele spetsifikatsioonidele ja vastavad rangetele EL-i standarditele. Weston Climate&#8217;i seadmeid iseloomustab madal m\u00fcratase, k\u00f5rge energiat\u00f5husus, innovatsioon ja t\u00f6\u00f6kindlus.\u00a0 Soojuspumbad \u00d5hk-vesi soojuspumpades kasutame looduss\u00f5bralikke ja efektiivseid k\u00fclmaaineid R32 ja R290. \u00d5hksoojuspumbad on varustatud SG ja PV (p\u00e4ikesepaneelide ja nutiv\u00f5rgu) \u00fchendusvalmidusega ning need seadmed t\u00f6\u00f6tavad efektiivselt ka -35\u00b0C v\u00e4lis\u00f5hutemperatuuril. K\u00f5ik seadmed on enne tarnet kontrollitud ja l\u00e4bivad tehases madalal temperatuuril (-42\u2070C) kolmep\u00e4evase katsets\u00fckli.\u00a0Valdavalt toodetakse seadmed objektip\u00f5hiselt, koosk\u00f5las tellija soovide ning vajadustega nagu \u201er\u00e4tsepa\u00fclikond\u201d, mis tagab seadmete suure efektiivsuse ning t\u00f5rgeteta t\u00f6\u00f6 kogu seadme kasutusaja jooksul. Soojuspumpade kvaliteedi ja efektiivsuse tagab tunnustatud kaubam\u00e4rk WESTON CLIMATE. Ventilatsiooniseadmed Ventilatsiooniseadmed on varustatud k\u00f5rge efektiivsusega patenteeritud soojusvahetitega, mille soojustagastuse kasutegur on keskmiselt 97% ja eluiga v\u00e4hemalt 15 aastat.\u00a0Ventilatsiooniseadmetel koondnimetusega HPERV\/Westonclimate on \u00fcliefektiivsele soojusvahetile lisatud miniatuurne \u00f5hksoojuspump, mis tagab veelgi k\u00f5rgema\u00a0 energiaefektiivsuse (COP 6,0) ning need ventilatsiooniseadmed omavad mitut olulist funktsiooni \u00fches seadmes: ventilatsioon, eelk\u00fcte, jahutus ja kuivatus. Paigaldus Ventilatsiooni- ja kliimaseadmeid pakume koos paigaldusega. Paigaldus toimub vastavalt projekti tehnilistele n\u00f5uetele ja kehtivatele standarditele, tagades s\u00fcsteemide korrektse toimimise ja energiat\u00f5husa t\u00f6\u00f6 aastateks. WESTON CLIMATE kaubam\u00e4rk Euroopa turule tarnitavad tooted on koondatud \u00fchtse kaubam\u00e4rgi alla \u2013 WESTON CLIMATE, et meie praegustel ja tulevastel klientidel oleks v\u00f5imalik paremini orienteeruda toodete kvaliteedis. K\u00f5ik Euroopas pakutavad seadmed on toodetud WMD Company poolt esitatud n\u00f5udlikele klientidele sobivate tehniliste n\u00f5udmiste alusel, mis j\u00e4rgivad rangelt p\u00f5hjamaade looduslikke tingimusi ning sellest tulenevaid n\u00f5udeid ning tagavad seadmetele k\u00f5rge kvaliteedi ja l\u00e4bi selle ka pikaealisuse. Valdav enamus seadmetel on EPREL-i ja KEYMARK-i registreeringud. WESTON CLIMATE tooted EPREL registris, kust leiate EU turule lubatud energeetika seadmete loetelu: EPREL soojuspumbad EPREL ventilatsiooniseadmed \u00a0 WESTON CLIMATE pakutavate seadmete kvaliteeti kinnitavad ka pikendatud garantiiajad: Kliima- ja ventilatsiooniseadmetele: 7 aastat Tsirkulatsioonipumpadele: 10 aastat Kompressoritele: 2 aastat \u00a0 WESTON CLIMATE tootmistes tegelevad insenerid pidevalt uute toodete v\u00e4ljat\u00f6\u00f6tamise ning olemasolevate seadmete t\u00e4iustamisega. Meile on esmat\u00e4htis toote kvaliteet, kiire tarne, kliendi rahulolu ja seadmete v\u00f5imalikult pikk t\u00f5rgeteta kasutusaeg. WESTON CLIMATE seadmed toodetakse tellimuste alusel, objekti p\u00f5hiselt ja v\u00f5ttes aluseks kliendi vajadused ning erisoovid. Tellimuste keskmine tarneaeg on 35 kuni 65 t\u00f6\u00f6p\u00e4eva, mis s\u00f5ltub tellitud seadmete keerukusest ja kogusest. K\u00f5ikidele laokaupale (standard tooted) on v\u00f5imalik pakkuda tarneaega 3 kuni 10 t\u00f6\u00f6p\u00e4eva. K\u00fcsi alati personaalset pakkumist, mis garanteerib ka k\u00f5ige n\u00f5udlikuma kliendi soovide t\u00e4itumise. Liitu WESTON CLIMATE partnerite v\u00f5rgustikuga Tule WESTON CLIMATE edasim\u00fc\u00fcjaks ja kasvata oma \u00e4ri \u2013 paku oma klientidele energiat\u00f5husaid ja kvaliteetseid ventilatsiooni- ja kliimalahendusi, tugevda oma \u00e4ri l\u00e4bi professionaalse tehnilise toe ja kindla partnerluse. Loe t\u00e4iendavalt SIIT!<\/p>","protected":false},"author":8,"featured_media":0,"parent":0,"menu_order":0,"comment_status":"closed","ping_status":"closed","template":"","meta":{"footnotes":""},"class_list":["post-5579","page","type-page","status-publish","hentry"],"_links":{"self":[{"href":"https:\/\/westonclimate.com\/pt_pt\/wp-json\/wp\/v2\/pages\/5579","targetHints":{"allow":["GET"]}}],"collection":[{"href":"https:\/\/westonclimate.com\/pt_pt\/wp-json\/wp\/v2\/pages"}],"about":[{"href":"https:\/\/westonclimate.com\/pt_pt\/wp-json\/wp\/v2\/types\/page"}],"author":[{"embeddable":true,"href":"https:\/\/westonclimate.com\/pt_pt\/wp-json\/wp\/v2\/users\/8"}],"replies":[{"embeddable":true,"href":"https:\/\/westonclimate.com\/pt_pt\/wp-json\/wp\/v2\/comments?post=5579"}],"version-history":[{"count":92,"href":"https:\/\/westonclimate.com\/pt_pt\/wp-json\/wp\/v2\/pages\/5579\/revisions"}],"predecessor-version":[{"id":11585,"href":"https:\/\/westonclimate.com\/pt_pt\/wp-json\/wp\/v2\/pages\/5579\/revisions\/11585"}],"wp:attachment":[{"href":"https:\/\/westonclimate.com\/pt_pt\/wp-json\/wp\/v2\/media?parent=5579"}],"curies":[{"name":"wp","href":"https:\/\/api.w.org\/{rel}","templated":true}]}}