{"id":5605,"date":"2025-02-13T17:20:54","date_gmt":"2025-02-13T17:20:54","guid":{"rendered":"https:\/\/staging.wmdcompany.eu\/?page_id=5605"},"modified":"2025-07-29T19:38:26","modified_gmt":"2025-07-29T19:38:26","slug":"metodos-de-pagamento","status":"publish","type":"page","link":"https:\/\/westonclimate.com\/pt_pt\/makseviisid\/","title":{"rendered":"M\u00e9todos de pagamento"},"content":{"rendered":"<div data-elementor-type=\"wp-page\" data-elementor-id=\"5605\" class=\"elementor elementor-5605\" data-elementor-post-type=\"page\">\n\t\t\t\t<div class=\"elementor-element elementor-element-ad67b89 e-flex e-con-boxed wpr-particle-no wpr-jarallax-no wpr-parallax-no wpr-sticky-section-no wpr-equal-height-no e-con e-parent\" data-id=\"ad67b89\" data-element_type=\"container\" data-e-type=\"container\">\n\t\t\t\t\t<div class=\"e-con-inner\">\n\t\t\t\t<div class=\"elementor-element elementor-element-7122db7 elementor-widget elementor-widget-text-editor\" data-id=\"7122db7\" data-element_type=\"widget\" data-e-type=\"widget\" data-widget_type=\"text-editor.default\">\n\t\t\t\t<div class=\"elementor-widget-container\">\n\t\t\t\t\t\t\t\t\t<h1>M\u00e9todos de pagamento<\/h1><p>As encomendas podem ser pagas de forma segura na loja eletr\u00f3nica Weston Climate utilizando uma variedade de liga\u00e7\u00f5es banc\u00e1rias, bem como atrav\u00e9s de presta\u00e7\u00f5es Inbank e ESTO.<\/p><div>Como comprar?<\/div><ul><li>Adicionar produtos ao carrinho<\/li><li>Inscrever-se ou iniciar sess\u00e3o<\/li><li>Escolher o m\u00e9todo de entrega<\/li><li>Preparar a sua encomenda<\/li><li>Efetuar um pagamento<\/li><\/ul><p>O pagamento \u00e9 efectuado fora do ambiente da loja eletr\u00f3nica Weston Climate. Os dados pessoais s\u00e3o processados pela WMD Company O\u00dc, que transmite os dados pessoais necess\u00e1rios para a execu\u00e7\u00e3o dos pagamentos aos processadores autorizados Inbank AS, ESTO AS e Maksekeskus AS. A loja eletr\u00f3nica Weston Climate n\u00e3o tem acesso aos dados banc\u00e1rios e dos cart\u00f5es de cr\u00e9dito do cliente.<\/p><p>Depois de ter pago o produto, n\u00e3o se esque\u00e7a de clicar no bot\u00e3o \"<b>Voltar ao comerciante<\/b>\".<\/p>\t\t\t\t\t\t\t\t<\/div>\n\t\t\t\t<\/div>\n\t\t\t\t<div class=\"elementor-element elementor-element-b1fdd8b elementor-widget elementor-widget-spacer\" data-id=\"b1fdd8b\" data-element_type=\"widget\" data-e-type=\"widget\" data-widget_type=\"spacer.default\">\n\t\t\t\t<div class=\"elementor-widget-container\">\n\t\t\t\t\t\t\t<div class=\"elementor-spacer\">\n\t\t\t<div class=\"elementor-spacer-inner\"><\/div>\n\t\t<\/div>\n\t\t\t\t\t\t<\/div>\n\t\t\t\t<\/div>\n\t\t\t\t\t<\/div>\n\t\t\t\t<\/div>\n\t\t\t\t<\/div>","protected":false},"excerpt":{"rendered":"<p>Makseviisid Tellimuste eest saab turvaliselt tasuda Weston Climate e-poes erinevate pangalinkide abil ning lisaks saab kasutada makseviisina Inbank ja ESTO j\u00e4relmaksu. Kuidas osta? Lisa tooted ostukorvi Registreeru v\u00f5i logi sisse Vali k\u00e4ttesaamise viis Vormista tellimus Soorita makse Makse tegemine toimub v\u00e4ljaspool Weston Climate e-poe keskkonda. Isikuandmeid t\u00f6\u00f6tleb WMD Company O\u00dc, kes edastab maksete teostamiseks vajalikud isikuandmed volitatud t\u00f6\u00f6tlejatele Inbank AS, ESTO AS ja Maksekeskus AS. Weston Climate e-poel puudub ligip\u00e4\u00e4s kliendi panga- ja krediitkaardiandmetele. P\u00e4rast toote eest tasumist vajutage palun pangas kindlasti nupule \u201eTagasi kaupmehe juurde\u201d.<\/p>","protected":false},"author":8,"featured_media":0,"parent":0,"menu_order":0,"comment_status":"closed","ping_status":"closed","template":"","meta":{"footnotes":""},"class_list":["post-5605","page","type-page","status-publish","hentry"],"_links":{"self":[{"href":"https:\/\/westonclimate.com\/pt_pt\/wp-json\/wp\/v2\/pages\/5605","targetHints":{"allow":["GET"]}}],"collection":[{"href":"https:\/\/westonclimate.com\/pt_pt\/wp-json\/wp\/v2\/pages"}],"about":[{"href":"https:\/\/westonclimate.com\/pt_pt\/wp-json\/wp\/v2\/types\/page"}],"author":[{"embeddable":true,"href":"https:\/\/westonclimate.com\/pt_pt\/wp-json\/wp\/v2\/users\/8"}],"replies":[{"embeddable":true,"href":"https:\/\/westonclimate.com\/pt_pt\/wp-json\/wp\/v2\/comments?post=5605"}],"version-history":[{"count":26,"href":"https:\/\/westonclimate.com\/pt_pt\/wp-json\/wp\/v2\/pages\/5605\/revisions"}],"predecessor-version":[{"id":8158,"href":"https:\/\/westonclimate.com\/pt_pt\/wp-json\/wp\/v2\/pages\/5605\/revisions\/8158"}],"wp:attachment":[{"href":"https:\/\/westonclimate.com\/pt_pt\/wp-json\/wp\/v2\/media?parent=5605"}],"curies":[{"name":"wp","href":"https:\/\/api.w.org\/{rel}","templated":true}]}}