{"id":5882,"date":"2025-03-12T19:52:43","date_gmt":"2025-03-12T19:52:43","guid":{"rendered":"https:\/\/staging.wmdcompany.eu\/?page_id=5882"},"modified":"2025-12-18T14:49:17","modified_gmt":"2025-12-18T14:49:17","slug":"instalacao","status":"publish","type":"page","link":"https:\/\/westonclimate.com\/pt_pt\/paigaldus\/","title":{"rendered":"Instala\u00e7\u00e3o"},"content":{"rendered":"\t\t<div data-elementor-type=\"wp-page\" data-elementor-id=\"5882\" class=\"elementor elementor-5882\" data-elementor-post-type=\"page\">\n\t\t\t\t<div class=\"elementor-element elementor-element-15dce0fd e-flex e-con-boxed wpr-particle-no wpr-jarallax-no wpr-parallax-no wpr-sticky-section-no wpr-equal-height-no e-con e-parent\" data-id=\"15dce0fd\" data-element_type=\"container\" data-e-type=\"container\">\n\t\t\t\t\t<div class=\"e-con-inner\">\n\t\t\t\t<div class=\"elementor-element elementor-element-33fca29e elementor-widget elementor-widget-text-editor\" data-id=\"33fca29e\" data-element_type=\"widget\" data-e-type=\"widget\" data-widget_type=\"text-editor.default\">\n\t\t\t\t<div class=\"elementor-widget-container\">\n\t\t\t\t\t\t\t\t\t<h1 style=\"text-align: left;\">Paigaldus<\/h1><p>Kvaliteetse seadme ost on investeering. Et see investeering end t\u00e4ielikult \u00e4ra tasuks, on \u00fclioluline tagada selle korrektne ja professionaalne paigaldus. Pakume oma klientidele mugavat t\u00e4islahendust \u2013 soetage meilt seade ja tellige paigaldus \u00fchest kohast.<\/p><p class=\"ng-star-inserted\"><strong class=\"ng-star-inserted\"><span class=\"ng-star-inserted\">Miks valida seade koos meie paigaldusega?<\/span><\/strong><\/p><ul class=\"ng-star-inserted\"><li class=\"ng-star-inserted\"><p class=\"ng-star-inserted\"><strong class=\"ng-star-inserted\"><span class=\"ng-star-inserted\">Garanteeritud kvaliteet:<\/span><\/strong><span class=\"ng-star-inserted\">\u00a0Meie spetsialistid tunnevad meie m\u00fc\u00fcdavaid seadmeid l\u00e4bi ja l\u00f5hki. See tagab, et paigaldus teostatakse vastavalt tootja n\u00f5uetele, tagades seadme maksimaalse j\u00f5udluse ja pika eluea.<\/span><\/p><\/li><li class=\"ng-star-inserted\"><p class=\"ng-star-inserted\"><strong class=\"ng-star-inserted\"><span class=\"ng-star-inserted\">Mugavus ja ajav\u00f5it:<\/span><\/strong><span class=\"ng-star-inserted\">\u00a0Te ei pea kulutama aega ja energiat usaldusv\u00e4\u00e4rse paigaldaja otsimisele. Kogu protsess alates seadme valikust kuni selle k\u00e4ivitamiseni on meie k\u00e4tes.<\/span><\/p><\/li><li class=\"ng-star-inserted\"><p class=\"ng-star-inserted\"><strong class=\"ng-star-inserted\"><span class=\"ng-star-inserted\">\u00dchtne garantii ja vastutus:<\/span><\/strong><span class=\"ng-star-inserted\">\u00a0Probleemide korral on teil \u00fcks kindel kontaktpunkt. Ei teki olukorda, kus seadme m\u00fc\u00fcja ja paigaldaja vastutust teineteisele veeretavad.<\/span><\/p><\/li><li class=\"ng-star-inserted\"><p class=\"ng-star-inserted\"><strong class=\"ng-star-inserted\"><span class=\"ng-star-inserted\">Kindlustunne:<\/span><\/strong><span class=\"ng-star-inserted\">\u00a0Meie paigaldus tagab, et teie seadme garantii kehtib t\u00e4ies mahus.<\/span><\/p><\/li><\/ul><p class=\"ng-star-inserted\"><span class=\"ng-star-inserted\"><strong>Soovite <strong class=\"ng-star-inserted\">personaalset pakkumist<\/strong>?<\/strong> T\u00e4itke allolev vorm, kirjeldades oma vajadusi ja objekti ise\u00e4rasusi. Mida t\u00e4psemalt oma soovi kirjeldate, seda parema lahenduse saame pakkuda. Lisage kindlasti ka pilte objektist \u2013 see aitab meil t\u00f6\u00f6de mahtu t\u00e4psemalt hinnata.<\/span><\/p><p class=\"ng-star-inserted\"><span class=\"ng-star-inserted\">V\u00f5tame teiega peagi \u00fchendust, et esitada terviklik pakkumine!<\/span><\/p>\t\t\t\t\t\t\t\t<\/div>\n\t\t\t\t<\/div>\n\t\t\t\t<div class=\"elementor-element elementor-element-73ab880 elementor-widget elementor-widget-shortcode\" data-id=\"73ab880\" data-element_type=\"widget\" data-e-type=\"widget\" data-widget_type=\"shortcode.default\">\n\t\t\t\t<div class=\"elementor-widget-container\">\n\t\t\t\t\t\t\t<div class=\"elementor-shortcode\"><div class='fluentform ff-default fluentform_wrapper_10 ffs_custom_wrap'><form data-form_id=\"10\" id=\"fluentform_10\" class=\"frm-fluent-form fluent_form_10 ff-el-form-top ff_form_instance_10_1 ff-form-loading ffs_custom\" data-form_instance=\"ff_form_instance_10_1\" method=\"POST\" ><fieldset  style=\"border: none!important;margin: 0!important;padding: 0!important;background-color: transparent!important;box-shadow: none!important;outline: none!important; min-inline-size: 100%;\">\n                    <legend class=\"ff_screen_reader_title\" style=\"display: block; margin: 0!important;padding: 0!important;height: 0!important;text-indent: -999999px;width: 0!important;overflow:hidden;\">Request - Paigaldus<\/legend><input type='hidden' name='__fluent_form_embded_post_id' value='5882' \/><input type=\"hidden\" id=\"_fluentform_10_fluentformnonce\" name=\"_fluentform_10_fluentformnonce\" value=\"6d0d1d0d71\" \/><input type=\"hidden\" name=\"_wp_http_referer\" value=\"\/pt_pt\/wp-json\/wp\/v2\/pages\/5882\" \/><div class='ff-el-group'><div class=\"ff-el-input--label asterisk-right\"><label   aria-label=\"Millega saame abiks olla\">Millega saame abiks olla<\/label><\/div><div class='ff-el-input--content'><div class='ff-el-form-check ff-el-form-check-'><label class='ff-el-form-check-label' for='checkbox_1_27cee2a28ec49a338b71388fed6d910a'><input  type=\"checkbox\" name=\"checkbox_1[]\" data-name=\"checkbox_1\" class=\"ff-el-form-check-input ff-el-form-check-checkbox\" value=\"Uus lahendus\/vana uuendamine\"  id='checkbox_1_27cee2a28ec49a338b71388fed6d910a' aria-label='Uus lahendus\/vana uuendamine' aria-invalid='false' aria-required=false> <span>Uus lahendus\/vana uuendamine<\/span><\/label><\/div><div class='ff-el-form-check ff-el-form-check-'><label class='ff-el-form-check-label' for='checkbox_1_e48a087643fc53bbb316b1ea87e57fde'><input  type=\"checkbox\" name=\"checkbox_1[]\" data-name=\"checkbox_1\" class=\"ff-el-form-check-input ff-el-form-check-checkbox\" value=\"K\u00fcte\/ventilatsioon\"  id='checkbox_1_e48a087643fc53bbb316b1ea87e57fde' aria-label='K\u00fcte\/ventilatsioon' aria-invalid='false' aria-required=false> <span>K\u00fcte\/ventilatsioon<\/span><\/label><\/div><div class='ff-el-form-check ff-el-form-check-'><label class='ff-el-form-check-label' for='checkbox_1_29538b46e70d94ff6bb3a7da5394d2d5'><input  type=\"checkbox\" name=\"checkbox_1[]\" data-name=\"checkbox_1\" class=\"ff-el-form-check-input ff-el-form-check-checkbox\" value=\"Seadme paigaldus\/s\u00fcsteemi uuendus\"  id='checkbox_1_29538b46e70d94ff6bb3a7da5394d2d5' aria-label='Seadme paigaldus\/s\u00fcsteemi uuendus' aria-invalid='false' aria-required=false> <span>Seadme paigaldus\/s\u00fcsteemi uuendus<\/span><\/label><\/div><\/div><\/div><div class='ff-el-group'><div class=\"ff-el-input--label asterisk-right\"><label   aria-label=\"Kas seadmed on olemas\">Kas seadmed on olemas<\/label><\/div><div class='ff-el-input--content'><div class='ff-el-form-check ff-el-form-check-'><label class='ff-el-form-check-label' for='input_radio_1_bf61a649721ad8121994c6489425b51c'><input  type=\"radio\" name=\"input_radio_1\" data-name=\"input_radio_1\" class=\"ff-el-form-check-input ff-el-form-check-radio\" value=\"Jah\"  id='input_radio_1_bf61a649721ad8121994c6489425b51c' aria-label='Jah' aria-invalid='false' aria-required=false> <span>Jah<\/span><\/label><\/div><div class='ff-el-form-check ff-el-form-check-'><label class='ff-el-form-check-label' for='input_radio_1_2caaeaebf4cbb1e035a4530cb4b86e7c'><input  type=\"radio\" name=\"input_radio_1\" data-name=\"input_radio_1\" class=\"ff-el-form-check-input ff-el-form-check-radio\" value=\"Ei\"  id='input_radio_1_2caaeaebf4cbb1e035a4530cb4b86e7c' aria-label='Ei' aria-invalid='false' aria-required=false> <span>Ei<\/span><\/label><\/div><\/div><\/div><div class='ff-el-group  ff_list_buttons'><div class='ff-el-input--content'><div class='ff-el-form-check ff-el-form-check-'><label class='ff-el-form-check-label' for='checkbox_b5570893517b3770fb4a5139340330de'><input  type=\"checkbox\" name=\"checkbox[]\" data-name=\"checkbox\" class=\"ff-el-form-check-input ff-el-form-check-checkbox\" value=\"Ettev\u00f5te\"  id='checkbox_b5570893517b3770fb4a5139340330de' aria-label='Ettev\u00f5te' aria-invalid='false' aria-required=false> <span>Ettev\u00f5te<\/span><\/label><\/div><div class='ff-el-form-check ff-el-form-check-'><label class='ff-el-form-check-label' for='checkbox_f53a57e8b8c719c1f273d67f62dc0cd2'><input  type=\"checkbox\" name=\"checkbox[]\" data-name=\"checkbox\" class=\"ff-el-form-check-input ff-el-form-check-checkbox\" value=\"Eraisik\"  id='checkbox_f53a57e8b8c719c1f273d67f62dc0cd2' aria-label='Eraisik' aria-invalid='false' aria-required=false> <span>Eraisik<\/span><\/label><\/div><\/div><\/div><div class='ff-el-group ff-el-form-hide_label'><div class=\"ff-el-input--label asterisk-right\"><label for='ff_10_input_text' id='label_ff_10_input_text' aria-label=\"Ettev\u00f5tte nimi\">Ettev\u00f5tte nimi<\/label><\/div><div class='ff-el-input--content'><input type=\"text\" name=\"input_text\" class=\"ff-el-form-control\" placeholder=\"Ettev\u00f5tte nimi\" data-name=\"input_text\" id=\"ff_10_input_text\"  aria-invalid=\"false\" aria-required=false><\/div><\/div><div class='ff-el-group ff-el-form-hide_label'><div class=\"ff-el-input--label asterisk-right\"><label for='ff_10_phone' id='label_ff_10_phone' aria-label=\"Phone\/Mobile\">Phone\/Mobile<\/label><\/div><div class='ff-el-input--content'><input name=\"phone\" class=\"ff-el-form-control ff-el-phone\" type=\"tel\" placeholder=\"Telefon\" data-name=\"phone\" id=\"ff_10_phone\" inputmode=\"tel\"  aria-invalid='false' aria-required=false><\/div><\/div><div class='ff-el-group ff-el-form-hide_label'><div class=\"ff-el-input--label ff-el-is-required asterisk-right\"><label for='ff_10_email' id='label_ff_10_email' aria-label=\"Email\">Email<\/label><\/div><div class='ff-el-input--content'><input type=\"email\" name=\"email\" id=\"ff_10_email\" class=\"ff-el-form-control\" placeholder=\"Email\" data-name=\"email\"  aria-invalid=\"false\" aria-required=true><\/div><\/div><div data-type=\"name-element\" data-name=\"names\" class=\" ff-field_container ff-name-field-wrapper\" ><div class='ff-t-container'><div class='ff-t-cell '><div class='ff-el-group  ff-el-form-hide_label'><div class=\"ff-el-input--label ff-el-is-required asterisk-right\"><label for='ff_10_names_first_name_' id='label_ff_10_names_first_name_' >Eesnimi<\/label><\/div><div class='ff-el-input--content'><input type=\"text\" name=\"names[first_name]\" id=\"ff_10_names_first_name_\" class=\"ff-el-form-control\" placeholder=\"Eesnimi\" aria-invalid=\"false\" aria-required=true><\/div><\/div><\/div><div class='ff-t-cell '><div class='ff-el-group  ff-el-form-hide_label'><div class=\"ff-el-input--label ff-el-is-required asterisk-right\"><label for='ff_10_names_last_name_' id='label_ff_10_names_last_name_' >Perekonnanimi<\/label><\/div><div class='ff-el-input--content'><input type=\"text\" name=\"names[last_name]\" id=\"ff_10_names_last_name_\" class=\"ff-el-form-control\" placeholder=\"Perekonnanimi\" aria-invalid=\"false\" aria-required=true><\/div><\/div><\/div><\/div><\/div><div class='ff-el-group'><div class='ff-el-input--content'><textarea aria-required=\"false\" aria-labelledby=\"label_ff_10_description\" name=\"description\" id=\"ff_10_description\" class=\"ff-el-form-control\" placeholder=\"Lisa kommentaar\" rows=\"3\" cols=\"2\" data-name=\"description\" ><\/textarea><\/div><\/div><div class='ff-el-group'><div class=\"ff-el-input--label asterisk-right\"><label for='ff_10_file-upload_1' id='label_ff_10_file-upload_1' aria-label=\"Lisa manus (projekt, hoone plaan)\">Lisa manus (projekt, hoone plaan)<\/label><\/div><div class='ff-el-input--content'><label for='ff_10_file-upload_1' class='ff_file_upload_holder'><span class='ff_upload_btn ff-btn' tabindex='0'>Lisa fail<\/span> <input type=\"file\" name=\"file-upload\" id=\"ff_10_file-upload_1\" class=\"ff-el-form-control  ff-screen-reader-element\" data-name=\"file-upload\" multiple=\"1\"  aria-invalid='false' aria-required=false><\/label><\/div><\/div><div class='ff-el-group ff-text-left ff_submit_btn_wrapper'><button type=\"submit\" class=\"ff-btn ff-btn-submit ff-btn-lg ff_btn_style wpf_has_custom_css\"  aria-label=\"Saada\">Saada<\/button><\/div><\/fieldset><\/form><div id='fluentform_10_errors' class='ff-errors-in-stack ff_form_instance_10_1 ff-form-loading_errors ff_form_instance_10_1_errors'><\/div><\/div>            <script type=\"text\/javascript\">\n                window.fluent_form_ff_form_instance_10_1 = {\"id\":\"10\",\"settings\":{\"layout\":{\"labelPlacement\":\"top\",\"helpMessagePlacement\":\"with_label\",\"errorMessagePlacement\":\"inline\",\"cssClassName\":\"\",\"asteriskPlacement\":\"asterisk-right\"},\"restrictions\":{\"denyEmptySubmission\":{\"enabled\":false}}},\"form_instance\":\"ff_form_instance_10_1\",\"form_id_selector\":\"fluentform_10\",\"rules\":{\"checkbox_1\":{\"required\":{\"value\":false,\"message\":\"Este campo \\u00e9 obrigat\\u00f3rio\",\"global_message\":\"This field is required\",\"global\":true}},\"input_radio_1\":{\"required\":{\"value\":false,\"message\":\"Este campo \\u00e9 obrigat\\u00f3rio\",\"global_message\":\"This field is required\",\"global\":true}},\"checkbox\":{\"required\":{\"value\":false,\"message\":\"Este campo \\u00e9 obrigat\\u00f3rio\",\"global_message\":\"This field is required\",\"global\":true}},\"input_text\":{\"required\":{\"value\":false,\"message\":\"Este campo \\u00e9 obrigat\\u00f3rio\",\"global_message\":\"This field is required\",\"global\":true}},\"phone\":{\"required\":{\"value\":false,\"global\":true,\"message\":\"Este campo \\u00e9 obrigat\\u00f3rio\",\"global_message\":\"This field is required\"},\"valid_phone_number\":{\"value\":false,\"global\":true,\"message\":\"O n\\u00famero de telefone n\\u00e3o \\u00e9 v\\u00e1lido\",\"global_message\":\"Phone number is not valid\"}},\"email\":{\"required\":{\"value\":true,\"message\":\"This field is required\",\"global\":false,\"global_message\":\"This field is required\"},\"email\":{\"value\":true,\"message\":\"This field must contain a valid email\",\"global\":false,\"global_message\":\"This field must contain a valid email\"}},\"names[first_name]\":{\"required\":{\"value\":true,\"message\":\"This field is required\",\"global\":false,\"global_message\":\"This field is required\"}},\"names[middle_name]\":{\"required\":{\"value\":false,\"message\":\"This field is required\",\"global\":false,\"global_message\":\"This field is required\"}},\"names[last_name]\":{\"required\":{\"value\":true,\"message\":\"This field is required\",\"global\":false,\"global_message\":\"This field is required\"}},\"description\":{\"required\":{\"value\":false,\"message\":\"Este campo \\u00e9 obrigat\\u00f3rio\",\"global_message\":\"This field is required\",\"global\":true}},\"file-upload\":{\"required\":{\"value\":false,\"message\":\"Este campo \\u00e9 obrigat\\u00f3rio\",\"global_message\":\"This field is required\",\"global\":true},\"max_file_size\":{\"value\":5242880,\"_valueFrom\":\"MB\",\"message\":\"A valida\\u00e7\\u00e3o falhou devido ao tamanho m\\u00e1ximo do ficheiro\",\"global_message\":\"Validation fails for maximum file size\",\"global\":true},\"max_file_count\":{\"value\":\"5\",\"message\":\"A valida\\u00e7\\u00e3o falhou devido ao limite m\\u00e1ximo de ficheiros\",\"global_message\":\"Validation fails for maximum file count\",\"global\":true},\"allowed_file_types\":{\"value\":[\"jpg|jpeg|gif|png|bmp\",\"pdf\",\"doc|ppt|pps|xls|mdb|docx|xlsx|pptx|odt|odp|ods|odg|odc|odb|odf|rtf|txt\",\"zip|gz|gzip|rar|7z\"],\"message\":\"Tipo de ficheiro inv\\u00e1lido\",\"global_message\":\"Invalid file type\",\"global\":true}}},\"debounce_time\":300};\n                            <\/script>\n            <\/div>\n\t\t\t\t\t\t<\/div>\n\t\t\t\t<\/div>\n\t\t\t\t\t<\/div>\n\t\t\t\t<\/div>\n\t\t<div class=\"elementor-element elementor-element-7e20789 e-flex e-con-boxed wpr-particle-no wpr-jarallax-no wpr-parallax-no wpr-sticky-section-no wpr-equal-height-no e-con e-parent\" data-id=\"7e20789\" data-element_type=\"container\" data-e-type=\"container\">\n\t\t\t\t\t<div class=\"e-con-inner\">\n\t\t\t\t<div class=\"elementor-element elementor-element-002b0a6 elementor-widget elementor-widget-spacer\" data-id=\"002b0a6\" data-element_type=\"widget\" data-e-type=\"widget\" data-widget_type=\"spacer.default\">\n\t\t\t\t<div class=\"elementor-widget-container\">\n\t\t\t\t\t\t\t<div class=\"elementor-spacer\">\n\t\t\t<div class=\"elementor-spacer-inner\"><\/div>\n\t\t<\/div>\n\t\t\t\t\t\t<\/div>\n\t\t\t\t<\/div>\n\t\t\t\t\t<\/div>\n\t\t\t\t<\/div>\n\t\t\t\t<\/div>\n\t\t","protected":false},"excerpt":{"rendered":"<p>Paigaldus Kvaliteetse seadme ost on investeering. Et see investeering end t\u00e4ielikult \u00e4ra tasuks, on \u00fclioluline tagada selle korrektne ja professionaalne paigaldus. Pakume oma klientidele mugavat t\u00e4islahendust \u2013 soetage meilt seade ja tellige paigaldus \u00fchest kohast. Miks valida seade koos meie paigaldusega? Garanteeritud kvaliteet:\u00a0Meie spetsialistid tunnevad meie m\u00fc\u00fcdavaid seadmeid l\u00e4bi ja l\u00f5hki. See tagab, et paigaldus teostatakse vastavalt tootja n\u00f5uetele, tagades seadme maksimaalse j\u00f5udluse ja pika eluea. Mugavus ja ajav\u00f5it:\u00a0Te ei pea kulutama aega ja energiat usaldusv\u00e4\u00e4rse paigaldaja otsimisele. Kogu protsess alates seadme valikust kuni selle k\u00e4ivitamiseni on meie k\u00e4tes. \u00dchtne garantii ja vastutus:\u00a0Probleemide korral on teil \u00fcks kindel kontaktpunkt. Ei teki olukorda, kus seadme m\u00fc\u00fcja ja paigaldaja vastutust teineteisele veeretavad. Kindlustunne:\u00a0Meie paigaldus tagab, et teie seadme garantii kehtib t\u00e4ies mahus. Soovite personaalset pakkumist? T\u00e4itke allolev vorm, kirjeldades oma vajadusi ja objekti ise\u00e4rasusi. Mida t\u00e4psemalt oma soovi kirjeldate, seda parema lahenduse saame pakkuda. Lisage kindlasti ka pilte objektist \u2013 see aitab meil t\u00f6\u00f6de mahtu t\u00e4psemalt hinnata. V\u00f5tame teiega peagi \u00fchendust, et esitada terviklik pakkumine!<\/p>","protected":false},"author":8,"featured_media":0,"parent":0,"menu_order":0,"comment_status":"closed","ping_status":"closed","template":"","meta":{"footnotes":""},"class_list":["post-5882","page","type-page","status-publish","hentry"],"_links":{"self":[{"href":"https:\/\/westonclimate.com\/pt_pt\/wp-json\/wp\/v2\/pages\/5882","targetHints":{"allow":["GET"]}}],"collection":[{"href":"https:\/\/westonclimate.com\/pt_pt\/wp-json\/wp\/v2\/pages"}],"about":[{"href":"https:\/\/westonclimate.com\/pt_pt\/wp-json\/wp\/v2\/types\/page"}],"author":[{"embeddable":true,"href":"https:\/\/westonclimate.com\/pt_pt\/wp-json\/wp\/v2\/users\/8"}],"replies":[{"embeddable":true,"href":"https:\/\/westonclimate.com\/pt_pt\/wp-json\/wp\/v2\/comments?post=5882"}],"version-history":[{"count":24,"href":"https:\/\/westonclimate.com\/pt_pt\/wp-json\/wp\/v2\/pages\/5882\/revisions"}],"predecessor-version":[{"id":10738,"href":"https:\/\/westonclimate.com\/pt_pt\/wp-json\/wp\/v2\/pages\/5882\/revisions\/10738"}],"wp:attachment":[{"href":"https:\/\/westonclimate.com\/pt_pt\/wp-json\/wp\/v2\/media?parent=5882"}],"curies":[{"name":"wp","href":"https:\/\/api.w.org\/{rel}","templated":true}]}}