{"id":978,"date":"2023-10-13T20:11:52","date_gmt":"2023-10-13T20:11:52","guid":{"rendered":"https:\/\/wmdcompany.eu\/?page_id=978"},"modified":"2025-07-29T19:32:14","modified_gmt":"2025-07-29T19:32:14","slug":"certificados","status":"publish","type":"page","link":"https:\/\/westonclimate.com\/pt_pt\/sertifikaadid\/","title":{"rendered":"Certificados"},"content":{"rendered":"\t\t<div data-elementor-type=\"wp-page\" data-elementor-id=\"978\" class=\"elementor elementor-978\" data-elementor-post-type=\"page\">\n\t\t\t\t<div class=\"elementor-element elementor-element-42cff0cd e-flex e-con-boxed wpr-particle-no wpr-jarallax-no wpr-parallax-no wpr-sticky-section-no wpr-equal-height-no e-con e-parent\" data-id=\"42cff0cd\" data-element_type=\"container\" data-e-type=\"container\">\n\t\t\t\t\t<div class=\"e-con-inner\">\n\t\t\t\t<div class=\"elementor-element elementor-element-7d46f6e8 elementor-widget elementor-widget-text-editor\" data-id=\"7d46f6e8\" data-element_type=\"widget\" data-e-type=\"widget\" data-widget_type=\"text-editor.default\">\n\t\t\t\t<div class=\"elementor-widget-container\">\n\t\t\t\t\t\t\t\t\t<h1>Sertifikaadid<\/h1><p class=\"text-2xl font-bold mt-1 text-text-100\"><br \/><strong>Sertifikaadid ja CE-m\u00e4rgis<\/strong><\/p><p class=\"whitespace-normal break-words\"><strong>Ventilatsiooniseadmete CE-m\u00e4rgis ja sertifikaadid on olulised mitmel p\u00f5hjusel:<\/strong><\/p><ul class=\"[&amp;:not(:last-child)_ul]:pb-1 [&amp;:not(:last-child)_ol]:pb-1 list-disc space-y-1.5 pl-7\"><li class=\"whitespace-normal break-words\"><p><strong>Ohutusstandardite j\u00e4rgimine:<\/strong> CE-m\u00e4rgis n\u00e4itab, et ventilatsiooniseade vastab Euroopa Liidu kehtestatud ohutusn\u00f5uetele ja standarditele. See tagab, et seade on projekteeritud ja toodetud nii, et see ei ohustaks kasutajate ohutust ega tervist.<\/p><\/li><li class=\"whitespace-normal break-words\"><p><strong>Kvaliteet ja j\u00f5udlus:<\/strong> CE-m\u00e4rgis ja sertifikaadid n\u00e4itavad, et seade vastab teatud j\u00f5udluse ja kvaliteedin\u00f5uetele. See aitab kindlustada, et ventilatsiooniseade t\u00e4idab oma funktsiooni t\u00f5husalt ja t\u00f6\u00f6kindlalt, tagades hea sise\u00f5hu kvaliteedi.<\/p><\/li><li class=\"whitespace-normal break-words\"><p><strong>Keskkonnakaitse:<\/strong> CE-m\u00e4rgis n\u00e4itab, et ventilatsiooniseade vastab keskkonnas\u00f5bralikuse ja energiat\u00f5hususe standarditele. See on oluline, sest energiat\u00f5husad seadmed aitavad v\u00e4hendada energiatarbimist ja seel\u00e4bi ka keskkonnam\u00f5jusid.<\/p><\/li><li class=\"whitespace-normal break-words\"><p><strong>Usaldus:<\/strong> CE-m\u00e4rgis ja sertifikaadid annavad kindlustunde, et pakume ainult kvaliteetseid ja ohutuid ventilatsiooniseadmeid.<\/p><\/li><\/ul>\t\t\t\t\t\t\t\t<\/div>\n\t\t\t\t<\/div>\n\t\t\t\t\t<\/div>\n\t\t\t\t<\/div>\n\t\t<div class=\"elementor-element elementor-element-2153740 e-flex e-con-boxed wpr-particle-no wpr-jarallax-no wpr-parallax-no wpr-sticky-section-no wpr-equal-height-no e-con e-parent\" data-id=\"2153740\" data-element_type=\"container\" data-e-type=\"container\">\n\t\t\t\t\t<div class=\"e-con-inner\">\n\t\t\t\t<div class=\"elementor-element elementor-element-e72ff96 elementor-widget elementor-widget-image-gallery\" data-id=\"e72ff96\" data-element_type=\"widget\" data-e-type=\"widget\" data-widget_type=\"image-gallery.default\">\n\t\t\t\t<div class=\"elementor-widget-container\">\n\t\t\t\t\t\t\t<div class=\"elementor-image-gallery\">\n\t\t\t<div id='gallery-1' class='gallery galleryid-978 gallery-columns-4 gallery-size-large'><figure class='gallery-item'>\n\t\t\t<div class='gallery-icon portrait'>\n\t\t\t\t<a data-elementor-open-lightbox=\"yes\" data-elementor-lightbox-slideshow=\"e72ff96\" data-elementor-lightbox-title=\"CE-Certificate-CS-SERIES-1-pdf\" data-e-action-hash=\"#elementor-action%3Aaction%3Dlightbox%26settings%3DeyJpZCI6Nzc3NCwidXJsIjoiaHR0cHM6XC9cL3dlc3RvbmNsaW1hdGUuY29tXC93cC1jb250ZW50XC91cGxvYWRzXC8yMDI1XC8wN1wvQ0UtQ2VydGlmaWNhdGUtQ1MtU0VSSUVTLTEtcGRmLmpwZyIsInNsaWRlc2hvdyI6ImU3MmZmOTYifQ%3D%3D\" href='https:\/\/westonclimate.com\/wp-content\/uploads\/2025\/07\/CE-Certificate-CS-SERIES-1-pdf.jpg'><img fetchpriority=\"high\" decoding=\"async\" width=\"724\" height=\"1024\" src=\"https:\/\/westonclimate.com\/wp-content\/uploads\/2025\/07\/CE-Certificate-CS-SERIES-1-pdf-724x1024.jpg\" class=\"attachment-large size-large\" alt=\"\" srcset=\"https:\/\/westonclimate.com\/wp-content\/uploads\/2025\/07\/CE-Certificate-CS-SERIES-1-pdf-724x1024.jpg 724w, https:\/\/westonclimate.com\/wp-content\/uploads\/2025\/07\/CE-Certificate-CS-SERIES-1-pdf-212x300.jpg 212w, https:\/\/westonclimate.com\/wp-content\/uploads\/2025\/07\/CE-Certificate-CS-SERIES-1-pdf-768x1087.jpg 768w, https:\/\/westonclimate.com\/wp-content\/uploads\/2025\/07\/CE-Certificate-CS-SERIES-1-pdf-600x849.jpg 600w, https:\/\/westonclimate.com\/wp-content\/uploads\/2025\/07\/CE-Certificate-CS-SERIES-1-pdf.jpg 1058w\" sizes=\"(max-width: 724px) 100vw, 724px\" \/><\/a>\n\t\t\t<\/div><\/figure><figure class='gallery-item'>\n\t\t\t<div class='gallery-icon portrait'>\n\t\t\t\t<a data-elementor-open-lightbox=\"yes\" data-elementor-lightbox-slideshow=\"e72ff96\" data-elementor-lightbox-title=\"CE-Certificate-TP-SERIES-pdf\" data-e-action-hash=\"#elementor-action%3Aaction%3Dlightbox%26settings%3DeyJpZCI6Nzc3NiwidXJsIjoiaHR0cHM6XC9cL3dlc3RvbmNsaW1hdGUuY29tXC93cC1jb250ZW50XC91cGxvYWRzXC8yMDI1XC8wN1wvQ0UtQ2VydGlmaWNhdGUtVFAtU0VSSUVTLXBkZi5qcGciLCJzbGlkZXNob3ciOiJlNzJmZjk2In0%3D\" href='https:\/\/westonclimate.com\/wp-content\/uploads\/2025\/07\/CE-Certificate-TP-SERIES-pdf.jpg'><img decoding=\"async\" width=\"724\" height=\"1024\" src=\"https:\/\/westonclimate.com\/wp-content\/uploads\/2025\/07\/CE-Certificate-TP-SERIES-pdf-724x1024.jpg\" class=\"attachment-large size-large\" alt=\"\" srcset=\"https:\/\/westonclimate.com\/wp-content\/uploads\/2025\/07\/CE-Certificate-TP-SERIES-pdf-724x1024.jpg 724w, https:\/\/westonclimate.com\/wp-content\/uploads\/2025\/07\/CE-Certificate-TP-SERIES-pdf-212x300.jpg 212w, https:\/\/westonclimate.com\/wp-content\/uploads\/2025\/07\/CE-Certificate-TP-SERIES-pdf-768x1087.jpg 768w, https:\/\/westonclimate.com\/wp-content\/uploads\/2025\/07\/CE-Certificate-TP-SERIES-pdf-600x849.jpg 600w, https:\/\/westonclimate.com\/wp-content\/uploads\/2025\/07\/CE-Certificate-TP-SERIES-pdf.jpg 1058w\" sizes=\"(max-width: 724px) 100vw, 724px\" \/><\/a>\n\t\t\t<\/div><\/figure><figure class='gallery-item'>\n\t\t\t<div class='gallery-icon portrait'>\n\t\t\t\t<a data-elementor-open-lightbox=\"yes\" data-elementor-lightbox-slideshow=\"e72ff96\" data-elementor-lightbox-title=\"CE-Certificate-W-SERIES-pdf\" data-e-action-hash=\"#elementor-action%3Aaction%3Dlightbox%26settings%3DeyJpZCI6Nzc3NywidXJsIjoiaHR0cHM6XC9cL3dlc3RvbmNsaW1hdGUuY29tXC93cC1jb250ZW50XC91cGxvYWRzXC8yMDI1XC8wN1wvQ0UtQ2VydGlmaWNhdGUtVy1TRVJJRVMtcGRmLmpwZyIsInNsaWRlc2hvdyI6ImU3MmZmOTYifQ%3D%3D\" href='https:\/\/westonclimate.com\/wp-content\/uploads\/2025\/07\/CE-Certificate-W-SERIES-pdf.jpg'><img decoding=\"async\" width=\"725\" height=\"1024\" src=\"https:\/\/westonclimate.com\/wp-content\/uploads\/2025\/07\/CE-Certificate-W-SERIES-pdf-725x1024.jpg\" class=\"attachment-large size-large\" alt=\"\" srcset=\"https:\/\/westonclimate.com\/wp-content\/uploads\/2025\/07\/CE-Certificate-W-SERIES-pdf-725x1024.jpg 725w, https:\/\/westonclimate.com\/wp-content\/uploads\/2025\/07\/CE-Certificate-W-SERIES-pdf-212x300.jpg 212w, https:\/\/westonclimate.com\/wp-content\/uploads\/2025\/07\/CE-Certificate-W-SERIES-pdf-768x1085.jpg 768w, https:\/\/westonclimate.com\/wp-content\/uploads\/2025\/07\/CE-Certificate-W-SERIES-pdf-600x847.jpg 600w, https:\/\/westonclimate.com\/wp-content\/uploads\/2025\/07\/CE-Certificate-W-SERIES-pdf.jpg 1060w\" sizes=\"(max-width: 725px) 100vw, 725px\" \/><\/a>\n\t\t\t<\/div><\/figure><figure class='gallery-item'>\n\t\t\t<div class='gallery-icon portrait'>\n\t\t\t\t<a data-elementor-open-lightbox=\"yes\" data-elementor-lightbox-slideshow=\"e72ff96\" data-elementor-lightbox-title=\"6H221220.GAEST27-Fresh-air-heat-pump-LVDEMC-pdf\" data-e-action-hash=\"#elementor-action%3Aaction%3Dlightbox%26settings%3DeyJpZCI6Nzc3OCwidXJsIjoiaHR0cHM6XC9cL3dlc3RvbmNsaW1hdGUuY29tXC93cC1jb250ZW50XC91cGxvYWRzXC8yMDI1XC8wN1wvNkgyMjEyMjAuR0FFU1QyNy1GcmVzaC1haXItaGVhdC1wdW1wLUxWREVNQy1wZGYuanBnIiwic2xpZGVzaG93IjoiZTcyZmY5NiJ9\" href='https:\/\/westonclimate.com\/wp-content\/uploads\/2025\/07\/6H221220.GAEST27-Fresh-air-heat-pump-LVDEMC-pdf.jpg'><img loading=\"lazy\" decoding=\"async\" width=\"724\" height=\"1024\" src=\"https:\/\/westonclimate.com\/wp-content\/uploads\/2025\/07\/6H221220.GAEST27-Fresh-air-heat-pump-LVDEMC-pdf-724x1024.jpg\" class=\"attachment-large size-large\" alt=\"\" srcset=\"https:\/\/westonclimate.com\/wp-content\/uploads\/2025\/07\/6H221220.GAEST27-Fresh-air-heat-pump-LVDEMC-pdf-724x1024.jpg 724w, https:\/\/westonclimate.com\/wp-content\/uploads\/2025\/07\/6H221220.GAEST27-Fresh-air-heat-pump-LVDEMC-pdf-212x300.jpg 212w, https:\/\/westonclimate.com\/wp-content\/uploads\/2025\/07\/6H221220.GAEST27-Fresh-air-heat-pump-LVDEMC-pdf-768x1087.jpg 768w, https:\/\/westonclimate.com\/wp-content\/uploads\/2025\/07\/6H221220.GAEST27-Fresh-air-heat-pump-LVDEMC-pdf-600x849.jpg 600w, https:\/\/westonclimate.com\/wp-content\/uploads\/2025\/07\/6H221220.GAEST27-Fresh-air-heat-pump-LVDEMC-pdf.jpg 1058w\" sizes=\"(max-width: 724px) 100vw, 724px\" \/><\/a>\n\t\t\t<\/div><\/figure><figure class='gallery-item'>\n\t\t\t<div class='gallery-icon portrait'>\n\t\t\t\t<a data-elementor-open-lightbox=\"yes\" data-elementor-lightbox-slideshow=\"e72ff96\" data-elementor-lightbox-title=\"CE-Certificate-CS-SERIES-2-pdf\" data-e-action-hash=\"#elementor-action%3Aaction%3Dlightbox%26settings%3DeyJpZCI6Nzc3NSwidXJsIjoiaHR0cHM6XC9cL3dlc3RvbmNsaW1hdGUuY29tXC93cC1jb250ZW50XC91cGxvYWRzXC8yMDI1XC8wN1wvQ0UtQ2VydGlmaWNhdGUtQ1MtU0VSSUVTLTItcGRmLmpwZyIsInNsaWRlc2hvdyI6ImU3MmZmOTYifQ%3D%3D\" href='https:\/\/westonclimate.com\/wp-content\/uploads\/2025\/07\/CE-Certificate-CS-SERIES-2-pdf.jpg'><img loading=\"lazy\" decoding=\"async\" width=\"724\" height=\"1024\" src=\"https:\/\/westonclimate.com\/wp-content\/uploads\/2025\/07\/CE-Certificate-CS-SERIES-2-pdf-724x1024.jpg\" class=\"attachment-large size-large\" alt=\"\" srcset=\"https:\/\/westonclimate.com\/wp-content\/uploads\/2025\/07\/CE-Certificate-CS-SERIES-2-pdf-724x1024.jpg 724w, https:\/\/westonclimate.com\/wp-content\/uploads\/2025\/07\/CE-Certificate-CS-SERIES-2-pdf-212x300.jpg 212w, https:\/\/westonclimate.com\/wp-content\/uploads\/2025\/07\/CE-Certificate-CS-SERIES-2-pdf-768x1087.jpg 768w, https:\/\/westonclimate.com\/wp-content\/uploads\/2025\/07\/CE-Certificate-CS-SERIES-2-pdf-600x849.jpg 600w, https:\/\/westonclimate.com\/wp-content\/uploads\/2025\/07\/CE-Certificate-CS-SERIES-2-pdf.jpg 1058w\" sizes=\"(max-width: 724px) 100vw, 724px\" \/><\/a>\n\t\t\t<\/div><\/figure><figure class='gallery-item'>\n\t\t\t<div class='gallery-icon portrait'>\n\t\t\t\t<a data-elementor-open-lightbox=\"yes\" data-elementor-lightbox-slideshow=\"e72ff96\" data-elementor-lightbox-title=\"6H221220.GAEST26-Fresh-air-heat-pump-LVDEMC-UKCA-pdf\" data-e-action-hash=\"#elementor-action%3Aaction%3Dlightbox%26settings%3DeyJpZCI6Nzc3OSwidXJsIjoiaHR0cHM6XC9cL3dlc3RvbmNsaW1hdGUuY29tXC93cC1jb250ZW50XC91cGxvYWRzXC8yMDI1XC8wN1wvNkgyMjEyMjAuR0FFU1QyNi1GcmVzaC1haXItaGVhdC1wdW1wLUxWREVNQy1VS0NBLXBkZi5qcGciLCJzbGlkZXNob3ciOiJlNzJmZjk2In0%3D\" href='https:\/\/westonclimate.com\/wp-content\/uploads\/2025\/07\/6H221220.GAEST26-Fresh-air-heat-pump-LVDEMC-UKCA-pdf.jpg'><img loading=\"lazy\" decoding=\"async\" width=\"724\" height=\"1024\" src=\"https:\/\/westonclimate.com\/wp-content\/uploads\/2025\/07\/6H221220.GAEST26-Fresh-air-heat-pump-LVDEMC-UKCA-pdf-724x1024.jpg\" class=\"attachment-large size-large\" alt=\"\" srcset=\"https:\/\/westonclimate.com\/wp-content\/uploads\/2025\/07\/6H221220.GAEST26-Fresh-air-heat-pump-LVDEMC-UKCA-pdf-724x1024.jpg 724w, https:\/\/westonclimate.com\/wp-content\/uploads\/2025\/07\/6H221220.GAEST26-Fresh-air-heat-pump-LVDEMC-UKCA-pdf-212x300.jpg 212w, https:\/\/westonclimate.com\/wp-content\/uploads\/2025\/07\/6H221220.GAEST26-Fresh-air-heat-pump-LVDEMC-UKCA-pdf-768x1087.jpg 768w, https:\/\/westonclimate.com\/wp-content\/uploads\/2025\/07\/6H221220.GAEST26-Fresh-air-heat-pump-LVDEMC-UKCA-pdf-600x849.jpg 600w, https:\/\/westonclimate.com\/wp-content\/uploads\/2025\/07\/6H221220.GAEST26-Fresh-air-heat-pump-LVDEMC-UKCA-pdf.jpg 1058w\" sizes=\"(max-width: 724px) 100vw, 724px\" \/><\/a>\n\t\t\t<\/div><\/figure><figure class='gallery-item'>\n\t\t\t<div class='gallery-icon portrait'>\n\t\t\t\t<a data-elementor-open-lightbox=\"yes\" data-elementor-lightbox-slideshow=\"e72ff96\" data-elementor-lightbox-title=\"circulation-pump-CE-certification-pdf\" data-e-action-hash=\"#elementor-action%3Aaction%3Dlightbox%26settings%3DeyJpZCI6Nzc4MCwidXJsIjoiaHR0cHM6XC9cL3dlc3RvbmNsaW1hdGUuY29tXC93cC1jb250ZW50XC91cGxvYWRzXC8yMDI1XC8wN1wvY2lyY3VsYXRpb24tcHVtcC1DRS1jZXJ0aWZpY2F0aW9uLXBkZi5qcGciLCJzbGlkZXNob3ciOiJlNzJmZjk2In0%3D\" href='https:\/\/westonclimate.com\/wp-content\/uploads\/2025\/07\/circulation-pump-CE-certification-pdf.jpg'><img loading=\"lazy\" decoding=\"async\" width=\"724\" height=\"1024\" src=\"https:\/\/westonclimate.com\/wp-content\/uploads\/2025\/07\/circulation-pump-CE-certification-pdf-724x1024.jpg\" class=\"attachment-large size-large\" alt=\"\" srcset=\"https:\/\/westonclimate.com\/wp-content\/uploads\/2025\/07\/circulation-pump-CE-certification-pdf-724x1024.jpg 724w, https:\/\/westonclimate.com\/wp-content\/uploads\/2025\/07\/circulation-pump-CE-certification-pdf-212x300.jpg 212w, https:\/\/westonclimate.com\/wp-content\/uploads\/2025\/07\/circulation-pump-CE-certification-pdf-768x1087.jpg 768w, https:\/\/westonclimate.com\/wp-content\/uploads\/2025\/07\/circulation-pump-CE-certification-pdf-600x849.jpg 600w, https:\/\/westonclimate.com\/wp-content\/uploads\/2025\/07\/circulation-pump-CE-certification-pdf.jpg 1058w\" sizes=\"(max-width: 724px) 100vw, 724px\" \/><\/a>\n\t\t\t<\/div><\/figure>\n\t\t<\/div>\n\t\t<\/div>\n\t\t\t\t\t\t<\/div>\n\t\t\t\t<\/div>\n\t\t\t\t\t<\/div>\n\t\t\t\t<\/div>\n\t\t<div class=\"elementor-element elementor-element-e38bac5 e-flex e-con-boxed wpr-particle-no wpr-jarallax-no wpr-parallax-no wpr-sticky-section-no wpr-equal-height-no e-con e-parent\" data-id=\"e38bac5\" data-element_type=\"container\" data-e-type=\"container\">\n\t\t\t\t\t<div class=\"e-con-inner\">\n\t\t\t\t<div class=\"elementor-element elementor-element-a806c90 elementor-widget elementor-widget-spacer\" data-id=\"a806c90\" data-element_type=\"widget\" data-e-type=\"widget\" data-widget_type=\"spacer.default\">\n\t\t\t\t<div class=\"elementor-widget-container\">\n\t\t\t\t\t\t\t<div class=\"elementor-spacer\">\n\t\t\t<div class=\"elementor-spacer-inner\"><\/div>\n\t\t<\/div>\n\t\t\t\t\t\t<\/div>\n\t\t\t\t<\/div>\n\t\t\t\t\t<\/div>\n\t\t\t\t<\/div>\n\t\t\t\t<\/div>\n\t\t","protected":false},"excerpt":{"rendered":"<p>Sertifikaadid Sertifikaadid ja CE-m\u00e4rgis Ventilatsiooniseadmete CE-m\u00e4rgis ja sertifikaadid on olulised mitmel p\u00f5hjusel: Ohutusstandardite j\u00e4rgimine: CE-m\u00e4rgis n\u00e4itab, et ventilatsiooniseade vastab Euroopa Liidu kehtestatud ohutusn\u00f5uetele ja standarditele. See tagab, et seade on projekteeritud ja toodetud nii, et see ei ohustaks kasutajate ohutust ega tervist. Kvaliteet ja j\u00f5udlus: CE-m\u00e4rgis ja sertifikaadid n\u00e4itavad, et seade vastab teatud j\u00f5udluse ja kvaliteedin\u00f5uetele. See aitab kindlustada, et ventilatsiooniseade t\u00e4idab oma funktsiooni t\u00f5husalt ja t\u00f6\u00f6kindlalt, tagades hea sise\u00f5hu kvaliteedi. Keskkonnakaitse: CE-m\u00e4rgis n\u00e4itab, et ventilatsiooniseade vastab keskkonnas\u00f5bralikuse ja energiat\u00f5hususe standarditele. See on oluline, sest energiat\u00f5husad seadmed aitavad v\u00e4hendada energiatarbimist ja seel\u00e4bi ka keskkonnam\u00f5jusid. Usaldus: CE-m\u00e4rgis ja sertifikaadid annavad kindlustunde, et pakume ainult kvaliteetseid ja ohutuid ventilatsiooniseadmeid.<\/p>","protected":false},"author":8,"featured_media":0,"parent":0,"menu_order":0,"comment_status":"closed","ping_status":"closed","template":"","meta":{"footnotes":""},"class_list":["post-978","page","type-page","status-publish","hentry"],"_links":{"self":[{"href":"https:\/\/westonclimate.com\/pt_pt\/wp-json\/wp\/v2\/pages\/978","targetHints":{"allow":["GET"]}}],"collection":[{"href":"https:\/\/westonclimate.com\/pt_pt\/wp-json\/wp\/v2\/pages"}],"about":[{"href":"https:\/\/westonclimate.com\/pt_pt\/wp-json\/wp\/v2\/types\/page"}],"author":[{"embeddable":true,"href":"https:\/\/westonclimate.com\/pt_pt\/wp-json\/wp\/v2\/users\/8"}],"replies":[{"embeddable":true,"href":"https:\/\/westonclimate.com\/pt_pt\/wp-json\/wp\/v2\/comments?post=978"}],"version-history":[{"count":17,"href":"https:\/\/westonclimate.com\/pt_pt\/wp-json\/wp\/v2\/pages\/978\/revisions"}],"predecessor-version":[{"id":8152,"href":"https:\/\/westonclimate.com\/pt_pt\/wp-json\/wp\/v2\/pages\/978\/revisions\/8152"}],"wp:attachment":[{"href":"https:\/\/westonclimate.com\/pt_pt\/wp-json\/wp\/v2\/media?parent=978"}],"curies":[{"name":"wp","href":"https:\/\/api.w.org\/{rel}","templated":true}]}}