{"id":10455,"date":"2025-11-17T22:23:04","date_gmt":"2025-11-17T22:23:04","guid":{"rendered":"https:\/\/westonclimate.com\/?post_type=product&#038;p=10455"},"modified":"2026-02-25T12:30:34","modified_gmt":"2026-02-25T12:30:34","slug":"unidade-de-arrefecimento-interno-cassete-da-bobina-do-ventilador-3","status":"publish","type":"product","link":"https:\/\/westonclimate.com\/pt_pt\/tooted\/weston-climate-hudroboks-siseruumidele-hyd\/","title":{"rendered":"Caixa h\u00eddrica interior Weston Climate HYD"},"content":{"rendered":"<ul>\n<li>Toiteallikas: 220\u2013240 V v\u00f5i 380\u2013400 V<\/li>\n<li>Kaitsel\u00fcliti (A): 25\u201363<\/li>\n<li>Elektriline k\u00fcttekeha: 3 kW<\/li>\n<li>Paisupaak: 5 L<\/li>\n<li>AC kontaktor: 18 A<\/li>\n<li>Kolmiktoruventiil: DN25<\/li>\n<\/ul>","protected":false},"excerpt":{"rendered":"<p>H\u00fcdroboks on soojuspumba sisemoodul, mis \u00fchendab v\u00e4lisseadme hoone k\u00fcttes\u00fcsteemiga ja juhib kogu soojuse liikumist majas. Kompaktne ja t\u00f5hus seade sisaldab k\u00f5iki peamisi komponente \u2013 elektrik\u00fcttekeha, tsirkulatsioonipump, paisupaak, tsooniventiil, peal\u00fcliti ja juhtplokk \u2013 tagades k\u00fcttes\u00fcsteemi t\u00f6\u00f6kindluse ja k\u00f5rge energiat\u00f5hususe.<\/p>\n<p>Vantagens:<\/p>\n<ul>\n<li>Kompaktne ja ruumis\u00e4\u00e4stlik lahendus<\/li>\n<li>Kiire ja lihtne paigaldus<\/li>\n<li>Sobib p\u00f5randak\u00fctte, radiaatorite ja tarbevee tootmisega s\u00fcsteemidele<\/li>\n<li>Tagab stabiilse temperatuuri ja r\u00f5hu<\/li>\n<li>H\u00fcdroboksil on \u00f5hu eraldaja s\u00fcsteemist ehk h\u00fcdroboksi sees on v\u00e4ike seade, mis aitab k\u00fcttes\u00fcsteemist \u00f5humullid eemaldada.<\/li>\n<li>Nutikas automaatjuhtimine mugavaks kasutamiseks<\/li>\n<li>Energiat ja kulusid s\u00e4\u00e4stev t\u00f6\u00f6 t\u00e4nu soojuspumba efektiivsusele<\/li>\n<\/ul>\n<p>Ideaalne valik neile, kes otsivad kaasaegset, vaikset ja usaldusv\u00e4\u00e4rset k\u00fcttelahendust oma koju.<\/p>","protected":false},"featured_media":10463,"template":"","meta":[],"product_brand":[],"product_cat":[211,212],"product_tag":[],"class_list":{"0":"post-10455","1":"product","2":"type-product","3":"status-publish","4":"has-post-thumbnail","6":"product_cat-lisaseadmed","7":"product_cat-kute-ja-jahutus","9":"first","10":"instock","11":"taxable","12":"shipping-taxable","13":"purchasable","14":"product-type-variable","15":"has-default-attributes"},"_links":{"self":[{"href":"https:\/\/westonclimate.com\/pt_pt\/wp-json\/wp\/v2\/product\/10455","targetHints":{"allow":["GET"]}}],"collection":[{"href":"https:\/\/westonclimate.com\/pt_pt\/wp-json\/wp\/v2\/product"}],"about":[{"href":"https:\/\/westonclimate.com\/pt_pt\/wp-json\/wp\/v2\/types\/product"}],"version-history":[{"count":7,"href":"https:\/\/westonclimate.com\/pt_pt\/wp-json\/wp\/v2\/product\/10455\/revisions"}],"predecessor-version":[{"id":11365,"href":"https:\/\/westonclimate.com\/pt_pt\/wp-json\/wp\/v2\/product\/10455\/revisions\/11365"}],"wp:featuredmedia":[{"embeddable":true,"href":"https:\/\/westonclimate.com\/pt_pt\/wp-json\/wp\/v2\/media\/10463"}],"wp:attachment":[{"href":"https:\/\/westonclimate.com\/pt_pt\/wp-json\/wp\/v2\/media?parent=10455"}],"wp:term":[{"taxonomy":"product_brand","embeddable":true,"href":"https:\/\/westonclimate.com\/pt_pt\/wp-json\/wp\/v2\/product_brand?post=10455"},{"taxonomy":"product_cat","embeddable":true,"href":"https:\/\/westonclimate.com\/pt_pt\/wp-json\/wp\/v2\/product_cat?post=10455"},{"taxonomy":"product_tag","embeddable":true,"href":"https:\/\/westonclimate.com\/pt_pt\/wp-json\/wp\/v2\/product_tag?post=10455"}],"curies":[{"name":"wp","href":"https:\/\/api.w.org\/{rel}","templated":true}]}}