{"id":10810,"date":"2026-01-05T12:28:16","date_gmt":"2026-01-05T12:28:16","guid":{"rendered":"https:\/\/westonclimate.com\/?post_type=product&#038;p=10810"},"modified":"2026-01-06T08:07:58","modified_gmt":"2026-01-06T08:07:58","slug":"bomba-de-calor-weston-climate-inverter-para-piscina","status":"publish","type":"product","link":"https:\/\/westonclimate.com\/pt_pt\/tooted\/weston-climate-inverter-soojuspump-basseinile\/","title":{"rendered":"Bomba de calor com inversor Weston Climate para piscina"},"content":{"rendered":"<ul>\n<li>Capacidade nominal de aquecimento:<strong> 5,5kW, 11,5kW, 32kW<\/strong><\/li>\n<li><span class=\"Y2IQFc\" lang=\"et\">Capacidade de aquecimento (kW): 5,5kW: <strong>1,1-5,5<\/strong>; 11,5kW: <strong>2,21-11,5;<\/strong> 32kW:<strong> 10,5-32<\/strong><\/span><\/li>\n<li>Gama COP: 5,5kW:<strong> 14~6.55; <\/strong>11,5 kW:<strong> 14.5~6.4; <\/strong>32kW: <strong>5.14\uff5e8.5<\/strong><\/li>\n<li><strong>Gest\u00e3o de WiFi<\/strong><\/li>\n<li>Tens\u00e3o de alimenta\u00e7\u00e3o: 5,5kW e 11,5kW: <strong>230V (1F) ou<\/strong> 32kW: <strong>380V (3F)\u00a0<\/strong><\/li>\n<li>Compressor: <b>Rotativo<\/b><\/li>\n<li>Refrigerante: R32<\/li>\n<li><span class=\"Y2IQFc\" lang=\"et\">Temperatura ambiente: (DB\/WB) 27 \u00b0C\/24,3 \u00b0C; Temperatura de entrada\/sa\u00edda da \u00e1gua: 26 \u00b0C\/28 \u00b0C.<\/span><\/li>\n<li><span class=\"Y2IQFc\" lang=\"et\">Temperatura ambiente: (DB\/WB) 15 \u00b0C\/12 \u00b0C; Temperatura de entrada da \u00e1gua: 26 \u00b0C\/28 \u00b0C.<\/span><\/li>\n<li>Temperatura do ar de trabalho (\u2103): <strong>-10 a 43\u00b0C<\/strong><\/li>\n<li>Gama de temperaturas de aquecimento (\u2103): <strong>15 a 40\u00b0C<\/strong><\/li>\n<li>Gama de temperaturas de arrefecimento (\u2103): <strong>7 a 35\u00b0C<\/strong><\/li>\n<li><span class=\"Y2IQFc\" lang=\"et\">Regulador de g\u00e1s V\u00e1lvula de 4 vias<\/span><\/li>\n<li><span class=\"Y2IQFc\" lang=\"et\">N\u00edvel de ru\u00eddo a 1 m dB(A): 5,5kW: <strong>20~44<\/strong>; 11,5kW: <strong>22~47<\/strong>; 32kW: <strong>36~55\u00a0<\/strong><\/span><\/li>\n<li>Caudal de \u00e1gua (m\u00b3\/h): <strong>2,4; 4,9; 13,8<\/strong><\/li>\n<li>Peso (kg): 33kg; 44kg; 76kg<\/li>\n<li><span class=\"Y2IQFc\" lang=\"et\">Dimens\u00f5es l\u00edquidas (mm): 5,5kW e 11,5kW: <strong>903*340*666 |<\/strong> 32kW:<strong> 1117*437*770<\/strong><\/span><\/li>\n<li><span class=\"Y2IQFc\" lang=\"et\">Dimens\u00f5es da embalagem (mm): 5,5kW e 11,5kW: <strong>995*415*810 |<\/strong> 32kW: <strong>1205*505*925<\/strong><\/span><\/li>\n<\/ul>","protected":false},"excerpt":{"rendered":"<p data-start=\"123\" data-end=\"188\">Bomba de calor inverter para piscinas, com capacidades de aquecimento at\u00e9 5,5 kW, at\u00e9 11,5 kW e at\u00e9 32 kW. As bombas de calor para piscinas com tecnologia inverter garantem um aquecimento de \u00e1gua silencioso e energeticamente eficiente durante toda a esta\u00e7\u00e3o. As unidades ajustam automaticamente o seu funcionamento \u00e0s necessidades reais de calor, o que ajuda a reduzir o consumo de eletricidade e a prolongar a vida \u00fatil da unidade. Adequadas tanto para piscinas dom\u00e9sticas mais pequenas como para piscinas maiores.<\/p>\n<p data-start=\"452\" data-end=\"476\">Est\u00e3o dispon\u00edveis tr\u00eas modelos:<\/p>\n<ul>\n<li>at\u00e9 5,5 kW - adequado para piscinas at\u00e9 7 m\u00b3 \/ 7 000 litros<\/li>\n<li>at\u00e9 11,5 kW - adequado para piscinas at\u00e9 15 m\u00b3 \/ 15 000 litros.<\/li>\n<li>at\u00e9 32 kW - adequado para piscinas at\u00e9 42 m\u00b3 \/ 42 000 litros<\/li>\n<\/ul>\n<p data-start=\"657\" data-end=\"951\">Todos os modelos est\u00e3o equipados com <strong data-start=\"684\" data-end=\"704\">Controlado por Wi-Fi<\/strong>, , , . <strong data-start=\"716\" data-end=\"734\">Refrigerante R32<\/strong> e s\u00e3o fi\u00e1veis mesmo em climas mais frios. <strong data-start=\"776\" data-end=\"802\">Permutador de calor em tit\u00e2nio<\/strong> Adequadas para piscinas de \u00e1gua salgada e cloradas. O baixo n\u00edvel de ru\u00eddo e o COP elevado tornam estas bombas de calor para piscinas muito adequadas para piscinas dom\u00e9sticas e comerciais.<\/p>","protected":false},"featured_media":10837,"template":"","meta":[],"product_brand":[],"product_cat":[63,275,88],"product_tag":[],"class_list":{"0":"post-10810","1":"product","2":"type-product","3":"status-publish","4":"has-post-thumbnail","6":"product_cat-soojuspumbad","7":"product_cat-soojuspump-basseinile","8":"product_cat-allahindlus","10":"first","11":"instock","12":"taxable","13":"shipping-taxable","14":"purchasable","15":"product-type-variable"},"_links":{"self":[{"href":"https:\/\/westonclimate.com\/pt_pt\/wp-json\/wp\/v2\/product\/10810","targetHints":{"allow":["GET"]}}],"collection":[{"href":"https:\/\/westonclimate.com\/pt_pt\/wp-json\/wp\/v2\/product"}],"about":[{"href":"https:\/\/westonclimate.com\/pt_pt\/wp-json\/wp\/v2\/types\/product"}],"version-history":[{"count":10,"href":"https:\/\/westonclimate.com\/pt_pt\/wp-json\/wp\/v2\/product\/10810\/revisions"}],"predecessor-version":[{"id":10852,"href":"https:\/\/westonclimate.com\/pt_pt\/wp-json\/wp\/v2\/product\/10810\/revisions\/10852"}],"wp:featuredmedia":[{"embeddable":true,"href":"https:\/\/westonclimate.com\/pt_pt\/wp-json\/wp\/v2\/media\/10837"}],"wp:attachment":[{"href":"https:\/\/westonclimate.com\/pt_pt\/wp-json\/wp\/v2\/media?parent=10810"}],"wp:term":[{"taxonomy":"product_brand","embeddable":true,"href":"https:\/\/westonclimate.com\/pt_pt\/wp-json\/wp\/v2\/product_brand?post=10810"},{"taxonomy":"product_cat","embeddable":true,"href":"https:\/\/westonclimate.com\/pt_pt\/wp-json\/wp\/v2\/product_cat?post=10810"},{"taxonomy":"product_tag","embeddable":true,"href":"https:\/\/westonclimate.com\/pt_pt\/wp-json\/wp\/v2\/product_tag?post=10810"}],"curies":[{"name":"wp","href":"https:\/\/api.w.org\/{rel}","templated":true}]}}