{"id":11029,"date":"2026-02-04T10:02:59","date_gmt":"2026-02-04T10:02:59","guid":{"rendered":"https:\/\/westonclimate.com\/?post_type=product&#038;p=11029"},"modified":"2026-03-10T12:08:16","modified_gmt":"2026-03-10T12:08:16","slug":"desumidificador-e-unidade-de-ventilacao-com-recuperacao-de-calor-para-teto-weston-climate-250-500m%c2%b3-h","status":"publish","type":"product","link":"https:\/\/westonclimate.com\/pt_pt\/tooted\/weston-climate-ohukuivati-ja-soojustagastusega-ventilatsiooni-laeseade-250-500m3-h\/","title":{"rendered":"Desumidificador e recuperador de calor WESTON CLIMATE unidade de ventila\u00e7\u00e3o de teto 250-500m3\/h"},"content":{"rendered":"<p><strong>Carater\u00edsticas:<\/strong><\/p>\n<ul>\n<li>Tens\u00e3o de alimenta\u00e7\u00e3o: 220 V<\/li>\n<li>Pot\u00eancia: 380 W<\/li>\n<li>Caudal de ar: 250-350 m\u00b3\/h e 350-500 m\u00b3\/h<\/li>\n<li>Compressor: Panasonic<\/li>\n<li>Press\u00e3o: 265 Pa e 275 Pa<\/li>\n<li>Secagem ao ar: 33 l\/24 h e at\u00e9 58 l\/24 h.<\/li>\n<li>Efici\u00eancia de recupera\u00e7\u00e3o de calor: 68-73% e 66-71%<\/li>\n<li>N\u00edvel de ru\u00eddo: 35-48 dB(A) e 38-49 dB(A).<\/li>\n<li>Filtros: pr\u00e9-filtro + filtro de carv\u00e3o ativado, HEPA H13 (opcional)<\/li>\n<li>Drenagem autom\u00e1tica de condensados: sim (bomba de \u00e1gua incorporada)<\/li>\n<li>M\u00f5\u00f5dud: 0,962&#215;0,680\u00d70,261m; 1,114&#215;0,909\u00d70,267m<\/li>\n<li>Peso: 45kg, 63kg<\/li>\n<\/ul>\n<p>&nbsp;<\/p>\n<ul>\n<li><b>Descri\u00e7\u00e3o das carater\u00edsticas:<\/b><\/li>\n<\/ul>\n<p data-start=\"0\" data-end=\"681\">- Bomba de condensados autom\u00e1tica incorporada com sensor de n\u00edvel laser para drenagem autom\u00e1tica de condensados.<br data-start=\"140\" data-end=\"143\" \/>- Dois modos de funcionamento: modo regulado pelo calor e modo de desumidifica\u00e7\u00e3o<br data-start=\"209\" data-end=\"212\" \/>- O sistema alterna automaticamente entre modos de acordo com o n\u00edvel de humidade definido.<br data-start=\"301\" data-end=\"304\" \/>- Design compacto, adequado para instala\u00e7\u00e3o no teto ou encastrada<br data-start=\"376\" data-end=\"379\" \/>- Permutador de calor de alta efici\u00eancia com recupera\u00e7\u00e3o de calor para uma ventila\u00e7\u00e3o energeticamente eficiente<br data-start=\"466\" data-end=\"469\" \/>- Funcionamento silencioso, adequado para uso residencial<br data-start=\"513\" data-end=\"516\" \/>- Concebida para um funcionamento cont\u00ednuo com um desempenho est\u00e1vel<br data-start=\"561\" data-end=\"564\" \/>- Escotilha de manuten\u00e7\u00e3o para facilitar a manuten\u00e7\u00e3o e a substitui\u00e7\u00e3o do filtro<br data-start=\"618\" data-end=\"621\" \/>- Conformidade com a Diretiva de conce\u00e7\u00e3o ecol\u00f3gica ErP 1253\/2014 da UE.<\/p>\n<p data-start=\"683\" data-end=\"1793\" data-is-last-node=\"\" data-is-only-node=\"\"><strong data-start=\"683\" data-end=\"707\">Fun\u00e7\u00f5es de controlo<\/strong><br data-start=\"707\" data-end=\"710\" \/>- Sistema de controlo integrado com ecr\u00e3 LCD que mostra PM2,5, COV, temperatura, humidade e outros indicadores da qualidade do ar interior (QAI) em tempo real.<br data-start=\"856\" data-end=\"859\" \/>- Controlo local e remoto: suporta os modos manual, autom\u00e1tico, temporizador e desumidifica\u00e7\u00e3o; o modo autom\u00e1tico ajusta a velocidade da ventoinha de acordo com o n\u00edvel de PM2,5.<br data-start=\"1025\" data-end=\"1028\" \/>- Liga\u00e7\u00e3o Modbus RS485, compat\u00edvel com sistemas dom\u00e9sticos inteligentes; o endere\u00e7o do dispositivo pode ser definido entre 1-254.<br data-start=\"1130\" data-end=\"1133\" \/>- Sensores IAQ incorporados (PM2,5, COV, temperatura, humidade), sensor de CO\u2082 como op\u00e7\u00e3o<br data-start=\"1225\" data-end=\"1228\" \/>- Programa\u00e7\u00e3o semanal com at\u00e9 28 per\u00edodos de tempo configur\u00e1veis para definir a velocidade da ventoinha e os modos de funcionamento<br data-start=\"1337\" data-end=\"1340\" \/>- Controlo separado do ar fresco e da desumidifica\u00e7\u00e3o com controlo inteligente do compressor (fun\u00e7\u00e3o anticongelante e prote\u00e7\u00e3o contra alta e baixa press\u00e3o).<br data-start=\"1483\" data-end=\"1486\" \/>- Possibilidade de ligar sensores e acess\u00f3rios externos (v\u00e1lvulas, ESP, geradores de i\u00f5es negativos, etc.)<br data-start=\"1591\" data-end=\"1594\" \/>- Controlo remoto atrav\u00e9s da aplica\u00e7\u00e3o Tuya Smart, mais bot\u00f5es locais e fun\u00e7\u00e3o de bloqueio para crian\u00e7as<br data-start=\"1684\" data-end=\"1687\" \/>- Monitoriza\u00e7\u00e3o da vida \u00fatil do filtro com lembrete de substitui\u00e7\u00e3o e op\u00e7\u00e3o de defini\u00e7\u00e3o do intervalo de manuten\u00e7\u00e3o<\/p>","protected":false},"excerpt":{"rendered":"<p data-start=\"300\" data-end=\"614\">Eficiente e fi\u00e1vel <strong>unidade de teto com desumidificador e ventila\u00e7\u00e3o com recupera\u00e7\u00e3o de calor 250-500m3\/h,<\/strong> que assegura as suas instala\u00e7\u00f5es <strong data-start=\"383\" data-end=\"447\">ar fresco, n\u00edveis \u00f3ptimos de humidade e um clima interior est\u00e1vel.<\/strong> durante todo o ano. Um \u00fanico dispositivo combina <strong data-start=\"489\" data-end=\"524\">ventila\u00e7\u00e3o com recupera\u00e7\u00e3o de calor<\/strong> e <strong data-start=\"528\" data-end=\"549\">secagem r\u00e1pida ao ar<\/strong>, O sistema de prote\u00e7\u00e3o contra a humidade, o bolor e o mofo.<\/p>\n<p data-start=\"616\" data-end=\"921\">A unidade \u00e9 adequada para salas de estar, escrit\u00f3rios e pequenas instala\u00e7\u00f5es comerciais onde \u00e9 necess\u00e1ria uma ventila\u00e7\u00e3o cont\u00ednua e autom\u00e1tica. A ventila\u00e7\u00e3o com regula\u00e7\u00e3o t\u00e9rmica assegura uma troca de ar equilibrada, enquanto o desumidificador incorporado controla os n\u00edveis de humidade mesmo com cargas pesadas.<\/p>\n<p data-start=\"923\" data-end=\"1273\">Governa\u00e7\u00e3o baseada em <strong data-start=\"941\" data-end=\"974\">autom\u00e1tico interno<\/strong> e modos de funcionamento que controlam a ventila\u00e7\u00e3o e a desumidifica\u00e7\u00e3o conforme necess\u00e1rio. Isto garante um funcionamento fi\u00e1vel e est\u00e1vel. <strong data-start=\"1108\" data-end=\"1160\">sem uma liga\u00e7\u00e3o Wi-Fi, aplica\u00e7\u00e3o ou depend\u00eancia da Internet<\/strong>, O sistema de gest\u00e3o de res\u00edduos, tamb\u00e9m adequado para instala\u00e7\u00f5es t\u00e9cnicas e locais onde \u00e9 necess\u00e1ria uma solu\u00e7\u00e3o simples e fi\u00e1vel.<\/p>\n<p data-start=\"1275\" data-end=\"1510\">Filtragem de v\u00e1rios est\u00e1gios com filtro de carv\u00e3o ativado e filtro opcional <strong data-start=\"1339\" data-end=\"1360\">com filtro HEPA H13<\/strong> garante um ar interior limpo e saud\u00e1vel. A drenagem autom\u00e1tica de condensados incorporada torna a unidade c\u00f3moda de utilizar e reduz a manuten\u00e7\u00e3o.<\/p>\n<table style=\"border-collapse: collapse; width: 48pt;\" border=\"0\" width=\"64\" cellspacing=\"0\" cellpadding=\"0\">\n<tbody>\n<tr style=\"height: 14.4pt;\">\n<td style=\"height: 14.4pt; width: 48pt;\" width=\"64\" height=\"19\"><a href=\"https:\/\/westonclimate.com\/wp-content\/uploads\/2026\/02\/emc-certificate.pdf\" target=\"_blank\" rel=\"noopener\"><img fetchpriority=\"high\" decoding=\"async\" class=\"alignnone size-medium wp-image-11099\" src=\"https:\/\/westonclimate.com\/wp-content\/uploads\/2026\/02\/Cert_2.0-210x300.png\" alt=\"\" width=\"210\" height=\"300\" srcset=\"https:\/\/westonclimate.com\/wp-content\/uploads\/2026\/02\/Cert_2.0-210x300.png 210w, https:\/\/westonclimate.com\/wp-content\/uploads\/2026\/02\/Cert_2.0-717x1024.png 717w, https:\/\/westonclimate.com\/wp-content\/uploads\/2026\/02\/Cert_2.0-768x1097.png 768w, https:\/\/westonclimate.com\/wp-content\/uploads\/2026\/02\/Cert_2.0-8x12.png 8w, https:\/\/westonclimate.com\/wp-content\/uploads\/2026\/02\/Cert_2.0-600x857.png 600w, https:\/\/westonclimate.com\/wp-content\/uploads\/2026\/02\/Cert_2.0.png 812w\" sizes=\"(max-width: 210px) 100vw, 210px\" \/><\/a><\/td>\n<\/tr>\n<\/tbody>\n<\/table>","protected":false},"featured_media":11055,"template":"","meta":[],"product_brand":[],"product_cat":[121,122,35],"product_tag":[],"class_list":{"0":"post-11029","1":"product","2":"type-product","3":"status-publish","4":"has-post-thumbnail","6":"product_cat-laeventilatsioon","7":"product_cat-vertikaalsed","8":"product_cat-ventilatsiooniseadmed","10":"first","11":"instock","12":"taxable","13":"shipping-taxable","14":"purchasable","15":"product-type-variable"},"_links":{"self":[{"href":"https:\/\/westonclimate.com\/pt_pt\/wp-json\/wp\/v2\/product\/11029","targetHints":{"allow":["GET"]}}],"collection":[{"href":"https:\/\/westonclimate.com\/pt_pt\/wp-json\/wp\/v2\/product"}],"about":[{"href":"https:\/\/westonclimate.com\/pt_pt\/wp-json\/wp\/v2\/types\/product"}],"version-history":[{"count":16,"href":"https:\/\/westonclimate.com\/pt_pt\/wp-json\/wp\/v2\/product\/11029\/revisions"}],"predecessor-version":[{"id":11101,"href":"https:\/\/westonclimate.com\/pt_pt\/wp-json\/wp\/v2\/product\/11029\/revisions\/11101"}],"wp:featuredmedia":[{"embeddable":true,"href":"https:\/\/westonclimate.com\/pt_pt\/wp-json\/wp\/v2\/media\/11055"}],"wp:attachment":[{"href":"https:\/\/westonclimate.com\/pt_pt\/wp-json\/wp\/v2\/media?parent=11029"}],"wp:term":[{"taxonomy":"product_brand","embeddable":true,"href":"https:\/\/westonclimate.com\/pt_pt\/wp-json\/wp\/v2\/product_brand?post=11029"},{"taxonomy":"product_cat","embeddable":true,"href":"https:\/\/westonclimate.com\/pt_pt\/wp-json\/wp\/v2\/product_cat?post=11029"},{"taxonomy":"product_tag","embeddable":true,"href":"https:\/\/westonclimate.com\/pt_pt\/wp-json\/wp\/v2\/product_tag?post=11029"}],"curies":[{"name":"wp","href":"https:\/\/api.w.org\/{rel}","templated":true}]}}