{"id":11235,"date":"2026-02-18T13:03:12","date_gmt":"2026-02-18T13:03:12","guid":{"rendered":"https:\/\/westonclimate.com\/?post_type=product&#038;p=11235"},"modified":"2026-02-20T10:00:46","modified_gmt":"2026-02-20T10:00:46","slug":"weston-climate-r290-monobloco-full-inverter-ohk-bomba-de-calor-de-agua-380v-50kw","status":"publish","type":"product","link":"https:\/\/westonclimate.com\/pt_pt\/tooted\/weston-climate-r290-monoblock-full-inverter-ohk-vesi-soojuspump-380v-50kw\/","title":{"rendered":"WESTON CLIMATE R290 MONOBLOCK Inversor completo bomba de calor ar-\u00e1gua 380V 50kW"},"content":{"rendered":"<h3 data-start=\"2030\" data-end=\"2057\"><strong data-start=\"2034\" data-end=\"2055\">Dados t\u00e9cnicos:<\/strong><\/h3>\n<ul>\n<li>Tens\u00e3o de alimenta\u00e7\u00e3o: 380 V\/3N~\/50Hz<\/li>\n<li>Classe energ\u00e9tica: A+++<\/li>\n<li>Tipo de compressor:Panasonic DC \/ 1 conjunto<\/li>\n<li>Capacidade nominal de aquecimento: 50 kW<\/li>\n<li>Gama de capacidades de aquecimento: 13,62-50 kW<\/li>\n<li>Pot\u00eancia de entrada de aquecimento: 2,34-11,68 kW<\/li>\n<li>Gama COP: 5,82-4,28<\/li>\n<li>O SCOP \u00e9 de 5,1 (35 \u00b0C) e 3,9 (55 \u00b0C).<\/li>\n<li>Capacidade de arrefecimento: 7,60-35,00 kW<\/li>\n<li>EER: 4,30-2,83<\/li>\n<li>Caudal de \u00e1gua: 8,6 m\u00b3\/h<\/li>\n<li>Liga\u00e7\u00e3o de \u00e1gua: DN50<\/li>\n<li>Temperatura m\u00e1xima da \u00e1gua: 75 \u00b0C<\/li>\n<li>Temperatura do ar exterior: -25 a 43 \u00b0C<\/li>\n<li>Gama de temperaturas para o modo de aquecimento: 30 a 60 \u00b0C<\/li>\n<li>N\u00edvel de ru\u00eddo: 58 dB(A)<\/li>\n<li>Peso: 450 kg<\/li>\n<li>Dimens\u00f5es (comprimento \u00d7 largura \u00d7 altura): 1095 \u00d7 1315 \u00d7 2435 mm<\/li>\n<li>Garantia: 7 anos<\/li>\n<li>Fabricante: Weston Climate<\/li>\n<\/ul>","protected":false},"excerpt":{"rendered":"<p data-start=\"45\" data-end=\"329\">A bomba de calor ar-\u00e1gua WESTON CLIMATE R290 MONOBLOCK Full Inverter 380V 50kW \u00e9 uma bomba de calor ar-\u00e1gua industrial, que permite cobrir as necessidades de aquecimento, arrefecimento e \u00e1gua quente sanit\u00e1ria de um edif\u00edcio com uma \u00fanica unidade. A unidade utiliza um fluido frigorig\u00e9neo natural com um impacto ambiental muito reduzido. Est\u00e1 em conformidade com os requisitos modernos e ajuda a manter o consumo de energia sob controlo.<\/p>\n<p data-start=\"331\" data-end=\"608\">A bomba de calor proporciona uma efici\u00eancia energ\u00e9tica A+++ a 35\u00b0C e 55\u00b0C e combina aquecimento, arrefecimento e produ\u00e7\u00e3o de \u00e1gua quente numa \u00fanica unidade. A unidade funciona de forma fi\u00e1vel mesmo em condi\u00e7\u00f5es mais exigentes, de -25\u00b0C a +43\u00b0C no exterior, e pode aquecer \u00e1gua at\u00e9 75\u00b0C. Tamb\u00e9m \u00e9 adequada para utiliza\u00e7\u00e3o nas aplica\u00e7\u00f5es mais exigentes.<\/p>\n<p data-start=\"610\" data-end=\"888\">O funcionamento \u00e9 silencioso e o sistema de fus\u00e3o inteligente s\u00f3 arranca quando \u00e9 realmente necess\u00e1rio. Para sua comodidade, a unidade est\u00e1 equipada com liga\u00e7\u00e3o Wi-Fi e um ecr\u00e3 t\u00e1til de 7 polegadas. Podem ser ligadas at\u00e9 16 unidades a um \u00fanico sistema, o que o torna adequado para edif\u00edcios e \u00e1reas maiores.<\/p>\n<p data-start=\"890\" data-end=\"1023\">O dispositivo \u00e9 adequado para edif\u00edcios comerciais, edif\u00edcios industriais, escrit\u00f3rios e outros objectos de maiores dimens\u00f5es.<\/p>\n<p data-start=\"1025\" data-end=\"1117\" data-is-last-node=\"\" data-is-only-node=\"\">A bomba de calor ar-\u00e1gua WESTON CLIMATE R290 MONOBLOCK Full Inverter 380V 50kW \u00e9 uma solu\u00e7\u00e3o fi\u00e1vel e energeticamente eficiente para utiliza\u00e7\u00e3o durante todo o ano.<\/p>\n<table style=\"border-collapse: collapse; width: 48pt;\" border=\"0\" width=\"64\" cellspacing=\"0\" cellpadding=\"0\">\n<tbody>\n<tr style=\"height: 15.0pt;\">\n<td style=\"height: 15.0pt; width: 48pt;\" width=\"64\" height=\"20\"><a href=\"https:\/\/westonclimate.com\/wp-content\/uploads\/2026\/02\/Cert-041-K054-13.pdf\" target=\"_blank\" rel=\"noopener\"><img fetchpriority=\"high\" decoding=\"async\" class=\"alignnone size-medium wp-image-11257\" src=\"https:\/\/westonclimate.com\/wp-content\/uploads\/2026\/02\/Cert-60PA-211x300.png\" alt=\"\" width=\"211\" height=\"300\" srcset=\"https:\/\/westonclimate.com\/wp-content\/uploads\/2026\/02\/Cert-60PA-211x300.png 211w, https:\/\/westonclimate.com\/wp-content\/uploads\/2026\/02\/Cert-60PA-719x1024.png 719w, https:\/\/westonclimate.com\/wp-content\/uploads\/2026\/02\/Cert-60PA-768x1093.png 768w, https:\/\/westonclimate.com\/wp-content\/uploads\/2026\/02\/Cert-60PA-8x12.png 8w, https:\/\/westonclimate.com\/wp-content\/uploads\/2026\/02\/Cert-60PA-600x854.png 600w, https:\/\/westonclimate.com\/wp-content\/uploads\/2026\/02\/Cert-60PA.png 857w\" sizes=\"(max-width: 211px) 100vw, 211px\" \/><\/a><\/td>\n<\/tr>\n<\/tbody>\n<\/table>","protected":false},"featured_media":11233,"template":"","meta":[],"product_brand":[],"product_cat":[63,95,93,115,91,89],"product_tag":[],"class_list":{"0":"post-11235","1":"product","2":"type-product","3":"status-publish","4":"has-post-thumbnail","6":"product_cat-soojuspumbad","7":"product_cat-380v-r32","8":"product_cat-380v","9":"product_cat-monobloc-weston-r290","10":"product_cat-r290","11":"product_cat-toostuslik-monobloc","13":"first","14":"instock","15":"taxable","16":"shipping-taxable","17":"purchasable","18":"product-type-simple"},"_links":{"self":[{"href":"https:\/\/westonclimate.com\/pt_pt\/wp-json\/wp\/v2\/product\/11235","targetHints":{"allow":["GET"]}}],"collection":[{"href":"https:\/\/westonclimate.com\/pt_pt\/wp-json\/wp\/v2\/product"}],"about":[{"href":"https:\/\/westonclimate.com\/pt_pt\/wp-json\/wp\/v2\/types\/product"}],"version-history":[{"count":8,"href":"https:\/\/westonclimate.com\/pt_pt\/wp-json\/wp\/v2\/product\/11235\/revisions"}],"predecessor-version":[{"id":11261,"href":"https:\/\/westonclimate.com\/pt_pt\/wp-json\/wp\/v2\/product\/11235\/revisions\/11261"}],"wp:featuredmedia":[{"embeddable":true,"href":"https:\/\/westonclimate.com\/pt_pt\/wp-json\/wp\/v2\/media\/11233"}],"wp:attachment":[{"href":"https:\/\/westonclimate.com\/pt_pt\/wp-json\/wp\/v2\/media?parent=11235"}],"wp:term":[{"taxonomy":"product_brand","embeddable":true,"href":"https:\/\/westonclimate.com\/pt_pt\/wp-json\/wp\/v2\/product_brand?post=11235"},{"taxonomy":"product_cat","embeddable":true,"href":"https:\/\/westonclimate.com\/pt_pt\/wp-json\/wp\/v2\/product_cat?post=11235"},{"taxonomy":"product_tag","embeddable":true,"href":"https:\/\/westonclimate.com\/pt_pt\/wp-json\/wp\/v2\/product_tag?post=11235"}],"curies":[{"name":"wp","href":"https:\/\/api.w.org\/{rel}","templated":true}]}}