{"id":11274,"date":"2026-02-24T16:31:41","date_gmt":"2026-02-24T16:31:41","guid":{"rendered":"https:\/\/westonclimate.com\/?post_type=product&#038;p=11274"},"modified":"2026-02-25T08:13:54","modified_gmt":"2026-02-25T08:13:54","slug":"weston-climate-180mm-4m-bomba-de-circulacao-de-agua-quente-3fix-auto-25w-g1-5g1-2","status":"publish","type":"product","link":"https:\/\/westonclimate.com\/pt_pt\/tooted\/weston-climate-180mm-4m-kuuma-vee-tsirkulatsioonipump-3fix-auto-25w-g2-%e2%86%92-g1-2\/","title":{"rendered":"Weston Climate 180mm 4m bomba de circula\u00e7\u00e3o de \u00e1gua quente 3fix\/Auto 25W G2\u2019\u2019 \u2192 G1.2\u2019\u2019"},"content":{"rendered":"<ul>\n<li data-start=\"1028\" data-end=\"1051\">Altura de eleva\u00e7\u00e3o: at\u00e9 4 m<\/li>\n<li data-start=\"1054\" data-end=\"1092\">Vooluhulk(L\/min): kuni 45 L\/min<\/li>\n<li>Modos de funcionamento: 3 modos de velocidade fixa e autom\u00e1tica<\/li>\n<li data-start=\"1095\" data-end=\"1109\">Pot\u00eancia: 25W<\/li>\n<li data-start=\"1112\" data-end=\"1131\">Comprimento de instala\u00e7\u00e3o: 180 mm<\/li>\n<li data-start=\"1134\" data-end=\"1166\">Voltage\/frequency: 220-250V\/50-60Hz<\/li>\n<li data-start=\"1169\" data-end=\"1212\">Grau de prote\u00e7\u00e3o: IP44<\/li>\n<li data-start=\"1237\" data-end=\"1252\">Keere: G2\u2019\u2019<\/li>\n<li data-start=\"1255\" data-end=\"1280\">\u00dcleminek: G2\u2019\u2019 \u2192 G1.2\u2019\u2019<\/li>\n<\/ul>","protected":false},"excerpt":{"rendered":"<p data-start=\"181\" data-end=\"458\">A bomba de circula\u00e7\u00e3o Weston Climate de 180 mm \u00e9 uma solu\u00e7\u00e3o fi\u00e1vel e economizadora de energia para aquecimento ou circula\u00e7\u00e3o de \u00e1gua quente sanit\u00e1ria. A unidade \u00e9 adequada para utiliza\u00e7\u00e3o em casas particulares, blocos de apartamentos e sistemas de aquecimento mais pequenos, onde \u00e9 necess\u00e1rio um caudal de \u00e1gua est\u00e1vel e uma altura de eleva\u00e7\u00e3o at\u00e9 4 metros.<\/p>\n<p data-start=\"460\" data-end=\"685\">Weston Climate <strong>180mm 4m bomba de circula\u00e7\u00e3o de \u00e1gua quente 3fix\/Auto 25W G2\u2019\u2019 \u2192 G1.2\u2019\u2019 <\/strong>est\u00e1 equipado com tr\u00eas velocidades fixas e um modo autom\u00e1tico, que permite adaptar o funcionamento de acordo com as necessidades do sistema. O modo autom\u00e1tico optimiza a carga de trabalho e ajuda a reduzir o consumo de energia e a prolongar a vida \u00fatil da unidade.<\/p>\n<p data-start=\"687\" data-end=\"885\">Com um comprimento de instala\u00e7\u00e3o de 180 mm, a bomba \u00e9 adequada tanto para sistemas novos como para sistemas existentes. A classe de prote\u00e7\u00e3o IP44 garante um funcionamento seguro em condi\u00e7\u00f5es normais de sala de caldeiras.<\/p>\n<p data-start=\"887\" data-end=\"994\">T\u00e4nu G2\u2019\u2019 \u00fchendusele ja komplektis olevale \u00fcleminekule G2\u2019\u2019 \u2192 G1.2\u2019\u2019 on paigaldus lihtne ja universaalne.<\/p>","protected":false},"featured_media":11276,"template":"","meta":[],"product_brand":[],"product_cat":[67,294],"product_tag":[],"class_list":{"0":"post-11274","1":"product","2":"type-product","3":"status-publish","4":"has-post-thumbnail","6":"product_cat-tsirkulatsioonipumbad","7":"product_cat-weston-climate","9":"first","10":"instock","11":"taxable","12":"shipping-taxable","13":"purchasable","14":"product-type-simple"},"_links":{"self":[{"href":"https:\/\/westonclimate.com\/pt_pt\/wp-json\/wp\/v2\/product\/11274","targetHints":{"allow":["GET"]}}],"collection":[{"href":"https:\/\/westonclimate.com\/pt_pt\/wp-json\/wp\/v2\/product"}],"about":[{"href":"https:\/\/westonclimate.com\/pt_pt\/wp-json\/wp\/v2\/types\/product"}],"version-history":[{"count":1,"href":"https:\/\/westonclimate.com\/pt_pt\/wp-json\/wp\/v2\/product\/11274\/revisions"}],"predecessor-version":[{"id":11277,"href":"https:\/\/westonclimate.com\/pt_pt\/wp-json\/wp\/v2\/product\/11274\/revisions\/11277"}],"wp:featuredmedia":[{"embeddable":true,"href":"https:\/\/westonclimate.com\/pt_pt\/wp-json\/wp\/v2\/media\/11276"}],"wp:attachment":[{"href":"https:\/\/westonclimate.com\/pt_pt\/wp-json\/wp\/v2\/media?parent=11274"}],"wp:term":[{"taxonomy":"product_brand","embeddable":true,"href":"https:\/\/westonclimate.com\/pt_pt\/wp-json\/wp\/v2\/product_brand?post=11274"},{"taxonomy":"product_cat","embeddable":true,"href":"https:\/\/westonclimate.com\/pt_pt\/wp-json\/wp\/v2\/product_cat?post=11274"},{"taxonomy":"product_tag","embeddable":true,"href":"https:\/\/westonclimate.com\/pt_pt\/wp-json\/wp\/v2\/product_tag?post=11274"}],"curies":[{"name":"wp","href":"https:\/\/api.w.org\/{rel}","templated":true}]}}