{"id":11278,"date":"2026-02-24T16:45:32","date_gmt":"2026-02-24T16:45:32","guid":{"rendered":"https:\/\/westonclimate.com\/?post_type=product&#038;p=11278"},"modified":"2026-02-25T08:13:45","modified_gmt":"2026-02-25T08:13:45","slug":"weston-climate-180mm-4m-bomba-de-circulacao-de-agua-quente-3fix-auto-25w-g1-5g1-3","status":"publish","type":"product","link":"https:\/\/westonclimate.com\/pt_pt\/tooted\/weston-climate-180mm-4m-kuuma-vee-tsirkulatsioonipump-3fix-auto-pwm-25w-g1-5-%e2%86%92-g1\/","title":{"rendered":"Bomba de circula\u00e7\u00e3o de \u00e1gua quente Weston Climate 180mm 4m 3fix\/Auto\/PWM 25W G1.5\u2019\u2019 \u2192 G1\u2019\u2019"},"content":{"rendered":"<ul>\n<li data-start=\"1028\" data-end=\"1051\">Altura de eleva\u00e7\u00e3o: at\u00e9 4 m<\/li>\n<li data-start=\"1054\" data-end=\"1092\">Caudal (L\/min): at\u00e9 40 L\/min<\/li>\n<li>T\u00f6\u00f6re\u017eiimid: 3 fikseeritud kiirust + automaatre\u017eiim + PWM<\/li>\n<li data-start=\"1095\" data-end=\"1109\">Pot\u00eancia: 25W<\/li>\n<li data-start=\"1112\" data-end=\"1131\">Comprimento de instala\u00e7\u00e3o: 180 mm<\/li>\n<li data-start=\"1134\" data-end=\"1166\">Voltage\/frequency: 220-250V\/50-60Hz<\/li>\n<li data-start=\"1169\" data-end=\"1212\">Grau de prote\u00e7\u00e3o: IP44<\/li>\n<li data-start=\"1237\" data-end=\"1252\">Cunha: G1.5\u2019\u2019<\/li>\n<li data-start=\"1255\" data-end=\"1280\">Transi\u00e7\u00e3o: G1.5\u2019\u2019 \u2192 G1\u2019\u2019<\/li>\n<\/ul>","protected":false},"excerpt":{"rendered":"<p data-start=\"109\" data-end=\"387\">Weston Climate 180 mm tsirkulatsioonipump on t\u00f6\u00f6kindel ja energias\u00e4\u00e4stlik lahendus k\u00fcttes\u00fcsteemi v\u00f5i tarbevee ringluse tagamiseks. Seade sobib kasutamiseks eramutes, korterelamutes ja v\u00e4iksemates k\u00fcttes\u00fcsteemides, kus on vaja stabiilset veevoolu ja kuni 4-meetrist t\u00f5stek\u00f5rgust.<\/p>\n<p data-start=\"389\" data-end=\"722\">Weston Climate <strong>180mm 4m kuuma vee tsirkulatsioonipump 3fix\/Auto\/PWM 25W G1.5\u2019\u2019 \u2192 G1\u2019\u2019<\/strong> on varustatud <strong data-start=\"408\" data-end=\"473\">kolme fikseeritud kiiruse, automaatre\u017eiimi ja PWM-juhtimisega<\/strong>. Auto-re\u017eiim kohandab t\u00f6\u00f6 automaatselt vastavalt s\u00fcsteemi vajadusele, aidates v\u00e4hendada energiatarvet ja pikendada seadme eluiga. PWM-funktsioon v\u00f5imaldab pumba t\u00f6\u00f6d t\u00e4psemalt juhtida ja integreerida see kaasaegsete k\u00fcttes\u00fcsteemide automaatikaga.<\/p>\n<p data-start=\"724\" data-end=\"920\"><strong data-start=\"724\" data-end=\"750\">180 mm paigalduspikkus<\/strong> vastab levinud standardile, mist\u00f5ttu sobib pump nii uutele kui ka olemasolevatele s\u00fcsteemidele. IP44 kaitseklass tagab turvalise t\u00f6\u00f6 tavap\u00e4rastes katlaruumi tingimustes.<\/p>\n<p data-start=\"922\" data-end=\"1037\">T\u00e4nu <strong data-start=\"927\" data-end=\"948\">G1.5\u2019\u2019 \u00fchendusele<\/strong> ja komplektis olevale <strong data-start=\"971\" data-end=\"1000\">\u00fcleminekule G1.5\u2019\u2019 \u2192 G1\u2019\u2019<\/strong> on paigaldus lihtne ja universaalne.<\/p>","protected":false},"featured_media":11279,"template":"","meta":[],"product_brand":[],"product_cat":[67,294],"product_tag":[],"class_list":{"0":"post-11278","1":"product","2":"type-product","3":"status-publish","4":"has-post-thumbnail","6":"product_cat-tsirkulatsioonipumbad","7":"product_cat-weston-climate","9":"first","10":"instock","11":"taxable","12":"shipping-taxable","13":"purchasable","14":"product-type-simple"},"_links":{"self":[{"href":"https:\/\/westonclimate.com\/pt_pt\/wp-json\/wp\/v2\/product\/11278","targetHints":{"allow":["GET"]}}],"collection":[{"href":"https:\/\/westonclimate.com\/pt_pt\/wp-json\/wp\/v2\/product"}],"about":[{"href":"https:\/\/westonclimate.com\/pt_pt\/wp-json\/wp\/v2\/types\/product"}],"version-history":[{"count":2,"href":"https:\/\/westonclimate.com\/pt_pt\/wp-json\/wp\/v2\/product\/11278\/revisions"}],"predecessor-version":[{"id":11281,"href":"https:\/\/westonclimate.com\/pt_pt\/wp-json\/wp\/v2\/product\/11278\/revisions\/11281"}],"wp:featuredmedia":[{"embeddable":true,"href":"https:\/\/westonclimate.com\/pt_pt\/wp-json\/wp\/v2\/media\/11279"}],"wp:attachment":[{"href":"https:\/\/westonclimate.com\/pt_pt\/wp-json\/wp\/v2\/media?parent=11278"}],"wp:term":[{"taxonomy":"product_brand","embeddable":true,"href":"https:\/\/westonclimate.com\/pt_pt\/wp-json\/wp\/v2\/product_brand?post=11278"},{"taxonomy":"product_cat","embeddable":true,"href":"https:\/\/westonclimate.com\/pt_pt\/wp-json\/wp\/v2\/product_cat?post=11278"},{"taxonomy":"product_tag","embeddable":true,"href":"https:\/\/westonclimate.com\/pt_pt\/wp-json\/wp\/v2\/product_tag?post=11278"}],"curies":[{"name":"wp","href":"https:\/\/api.w.org\/{rel}","templated":true}]}}