{"id":11286,"date":"2026-02-24T17:00:00","date_gmt":"2026-02-24T17:00:00","guid":{"rendered":"https:\/\/westonclimate.com\/?post_type=product&#038;p=11286"},"modified":"2026-02-25T08:13:25","modified_gmt":"2026-02-25T08:13:25","slug":"weston-climate-180mm-4m-bomba-de-circulacao-de-agua-quente-3fix-auto-25w-g1-5g1-5","status":"publish","type":"product","link":"https:\/\/westonclimate.com\/pt_pt\/tooted\/weston-climate-180mm-6m-kuuma-vee-tsirkulatsioonipump-3fix-auto-45w-g1-5-%e2%86%92-g1\/","title":{"rendered":"Weston Climate 180mm 6m bomba de circula\u00e7\u00e3o de \u00e1gua quente 3fix\/Auto 45W G1.5\u2019\u2019 \u2192 G1\u2019\u2019"},"content":{"rendered":"<ul>\n<li data-start=\"1028\" data-end=\"1051\">T\u00f5stek\u00f5rgus: kuni 6 m<\/li>\n<li data-start=\"1054\" data-end=\"1092\">Vooluhulk(L\/min): kuni 55 L\/min<\/li>\n<li>T\u00f6\u00f6re\u017eiimid: 3 fikseeritud kiirust + automaatre\u017eiim<\/li>\n<li data-start=\"1095\" data-end=\"1109\">V\u00f5imsus: 45W<\/li>\n<li data-start=\"1112\" data-end=\"1131\">Comprimento de instala\u00e7\u00e3o: 180 mm<\/li>\n<li data-start=\"1134\" data-end=\"1166\">Voltage\/frequency: 220-250V\/50-60Hz<\/li>\n<li data-start=\"1169\" data-end=\"1212\">Grau de prote\u00e7\u00e3o: IP44<\/li>\n<li data-start=\"1237\" data-end=\"1252\">Cunha: G1.5\u2019\u2019<\/li>\n<li data-start=\"1255\" data-end=\"1280\">Transi\u00e7\u00e3o: G1.5\u2019\u2019 \u2192 G1\u2019\u2019<\/li>\n<\/ul>","protected":false},"excerpt":{"rendered":"<p data-start=\"106\" data-end=\"384\">Weston Climate 180 mm tsirkulatsioonipump on t\u00f6\u00f6kindel ja energias\u00e4\u00e4stlik lahendus k\u00fcttes\u00fcsteemi v\u00f5i tarbevee ringluse tagamiseks. Seade sobib kasutamiseks eramutes, korterelamutes ja v\u00e4iksemates k\u00fcttes\u00fcsteemides, kus on vaja stabiilset veevoolu ja kuni 6-meetrist t\u00f5stek\u00f5rgust.<\/p>\n<p data-start=\"386\" data-end=\"658\">Weston Climate <strong>180mm 6m kuuma vee tsirkulatsioonipump 3fix\/Auto 45W G1.5\u2019\u2019 \u2192 G1\u2019\u2019<\/strong> on varustatud kolme fikseeritud kiiruse ja automaatre\u017eiimiga. Auto-re\u017eiim kohandab t\u00f6\u00f6 automaatselt vastavalt s\u00fcsteemi vajadusele, aidates v\u00e4hendada energiatarvet ja pikendada seadme eluiga.<\/p>\n<p data-start=\"660\" data-end=\"852\">180 mm paigalduspikkus vastab levinud standardile, mist\u00f5ttu sobib pump nii uutele kui ka olemasolevatele s\u00fcsteemidele. IP44 kaitseklass tagab turvalise t\u00f6\u00f6 tavap\u00e4rastes katlaruumi tingimustes.<\/p>\n<p data-start=\"854\" data-end=\"961\">Gra\u00e7as \u00e0 liga\u00e7\u00e3o G1.5\u2019\u2019 e ao adaptador G1.5\u2019\u2019 \u2192 G1\u2019\u2019 fornecido, a instala\u00e7\u00e3o \u00e9 f\u00e1cil e universal.<\/p>","protected":false},"featured_media":11287,"template":"","meta":[],"product_brand":[],"product_cat":[67,294],"product_tag":[],"class_list":{"0":"post-11286","1":"product","2":"type-product","3":"status-publish","4":"has-post-thumbnail","6":"product_cat-tsirkulatsioonipumbad","7":"product_cat-weston-climate","9":"first","10":"instock","11":"taxable","12":"shipping-taxable","13":"purchasable","14":"product-type-simple"},"_links":{"self":[{"href":"https:\/\/westonclimate.com\/pt_pt\/wp-json\/wp\/v2\/product\/11286","targetHints":{"allow":["GET"]}}],"collection":[{"href":"https:\/\/westonclimate.com\/pt_pt\/wp-json\/wp\/v2\/product"}],"about":[{"href":"https:\/\/westonclimate.com\/pt_pt\/wp-json\/wp\/v2\/types\/product"}],"version-history":[{"count":3,"href":"https:\/\/westonclimate.com\/pt_pt\/wp-json\/wp\/v2\/product\/11286\/revisions"}],"predecessor-version":[{"id":11290,"href":"https:\/\/westonclimate.com\/pt_pt\/wp-json\/wp\/v2\/product\/11286\/revisions\/11290"}],"wp:featuredmedia":[{"embeddable":true,"href":"https:\/\/westonclimate.com\/pt_pt\/wp-json\/wp\/v2\/media\/11287"}],"wp:attachment":[{"href":"https:\/\/westonclimate.com\/pt_pt\/wp-json\/wp\/v2\/media?parent=11286"}],"wp:term":[{"taxonomy":"product_brand","embeddable":true,"href":"https:\/\/westonclimate.com\/pt_pt\/wp-json\/wp\/v2\/product_brand?post=11286"},{"taxonomy":"product_cat","embeddable":true,"href":"https:\/\/westonclimate.com\/pt_pt\/wp-json\/wp\/v2\/product_cat?post=11286"},{"taxonomy":"product_tag","embeddable":true,"href":"https:\/\/westonclimate.com\/pt_pt\/wp-json\/wp\/v2\/product_tag?post=11286"}],"curies":[{"name":"wp","href":"https:\/\/api.w.org\/{rel}","templated":true}]}}