{"id":3082,"date":"2024-05-04T12:56:17","date_gmt":"2024-05-04T12:56:17","guid":{"rendered":"https:\/\/wmdcompany.eu\/?post_type=product&#038;p=3082"},"modified":"2025-08-28T07:33:29","modified_gmt":"2025-08-28T07:33:29","slug":"compressor-de-parafuso-acionado-por-correia","status":"publish","type":"product","link":"https:\/\/westonclimate.com\/pt_pt\/tooted\/rihmajamiga-kruvikompressor\/","title":{"rendered":"Compressor de parafuso acionado por correia"},"content":{"rendered":"<div style=\"overflow-x:auto;\">\n<table style=\"width:100%; border-collapse:collapse; font-family:Arial, sans-serif;\">\n<thead>\n<tr style=\"background-color:#f2f2f2;\">\n<th style=\"border:1px solid #ccc; padding:8px;\">Modelo<\/th>\n<th style=\"border:1px solid #ccc; padding:8px;\">Fornecimento de ar livre \/ press\u00e3o<br \/>(m\u00b3\/min \/ MPa)<\/th>\n<th style=\"border:1px solid #ccc; padding:8px;\">Fornecimento de ar livre \/ press\u00e3o<br \/>(CFM \/ PSI)<\/th>\n<th style=\"border:1px solid #ccc; padding:8px;\">Pot\u00eancia do motor<br \/>(KW \/ HP)<\/th>\n<th style=\"border:1px solid #ccc; padding:8px;\">N\u00edvel de ru\u00eddo<br \/>(dB)<\/th>\n<th style=\"border:1px solid #ccc; padding:8px;\">Dimens\u00f5es<br \/>(mm)<\/th>\n<th style=\"border:1px solid #ccc; padding:8px;\">Peso<br \/>(kg)<\/th>\n<th style=\"border:1px solid #ccc; padding:8px;\">Di\u00e2metro da sa\u00edda de ar<\/th>\n<\/tr>\n<\/thead>\n<tbody>\n<tr>\n<td style=\"border:1px solid #ccc; padding:8px;\">AHB-5A<\/td>\n<td style=\"border:1px solid #ccc; padding:8px;\">0.55 \/ 0.8<\/td>\n<td style=\"border:1px solid #ccc; padding:8px;\">20 \/ 116<\/td>\n<td style=\"border:1px solid #ccc; padding:8px;\">4 \/ 5.5<\/td>\n<td style=\"border:1px solid #ccc; padding:8px;\">62\u00b12<\/td>\n<td style=\"border:1px solid #ccc; padding:8px;\">920\u00d7600\u00d7690<\/td>\n<td style=\"border:1px solid #ccc; padding:8px;\">136<\/td>\n<td style=\"border:1px solid #ccc; padding:8px;\">\u00be&#8221;<\/td>\n<\/tr>\n<tr>\n<td style=\"border:1px solid #ccc; padding:8px;\">AHB-7A<\/td>\n<td style=\"border:1px solid #ccc; padding:8px;\">0.75 \/ 0.8<\/td>\n<td style=\"border:1px solid #ccc; padding:8px;\">30 \/ 102<\/td>\n<td style=\"border:1px solid #ccc; padding:8px;\">5.5 \/ 7.5<\/td>\n<td style=\"border:1px solid #ccc; padding:8px;\">64\u00b12<\/td>\n<td style=\"border:1px solid #ccc; padding:8px;\">860\u00d7730\u00d7960<\/td>\n<td style=\"border:1px solid #ccc; padding:8px;\">170<\/td>\n<td style=\"border:1px solid #ccc; padding:8px;\">\u00bd&#8221;<\/td>\n<\/tr>\n<tr>\n<td style=\"border:1px solid #ccc; padding:8px;\">AHB-10A<\/td>\n<td style=\"border:1px solid #ccc; padding:8px;\">0.9 \/ 1.0<\/td>\n<td style=\"border:1px solid #ccc; padding:8px;\">39 \/ 116<\/td>\n<td style=\"border:1px solid #ccc; padding:8px;\">7.5 \/ 10<\/td>\n<td style=\"border:1px solid #ccc; padding:8px;\">64\u00b12<\/td>\n<td style=\"border:1px solid #ccc; padding:8px;\">940\u00d7800\u00d71075<\/td>\n<td style=\"border:1px solid #ccc; padding:8px;\">210<\/td>\n<td style=\"border:1px solid #ccc; padding:8px;\">1\u00bd&#8221;<\/td>\n<\/tr>\n<tr>\n<td style=\"border:1px solid #ccc; padding:8px;\">AHB-15A<\/td>\n<td style=\"border:1px solid #ccc; padding:8px;\">1.3 \/ 1.0<\/td>\n<td style=\"border:1px solid #ccc; padding:8px;\">53 \/ 116<\/td>\n<td style=\"border:1px solid #ccc; padding:8px;\">11 \/ 15<\/td>\n<td style=\"border:1px solid #ccc; padding:8px;\">64\u00b12<\/td>\n<td style=\"border:1px solid #ccc; padding:8px;\">\u2014<\/td>\n<td style=\"border:1px solid #ccc; padding:8px;\">260<\/td>\n<td style=\"border:1px solid #ccc; padding:8px;\">\u2014<\/td>\n<\/tr>\n<tr>\n<td style=\"border:1px solid #ccc; padding:8px;\">AHB-20A<\/td>\n<td style=\"border:1px solid #ccc; padding:8px;\">2.1 \/ 1.0<\/td>\n<td style=\"border:1px solid #ccc; padding:8px;\">81 \/ 116<\/td>\n<td style=\"border:1px solid #ccc; padding:8px;\">15 \/ 20<\/td>\n<td style=\"border:1px solid #ccc; padding:8px;\">64\u00b12<\/td>\n<td style=\"border:1px solid #ccc; padding:8px;\">\u2014<\/td>\n<td style=\"border:1px solid #ccc; padding:8px;\">305<\/td>\n<td style=\"border:1px solid #ccc; padding:8px;\">\u2014<\/td>\n<\/tr>\n<\/tbody>\n<\/table>\n<\/div>","protected":false},"excerpt":{"rendered":"<p style=\"font-weight: 400;\"><strong>Compressor de parafuso com correia AIRHORSE.\u00a0<\/strong><\/p>\n<ul>\n<li>Parafuso duplo, de baixo ru\u00eddo, super silencioso.<\/li>\n<li>Design elegante e compacto.<\/li>\n<li>Foi acrescentada uma porta de acesso \u00e0 caixa para facilitar a manuten\u00e7\u00e3o das pe\u00e7as internas.<\/li>\n<li>Pode suportar um funcionamento cont\u00ednuo de 100%.<\/li>\n<li>Funcionamento em carga\/n\u00e3o carga.<\/li>\n<li>Motores el\u00e9ctricos industriais de alta qualidade com certifica\u00e7\u00e3o CE.<\/li>\n<li>Painel de controlo LCD simples.<\/li>\n<li>Paragem por alta temperatura, alta press\u00e3o e sobrepress\u00e3o.<\/li>\n<li>Tens\u00f5es de funcionamento das m\u00e1quinas, conforme necess\u00e1rio:\n<ul>\n<li>380 volts, 3 fases, 50 Hz\/420 volts, 3 fases, 50 Hz\/230 volts, 1 fase, 50Hz<\/li>\n<\/ul>\n<\/li>\n<\/ul>","protected":false},"featured_media":3083,"template":"","meta":[],"product_brand":[],"product_cat":[66],"product_tag":[],"class_list":{"0":"post-3082","1":"product","2":"type-product","3":"status-publish","4":"has-post-thumbnail","6":"product_cat-kompressorid","8":"first","9":"instock","10":"taxable","11":"shipping-taxable","12":"product-type-simple"},"_links":{"self":[{"href":"https:\/\/westonclimate.com\/pt_pt\/wp-json\/wp\/v2\/product\/3082","targetHints":{"allow":["GET"]}}],"collection":[{"href":"https:\/\/westonclimate.com\/pt_pt\/wp-json\/wp\/v2\/product"}],"about":[{"href":"https:\/\/westonclimate.com\/pt_pt\/wp-json\/wp\/v2\/types\/product"}],"version-history":[{"count":3,"href":"https:\/\/westonclimate.com\/pt_pt\/wp-json\/wp\/v2\/product\/3082\/revisions"}],"predecessor-version":[{"id":9069,"href":"https:\/\/westonclimate.com\/pt_pt\/wp-json\/wp\/v2\/product\/3082\/revisions\/9069"}],"wp:featuredmedia":[{"embeddable":true,"href":"https:\/\/westonclimate.com\/pt_pt\/wp-json\/wp\/v2\/media\/3083"}],"wp:attachment":[{"href":"https:\/\/westonclimate.com\/pt_pt\/wp-json\/wp\/v2\/media?parent=3082"}],"wp:term":[{"taxonomy":"product_brand","embeddable":true,"href":"https:\/\/westonclimate.com\/pt_pt\/wp-json\/wp\/v2\/product_brand?post=3082"},{"taxonomy":"product_cat","embeddable":true,"href":"https:\/\/westonclimate.com\/pt_pt\/wp-json\/wp\/v2\/product_cat?post=3082"},{"taxonomy":"product_tag","embeddable":true,"href":"https:\/\/westonclimate.com\/pt_pt\/wp-json\/wp\/v2\/product_tag?post=3082"}],"curies":[{"name":"wp","href":"https:\/\/api.w.org\/{rel}","templated":true}]}}