{"id":3143,"date":"2024-05-04T17:36:23","date_gmt":"2024-05-04T17:36:23","guid":{"rendered":"https:\/\/wmdcompany.eu\/?post_type=product&#038;p=3143"},"modified":"2025-09-23T16:55:13","modified_gmt":"2025-09-23T16:55:13","slug":"compressor-de-parafuso-de-transmissao-direta","status":"publish","type":"product","link":"https:\/\/westonclimate.com\/pt_pt\/tooted\/otseajamiga-kruvikompressor\/","title":{"rendered":"Compressor de parafuso de transmiss\u00e3o direta"},"content":{"rendered":"<table width=\"1224\">\n<tbody>\n<tr>\n<td colspan=\"2\" width=\"483\">Compressor de ar de parafuso AirHorse (acionado por correia)<\/td>\n<td width=\"180\"><\/td>\n<td width=\"187\"><\/td>\n<td width=\"194\"><\/td>\n<td width=\"180\"><\/td>\n<\/tr>\n<tr>\n<td><\/td>\n<td><\/td>\n<td><\/td>\n<td><\/td>\n<td><\/td>\n<td><\/td>\n<\/tr>\n<tr>\n<td>Modelo<\/td>\n<td><\/td>\n<td>AHB-7A<\/td>\n<td>AHB-10A<\/td>\n<td>AHB-15A<\/td>\n<td>AHB-20A<\/td>\n<\/tr>\n<tr>\n<td><\/td>\n<td><\/td>\n<td><\/td>\n<td>1.2\/0.7<\/td>\n<td>1.6\/0.7<\/td>\n<td>2.5\/0.7<\/td>\n<\/tr>\n<tr>\n<td>Press\u00e3o de fornecimento\/descarga de ar livre<\/td>\n<td rowspan=\"2\">0.55\/0.8<\/td>\n<td>0.85\/0.7<\/td>\n<td>1.1\/0.8<\/td>\n<td>1.5\/0.8<\/td>\n<td>2.3\/0.8<\/td>\n<\/tr>\n<tr>\n<td>(m<sup>3<\/sup>\/min\/Mpa)<\/td>\n<td>0.75\/0.8<\/td>\n<td>0.9\/1.0<\/td>\n<td>1.3\/1.0<\/td>\n<td>2.1\/1.0<\/td>\n<\/tr>\n<tr>\n<td><\/td>\n<td><\/td>\n<td><\/td>\n<td>0.7\/1.2<\/td>\n<td>1.1\/1.2<\/td>\n<td>1.9\/1.2<\/td>\n<\/tr>\n<tr>\n<td rowspan=\"3\" width=\"310\">D\u00e9bito de ar livre \/Press\u00e3o de descarga (CFM\/PSI)<\/td>\n<td><\/td>\n<td><\/td>\n<td>42\/102<\/td>\n<td>57\/102<\/td>\n<td>88\/102<\/td>\n<\/tr>\n<tr>\n<td>20\/116<\/td>\n<td width=\"180\">30\/102 27\/116<\/td>\n<td width=\"187\">39116 32\/145<\/td>\n<td width=\"194\">53\/116 46\/145<\/td>\n<td width=\"180\">81\/116 74\/145<\/td>\n<\/tr>\n<tr>\n<td><\/td>\n<td><\/td>\n<td>25\/174<\/td>\n<td>39\/174<\/td>\n<td>67\/174<\/td>\n<\/tr>\n<tr>\n<td>Fase de compress\u00e3o<\/td>\n<td colspan=\"5\">Fase \u00fanica<\/td>\n<\/tr>\n<tr>\n<td>Temperatura ambiente<\/td>\n<td colspan=\"5\">-5~+45\u00b0C<\/td>\n<\/tr>\n<tr>\n<td>Modo de arrefecimento<\/td>\n<td colspan=\"5\">Arrefecimento do ar<\/td>\n<\/tr>\n<tr>\n<td>Temperatura de descarga (\u00b0C)<\/td>\n<td colspan=\"5\">Temperatura ambiente+15\u00b0C<\/td>\n<\/tr>\n<tr>\n<td>Lubrificante (L)<\/td>\n<td>3<\/td>\n<td>3.7<\/td>\n<td>3.7<\/td>\n<td>10<\/td>\n<td>10<\/td>\n<\/tr>\n<tr>\n<td>N\u00edvel de ru\u00eddo (Db)<\/td>\n<td colspan=\"3\">62\u00b12<\/td>\n<td colspan=\"2\">64\u00b12<\/td>\n<\/tr>\n<tr>\n<td>M\u00e9todo de acionamento<\/td>\n<td colspan=\"5\">Acionado por correia<\/td>\n<\/tr>\n<tr>\n<td>Eletricidade (V\/ph\/Hz)<\/td>\n<td colspan=\"5\">380\/3\/50<\/td>\n<\/tr>\n<tr>\n<td>Pot\u00eancia do motor (KW\/HP)<\/td>\n<td>4\/5.5<\/td>\n<td>5.5\/7.5<\/td>\n<td>7.5\/10<\/td>\n<td>11\/15<\/td>\n<td>15\/20<\/td>\n<\/tr>\n<tr>\n<td>M\u00e9todo de arranque<\/td>\n<td colspan=\"3\">Arranque direto<\/td>\n<td colspan=\"2\">Y-AStarter (Estrela delta a come\u00e7ar)<\/td>\n<\/tr>\n<tr>\n<td>Dimens\u00e3o L*W*H (mm)<\/td>\n<td>920*600*690<\/td>\n<td colspan=\"2\">860*730*960<\/td>\n<td colspan=\"2\">940*800*1075<\/td>\n<\/tr>\n<tr>\n<td>Peso l\u00edquido (kg)<\/td>\n<td>136<\/td>\n<td>170<\/td>\n<td>210<\/td>\n<td>260<\/td>\n<td>305<\/td>\n<\/tr>\n<tr>\n<td>Di\u00e2metro da sa\u00edda de ar (polegadas\/mm)<\/td>\n<td>3\/4&#8243;<\/td>\n<td colspan=\"2\">1\/2&#8243;<\/td>\n<td>1 Vi<\/td>\n<td>n<\/td>\n<\/tr>\n<\/tbody>\n<\/table>","protected":false},"excerpt":{"rendered":"<p style=\"font-weight: 400;\"><strong>Compressor de parafuso de transmiss\u00e3o direta AIRHORSE.\u00a0<\/strong><\/p>\n<ul>\n<li>Parafuso duplo, de baixo ru\u00eddo, super silencioso.<\/li>\n<li>Design elegante e compacto.<\/li>\n<li>Foi acrescentada uma porta de acesso \u00e0 caixa para facilitar a manuten\u00e7\u00e3o das pe\u00e7as internas.<\/li>\n<li>A m\u00e1quina foi certificada pela CE e UL, e as m\u00e1quinas foram fabricadas sob o padr\u00e3o de gest\u00e3o de qualidade ISO9001.<\/li>\n<li>A prote\u00e7\u00e3o do Controlo Adaptativo Progressivo (PAC) monitoriza continuamente os principais par\u00e2metros de funcionamento e adapta-se para evitar tempos de paragem inesperados.<\/li>\n<li>A tecnologia V-shield oferece uma solu\u00e7\u00e3o totalmente integrada e sem fugas.<\/li>\n<li>Um sistema de arrefecimento sequencial melhora significativamente a efici\u00eancia, a facilidade de manuten\u00e7\u00e3o e reduz os n\u00edveis de ru\u00eddo.<\/li>\n<\/ul>","protected":false},"featured_media":3144,"template":"","meta":[],"product_brand":[],"product_cat":[66],"product_tag":[],"class_list":{"0":"post-3143","1":"product","2":"type-product","3":"status-publish","4":"has-post-thumbnail","6":"product_cat-kompressorid","8":"first","9":"instock","10":"taxable","11":"shipping-taxable","12":"product-type-simple"},"_links":{"self":[{"href":"https:\/\/westonclimate.com\/pt_pt\/wp-json\/wp\/v2\/product\/3143","targetHints":{"allow":["GET"]}}],"collection":[{"href":"https:\/\/westonclimate.com\/pt_pt\/wp-json\/wp\/v2\/product"}],"about":[{"href":"https:\/\/westonclimate.com\/pt_pt\/wp-json\/wp\/v2\/types\/product"}],"version-history":[{"count":3,"href":"https:\/\/westonclimate.com\/pt_pt\/wp-json\/wp\/v2\/product\/3143\/revisions"}],"predecessor-version":[{"id":9070,"href":"https:\/\/westonclimate.com\/pt_pt\/wp-json\/wp\/v2\/product\/3143\/revisions\/9070"}],"wp:featuredmedia":[{"embeddable":true,"href":"https:\/\/westonclimate.com\/pt_pt\/wp-json\/wp\/v2\/media\/3144"}],"wp:attachment":[{"href":"https:\/\/westonclimate.com\/pt_pt\/wp-json\/wp\/v2\/media?parent=3143"}],"wp:term":[{"taxonomy":"product_brand","embeddable":true,"href":"https:\/\/westonclimate.com\/pt_pt\/wp-json\/wp\/v2\/product_brand?post=3143"},{"taxonomy":"product_cat","embeddable":true,"href":"https:\/\/westonclimate.com\/pt_pt\/wp-json\/wp\/v2\/product_cat?post=3143"},{"taxonomy":"product_tag","embeddable":true,"href":"https:\/\/westonclimate.com\/pt_pt\/wp-json\/wp\/v2\/product_tag?post=3143"}],"curies":[{"name":"wp","href":"https:\/\/api.w.org\/{rel}","templated":true}]}}