{"id":3147,"date":"2024-05-04T17:49:20","date_gmt":"2024-05-04T17:49:20","guid":{"rendered":"https:\/\/wmdcompany.eu\/?post_type=product&#038;p=3147"},"modified":"2025-09-29T06:51:31","modified_gmt":"2025-09-29T06:51:31","slug":"compressor-de-parafuso-inteligente","status":"publish","type":"product","link":"https:\/\/westonclimate.com\/pt_pt\/tooted\/nutikas-kruvikompressor\/","title":{"rendered":"Compressor de parafuso inteligente"},"content":{"rendered":"","protected":false},"excerpt":{"rendered":"<p style=\"font-weight: 400;\"><strong>Compressor de parafuso inteligente AIRHORSE.\u00a0<\/strong><\/p>\n<ul>\n<li>Poupe custos adaptando a disposi\u00e7\u00e3o e o aspeto do seu espa\u00e7o interior de uma forma compacta, sensata e elegante.<\/li>\n<li>Utiliza\u00e7\u00e3o de acess\u00f3rios selecionados de alta qualidade com carater\u00edsticas eficazes, est\u00e1veis e duradouras.<\/li>\n<li>Os modelos mais vendidos v\u00e3o de 5,5 a 45 kW.<\/li>\n<li>A s\u00e9rie AHS \u00e9 o compressor de parafuso mais econ\u00f3mico.<\/li>\n<\/ul>","protected":false},"featured_media":3148,"template":"","meta":[],"product_brand":[],"product_cat":[66],"product_tag":[],"class_list":{"0":"post-3147","1":"product","2":"type-product","3":"status-publish","4":"has-post-thumbnail","6":"product_cat-kompressorid","8":"first","9":"instock","10":"taxable","11":"shipping-taxable","12":"product-type-simple"},"_links":{"self":[{"href":"https:\/\/westonclimate.com\/pt_pt\/wp-json\/wp\/v2\/product\/3147","targetHints":{"allow":["GET"]}}],"collection":[{"href":"https:\/\/westonclimate.com\/pt_pt\/wp-json\/wp\/v2\/product"}],"about":[{"href":"https:\/\/westonclimate.com\/pt_pt\/wp-json\/wp\/v2\/types\/product"}],"version-history":[{"count":1,"href":"https:\/\/westonclimate.com\/pt_pt\/wp-json\/wp\/v2\/product\/3147\/revisions"}],"predecessor-version":[{"id":9300,"href":"https:\/\/westonclimate.com\/pt_pt\/wp-json\/wp\/v2\/product\/3147\/revisions\/9300"}],"wp:featuredmedia":[{"embeddable":true,"href":"https:\/\/westonclimate.com\/pt_pt\/wp-json\/wp\/v2\/media\/3148"}],"wp:attachment":[{"href":"https:\/\/westonclimate.com\/pt_pt\/wp-json\/wp\/v2\/media?parent=3147"}],"wp:term":[{"taxonomy":"product_brand","embeddable":true,"href":"https:\/\/westonclimate.com\/pt_pt\/wp-json\/wp\/v2\/product_brand?post=3147"},{"taxonomy":"product_cat","embeddable":true,"href":"https:\/\/westonclimate.com\/pt_pt\/wp-json\/wp\/v2\/product_cat?post=3147"},{"taxonomy":"product_tag","embeddable":true,"href":"https:\/\/westonclimate.com\/pt_pt\/wp-json\/wp\/v2\/product_tag?post=3147"}],"curies":[{"name":"wp","href":"https:\/\/api.w.org\/{rel}","templated":true}]}}