{"id":3161,"date":"2024-05-04T18:34:00","date_gmt":"2024-05-04T18:34:00","guid":{"rendered":"https:\/\/wmdcompany.eu\/?post_type=product&#038;p=3161"},"modified":"2025-09-29T06:50:51","modified_gmt":"2025-09-29T06:50:51","slug":"compressor-de-parafuso-vsd","status":"publish","type":"product","link":"https:\/\/westonclimate.com\/pt_pt\/tooted\/vsd-kruvikompressor\/","title":{"rendered":"Compressor de parafuso VSD"},"content":{"rendered":"","protected":false},"excerpt":{"rendered":"<p style=\"font-weight: 400;\"><strong>Compressor de parafuso AIRHORSE VSD.\u00a0<\/strong><\/p>\n<ul>\n<li>Motor ass\u00edncrono de alta efici\u00eancia, variador de velocidade (VSD) integrado com controlo de velocidade.<\/li>\n<li>Controlo e prote\u00e7\u00e3o da lideran\u00e7a.<\/li>\n<li>O arranque suave elimina a tens\u00e3o no acionamento.<\/li>\n<li>Poupa dinheiro ao reduzir os custos de funcionamento.<\/li>\n<li>Em carga parcial, o desempenho \u00e9 o melhor da sua classe.<\/li>\n<li>O IntelliDriven de velocidade vari\u00e1vel evita ciclos de carga e mant\u00e9m um funcionamento est\u00e1vel, reduzindo os custos de funcionamento e manuten\u00e7\u00e3o.<\/li>\n<li>O desempenho l\u00edder na sua classe, obtido atrav\u00e9s de processos de conce\u00e7\u00e3o e fabrico de vanguarda, combinado com perdas internas reduzidas, significa um desempenho total do ar.<\/li>\n<\/ul>","protected":false},"featured_media":3162,"template":"","meta":[],"product_brand":[],"product_cat":[66],"product_tag":[],"class_list":{"0":"post-3161","1":"product","2":"type-product","3":"status-publish","4":"has-post-thumbnail","6":"product_cat-kompressorid","8":"first","9":"instock","10":"taxable","11":"shipping-taxable","12":"product-type-simple"},"_links":{"self":[{"href":"https:\/\/westonclimate.com\/pt_pt\/wp-json\/wp\/v2\/product\/3161","targetHints":{"allow":["GET"]}}],"collection":[{"href":"https:\/\/westonclimate.com\/pt_pt\/wp-json\/wp\/v2\/product"}],"about":[{"href":"https:\/\/westonclimate.com\/pt_pt\/wp-json\/wp\/v2\/types\/product"}],"version-history":[{"count":1,"href":"https:\/\/westonclimate.com\/pt_pt\/wp-json\/wp\/v2\/product\/3161\/revisions"}],"predecessor-version":[{"id":9298,"href":"https:\/\/westonclimate.com\/pt_pt\/wp-json\/wp\/v2\/product\/3161\/revisions\/9298"}],"wp:featuredmedia":[{"embeddable":true,"href":"https:\/\/westonclimate.com\/pt_pt\/wp-json\/wp\/v2\/media\/3162"}],"wp:attachment":[{"href":"https:\/\/westonclimate.com\/pt_pt\/wp-json\/wp\/v2\/media?parent=3161"}],"wp:term":[{"taxonomy":"product_brand","embeddable":true,"href":"https:\/\/westonclimate.com\/pt_pt\/wp-json\/wp\/v2\/product_brand?post=3161"},{"taxonomy":"product_cat","embeddable":true,"href":"https:\/\/westonclimate.com\/pt_pt\/wp-json\/wp\/v2\/product_cat?post=3161"},{"taxonomy":"product_tag","embeddable":true,"href":"https:\/\/westonclimate.com\/pt_pt\/wp-json\/wp\/v2\/product_tag?post=3161"}],"curies":[{"name":"wp","href":"https:\/\/api.w.org\/{rel}","templated":true}]}}