{"id":3168,"date":"2024-05-04T18:45:49","date_gmt":"2024-05-04T18:45:49","guid":{"rendered":"https:\/\/wmdcompany.eu\/?post_type=product&#038;p=3168"},"modified":"2025-09-29T06:50:28","modified_gmt":"2025-09-29T06:50:28","slug":"compressor-pusimagnetic-vsd-para-zonas-perigosas","status":"publish","type":"product","link":"https:\/\/westonclimate.com\/pt_pt\/tooted\/pusimagnetiline-vsd-ohukompressor\/","title":{"rendered":"Compressor VSD de \u00edmanes permanentes"},"content":{"rendered":"","protected":false},"excerpt":{"rendered":"<p style=\"font-weight: 400;\"><strong>Compressor VSD de \u00edmanes permanentes AIRHORSE.\u00a0<\/strong><\/p>\n<ul>\n<li>Os compressores de ar de parafuso da s\u00e9rie AirHorse EPM s\u00e3o exportados para mais de 100 pa\u00edses e regi\u00f5es. Eles oferecem as vantagens de uma opera\u00e7\u00e3o fi\u00e1vel, baixo ru\u00eddo, longa vida \u00fatil, alta efici\u00eancia e economia de energia.<\/li>\n<\/ul>","protected":false},"featured_media":3169,"template":"","meta":[],"product_brand":[],"product_cat":[66],"product_tag":[],"class_list":{"0":"post-3168","1":"product","2":"type-product","3":"status-publish","4":"has-post-thumbnail","6":"product_cat-kompressorid","8":"first","9":"instock","10":"taxable","11":"shipping-taxable","12":"product-type-simple"},"_links":{"self":[{"href":"https:\/\/westonclimate.com\/pt_pt\/wp-json\/wp\/v2\/product\/3168","targetHints":{"allow":["GET"]}}],"collection":[{"href":"https:\/\/westonclimate.com\/pt_pt\/wp-json\/wp\/v2\/product"}],"about":[{"href":"https:\/\/westonclimate.com\/pt_pt\/wp-json\/wp\/v2\/types\/product"}],"version-history":[{"count":1,"href":"https:\/\/westonclimate.com\/pt_pt\/wp-json\/wp\/v2\/product\/3168\/revisions"}],"predecessor-version":[{"id":9297,"href":"https:\/\/westonclimate.com\/pt_pt\/wp-json\/wp\/v2\/product\/3168\/revisions\/9297"}],"wp:featuredmedia":[{"embeddable":true,"href":"https:\/\/westonclimate.com\/pt_pt\/wp-json\/wp\/v2\/media\/3169"}],"wp:attachment":[{"href":"https:\/\/westonclimate.com\/pt_pt\/wp-json\/wp\/v2\/media?parent=3168"}],"wp:term":[{"taxonomy":"product_brand","embeddable":true,"href":"https:\/\/westonclimate.com\/pt_pt\/wp-json\/wp\/v2\/product_brand?post=3168"},{"taxonomy":"product_cat","embeddable":true,"href":"https:\/\/westonclimate.com\/pt_pt\/wp-json\/wp\/v2\/product_cat?post=3168"},{"taxonomy":"product_tag","embeddable":true,"href":"https:\/\/westonclimate.com\/pt_pt\/wp-json\/wp\/v2\/product_tag?post=3168"}],"curies":[{"name":"wp","href":"https:\/\/api.w.org\/{rel}","templated":true}]}}