{"id":3183,"date":"2024-05-04T19:15:49","date_gmt":"2024-05-04T19:15:49","guid":{"rendered":"https:\/\/wmdcompany.eu\/?post_type=product&#038;p=3183"},"modified":"2025-09-29T06:49:32","modified_gmt":"2025-09-29T06:49:32","slug":"compressor-de-parafuso-montado-no-deposito","status":"publish","type":"product","link":"https:\/\/westonclimate.com\/pt_pt\/tooted\/paagile-monteeritav-kruvikompressor\/","title":{"rendered":"Compressor de parafuso montado em tanque"},"content":{"rendered":"","protected":false},"excerpt":{"rendered":"<p style=\"font-weight: 400;\"><strong>Compressor de parafuso montado em dep\u00f3sito AIRHORSE.\u00a0<\/strong><\/p>\n<ul>\n<li>Simplicidade \"plug-and-play\" - elimina as principais causas de falhas do sistema de ar: dimensionamento e instala\u00e7\u00e3o incorrectos.<\/li>\n<li>Praticamente sem custos de instala\u00e7\u00e3o - elimina o tempo, os materiais e os custos de instala\u00e7\u00e3o do 80%.<\/li>\n<li>A embalagem integrada poupa espa\u00e7o valioso no ch\u00e3o para outras utiliza\u00e7\u00f5es.<\/li>\n<li>Poupan\u00e7a de energia durante toda a vida gra\u00e7as a componentes altamente eficientes.<\/li>\n<li>Aumento da produtividade gra\u00e7as a uma melhor qualidade do ar - elimina a \u00e1gua e a corros\u00e3o, resultando numa maior vida \u00fatil das ferramentas e do equipamento.<\/li>\n<\/ul>","protected":false},"featured_media":3187,"template":"","meta":[],"product_brand":[],"product_cat":[66],"product_tag":[],"class_list":{"0":"post-3183","1":"product","2":"type-product","3":"status-publish","4":"has-post-thumbnail","6":"product_cat-kompressorid","8":"first","9":"instock","10":"taxable","11":"shipping-taxable","12":"product-type-simple"},"_links":{"self":[{"href":"https:\/\/westonclimate.com\/pt_pt\/wp-json\/wp\/v2\/product\/3183","targetHints":{"allow":["GET"]}}],"collection":[{"href":"https:\/\/westonclimate.com\/pt_pt\/wp-json\/wp\/v2\/product"}],"about":[{"href":"https:\/\/westonclimate.com\/pt_pt\/wp-json\/wp\/v2\/types\/product"}],"version-history":[{"count":1,"href":"https:\/\/westonclimate.com\/pt_pt\/wp-json\/wp\/v2\/product\/3183\/revisions"}],"predecessor-version":[{"id":9294,"href":"https:\/\/westonclimate.com\/pt_pt\/wp-json\/wp\/v2\/product\/3183\/revisions\/9294"}],"wp:featuredmedia":[{"embeddable":true,"href":"https:\/\/westonclimate.com\/pt_pt\/wp-json\/wp\/v2\/media\/3187"}],"wp:attachment":[{"href":"https:\/\/westonclimate.com\/pt_pt\/wp-json\/wp\/v2\/media?parent=3183"}],"wp:term":[{"taxonomy":"product_brand","embeddable":true,"href":"https:\/\/westonclimate.com\/pt_pt\/wp-json\/wp\/v2\/product_brand?post=3183"},{"taxonomy":"product_cat","embeddable":true,"href":"https:\/\/westonclimate.com\/pt_pt\/wp-json\/wp\/v2\/product_cat?post=3183"},{"taxonomy":"product_tag","embeddable":true,"href":"https:\/\/westonclimate.com\/pt_pt\/wp-json\/wp\/v2\/product_tag?post=3183"}],"curies":[{"name":"wp","href":"https:\/\/api.w.org\/{rel}","templated":true}]}}