{"id":3188,"date":"2024-05-04T19:41:29","date_gmt":"2024-05-04T19:41:29","guid":{"rendered":"https:\/\/wmdcompany.eu\/?post_type=product&#038;p=3188"},"modified":"2025-09-29T06:49:09","modified_gmt":"2025-09-29T06:49:09","slug":"compressor-de-parafuso-seco-montavel-em-deposito","status":"publish","type":"product","link":"https:\/\/westonclimate.com\/pt_pt\/tooted\/paagile-monteeritav-kuivatiga-kruvikompressor\/","title":{"rendered":"Compressor de parafuso seco mont\u00e1vel em dep\u00f3sito"},"content":{"rendered":"","protected":false},"excerpt":{"rendered":"<p style=\"font-weight: 400;\"><strong>AERONAVE paa<\/strong><strong>g<\/strong><strong>i<\/strong><strong>de<\/strong><strong> um compressor de parafuso com um secador mont\u00e1vel.\u00a0<\/strong><\/p>\n<ul>\n<li>O compressor de ar de parafuso montado em dep\u00f3sito incorpora um secador de ar por refrigera\u00e7\u00e3o e um reservat\u00f3rio de ar integrados, oferecendo um funcionamento silencioso e cont\u00ednuo do compressor de ar com reservat\u00f3rio de ar integrado para pequenas e m\u00e9dias empresas. Os secadores por congela\u00e7\u00e3o arrefecem o ar antes de o armazenar em dep\u00f3sitos para remover a humidade do ar e evitar ferrugem ou danos no equipamento. Os receptores de g\u00e1s fornecem um abastecimento de reserva para grandes necessidades de ar, actuam como um amortecedor entre o compressor e o seu equipamento e reduzem o ciclo constante do compressor, mantendo o dep\u00f3sito pronto a ser utilizado.<\/li>\n<\/ul>","protected":false},"featured_media":3191,"template":"","meta":[],"product_brand":[],"product_cat":[66],"product_tag":[],"class_list":{"0":"post-3188","1":"product","2":"type-product","3":"status-publish","4":"has-post-thumbnail","6":"product_cat-kompressorid","8":"first","9":"instock","10":"taxable","11":"shipping-taxable","12":"product-type-simple"},"_links":{"self":[{"href":"https:\/\/westonclimate.com\/pt_pt\/wp-json\/wp\/v2\/product\/3188","targetHints":{"allow":["GET"]}}],"collection":[{"href":"https:\/\/westonclimate.com\/pt_pt\/wp-json\/wp\/v2\/product"}],"about":[{"href":"https:\/\/westonclimate.com\/pt_pt\/wp-json\/wp\/v2\/types\/product"}],"version-history":[{"count":1,"href":"https:\/\/westonclimate.com\/pt_pt\/wp-json\/wp\/v2\/product\/3188\/revisions"}],"predecessor-version":[{"id":9293,"href":"https:\/\/westonclimate.com\/pt_pt\/wp-json\/wp\/v2\/product\/3188\/revisions\/9293"}],"wp:featuredmedia":[{"embeddable":true,"href":"https:\/\/westonclimate.com\/pt_pt\/wp-json\/wp\/v2\/media\/3191"}],"wp:attachment":[{"href":"https:\/\/westonclimate.com\/pt_pt\/wp-json\/wp\/v2\/media?parent=3188"}],"wp:term":[{"taxonomy":"product_brand","embeddable":true,"href":"https:\/\/westonclimate.com\/pt_pt\/wp-json\/wp\/v2\/product_brand?post=3188"},{"taxonomy":"product_cat","embeddable":true,"href":"https:\/\/westonclimate.com\/pt_pt\/wp-json\/wp\/v2\/product_cat?post=3188"},{"taxonomy":"product_tag","embeddable":true,"href":"https:\/\/westonclimate.com\/pt_pt\/wp-json\/wp\/v2\/product_tag?post=3188"}],"curies":[{"name":"wp","href":"https:\/\/api.w.org\/{rel}","templated":true}]}}