{"id":3192,"date":"2024-05-04T19:47:44","date_gmt":"2024-05-04T19:47:44","guid":{"rendered":"https:\/\/wmdcompany.eu\/?post_type=product&#038;p=3192"},"modified":"2025-09-29T06:48:44","modified_gmt":"2025-09-29T06:48:44","slug":"secador-montavel-em-cuba-e-filtro-compressor-de-parafuso","status":"publish","type":"product","link":"https:\/\/westonclimate.com\/pt_pt\/tooted\/paagile-monteeritav-kuivati-ja-filtriga-kruvikompressor\/","title":{"rendered":"Compressor de parafuso com filtro e secador mont\u00e1vel em tanque"},"content":{"rendered":"","protected":false},"excerpt":{"rendered":"<p style=\"font-weight: 400;\"><strong>Compressor de parafuso com filtro e secador mont\u00e1vel em dep\u00f3sito AIRHORSE.\u00a0<\/strong><\/p>\n<ul>\n<li>Componentes de elevada efici\u00eancia.<\/li>\n<li>O sistema Total Air incorpora apenas componentes da mais alta qualidade para garantir que a efici\u00eancia e a produtividade do sistema s\u00e3o maximizadas - uma sala de compressores de alta efici\u00eancia sem o inc\u00f3modo, a complexidade e o custo de uma sala de compressores tradicional.<\/li>\n<li>Os pacotes Total Air System est\u00e3o totalmente equipados:\n<ul>\n<li>Compressor de ar de parafuso rotativo de alta efici\u00eancia.<\/li>\n<li>Secador de ar por refrigera\u00e7\u00e3o com efici\u00eancia energ\u00e9tica.<\/li>\n<li>Filtro de coalesc\u00eancia de alta efici\u00eancia.<\/li>\n<li>Filtro de part\u00edculas de alta efici\u00eancia.<\/li>\n<li>Recetor de ar integrado.<\/li>\n<li>Controlos integrados do compressor e do secador.<\/li>\n<li>Tubagem de baixa press\u00e3o.<\/li>\n<\/ul>\n<\/li>\n<\/ul>","protected":false},"featured_media":3193,"template":"","meta":[],"product_brand":[],"product_cat":[66],"product_tag":[],"class_list":{"0":"post-3192","1":"product","2":"type-product","3":"status-publish","4":"has-post-thumbnail","6":"product_cat-kompressorid","8":"first","9":"instock","10":"taxable","11":"shipping-taxable","12":"product-type-simple"},"_links":{"self":[{"href":"https:\/\/westonclimate.com\/pt_pt\/wp-json\/wp\/v2\/product\/3192","targetHints":{"allow":["GET"]}}],"collection":[{"href":"https:\/\/westonclimate.com\/pt_pt\/wp-json\/wp\/v2\/product"}],"about":[{"href":"https:\/\/westonclimate.com\/pt_pt\/wp-json\/wp\/v2\/types\/product"}],"version-history":[{"count":1,"href":"https:\/\/westonclimate.com\/pt_pt\/wp-json\/wp\/v2\/product\/3192\/revisions"}],"predecessor-version":[{"id":9292,"href":"https:\/\/westonclimate.com\/pt_pt\/wp-json\/wp\/v2\/product\/3192\/revisions\/9292"}],"wp:featuredmedia":[{"embeddable":true,"href":"https:\/\/westonclimate.com\/pt_pt\/wp-json\/wp\/v2\/media\/3193"}],"wp:attachment":[{"href":"https:\/\/westonclimate.com\/pt_pt\/wp-json\/wp\/v2\/media?parent=3192"}],"wp:term":[{"taxonomy":"product_brand","embeddable":true,"href":"https:\/\/westonclimate.com\/pt_pt\/wp-json\/wp\/v2\/product_brand?post=3192"},{"taxonomy":"product_cat","embeddable":true,"href":"https:\/\/westonclimate.com\/pt_pt\/wp-json\/wp\/v2\/product_cat?post=3192"},{"taxonomy":"product_tag","embeddable":true,"href":"https:\/\/westonclimate.com\/pt_pt\/wp-json\/wp\/v2\/product_tag?post=3192"}],"curies":[{"name":"wp","href":"https:\/\/api.w.org\/{rel}","templated":true}]}}