{"id":3197,"date":"2024-05-04T19:56:36","date_gmt":"2024-05-04T19:56:36","guid":{"rendered":"https:\/\/wmdcompany.eu\/?post_type=product&#038;p=3197"},"modified":"2025-09-29T06:48:15","modified_gmt":"2025-09-29T06:48:15","slug":"compressor-de-parafuso-de-classe-baixa","status":"publish","type":"product","link":"https:\/\/westonclimate.com\/pt_pt\/tooted\/madala-rohuga-kruvikompressor\/","title":{"rendered":"Compressor de parafuso de baixa press\u00e3o"},"content":{"rendered":"","protected":false},"excerpt":{"rendered":"<p style=\"font-weight: 400;\"><strong>Compressor de parafuso de baixa press\u00e3o AIRHORSE.\u00a0<\/strong><\/p>\n<p style=\"font-weight: 400;\"><span style=\"font-weight: 400;\">Os compressores de ar de baixa press\u00e3o s\u00e3o um tipo de compressor classificado por press\u00e3o, com press\u00f5es de descarga que variam entre 1 e 10 MPa. Os modelos est\u00e3o dispon\u00edveis como compressores de pist\u00e3o, de diafragma, de parafuso e centr\u00edfugos.<\/span><\/p>","protected":false},"featured_media":3200,"template":"","meta":[],"product_brand":[],"product_cat":[66],"product_tag":[],"class_list":{"0":"post-3197","1":"product","2":"type-product","3":"status-publish","4":"has-post-thumbnail","6":"product_cat-kompressorid","8":"first","9":"instock","10":"taxable","11":"shipping-taxable","12":"product-type-simple"},"_links":{"self":[{"href":"https:\/\/westonclimate.com\/pt_pt\/wp-json\/wp\/v2\/product\/3197","targetHints":{"allow":["GET"]}}],"collection":[{"href":"https:\/\/westonclimate.com\/pt_pt\/wp-json\/wp\/v2\/product"}],"about":[{"href":"https:\/\/westonclimate.com\/pt_pt\/wp-json\/wp\/v2\/types\/product"}],"version-history":[{"count":1,"href":"https:\/\/westonclimate.com\/pt_pt\/wp-json\/wp\/v2\/product\/3197\/revisions"}],"predecessor-version":[{"id":9291,"href":"https:\/\/westonclimate.com\/pt_pt\/wp-json\/wp\/v2\/product\/3197\/revisions\/9291"}],"wp:featuredmedia":[{"embeddable":true,"href":"https:\/\/westonclimate.com\/pt_pt\/wp-json\/wp\/v2\/media\/3200"}],"wp:attachment":[{"href":"https:\/\/westonclimate.com\/pt_pt\/wp-json\/wp\/v2\/media?parent=3197"}],"wp:term":[{"taxonomy":"product_brand","embeddable":true,"href":"https:\/\/westonclimate.com\/pt_pt\/wp-json\/wp\/v2\/product_brand?post=3197"},{"taxonomy":"product_cat","embeddable":true,"href":"https:\/\/westonclimate.com\/pt_pt\/wp-json\/wp\/v2\/product_cat?post=3197"},{"taxonomy":"product_tag","embeddable":true,"href":"https:\/\/westonclimate.com\/pt_pt\/wp-json\/wp\/v2\/product_tag?post=3197"}],"curies":[{"name":"wp","href":"https:\/\/api.w.org\/{rel}","templated":true}]}}