{"id":3205,"date":"2024-05-04T20:11:50","date_gmt":"2024-05-04T20:11:50","guid":{"rendered":"https:\/\/wmdcompany.eu\/?post_type=product&#038;p=3205"},"modified":"2025-09-29T06:47:26","modified_gmt":"2025-09-29T06:47:26","slug":"bomba-de-vacuo-de-parafuso","status":"publish","type":"product","link":"https:\/\/westonclimate.com\/pt_pt\/tooted\/kruviga-vaakumpump\/","title":{"rendered":"Bomba de v\u00e1cuo de parafuso"},"content":{"rendered":"","protected":false},"excerpt":{"rendered":"<p style=\"font-weight: 400;\"><strong>Bomba de v\u00e1cuo de parafuso AIRHORSE.\u00a0<\/strong><\/p>\n<ul>\n<li>Funcionamento silencioso, n\u00edveis de ru\u00eddo muito inferiores aos de outras tecnologias.<\/li>\n<li>Sustentabilidade da produtividade, garantindo uma efici\u00eancia est\u00e1vel.<\/li>\n<li>Em compara\u00e7\u00e3o com a an\u00e1lise de \u00f3leo convencional e a tecnologia de palhetas rotativas secas, o dispositivo tem um desempenho superior.<\/li>\n<li>Tecnologia de parafuso avan\u00e7ada, frequ\u00eancia vari\u00e1vel e conce\u00e7\u00e3o inovadora do motor que proporcionam uma efici\u00eancia energ\u00e9tica ultra elevada.<\/li>\n<li>Mant\u00e9m uma capacidade de absor\u00e7\u00e3o de \u00f3leo ultra-elevada a todas as press\u00f5es de funcionamento, reduzindo assim o impacto ambiental.<\/li>\n<li>Economia de espa\u00e7o: A s\u00e9rie SVP \u00e9 uma das unidades mais pequenas do mercado e \u00e9 a escolha ideal para a instala\u00e7\u00e3o em salas de m\u00e1quinas de v\u00e1cuo.<\/li>\n<\/ul>","protected":false},"featured_media":3208,"template":"","meta":[],"product_brand":[],"product_cat":[66],"product_tag":[],"class_list":{"0":"post-3205","1":"product","2":"type-product","3":"status-publish","4":"has-post-thumbnail","6":"product_cat-kompressorid","8":"first","9":"instock","10":"taxable","11":"shipping-taxable","12":"product-type-simple"},"_links":{"self":[{"href":"https:\/\/westonclimate.com\/pt_pt\/wp-json\/wp\/v2\/product\/3205","targetHints":{"allow":["GET"]}}],"collection":[{"href":"https:\/\/westonclimate.com\/pt_pt\/wp-json\/wp\/v2\/product"}],"about":[{"href":"https:\/\/westonclimate.com\/pt_pt\/wp-json\/wp\/v2\/types\/product"}],"version-history":[{"count":1,"href":"https:\/\/westonclimate.com\/pt_pt\/wp-json\/wp\/v2\/product\/3205\/revisions"}],"predecessor-version":[{"id":9289,"href":"https:\/\/westonclimate.com\/pt_pt\/wp-json\/wp\/v2\/product\/3205\/revisions\/9289"}],"wp:featuredmedia":[{"embeddable":true,"href":"https:\/\/westonclimate.com\/pt_pt\/wp-json\/wp\/v2\/media\/3208"}],"wp:attachment":[{"href":"https:\/\/westonclimate.com\/pt_pt\/wp-json\/wp\/v2\/media?parent=3205"}],"wp:term":[{"taxonomy":"product_brand","embeddable":true,"href":"https:\/\/westonclimate.com\/pt_pt\/wp-json\/wp\/v2\/product_brand?post=3205"},{"taxonomy":"product_cat","embeddable":true,"href":"https:\/\/westonclimate.com\/pt_pt\/wp-json\/wp\/v2\/product_cat?post=3205"},{"taxonomy":"product_tag","embeddable":true,"href":"https:\/\/westonclimate.com\/pt_pt\/wp-json\/wp\/v2\/product_tag?post=3205"}],"curies":[{"name":"wp","href":"https:\/\/api.w.org\/{rel}","templated":true}]}}