{"id":3215,"date":"2024-05-04T20:35:19","date_gmt":"2024-05-04T20:35:19","guid":{"rendered":"https:\/\/wmdcompany.eu\/?post_type=product&#038;p=3215"},"modified":"2025-09-29T06:46:36","modified_gmt":"2025-09-29T06:46:36","slug":"compressor-de-parafuso-isento-de-oleo-com-marca-de-agua","status":"publish","type":"product","link":"https:\/\/westonclimate.com\/pt_pt\/tooted\/vesimaardega-olivaba-kruvikompressor\/","title":{"rendered":"Compressor de parafuso isento de \u00f3leo lubrificado a \u00e1gua"},"content":{"rendered":"","protected":false},"excerpt":{"rendered":"<p style=\"font-weight: 400;\"><strong>Compressor de ar de parafuso sem \u00f3leo AIRHORSE com \u00e1gua.\u00a0<\/strong><\/p>\n<ul>\n<li>Alta press\u00e3o.<\/li>\n<li>Baixo n\u00edvel de ru\u00eddo.<\/li>\n<li>Alta efici\u00eancia.<\/li>\n<li>N\u00e3o polui o ambiente.<\/li>\n<li>Ar comprimido mais limpo.<\/li>\n<li>Norma de qualidade do ar ISO8573 Classe 0 isenta de \u00f3leo.<\/li>\n<li>Acampamento aut\u00f3nomo.<\/li>\n<li>Compress\u00e3o a baixa temperatura (semelhante \u00e0 temperatura ambiente).<\/li>\n<li>Rotor de a\u00e7o inoxid\u00e1vel isento de \u00f3leo.<\/li>\n<li>Produ\u00e7\u00e3o est\u00e1vel e cont\u00ednua.<\/li>\n<\/ul>","protected":false},"featured_media":3217,"template":"","meta":[],"product_brand":[],"product_cat":[66],"product_tag":[],"class_list":{"0":"post-3215","1":"product","2":"type-product","3":"status-publish","4":"has-post-thumbnail","6":"product_cat-kompressorid","8":"first","9":"instock","10":"taxable","11":"shipping-taxable","12":"product-type-simple"},"_links":{"self":[{"href":"https:\/\/westonclimate.com\/pt_pt\/wp-json\/wp\/v2\/product\/3215","targetHints":{"allow":["GET"]}}],"collection":[{"href":"https:\/\/westonclimate.com\/pt_pt\/wp-json\/wp\/v2\/product"}],"about":[{"href":"https:\/\/westonclimate.com\/pt_pt\/wp-json\/wp\/v2\/types\/product"}],"version-history":[{"count":1,"href":"https:\/\/westonclimate.com\/pt_pt\/wp-json\/wp\/v2\/product\/3215\/revisions"}],"predecessor-version":[{"id":9287,"href":"https:\/\/westonclimate.com\/pt_pt\/wp-json\/wp\/v2\/product\/3215\/revisions\/9287"}],"wp:featuredmedia":[{"embeddable":true,"href":"https:\/\/westonclimate.com\/pt_pt\/wp-json\/wp\/v2\/media\/3217"}],"wp:attachment":[{"href":"https:\/\/westonclimate.com\/pt_pt\/wp-json\/wp\/v2\/media?parent=3215"}],"wp:term":[{"taxonomy":"product_brand","embeddable":true,"href":"https:\/\/westonclimate.com\/pt_pt\/wp-json\/wp\/v2\/product_brand?post=3215"},{"taxonomy":"product_cat","embeddable":true,"href":"https:\/\/westonclimate.com\/pt_pt\/wp-json\/wp\/v2\/product_cat?post=3215"},{"taxonomy":"product_tag","embeddable":true,"href":"https:\/\/westonclimate.com\/pt_pt\/wp-json\/wp\/v2\/product_tag?post=3215"}],"curies":[{"name":"wp","href":"https:\/\/api.w.org\/{rel}","templated":true}]}}