{"id":3478,"date":"2024-06-17T16:56:16","date_gmt":"2024-06-17T16:56:16","guid":{"rendered":"https:\/\/wmdcompany.eu\/?post_type=product&#038;p=3478"},"modified":"2026-01-07T12:02:36","modified_gmt":"2026-01-07T12:02:36","slug":"weston-climate-eco-pair-soojustagastusega-ventilatsiooniseade-ws-av-ttw5","status":"publish","type":"product","link":"https:\/\/westonclimate.com\/pt_pt\/tooted\/unidade-de-ventilacao-com-recuperacao-de-calor-weston-climate-eco-pair-ws-av-ttw5\/","title":{"rendered":"Unidade de ventila\u00e7\u00e3o com recupera\u00e7\u00e3o de calor Weston Climate Eco Pair WS-AV-TTW5"},"content":{"rendered":"<p><strong>Carater\u00edsticas:<\/strong><\/p>\n<ul>\n<li>Painel frontal decorativo e elegante.<\/li>\n<li>Dispositivo de fecho autom\u00e1tico para evitar a retra\u00e7\u00e3o.<\/li>\n<li>Sem gelo e sem condensa\u00e7\u00e3o.<\/li>\n<li>Instala\u00e7\u00e3o r\u00e1pida atrav\u00e9s da parede interior com um furo.<\/li>\n<li>Elevada efici\u00eancia t\u00e9rmica. Recupera\u00e7\u00e3o de energia cer\u00e2mica de alta tecnologia incorporada com a m\u00e1xima efici\u00eancia energ\u00e9tica 97%.<\/li>\n<li>Ventilador com motor DC rotativo sem escovas de baixo consumo (7,8 W).<\/li>\n<li>Arrefecimento livre: se a unidade detetar que a temperatura exterior est\u00e1 a \u00b11 \u00b0C da temperatura definida, muda automaticamente para introduzir mais ar fresco.<\/li>\n<li>Pr\u00e9-filtro e filtro F7 (MERV11) de s\u00e9rie para manter o ar limpo.<\/li>\n<li style=\"font-weight: 400;\">Trabalho flex\u00edvel, individual, em pares ou em grupos de at\u00e9 10 dispositivos.<\/li>\n<li>Classe de prote\u00e7\u00e3o IP elevada: IPX4.<\/li>\n<li>Funcionamento silencioso abaixo de 32,7 dB(A).<\/li>\n<li>Gest\u00e3o f\u00e1cil. O dispositivo pode ser controlado atrav\u00e9s de um bot\u00e3o, controlo remoto e WiFi (Smart APP). Na aplica\u00e7\u00e3o, o utilizador tamb\u00e9m pode criar cen\u00e1rios e gest\u00e3o baseada em grupos.<\/li>\n<li>Pode ser gerido a partir de qualquer parte do mundo atrav\u00e9s de um servidor na nuvem, utilizando um smartphone Android ou iOS.<\/li>\n<li>Controlo mais inteligente da qualidade do ar interior. Sensor de CO2 de s\u00e9rie que apresenta a concentra\u00e7\u00e3o de CO2 em tempo real e controla a unidade para introduzir mais ar fresco para diluir a concentra\u00e7\u00e3o de CO2. Al\u00e9m disso, o sensor de humidade e o sensor de qualidade do ar interior s\u00e3o opcionais.<\/li>\n<li>30 metros* transmiss\u00e3o a longa dist\u00e2ncia.<\/li>\n<\/ul>\n<p><strong>Informa\u00e7\u00f5es t\u00e9cnicas:<\/strong><\/p>\n<ul>\n<li>Tens\u00e3o: 100V~240V AC \/50-60Hz<\/li>\n<li>Pot\u00eancia (W): 6; 7; 7,8<\/li>\n<li>Amperagem (A): 0,04; 0,05; 0,06<\/li>\n<li>Caudal de ar no modo de entrada\/sa\u00edda (com filtro F7) (CMH\/CFM)**: 20\/11,8; 40\/23,5; 50\/29,4<\/li>\n<li>Caudal de ar m\u00e1ximo (modo de refor\u00e7o da ventoinha) (CMH\/CFM): 60\/35,3<\/li>\n<li>N\u00edvel de press\u00e3o sonora (dBA): 32,7<\/li>\n<li>Efici\u00eancia energ\u00e9tica: at\u00e9 97%<\/li>\n<li>SEC: A+<\/li>\n<li>Grau de prote\u00e7\u00e3o IP: IPX4<\/li>\n<li>N\u00famero de rota\u00e7\u00f5es (m\u00e1x.): 2200<\/li>\n<li>Di\u00e2metro do canal (mm): 158<\/li>\n<li>Tamanho do produto (mm): 239,6 x 258 x 499,7 (o comprimento do canal na parede \u00e9 de 280-470 mm).<\/li>\n<li>Peso l\u00edquido (kg): 4,2<\/li>\n<\/ul>\n<p>*Nota: Os 30 metros foram testados sem barreiras e sem interfer\u00eancias. Na pr\u00e1tica, recomenda-se a instala\u00e7\u00e3o dos aparelhos a 8-15 metros de dist\u00e2ncia. Evite fontes de interfer\u00eancia fortes e objectos de prote\u00e7\u00e3o (por exemplo, arma\u00e7\u00f5es de ferro, tectos de alum\u00ednio). **Nota: Sem o filtro F7, o caudal de ar no modo de alimenta\u00e7\u00e3o\/exaust\u00e3o \u00e9 de aproximadamente 34\/56\/70 m3\/h ou 20\/33\/41,2 p\u00e9s3\/h e os par\u00e2metros relativos s\u00e3o ajustados em conformidade.<\/p>","protected":false},"excerpt":{"rendered":"<p>WC-AV-TTW5SC-N (mosto\/CO2) <a href=\"https:\/\/eprel.ec.europa.eu\/screen\/product\/residentialventilationunits\/2452328\" target=\"_blank\" rel=\"noopener\">Registo EPREL<\/a><br \/>\nWC-AV-TTW5-W (Branco\/Umidade) <a href=\"https:\/\/eprel.ec.europa.eu\/screen\/product\/residentialventilationunits\/2452326\" target=\"_blank\" rel=\"noopener\">Registo EPREL<\/a><br \/>\nWC-AV-TTW6-6 (Branco\/CO2) <a href=\"https:\/\/eprel.ec.europa.eu\/screen\/product\/residentialventilationunits\/2452327\" target=\"_blank\" rel=\"noopener\">Registo EPREL<\/a><br \/>\nWC-AV-TTW6-W (Preto\/Umidade) <a href=\"https:\/\/eprel.ec.europa.eu\/screen\/product\/residentialventilationunits\/2445789\" target=\"_blank\" rel=\"noopener\">Registo EPREL<\/a><\/p>\n<p><strong>O PRIMEIRO SISTEMA DE VENTILA\u00c7\u00c3O SEM CONDUTAS PERFEITO NA EUROPA!\u00a0<\/strong><strong>INSTALA\u00c7\u00c3O F\u00c1CIL E R\u00c1PIDA.<\/strong><\/p>\n<ul>\n<li><strong>Controlo integrado da qualidade do ar interior e da humidade para ajudar a manter os n\u00edveis de di\u00f3xido de carbono e de humidade dentro dos limites exigidos. <\/strong><\/li>\n<li><strong>Trabalha tanto individualmente como em pares (entre uma unidade do tipo comandante\/subordinado). <\/strong><\/li>\n<li><strong>Podem ser agrupados at\u00e9 10 dispositivos.<\/strong><\/li>\n<\/ul>\n<p><strong>Weston Climate<\/strong>\u00a0inovador ventilador de recupera\u00e7\u00e3o de energia para uma divis\u00e3o <strong>Eco Pair Plus<\/strong> poupa energia e melhora eficazmente o clima interior. A unidade de ventila\u00e7\u00e3o pode ser utilizada individualmente ou em pares. A constru\u00e7\u00e3o da unidade \u00e9 feita com materiais de alta qualidade, que garantem um funcionamento perfeito e extremamente silencioso. O n\u00edvel de ru\u00eddo n\u00e3o excede os 32,7dB. A tecnologia moderna garante fiabilidade e uma longa vida \u00fatil. A instala\u00e7\u00e3o do Weston Climate Eco Pair Plus foi facilitada - uma instala\u00e7\u00e3o r\u00e1pida atrav\u00e9s de uma parede exterior com apenas um orif\u00edcio, ao alcance de qualquer homem ou mulher de fam\u00edlia. A unidade foi encomendada e adaptada para cumprir os requisitos europeus e escandinavos.<\/p>\n<p>Prazo de entrega at\u00e9 65 dias \u00fateis.<\/p>","protected":false},"featured_media":10794,"template":"","meta":[],"product_brand":[],"product_cat":[124,35],"product_tag":[],"class_list":{"0":"post-3478","1":"product","2":"type-product","3":"status-publish","4":"has-post-thumbnail","6":"product_cat-lokaalsed","7":"product_cat-ventilatsiooniseadmed","9":"first","10":"instock","11":"taxable","12":"shipping-taxable","13":"purchasable","14":"product-type-variable"},"_links":{"self":[{"href":"https:\/\/westonclimate.com\/pt_pt\/wp-json\/wp\/v2\/product\/3478","targetHints":{"allow":["GET"]}}],"collection":[{"href":"https:\/\/westonclimate.com\/pt_pt\/wp-json\/wp\/v2\/product"}],"about":[{"href":"https:\/\/westonclimate.com\/pt_pt\/wp-json\/wp\/v2\/types\/product"}],"version-history":[{"count":16,"href":"https:\/\/westonclimate.com\/pt_pt\/wp-json\/wp\/v2\/product\/3478\/revisions"}],"predecessor-version":[{"id":10677,"href":"https:\/\/westonclimate.com\/pt_pt\/wp-json\/wp\/v2\/product\/3478\/revisions\/10677"}],"wp:featuredmedia":[{"embeddable":true,"href":"https:\/\/westonclimate.com\/pt_pt\/wp-json\/wp\/v2\/media\/10794"}],"wp:attachment":[{"href":"https:\/\/westonclimate.com\/pt_pt\/wp-json\/wp\/v2\/media?parent=3478"}],"wp:term":[{"taxonomy":"product_brand","embeddable":true,"href":"https:\/\/westonclimate.com\/pt_pt\/wp-json\/wp\/v2\/product_brand?post=3478"},{"taxonomy":"product_cat","embeddable":true,"href":"https:\/\/westonclimate.com\/pt_pt\/wp-json\/wp\/v2\/product_cat?post=3478"},{"taxonomy":"product_tag","embeddable":true,"href":"https:\/\/westonclimate.com\/pt_pt\/wp-json\/wp\/v2\/product_tag?post=3478"}],"curies":[{"name":"wp","href":"https:\/\/api.w.org\/{rel}","templated":true}]}}