{"id":3593,"date":"2024-06-20T10:46:22","date_gmt":"2024-06-20T10:46:22","guid":{"rendered":"https:\/\/wmdcompany.eu\/?post_type=product&#038;p=3593"},"modified":"2026-01-23T18:01:08","modified_gmt":"2026-01-23T18:01:08","slug":"sistema-de-ventilacao-com-bomba-de-calor-weston-climate-hperv","status":"publish","type":"product","link":"https:\/\/westonclimate.com\/pt_pt\/tooted\/weston-climate-soojuspumbaga-ventilatsioonideseade-hperv\/","title":{"rendered":"Sistema de ventila\u00e7\u00e3o com bomba de calor Weston Climate HPERV"},"content":{"rendered":"<p><strong>Informa\u00e7\u00f5es t\u00e9cnicas:<\/strong><\/p>\n<ul>\n<li>Classe energ\u00e9tica: A+<\/li>\n<li>Taxa m\u00e1xima de fuga interna e externa (%): menos de 5% interna, menos de 5% externa.<\/li>\n<li>Caudal de refer\u00eancia (m3\/s): 0,08<\/li>\n<li>Press\u00e3o diferencial de refer\u00eancia (Pa): 100<\/li>\n<li>Pot\u00eancia espec\u00edfica de entrada (SPI) ((W\/(M3\/h)): 0,72<\/li>\n<li>Fator de controlo: 0,65<\/li>\n<li>Tipo de sistema de controlo: controlo local<\/li>\n<li>Tipo de fluxo de ar: DF<\/li>\n<li>Tipo de motor: Motor EC<\/li>\n<li>Tipo de sistema de recupera\u00e7\u00e3o de calor: recuperador<\/li>\n<li>Efici\u00eancia energ\u00e9tica (%): 76,5<\/li>\n<li>Caudal de ar m\u00e1ximo (m3\/h): 350<\/li>\n<li>Caudal de ar nominal (m3\/h): 300<\/li>\n<li>Extra\u00e7\u00e3o de ar (modo de ventila\u00e7\u00e3o) (m3\/h): 300<\/li>\n<li>Extra\u00e7\u00e3o de ar (modo de aquecimento\/arrefecimento) (m3\/h): 350<\/li>\n<li>Press\u00e3o est\u00e1tica externa (Pa): 100<\/li>\n<li>Ru\u00eddo db(A): 37\/42<\/li>\n<li>Fonte de alimenta\u00e7\u00e3o: 220V 1A 50\/60Hz<\/li>\n<li>Arrefecimento (EER): 4,28<\/li>\n<li>Aquecimento (COP): 5,65<\/li>\n<li>Dimens\u00f5es (l\/w\/w) (mm): 760x600x850<\/li>\n<li>Di\u00e2metro da entrada\/sa\u00edda de ar (mm): 188<\/li>\n<li>Altura da entrada\/sa\u00edda de ar (mm): 60<\/li>\n<li>Altura do fundo da unidade (mm): 61,5<\/li>\n<li>\u00c4ravoolutoru (&#8221;): 1\/2<\/li>\n<li>Refrigerante: R32<\/li>\n<li>Temperatura de funcionamento: -15C a +50<\/li>\n<\/ul>\n<p><strong>Modo de ventila\u00e7\u00e3o:<\/strong><\/p>\n<ul>\n<li>Efici\u00eancia t\u00e9rmica (aquecimento) (%): 76,5<\/li>\n<li>Efici\u00eancia t\u00e9rmica (arrefecimento) (%): 72 %.<\/li>\n<li>Efici\u00eancia de entalpia (aquecimento) (%): 72,6<\/li>\n<li>Efici\u00eancia de entalpia (arrefecimento) (%): 69,4<\/li>\n<li>Pot\u00eancia de entrada (W): 217<\/li>\n<li>Corrente de entrada (A): 1,19<\/li>\n<\/ul>\n<p><strong>Arrefecimento\/aquecimento:<\/strong><\/p>\n<ul>\n<li>Capacidade nominal de arrefecimento (W): 3620<\/li>\n<li>Capacidade m\u00e1xima de arrefecimento (W): 4140<\/li>\n<li>Pot\u00eancia de entrada (arrefecimento) (W): 847<\/li>\n<li>Corrente de funcionamento (arrefecimento) (A): 5,65<\/li>\n<li>Pot\u00eancia t\u00e9rmica nominal (W): 4460<\/li>\n<li>Pot\u00eancia m\u00e1xima de aquecimento (W): 4651<\/li>\n<li>Pot\u00eancia de entrada (aquecimento) (W): 790<\/li>\n<li>Corrente de funcionamento (aquecimento) (A): 5,8<\/li>\n<li>Arrefecimento (EER): 4,28<\/li>\n<li>Aquecimento (COP): 5,65<\/li>\n<\/ul>","protected":false},"excerpt":{"rendered":"<p><strong>Unidade de ventila\u00e7\u00e3o multifuncional Weston Climate com ar condicionado incorporado.<\/strong> O sistema de ventila\u00e7\u00e3o com bomba de calor HPERV \u00e9 uma excelente escolha para criar um clima interior confort\u00e1vel, saud\u00e1vel e energeticamente eficiente. Tamb\u00e9m funciona como um separador de humidade do sistema de ventila\u00e7\u00e3o, condensando e removendo o excesso de humidade do fluxo de ar.<\/p>\n<p><strong>Purifica\u00e7\u00e3o de ar fresco, aquecimento\/arrefecimento, recupera\u00e7\u00e3o de calor e desumidifica\u00e7\u00e3o - tudo numa s\u00f3 unidade!<\/strong><\/p>\n<p>Esta unidade de ventila\u00e7\u00e3o Weston Climate proporciona um ar interior confort\u00e1vel e saud\u00e1vel, poupando energia e dinheiro - uma solu\u00e7\u00e3o ideal para edif\u00edcios herm\u00e9ticos onde as janelas permanecem frequentemente fechadas devido ao ru\u00eddo, part\u00edculas de p\u00f3 e perdas de energia.<br \/>\nUm permutador de calor de entalpia de contracorrente cruzada \u00e9 capaz de transferir calor e humidade entre os fluxos de ar exterior e interior sem os misturar. Isto ajuda a recuperar at\u00e9 80% da energia do ar de exaust\u00e3o, reduzindo a carga de aquecimento ou arrefecimento do compressor. A unidade \u00e9 lav\u00e1vel e de f\u00e1cil manuten\u00e7\u00e3o. A esperan\u00e7a de vida \u00e9 de at\u00e9 15 anos com uma manuten\u00e7\u00e3o adequada.<\/p>","protected":false},"featured_media":7688,"template":"","meta":[],"product_brand":[],"product_cat":[122,35],"product_tag":[],"class_list":{"0":"post-3593","1":"product","2":"type-product","3":"status-publish","4":"has-post-thumbnail","6":"product_cat-vertikaalsed","7":"product_cat-ventilatsiooniseadmed","9":"first","10":"instock","11":"taxable","12":"shipping-taxable","13":"purchasable","14":"product-type-variable"},"_links":{"self":[{"href":"https:\/\/westonclimate.com\/pt_pt\/wp-json\/wp\/v2\/product\/3593","targetHints":{"allow":["GET"]}}],"collection":[{"href":"https:\/\/westonclimate.com\/pt_pt\/wp-json\/wp\/v2\/product"}],"about":[{"href":"https:\/\/westonclimate.com\/pt_pt\/wp-json\/wp\/v2\/types\/product"}],"version-history":[{"count":11,"href":"https:\/\/westonclimate.com\/pt_pt\/wp-json\/wp\/v2\/product\/3593\/revisions"}],"predecessor-version":[{"id":10649,"href":"https:\/\/westonclimate.com\/pt_pt\/wp-json\/wp\/v2\/product\/3593\/revisions\/10649"}],"wp:featuredmedia":[{"embeddable":true,"href":"https:\/\/westonclimate.com\/pt_pt\/wp-json\/wp\/v2\/media\/7688"}],"wp:attachment":[{"href":"https:\/\/westonclimate.com\/pt_pt\/wp-json\/wp\/v2\/media?parent=3593"}],"wp:term":[{"taxonomy":"product_brand","embeddable":true,"href":"https:\/\/westonclimate.com\/pt_pt\/wp-json\/wp\/v2\/product_brand?post=3593"},{"taxonomy":"product_cat","embeddable":true,"href":"https:\/\/westonclimate.com\/pt_pt\/wp-json\/wp\/v2\/product_cat?post=3593"},{"taxonomy":"product_tag","embeddable":true,"href":"https:\/\/westonclimate.com\/pt_pt\/wp-json\/wp\/v2\/product_tag?post=3593"}],"curies":[{"name":"wp","href":"https:\/\/api.w.org\/{rel}","templated":true}]}}