{"id":3610,"date":"2024-06-20T14:48:20","date_gmt":"2024-06-20T14:48:20","guid":{"rendered":"https:\/\/wmdcompany.eu\/?post_type=product&#038;p=3610"},"modified":"2025-12-23T15:05:22","modified_gmt":"2025-12-23T15:05:22","slug":"weston-climate-soojustagastusega-ventilatsiooniseade-vch-cvh-250-500m3-h","status":"publish","type":"product","link":"https:\/\/westonclimate.com\/pt_pt\/tooted\/unidade-de-ventilacao-com-recuperacao-de-calor-weston-climate-vch-cvh-250-500m3-h\/","title":{"rendered":"Unidade de ventila\u00e7\u00e3o Weston Climate com recupera\u00e7\u00e3o de calor VCH-CVH 250-500m3\/h"},"content":{"rendered":"<p><strong>Carater\u00edsticas:<\/strong><\/p>\n<ul>\n<li>Efici\u00eancia energ\u00e9tica at\u00e9 95%.<\/li>\n<li>Ventiladores EC de baixo consumo de energia com caudal de ar cont\u00ednuo, 4 velocidades.<\/li>\n<li>M\u00e1xima efici\u00eancia em todas as condi\u00e7\u00f5es gra\u00e7as \u00e0 regula\u00e7\u00e3o cont\u00ednua do caudal.<\/li>\n<li>A purifica\u00e7\u00e3o do ar de alimenta\u00e7\u00e3o com filtro principal (G4) e filtro m\u00e9dio (F7) \u00e9 opcional.<\/li>\n<li>Bypass standard 100%.<\/li>\n<li>R\u00f3tulo Ecodesign A ou A+.<\/li>\n<li>Est\u00e1 dispon\u00edvel um permutador de entalpia para equilibrar melhor a humidade interior durante o inverno.<\/li>\n<li>O ru\u00eddo de funcionamento mais baixo \u00e9 de 31 dB(A).<\/li>\n<li>Duas op\u00e7\u00f5es de instala\u00e7\u00e3o.<\/li>\n<li>Controlo por smartphone: Android\/IOS.<\/li>\n<li>Gest\u00e3o de grupos.<\/li>\n<\/ul>\n<p>&nbsp;<\/p>\n<p><strong>Corpo:<\/strong><\/p>\n<ul>\n<li>A estrutura interna \u00e9 feita de material EPP, que \u00e9 leve, economizador de calor, silencioso, amigo do ambiente, inodoro, etc. Tem boas propriedades de estanquidade ao ar e de isolamento t\u00e9rmico.<\/li>\n<\/ul>\n<p>&nbsp;<\/p>\n<p><strong>Filtragem do ar:<\/strong><\/p>\n<ul>\n<li>A unidade de ventila\u00e7\u00e3o de ar fresco Airwood\/Holtop com recupera\u00e7\u00e3o de calor tem dois filtros. Estes filtros removem o p\u00f3 do ar 95%. Est\u00e1 dispon\u00edvel como op\u00e7\u00e3o um filtro de poeiras finas de elevado desempenho (F7), ideal para \u00e1reas com elevado teor de poeiras, como auto-estradas e aeroportos. As pessoas al\u00e9rgicas a poeiras finas ou em suspens\u00e3o no ar beneficiar\u00e3o muito com estes filtros.<\/li>\n<li>O bypass inclui um filtro principal separado para garantir a limpeza do ar de entrada.<\/li>\n<\/ul>\n<div>\n<p>&nbsp;<\/p>\n<p class=\"Heading51\"><strong><span lang=\"ET\">Filtros EC de fluxo de ar cont\u00ednuo:<\/span><\/strong><\/p>\n<ul>\n<li>Ainulaadsete pideva \u00f5huvoolu ventilaatorite kasutamine tagab eelseadistatud \u00f5huvoolukiirused ning tasakaalu toite- ja heit\u00f5hu vahel. Tasakaalustatud ventilatsioon tagab alati suure t\u00f5hususe &#8211; olenemata kanalis\u00fcsteemi takistusest v\u00f5i m\u00e4\u00e4rdunud filtritest. Samuti s\u00e4\u00e4stab see aega s\u00fcsteemi kasutuselev\u00f5tul.<\/li>\n<\/ul>\n<p>&nbsp;<\/p>\n<p class=\"Heading51\"><strong><span lang=\"ET\">Na semana passada:<\/span><\/strong><\/p>\n<ul>\n<li>No ver\u00e3o, o bypass 100% contribui para melhorar o conforto e \u00e9 automaticamente controlado com base nas temperaturas exteriores medidas.<\/li>\n<\/ul>\n<div>\n<p>&nbsp;<\/p>\n<p class=\"Heading51\"><strong><span lang=\"ET\">Instala\u00e7\u00e3o flex\u00edvel:<\/span><\/strong><\/p>\n<ul>\n<li>\n<div><span lang=\"ET\">Existe uma op\u00e7\u00e3o \u00e0 esquerda ou \u00e0 direita. A op\u00e7\u00e3o de instala\u00e7\u00e3o pode ser adaptada no local para satisfazer diferentes requisitos de instala\u00e7\u00e3o.<\/span><\/div>\n<\/li>\n<\/ul>\n<\/div>\n<\/div>\n<p>&nbsp;<\/p>\n<p><strong>Informa\u00e7\u00f5es t\u00e9cnicas:<\/strong><\/p>\n<ul>\n<li><span lang=\"ET\">Tens\u00e3o do equipamento (V\/50 (60) Hz): 230<\/span><\/li>\n<li><span lang=\"ET\">Caudal de ar (m\u00b3\/h):\u00a0<em><strong>250-500<\/strong><\/em><\/span><\/li>\n<li>\n<div><span lang=\"ET\">Press\u00e3o est\u00e1tica externa (Pa):\u00a0<em><strong>130-160<\/strong><\/em><\/span><\/div>\n<\/li>\n<li>\n<div>Efici\u00eancia energ\u00e9tica (%): 95<\/div>\n<\/li>\n<li>\n<div>Pot\u00eancia m\u00e1xima (W):\u00a0<em><strong>137-412<\/strong><\/em><\/div>\n<\/li>\n<li>\n<div>Temperatura do ar durante o transporte (\u00b0C): -25 a +40<\/div>\n<\/li>\n<li>\n<div>Material do corpo: a\u00e7o galvanizado<\/div>\n<\/li>\n<li>\n<div>Isolamento: EPP<\/div>\n<\/li>\n<li>\n<div>Di\u00e2metro da conduta de ar ligada (mm):\u00a0<em><strong>144-196<\/strong><\/em><\/div>\n<\/li>\n<li>\n<div>Ru\u00eddo (dB(A))*:\u00a0<em><strong>35-39<\/strong><\/em><\/div>\n<\/li>\n<li>\n<div>Classe de efici\u00eancia energ\u00e9tica: A+<\/div>\n<\/li>\n<li>\n<div>Peso (kg):\u00a0<em><strong>40-50<\/strong><\/em><\/div>\n<div>\n<div>\n<div><\/div>\n<\/div>\n<div>*\u00a0<i><span lang=\"ET\">Nota: Este n\u00edvel de ru\u00eddo \u00e9 medido com o caudal de ar m\u00e1ximo do 70% e uma press\u00e3o est\u00e1tica de 50 Pa.<\/span><\/i><\/div>\n<\/div>\n<\/li>\n<\/ul>","protected":false},"excerpt":{"rendered":"<p style=\"font-weight: 400;\"><strong>Unidade de ventila\u00e7\u00e3o vertical com recupera\u00e7\u00e3o de calor Weston Climate VCH-CVH<\/strong> introduz ar fresco e cria um ambiente de vida saud\u00e1vel com oxig\u00e9nio, temperatura e humidade confort\u00e1veis e ar sem p\u00f3 constante. A entrada de ar fresco e a sa\u00edda de ar est\u00e3o em equil\u00edbrio correto. As correntes de ar n\u00e3o se misturam, permanecendo separadas. H\u00e1 transfer\u00eancia de calor do ar extra\u00eddo para o ar frio que entra. Isto significa que o ar exterior frio \u00e9 aquecido \"gratuitamente\", ou seja, n\u00e3o h\u00e1 desperd\u00edcio de energia.<\/p>\n<p style=\"font-weight: 400;\"><strong>Efici\u00eancia energ\u00e9tica at\u00e9 95%.<\/strong> O isolamento t\u00e9rmico de elevada efici\u00eancia mant\u00e9m a temperatura do ar fresco de entrada pr\u00f3xima da temperatura interior, o que aumenta significativamente o conforto interior. Tamb\u00e9m ajuda a reduzir o tamanho do equipamento AVAC necess\u00e1rio, porque n\u00e3o tem de trabalhar tanto para aquecer e arrefecer quando o ar que entra \u00e9 condicionado por um ventilador com efici\u00eancia t\u00e9rmica. Isto beneficia os utilizadores finais, aumentando o seu conforto e reduzindo as suas facturas de energia. E a redu\u00e7\u00e3o da necessidade de combust\u00edveis f\u00f3sseis tamb\u00e9m beneficia o nosso ambiente.<\/p>\n<p><strong>Prazo de entrega at\u00e9 45 dias \u00fateis.<\/strong><\/p>","protected":false},"featured_media":7682,"template":"","meta":[],"product_brand":[],"product_cat":[122,35],"product_tag":[],"class_list":{"0":"post-3610","1":"product","2":"type-product","3":"status-publish","4":"has-post-thumbnail","6":"product_cat-vertikaalsed","7":"product_cat-ventilatsiooniseadmed","9":"first","10":"instock","11":"taxable","12":"shipping-taxable","13":"purchasable","14":"product-type-variable"},"_links":{"self":[{"href":"https:\/\/westonclimate.com\/pt_pt\/wp-json\/wp\/v2\/product\/3610","targetHints":{"allow":["GET"]}}],"collection":[{"href":"https:\/\/westonclimate.com\/pt_pt\/wp-json\/wp\/v2\/product"}],"about":[{"href":"https:\/\/westonclimate.com\/pt_pt\/wp-json\/wp\/v2\/types\/product"}],"version-history":[{"count":8,"href":"https:\/\/westonclimate.com\/pt_pt\/wp-json\/wp\/v2\/product\/3610\/revisions"}],"predecessor-version":[{"id":9304,"href":"https:\/\/westonclimate.com\/pt_pt\/wp-json\/wp\/v2\/product\/3610\/revisions\/9304"}],"wp:featuredmedia":[{"embeddable":true,"href":"https:\/\/westonclimate.com\/pt_pt\/wp-json\/wp\/v2\/media\/7682"}],"wp:attachment":[{"href":"https:\/\/westonclimate.com\/pt_pt\/wp-json\/wp\/v2\/media?parent=3610"}],"wp:term":[{"taxonomy":"product_brand","embeddable":true,"href":"https:\/\/westonclimate.com\/pt_pt\/wp-json\/wp\/v2\/product_brand?post=3610"},{"taxonomy":"product_cat","embeddable":true,"href":"https:\/\/westonclimate.com\/pt_pt\/wp-json\/wp\/v2\/product_cat?post=3610"},{"taxonomy":"product_tag","embeddable":true,"href":"https:\/\/westonclimate.com\/pt_pt\/wp-json\/wp\/v2\/product_tag?post=3610"}],"curies":[{"name":"wp","href":"https:\/\/api.w.org\/{rel}","templated":true}]}}