{"id":3632,"date":"2024-06-20T19:22:40","date_gmt":"2024-06-20T19:22:40","guid":{"rendered":"https:\/\/wmdcompany.eu\/?post_type=product&#038;p=3632"},"modified":"2026-02-20T08:48:20","modified_gmt":"2026-02-20T08:48:20","slug":"sistema-de-ventilacao-com-recuperacao-de-calor-weston-climate-optimum-series-150-240m3","status":"publish","type":"product","link":"https:\/\/westonclimate.com\/pt_pt\/tooted\/weston-climate-optimal-seeria-150-240m3-soojustagastusega-ventilatsiooniseade\/","title":{"rendered":"Unidade de ventila\u00e7\u00e3o com recupera\u00e7\u00e3o de calor Weston Climate OPTIMAL s\u00e9rie 150-240m3"},"content":{"rendered":"<p><strong>Carater\u00edsticas:<\/strong><\/p>\n<ul>\n<li>Alta press\u00e3o est\u00e1tica, motor comutado eletronicamente (EC) economizador de energia<\/li>\n<li>Efici\u00eancia energ\u00e9tica at\u00e9 95%<\/li>\n<li>Integra\u00e7\u00e3o standard do bypass de ver\u00e3o<\/li>\n<li>15mm-20mm de isolamento t\u00e9rmico e ac\u00fastico interno<\/li>\n<li>Desempenho superlativo<\/li>\n<li>Instala\u00e7\u00e3o vertical e horizontal<\/li>\n<li>Pain\u00e9is de manuten\u00e7\u00e3o em ambos os lados<\/li>\n<li>Adequado para instala\u00e7\u00e3o \u00e0 esquerda e \u00e0 direita<\/li>\n<li>Sensores de temperatura interior\/ humidade relativa<\/li>\n<li>Integra\u00e7\u00e3o opcional de aquecedores el\u00e9ctricos<\/li>\n<li>Design compacto e pr\u00e1tico<\/li>\n<li>Conformidade: EU1253\/2014 ErP2016 ErP2018 EcoDesign<\/li>\n<li>Classe energ\u00e9tica A+<\/li>\n<li>de acordo com a norma EN12141-7<\/li>\n<\/ul>\n<p><strong>Fun\u00e7\u00f5es de controlo:<\/strong><\/p>\n<ul>\n<li>Sistema de gest\u00e3o integrado<\/li>\n<li>Ecr\u00e3 t\u00e1til a cores HD de 7 polegadas com visualiza\u00e7\u00e3o da qualidade do ar interior em tempo real<\/li>\n<li>Gest\u00e3o da procura local com velocidade vari\u00e1vel<\/li>\n<li>Liga\u00e7\u00e3o Modbus RS485 para casa inteligente<\/li>\n<li>Sensores IAQ (Qualidade do ar interior) CO2\/PM2.5\/vOCs\/TEMP\/RH<\/li>\n<li>Opera\u00e7\u00e3o semanal proposta<\/li>\n<li>Controlo separado opcional do ventilador<\/li>\n<li>Liga\u00e7\u00e3o de v\u00e1rios sensores externos de CO2\/RH\/TEMP<\/li>\n<li>Liga\u00e7\u00e3o de v\u00e1rios interruptores de impulso externos<\/li>\n<li>Automatiza\u00e7\u00e3o da entrada\/fus\u00e3o\/IAQ<\/li>\n<li>Dispon\u00edvel com controlo remoto<\/li>\n<li>Notifica\u00e7\u00e3o de leitura\/substitui\u00e7\u00e3o do filtro invertido<\/li>\n<li>Defini\u00e7\u00f5es completas do painel de controlo<\/li>\n<\/ul>\n<p><strong>Informa\u00e7\u00f5es t\u00e9cnicas:<\/strong><\/p>\n<ul>\n<li>Tipo de motor de ventila\u00e7\u00e3o: EC<\/li>\n<li>Fluxo de ar m\u00e1ximo (m3\/h):\u00a0<em><strong>150@100Pa \/ 200@100Pa \/ 250@100Pa<\/strong><\/em><\/li>\n<li>Pot\u00eancia nominal m\u00e1xima:\u00a0<em><strong>230V-50Hz; 60W; 0,5A \/ 230V-50Hz; 85W; 0,7A \/ 230V-50Hz; 126W; 0,8A<\/strong><\/em><\/li>\n<li>Gama de entrada de alimenta\u00e7\u00e3o: 200-240 V; 50\/60Hz<\/li>\n<li>Peso (kg): 45<\/li>\n<li>Filtro: G4<\/li>\n<li>Filtro da fonte de alimenta\u00e7\u00e3o: G4, F8 (opcional)<\/li>\n<li>Press\u00e3o est\u00e1tica m\u00e1xima (Pa):\u00a0<em><strong>285 \/ 367 \/ 375<\/strong><\/em><\/li>\n<li>Tipo de permutador de calor: Contrafluxo<\/li>\n<li>Material do permutador de calor: entalpia<\/li>\n<li>Efici\u00eancia energ\u00e9tica (%):\u00a0<em><strong>89-95 \/\u00a0<\/strong><strong>84-95 \/ 76-95<\/strong><\/em><\/li>\n<li>Material de isolamento interno: espuma de polietileno.<\/li>\n<li>Material do corpo: chapa de a\u00e7o revestida<\/li>\n<li>Temperatura do ar transmitido (C): -25 a +50<\/li>\n<li>Temperatura ambiente de trabalho (C): +5 a +40<\/li>\n<li>Humidade relativa do ambiente de trabalho (%): inferior a 80<\/li>\n<li>Di\u00e2metro da conduta de ar ligada (mm): 150<\/li>\n<\/ul>","protected":false},"excerpt":{"rendered":"<p>Com regula\u00e7\u00e3o t\u00e9rmica <strong>Weston Climate<\/strong><strong> Unidade de ventila\u00e7\u00e3o com recupera\u00e7\u00e3o de calor s\u00e9rie OPTIMAL 150-240m3<\/strong>\u00a0Adequado para utiliza\u00e7\u00e3o em casas particulares de pequena e m\u00e9dia dimens\u00e3o, escrit\u00f3rios, salas de estar, gin\u00e1sios, instala\u00e7\u00f5es m\u00e9dicas, lojas, hot\u00e9is, institui\u00e7\u00f5es de ensino, instala\u00e7\u00f5es de restaura\u00e7\u00e3o, etc. O equipamento foi encomendado e adaptado \u00e0s exig\u00eancias europeias e escandinavas. A s\u00e9rie OPTIMAL foi concebida com materiais de alta qualidade para garantir um funcionamento perfeito e extremamente silencioso. O n\u00edvel de ru\u00eddo n\u00e3o ultrapassa os 32dB. A tecnologia moderna garante a fiabilidade e a longa dura\u00e7\u00e3o da unidade. A s\u00e9rie OPTIMAL est\u00e1 coberta por uma garantia do fabricante de 7 anos, desde que sejam respeitadas as instru\u00e7\u00f5es de utiliza\u00e7\u00e3o do fabricante. A instala\u00e7\u00e3o da s\u00e9rie OPTIMAL \u00e9 muito f\u00e1cil e est\u00e1 ao alcance de qualquer homem ou mulher de fam\u00edlia empreendedor.<\/p>\n<table style=\"border-collapse: collapse; width: 48pt;\" border=\"0\" width=\"64\" cellspacing=\"0\" cellpadding=\"0\">\n<tbody>\n<tr style=\"height: 15.0pt;\">\n<td style=\"height: 15.0pt; width: 48pt;\" width=\"64\" height=\"20\"><a href=\"https:\/\/westonclimate.com\/wp-content\/uploads\/2024\/06\/CE-Certificate-W-SERIES.pdf\" target=\"_blank\" rel=\"noopener\"> <img fetchpriority=\"high\" decoding=\"async\" class=\"alignnone size-medium wp-image-10966\" src=\"https:\/\/westonclimate.com\/wp-content\/uploads\/2024\/06\/CS-sert_optimal-standard-premium-212x300.png\" alt=\"\" width=\"212\" height=\"300\" srcset=\"https:\/\/westonclimate.com\/wp-content\/uploads\/2024\/06\/CS-sert_optimal-standard-premium-212x300.png 212w, https:\/\/westonclimate.com\/wp-content\/uploads\/2024\/06\/CS-sert_optimal-standard-premium-723x1024.png 723w, https:\/\/westonclimate.com\/wp-content\/uploads\/2024\/06\/CS-sert_optimal-standard-premium-768x1087.png 768w, https:\/\/westonclimate.com\/wp-content\/uploads\/2024\/06\/CS-sert_optimal-standard-premium-8x12.png 8w, https:\/\/westonclimate.com\/wp-content\/uploads\/2024\/06\/CS-sert_optimal-standard-premium-600x849.png 600w, https:\/\/westonclimate.com\/wp-content\/uploads\/2024\/06\/CS-sert_optimal-standard-premium.png 869w\" sizes=\"(max-width: 212px) 100vw, 212px\" \/><\/a><\/td>\n<\/tr>\n<\/tbody>\n<\/table>\n<p><strong>Prazo de entrega at\u00e9 45 dias \u00fateis.<\/strong><\/p>","protected":false},"featured_media":11256,"template":"","meta":[],"product_brand":[],"product_cat":[122,35],"product_tag":[],"class_list":{"0":"post-3632","1":"product","2":"type-product","3":"status-publish","4":"has-post-thumbnail","6":"product_cat-vertikaalsed","7":"product_cat-ventilatsiooniseadmed","9":"first","10":"instock","11":"taxable","12":"shipping-taxable","13":"purchasable","14":"product-type-variable"},"_links":{"self":[{"href":"https:\/\/westonclimate.com\/pt_pt\/wp-json\/wp\/v2\/product\/3632","targetHints":{"allow":["GET"]}}],"collection":[{"href":"https:\/\/westonclimate.com\/pt_pt\/wp-json\/wp\/v2\/product"}],"about":[{"href":"https:\/\/westonclimate.com\/pt_pt\/wp-json\/wp\/v2\/types\/product"}],"version-history":[{"count":10,"href":"https:\/\/westonclimate.com\/pt_pt\/wp-json\/wp\/v2\/product\/3632\/revisions"}],"predecessor-version":[{"id":10967,"href":"https:\/\/westonclimate.com\/pt_pt\/wp-json\/wp\/v2\/product\/3632\/revisions\/10967"}],"wp:featuredmedia":[{"embeddable":true,"href":"https:\/\/westonclimate.com\/pt_pt\/wp-json\/wp\/v2\/media\/11256"}],"wp:attachment":[{"href":"https:\/\/westonclimate.com\/pt_pt\/wp-json\/wp\/v2\/media?parent=3632"}],"wp:term":[{"taxonomy":"product_brand","embeddable":true,"href":"https:\/\/westonclimate.com\/pt_pt\/wp-json\/wp\/v2\/product_brand?post=3632"},{"taxonomy":"product_cat","embeddable":true,"href":"https:\/\/westonclimate.com\/pt_pt\/wp-json\/wp\/v2\/product_cat?post=3632"},{"taxonomy":"product_tag","embeddable":true,"href":"https:\/\/westonclimate.com\/pt_pt\/wp-json\/wp\/v2\/product_tag?post=3632"}],"curies":[{"name":"wp","href":"https:\/\/api.w.org\/{rel}","templated":true}]}}