{"id":3660,"date":"2024-06-20T20:37:25","date_gmt":"2024-06-20T20:37:25","guid":{"rendered":"https:\/\/wmdcompany.eu\/?post_type=product&#038;p=3660"},"modified":"2026-01-18T11:45:56","modified_gmt":"2026-01-18T11:45:56","slug":"weston-climate-tp-th-series-350-500m3-unidade-de-ventilacao-com-recuperacao-de-calor","status":"publish","type":"product","link":"https:\/\/westonclimate.com\/pt_pt\/tooted\/weston-climate-tp-th-seeria-350-600m3-soojustagastusega-ventilatsiooniseade\/","title":{"rendered":"Unidade de ventila\u00e7\u00e3o com recupera\u00e7\u00e3o de calor Weston Climate TP s\u00e9rie TH 350-600m3"},"content":{"rendered":"<p><strong>Carater\u00edsticas:<\/strong><\/p>\n<ul>\n<li>Alta press\u00e3o est\u00e1tica, motor comutado eletronicamente (EC) economizador de energia<\/li>\n<li>Efici\u00eancia energ\u00e9tica at\u00e9 97%<\/li>\n<li>Integra\u00e7\u00e3o standard do bypass de ver\u00e3o<\/li>\n<li>Prote\u00e7\u00e3o autom\u00e1tica contra o frio<\/li>\n<li>30mm-45mm de isolamento t\u00e9rmico e ac\u00fastico interno<\/li>\n<li>Desempenho superlativo<\/li>\n<li>Instala\u00e7\u00e3o vertical e horizontal<\/li>\n<li>Pain\u00e9is de manuten\u00e7\u00e3o em cada lado<\/li>\n<li>Adequado para instala\u00e7\u00e3o \u00e0 esquerda e \u00e0 direita<\/li>\n<li>Sensores de temperatura interior\/ humidade relativa<\/li>\n<li>Integra\u00e7\u00e3o opcional de aquecedores el\u00e9ctricos<\/li>\n<li>Design compacto e pr\u00e1tico<\/li>\n<li>Conformidade: EU1253\/2014 ErP2016 ErP2018 EcoDesign<\/li>\n<li>Etiqueta energ\u00e9tica A+<\/li>\n<\/ul>\n<p><strong>Fun\u00e7\u00f5es de controlo:<\/strong><\/p>\n<ul>\n<li>Sistema de gest\u00e3o integrado<\/li>\n<li>Ecr\u00e3 t\u00e1til a cores HD de 7 polegadas com visualiza\u00e7\u00e3o da qualidade do ar interior em tempo real<\/li>\n<li>Gest\u00e3o da procura local com velocidade vari\u00e1vel<\/li>\n<li>Liga\u00e7\u00e3o Modbus RS485 para casa inteligente<\/li>\n<li>Sensores IAQ (Qualidade do ar interior) CO2\/PM2.5\/vOCs\/TEMP\/RH<\/li>\n<li>Opera\u00e7\u00e3o semanal proposta<\/li>\n<li>Controlo separado opcional do ventilador<\/li>\n<li>Liga\u00e7\u00e3o de v\u00e1rios sensores externos de CO2\/RH\/TEMP<\/li>\n<li>Liga\u00e7\u00e3o de v\u00e1rios interruptores de impulso externos<\/li>\n<li>Automatiza\u00e7\u00e3o da entrada\/fus\u00e3o\/IAQ<\/li>\n<li>Dispon\u00edvel com controlo remoto<\/li>\n<li>Notifica\u00e7\u00e3o de leitura\/substitui\u00e7\u00e3o do filtro invertido<\/li>\n<li>Defini\u00e7\u00f5es completas do painel de controlo<\/li>\n<\/ul>\n<p><strong>Informa\u00e7\u00f5es t\u00e9cnicas:<\/strong><\/p>\n<ul>\n<li>Tipo de motor de ventila\u00e7\u00e3o: EC<\/li>\n<li>Fluxo de ar m\u00e1ximo (m3\/h):\u00a0<em><strong>350@100Pa \/ 400@100Pa \/ 450@100Pa \/ 500@100Pa \/ 550@100Pa \/ 600@100Pa<\/strong><\/em><\/li>\n<li>Pot\u00eancia nominal m\u00e1xima:\u00a0<em><strong>230V-50Hz; 115W; 0,9A \/ 230V-50Hz; 150W; 1,1A \/ 230V-50Hz; 190W; 1,3A \/ 230V-50Hz; 250W; 1,7A \/ 230V-50Hz; 320W; 2,1A \/ 230V-50Hz; 390W; 2,6A.<\/strong><\/em><\/li>\n<li>Gama de entrada de alimenta\u00e7\u00e3o: 200-240 V; 50\/60Hz<\/li>\n<li>Peso (kg): 47,5<\/li>\n<li>Filtro: G4<\/li>\n<li>Filtro da fonte de alimenta\u00e7\u00e3o: G4, F8 (opcional)<\/li>\n<li>Press\u00e3o est\u00e1tica m\u00e1xima (Pa):\u00a0<em><strong>575 \/ 707 \/ 720 \/ 720 \/ 720 \/ 725<\/strong><\/em><\/li>\n<li>Tipo de permutador de calor: Contrafluxo<\/li>\n<li>Material do permutador de calor: entalpia<\/li>\n<li>Efici\u00eancia energ\u00e9tica (%):\u00a0<em><strong>89-97 \/ 87-97 \/ 84-97 \/ 81-97 \/ 78-97 \/ 75-97<\/strong><\/em><\/li>\n<li>Material de isolamento interno: EPP<\/li>\n<li>Material do corpo: EPP<\/li>\n<li>Temperatura do ar transmitido (C): -25 a +50<\/li>\n<li>Temperatura ambiente de trabalho (C): +5 a +40<\/li>\n<li>Humidade relativa do ambiente de trabalho (%): inferior a 80<\/li>\n<li>Di\u00e2metro da conduta de ar ligada (mm): 160<\/li>\n<\/ul>","protected":false},"excerpt":{"rendered":"<p>WC-TP<strong>450<\/strong>-ERV-B-Z-EC-VK8 <a href=\"https:\/\/eprel.ec.europa.eu\/screen\/product\/residentialventilationunits\/2418267\" target=\"_blank\" rel=\"noopener\">Registo EPREL<\/a><\/p>\n<p>Com regula\u00e7\u00e3o t\u00e9rmica <strong>Unidade de ventila\u00e7\u00e3o com recupera\u00e7\u00e3o de calor Weston Climate TP s\u00e9rie TH 350-600m3<\/strong> Adequado para utiliza\u00e7\u00e3o em casas particulares m\u00e9dias a grandes, escrit\u00f3rios, salas p\u00fablicas, gin\u00e1sios, instala\u00e7\u00f5es m\u00e9dicas, lojas, hot\u00e9is, institui\u00e7\u00f5es de ensino, instala\u00e7\u00f5es de restaura\u00e7\u00e3o, etc. <strong>Unidade de ventila\u00e7\u00e3o com recupera\u00e7\u00e3o de calor da s\u00e9rie TP TH 350-600m3<\/strong> foram encomendados e adaptados para cumprir os requisitos europeus e escandinavos. S\u00e3o utilizados materiais de alta qualidade na constru\u00e7\u00e3o da unidade, o que garante \u00e0 S\u00c9RIE THERMAL TP um funcionamento perfeito e extremamente silencioso. A tecnologia moderna garante a fiabilidade e a longa dura\u00e7\u00e3o da unidade. A instala\u00e7\u00e3o da S\u00c9RIE THERMAL TP \u00e9 muito f\u00e1cil e est\u00e1 ao alcance de qualquer homem ou mulher de fam\u00edlia empreendedor.<\/p>\n<table style=\"border-collapse: collapse; width: 48pt;\" border=\"0\" width=\"64\" cellspacing=\"0\" cellpadding=\"0\">\n<tbody>\n<tr style=\"height: 15.0pt;\">\n<td style=\"height: 15.0pt; width: 48pt;\" width=\"64\" height=\"20\"><a href=\"https:\/\/westonclimate.com\/wp-content\/uploads\/2024\/06\/CE-Certificate-TP-SERIES.pdf\" target=\"_blank\" rel=\"noopener\"> <img fetchpriority=\"high\" decoding=\"async\" class=\"alignnone size-medium wp-image-10963\" src=\"https:\/\/westonclimate.com\/wp-content\/uploads\/2024\/06\/CS-sert_thermal-207x300.png\" alt=\"\" width=\"207\" height=\"300\" srcset=\"https:\/\/westonclimate.com\/wp-content\/uploads\/2024\/06\/CS-sert_thermal-207x300.png 207w, https:\/\/westonclimate.com\/wp-content\/uploads\/2024\/06\/CS-sert_thermal-707x1024.png 707w, https:\/\/westonclimate.com\/wp-content\/uploads\/2024\/06\/CS-sert_thermal-8x12.png 8w, https:\/\/westonclimate.com\/wp-content\/uploads\/2024\/06\/CS-sert_thermal-600x869.png 600w, https:\/\/westonclimate.com\/wp-content\/uploads\/2024\/06\/CS-sert_thermal.png 763w\" sizes=\"(max-width: 207px) 100vw, 207px\" \/><\/a><\/td>\n<\/tr>\n<\/tbody>\n<\/table>\n<p><strong>Prazo de entrega at\u00e9 65 dias \u00fateis.<\/strong><\/p>","protected":false},"featured_media":7648,"template":"","meta":[],"product_brand":[],"product_cat":[122,35],"product_tag":[],"class_list":{"0":"post-3660","1":"product","2":"type-product","3":"status-publish","4":"has-post-thumbnail","6":"product_cat-vertikaalsed","7":"product_cat-ventilatsiooniseadmed","9":"first","10":"instock","11":"taxable","12":"shipping-taxable","13":"purchasable","14":"product-type-variable","15":"has-default-attributes"},"_links":{"self":[{"href":"https:\/\/westonclimate.com\/pt_pt\/wp-json\/wp\/v2\/product\/3660","targetHints":{"allow":["GET"]}}],"collection":[{"href":"https:\/\/westonclimate.com\/pt_pt\/wp-json\/wp\/v2\/product"}],"about":[{"href":"https:\/\/westonclimate.com\/pt_pt\/wp-json\/wp\/v2\/types\/product"}],"version-history":[{"count":15,"href":"https:\/\/westonclimate.com\/pt_pt\/wp-json\/wp\/v2\/product\/3660\/revisions"}],"predecessor-version":[{"id":10964,"href":"https:\/\/westonclimate.com\/pt_pt\/wp-json\/wp\/v2\/product\/3660\/revisions\/10964"}],"wp:featuredmedia":[{"embeddable":true,"href":"https:\/\/westonclimate.com\/pt_pt\/wp-json\/wp\/v2\/media\/7648"}],"wp:attachment":[{"href":"https:\/\/westonclimate.com\/pt_pt\/wp-json\/wp\/v2\/media?parent=3660"}],"wp:term":[{"taxonomy":"product_brand","embeddable":true,"href":"https:\/\/westonclimate.com\/pt_pt\/wp-json\/wp\/v2\/product_brand?post=3660"},{"taxonomy":"product_cat","embeddable":true,"href":"https:\/\/westonclimate.com\/pt_pt\/wp-json\/wp\/v2\/product_cat?post=3660"},{"taxonomy":"product_tag","embeddable":true,"href":"https:\/\/westonclimate.com\/pt_pt\/wp-json\/wp\/v2\/product_tag?post=3660"}],"curies":[{"name":"wp","href":"https:\/\/api.w.org\/{rel}","templated":true}]}}