{"id":3677,"date":"2024-06-25T19:24:55","date_gmt":"2024-06-25T19:24:55","guid":{"rendered":"https:\/\/wmdcompany.eu\/?post_type=product&#038;p=3677"},"modified":"2025-12-15T14:32:07","modified_gmt":"2025-12-15T14:32:07","slug":"weston-climate-cmerv-cfa-150-1000m3-unidade-de-ventilacao-com-recuperacao-de-calor","status":"publish","type":"product","link":"https:\/\/westonclimate.com\/pt_pt\/tooted\/weston-climate-cmerv-cfa-150-1000m3-soojustagastusega-ventilatsiooniseade\/","title":{"rendered":"Unidade de ventila\u00e7\u00e3o com recupera\u00e7\u00e3o de calor Weston Climate CMERV-CFA 150-1000m3"},"content":{"rendered":"<p><strong>Carater\u00edsticas:<\/strong><\/p>\n<ul>\n<li>Vasta gama de caudais de ar 150-2000 m\u00b3\/h.<\/li>\n<li>Motor DC encapsulado em pl\u00e1stico, 10 velocidades.<\/li>\n<li>A purifica\u00e7\u00e3o do ar de alimenta\u00e7\u00e3o com o filtro principal (G3) e o filtro m\u00e9dio (F7) \u00e9 opcional.<\/li>\n<li>Tecnologia de veda\u00e7\u00e3o de borda fechada.<\/li>\n<li>Permutador de calor total de alta efici\u00eancia de 5\u00aa gera\u00e7\u00e3o.<\/li>\n<li>Portas laterais reservadas para OA e EA.<\/li>\n<li>Instala\u00e7\u00e3o flex\u00edvel.<\/li>\n<li>Na semana passada.<\/li>\n<li>Duas op\u00e7\u00f5es de instala\u00e7\u00e3o na divis\u00e3o adequada.<\/li>\n<li>Sistema de controlo inteligente Android\/IOS.<\/li>\n<li>Wifi.<\/li>\n<li>Gest\u00e3o de grupos.<\/li>\n<li>Classe de efici\u00eancia energ\u00e9tica A+.<\/li>\n<\/ul>\n<p><strong>Corpo:<\/strong><\/p>\n<ul>\n<li>Instala\u00e7\u00e3o f\u00e1cil gra\u00e7as \u00e0 caixa EPS integrada.<\/li>\n<li>Melhor isolamento, estanquidade ao ar e redu\u00e7\u00e3o do ru\u00eddo.<\/li>\n<li>Ventoinhas montadas centralmente com fluxo de ar est\u00e1vel para garantir uma melhor efici\u00eancia de permuta de calor e um funcionamento est\u00e1vel.<\/li>\n<\/ul>\n<p><strong>Instala\u00e7\u00e3o flex\u00edvel:<\/strong><\/p>\n<ul>\n<li>Fluxo de ar paralelo.<\/li>\n<li>Dispon\u00edvel com montagem girat\u00f3ria.<\/li>\n<li>Reservado para OA e EA laterais.<\/li>\n<\/ul>\n<p><strong>Tecnologia de ponta fechada:<\/strong><\/p>\n<ul>\n<li>A espessura do bordo triplo dobrado melhora a resist\u00eancia do inv\u00f3lucro.<\/li>\n<li>Maior produtividade.<\/li>\n<li>Bom aspeto exterior e melhor densidade do ar.<\/li>\n<\/ul>\n<p><strong>Novos f\u00e3s da DC:<\/strong><\/p>\n<ul>\n<li>Em compara\u00e7\u00e3o com o antigo motor CA de corpo met\u00e1lico, o novo motor \u00e9 mais est\u00e1vel, mais silencioso e eficiente em termos energ\u00e9ticos, poupando at\u00e9 40%.<\/li>\n<\/ul>\n<p><strong>Permutador de calor total de 5\u00aa gera\u00e7\u00e3o:<\/strong><\/p>\n<ul>\n<li>Novo papel ER com maior efici\u00eancia do permutador de calor.<\/li>\n<li>Os materiais do permutador de calor s\u00e3o resistentes ao bolor e retardadores de fogo.<\/li>\n<li>Estrutura integrada, melhor estanquidade ao ar e apar\u00eancia.<\/li>\n<\/ul>\n<p><strong>Gaiola de filtragem integrada:<\/strong><\/p>\n<ul>\n<li>Com o filtro principal integrado na via reservada, o filtro interm\u00e9dio F7 \u00e9 opcional.<\/li>\n<\/ul>\n<p><strong>Informa\u00e7\u00f5es t\u00e9cnicas:<\/strong><\/p>\n<ul>\n<li>Caudal de ar (m3\/h): 150-2000<\/li>\n<li>Press\u00e3o est\u00e1tica m\u00e1xima (Pa): 85-175<\/li>\n<li>Efici\u00eancia de entalpia (%) arrefecimento: 66-86<\/li>\n<li>Efici\u00eancia de entalpia (%) aquecimento: 69-87<\/li>\n<li>Efici\u00eancia t\u00e9rmica (%): 77-90<\/li>\n<li>Ru\u00eddo dB(A): 29-40<\/li>\n<li>Tens\u00e3o (V): 220-240<\/li>\n<li>Pot\u00eancia de entrada (W): 58-850<\/li>\n<li>Peso l\u00edquido (kg): 20-117<\/li>\n<\/ul>","protected":false},"excerpt":{"rendered":"<p style=\"font-weight: 400;\"><strong>Unidade de ventila\u00e7\u00e3o com recupera\u00e7\u00e3o de calor CMERV-CFA 150-1000m3 montada no teto da Weston Climate<\/strong>\u00a0traz ar limpo e fresco para dentro de casa e remove o ar polu\u00eddo do exterior.<\/p>\n<p style=\"font-weight: 400;\">Quando o ar exterior \u00e9 confort\u00e1vel, funciona em modo de deriva\u00e7\u00e3o, o ar fresco pode circular diretamente para a divis\u00e3o sem troca de calor e o ar de exaust\u00e3o da divis\u00e3o pode ser exaurido ao mesmo tempo para melhorar a qualidade do ar interior. No inverno ou no ver\u00e3o, para garantir um ar interior confort\u00e1vel e reduzir o consumo de energia, funciona em modo de recupera\u00e7\u00e3o de energia. Esta unidade de ventila\u00e7\u00e3o com recupera\u00e7\u00e3o de energia foi concebida para uma ventila\u00e7\u00e3o eficiente da divis\u00e3o. <strong>Permutador de calor de 5\u00aa gera\u00e7\u00e3o, <\/strong>com filtro deslizante compacto e suave integrado.<\/p>\n<p style=\"font-weight: 400;\">\u00c9 eficiente em termos energ\u00e9ticos, ao mesmo tempo que oferece maiores benef\u00edcios, como manter o ar interior da sua casa mais saud\u00e1vel, substituindo o ar viciado por ar fresco e removendo v\u00e1rios poluentes.<\/p>\n<p><a href=\"https:\/\/wmdcompany.eu\/kontakt\/\"><strong>NB! Modelos de 1500m3\/h e 2000m3\/h tamb\u00e9m dispon\u00edveis - - -<\/strong> <strong>ENVIAR AGORA!<\/strong><\/a><\/p>\n<p><strong>Prazo de entrega at\u00e9 45 dias \u00fateis.<\/strong><\/p>\n<p>&nbsp;<\/p>","protected":false},"featured_media":10708,"template":"","meta":[],"product_brand":[],"product_cat":[121,122,35],"product_tag":[],"class_list":{"0":"post-3677","1":"product","2":"type-product","3":"status-publish","4":"has-post-thumbnail","6":"product_cat-laeventilatsioon","7":"product_cat-vertikaalsed","8":"product_cat-ventilatsiooniseadmed","10":"first","11":"instock","12":"taxable","13":"shipping-taxable","14":"purchasable","15":"product-type-variable"},"_links":{"self":[{"href":"https:\/\/westonclimate.com\/pt_pt\/wp-json\/wp\/v2\/product\/3677","targetHints":{"allow":["GET"]}}],"collection":[{"href":"https:\/\/westonclimate.com\/pt_pt\/wp-json\/wp\/v2\/product"}],"about":[{"href":"https:\/\/westonclimate.com\/pt_pt\/wp-json\/wp\/v2\/types\/product"}],"version-history":[{"count":13,"href":"https:\/\/westonclimate.com\/pt_pt\/wp-json\/wp\/v2\/product\/3677\/revisions"}],"predecessor-version":[{"id":9312,"href":"https:\/\/westonclimate.com\/pt_pt\/wp-json\/wp\/v2\/product\/3677\/revisions\/9312"}],"wp:featuredmedia":[{"embeddable":true,"href":"https:\/\/westonclimate.com\/pt_pt\/wp-json\/wp\/v2\/media\/10708"}],"wp:attachment":[{"href":"https:\/\/westonclimate.com\/pt_pt\/wp-json\/wp\/v2\/media?parent=3677"}],"wp:term":[{"taxonomy":"product_brand","embeddable":true,"href":"https:\/\/westonclimate.com\/pt_pt\/wp-json\/wp\/v2\/product_brand?post=3677"},{"taxonomy":"product_cat","embeddable":true,"href":"https:\/\/westonclimate.com\/pt_pt\/wp-json\/wp\/v2\/product_cat?post=3677"},{"taxonomy":"product_tag","embeddable":true,"href":"https:\/\/westonclimate.com\/pt_pt\/wp-json\/wp\/v2\/product_tag?post=3677"}],"curies":[{"name":"wp","href":"https:\/\/api.w.org\/{rel}","templated":true}]}}