{"id":3698,"date":"2024-06-25T19:50:18","date_gmt":"2024-06-25T19:50:18","guid":{"rendered":"https:\/\/wmdcompany.eu\/?post_type=product&#038;p=3698"},"modified":"2026-02-18T20:36:55","modified_gmt":"2026-02-18T20:36:55","slug":"weston-climate-wcd-cmerv-thc-1000-2600m3-soojustagastusega-laeseade","status":"publish","type":"product","link":"https:\/\/westonclimate.com\/pt_pt\/tooted\/weston-climate-wcd-cmerv-thc-1000-2600m3-unidade-de-teto-com-recuperacao-de-calor\/","title":{"rendered":"Unidade de teto de recupera\u00e7\u00e3o de calor Weston Climate WCD-CMERV-THC 1000-2600m3"},"content":{"rendered":"<p><strong>Carater\u00edsticas:<\/strong><\/p>\n<ul>\n<li>Ampla gama de caudais de ar 1000-2600 m\u00b3\/h.<\/li>\n<li>Motor AC, 3 velocidades.<\/li>\n<li>Purifica\u00e7\u00e3o do ar de alimenta\u00e7\u00e3o com filtro principal e op\u00e7\u00e3o de filtros adicionais F7, H10 e H13.<\/li>\n<li>Eficiente permutador de calor total de 3\u00aa gera\u00e7\u00e3o.<\/li>\n<li>Instala\u00e7\u00e3o flex\u00edvel.<\/li>\n<li>Duas op\u00e7\u00f5es de instala\u00e7\u00e3o.<\/li>\n<li>Na semana passada.<\/li>\n<li>Sistema de controlo inteligente Android\/IOS.<\/li>\n<li>Wifi.<\/li>\n<li>Gest\u00e3o de grupos.<\/li>\n<li>Classe de efici\u00eancia energ\u00e9tica A.<\/li>\n<\/ul>","protected":false},"excerpt":{"rendered":"<p style=\"font-weight: 400;\"><strong>Unidade de teto de recupera\u00e7\u00e3o de calor WCD-CMERV-THC 1000-2600m3 montada no teto da Weston Climate para aplica\u00e7\u00f5es de ventila\u00e7\u00e3o <\/strong>traz ar limpo e fresco para dentro de casa e remove o ar polu\u00eddo do exterior.<\/p>\n<p style=\"font-weight: 400;\">Quando o ar exterior \u00e9 agrad\u00e1vel, funciona em modo bypass. O ar fresco pode ser aspirado diretamente para a divis\u00e3o sem permuta de calor, enquanto o ar de exaust\u00e3o da divis\u00e3o pode ser extra\u00eddo ao mesmo tempo para melhorar a qualidade do ar interior. No inverno ou no ver\u00e3o, para garantir um ar interior confort\u00e1vel e reduzir o consumo de energia, funciona em modo de recupera\u00e7\u00e3o de energia. Esta unidade de ventila\u00e7\u00e3o com recupera\u00e7\u00e3o de energia foi concebida para uma ventila\u00e7\u00e3o eficiente da divis\u00e3o.\u00a0<strong>Permutador de calor de 3\u00aa gera\u00e7\u00e3o,\u00a0<\/strong>com filtro deslizante compacto e suave integrado.<\/p>\n<p style=\"font-weight: 400;\">\u00c9 eficiente em termos energ\u00e9ticos, ao mesmo tempo que oferece maiores benef\u00edcios, como manter o ar interior da sua casa mais saud\u00e1vel, substituindo o ar viciado por ar fresco e removendo v\u00e1rios poluentes.<\/p>\n<table style=\"border-collapse: collapse; width: 144pt;\" border=\"0\" width=\"192\" cellspacing=\"0\" cellpadding=\"0\">\n<tbody>\n<tr style=\"height: 15.0pt;\">\n<td style=\"height: 15.0pt; width: 48pt;\" width=\"64\" height=\"20\"><a href=\"https:\/\/westonclimate.com\/wp-content\/uploads\/2026\/02\/CE-1.pdf\" target=\"_blank\" rel=\"noopener\"><img fetchpriority=\"high\" decoding=\"async\" class=\"alignnone size-medium wp-image-11064\" src=\"https:\/\/westonclimate.com\/wp-content\/uploads\/2024\/06\/Cert_1-234x300.png\" alt=\"\" width=\"234\" height=\"300\" srcset=\"https:\/\/westonclimate.com\/wp-content\/uploads\/2024\/06\/Cert_1-234x300.png 234w, https:\/\/westonclimate.com\/wp-content\/uploads\/2024\/06\/Cert_1-799x1024.png 799w, https:\/\/westonclimate.com\/wp-content\/uploads\/2024\/06\/Cert_1-768x985.png 768w, https:\/\/westonclimate.com\/wp-content\/uploads\/2024\/06\/Cert_1-9x12.png 9w, https:\/\/westonclimate.com\/wp-content\/uploads\/2024\/06\/Cert_1-600x769.png 600w, https:\/\/westonclimate.com\/wp-content\/uploads\/2024\/06\/Cert_1.png 940w\" sizes=\"(max-width: 234px) 100vw, 234px\" \/><\/a><\/td>\n<td style=\"width: 48pt;\" width=\"64\"><a href=\"https:\/\/westonclimate.com\/wp-content\/uploads\/2026\/02\/CELVD.pdf\" target=\"_blank\" rel=\"noopener\"><img decoding=\"async\" class=\"alignnone size-medium wp-image-11066\" src=\"https:\/\/westonclimate.com\/wp-content\/uploads\/2024\/06\/Cert_2-211x300.png\" alt=\"\" width=\"211\" height=\"300\" srcset=\"https:\/\/westonclimate.com\/wp-content\/uploads\/2024\/06\/Cert_2-211x300.png 211w, https:\/\/westonclimate.com\/wp-content\/uploads\/2024\/06\/Cert_2-8x12.png 8w, https:\/\/westonclimate.com\/wp-content\/uploads\/2024\/06\/Cert_2-600x854.png 600w, https:\/\/westonclimate.com\/wp-content\/uploads\/2024\/06\/Cert_2.png 682w\" sizes=\"(max-width: 211px) 100vw, 211px\" \/><\/a><\/td>\n<td style=\"width: 48pt;\" width=\"64\"><a href=\"https:\/\/westonclimate.com\/wp-content\/uploads\/2026\/02\/CERohs2.0.pdf\" target=\"_blank\" rel=\"noopener\"><img decoding=\"async\" class=\"alignnone size-medium wp-image-11068\" src=\"https:\/\/westonclimate.com\/wp-content\/uploads\/2024\/06\/Cert_3-213x300.png\" alt=\"\" width=\"213\" height=\"300\" srcset=\"https:\/\/westonclimate.com\/wp-content\/uploads\/2024\/06\/Cert_3-213x300.png 213w, https:\/\/westonclimate.com\/wp-content\/uploads\/2024\/06\/Cert_3-9x12.png 9w, https:\/\/westonclimate.com\/wp-content\/uploads\/2024\/06\/Cert_3-600x847.png 600w, https:\/\/westonclimate.com\/wp-content\/uploads\/2024\/06\/Cert_3.png 688w\" sizes=\"(max-width: 213px) 100vw, 213px\" \/><\/a><\/td>\n<\/tr>\n<\/tbody>\n<\/table>\n<p>&nbsp;<\/p>\n<table style=\"border-collapse: collapse; width: 192pt;\" border=\"0\" width=\"256\" cellspacing=\"0\" cellpadding=\"0\">\n<tbody>\n<tr style=\"height: 15.0pt;\">\n<td style=\"height: 15.0pt; width: 48pt;\" width=\"64\" height=\"20\"><a href=\"https:\/\/westonclimate.com\/wp-content\/uploads\/2026\/02\/Ceiling-DC-motor-CE-EMC-1.pdf\" target=\"_blank\" rel=\"noopener\"><img loading=\"lazy\" decoding=\"async\" class=\"alignnone size-medium wp-image-11070\" src=\"https:\/\/westonclimate.com\/wp-content\/uploads\/2024\/06\/Cert_4-212x300.png\" alt=\"\" width=\"212\" height=\"300\" srcset=\"https:\/\/westonclimate.com\/wp-content\/uploads\/2024\/06\/Cert_4-212x300.png 212w, https:\/\/westonclimate.com\/wp-content\/uploads\/2024\/06\/Cert_4-8x12.png 8w, https:\/\/westonclimate.com\/wp-content\/uploads\/2024\/06\/Cert_4-600x849.png 600w, https:\/\/westonclimate.com\/wp-content\/uploads\/2024\/06\/Cert_4.png 678w\" sizes=\"(max-width: 212px) 100vw, 212px\" \/><\/a><\/td>\n<td style=\"width: 48pt;\" width=\"64\"><a href=\"https:\/\/westonclimate.com\/wp-content\/uploads\/2026\/02\/Ceiling-DC-motor-CE-LVD-1.pdf\" target=\"_blank\" rel=\"noopener\"><img loading=\"lazy\" decoding=\"async\" class=\"alignnone size-medium wp-image-11072\" src=\"https:\/\/westonclimate.com\/wp-content\/uploads\/2024\/06\/Cert_5-231x300.png\" alt=\"\" width=\"231\" height=\"300\" srcset=\"https:\/\/westonclimate.com\/wp-content\/uploads\/2024\/06\/Cert_5-231x300.png 231w, https:\/\/westonclimate.com\/wp-content\/uploads\/2024\/06\/Cert_5-789x1024.png 789w, https:\/\/westonclimate.com\/wp-content\/uploads\/2024\/06\/Cert_5-768x996.png 768w, https:\/\/westonclimate.com\/wp-content\/uploads\/2024\/06\/Cert_5-9x12.png 9w, https:\/\/westonclimate.com\/wp-content\/uploads\/2024\/06\/Cert_5-600x779.png 600w, https:\/\/westonclimate.com\/wp-content\/uploads\/2024\/06\/Cert_5.png 884w\" sizes=\"(max-width: 231px) 100vw, 231px\" \/><\/a><\/td>\n<td style=\"width: 48pt;\" width=\"64\"><a href=\"https:\/\/westonclimate.com\/wp-content\/uploads\/2026\/02\/DSS_CE-GZES2005018609HS.pdf\" target=\"_blank\" rel=\"noopener\"><img loading=\"lazy\" decoding=\"async\" class=\"alignnone size-medium wp-image-11074\" src=\"https:\/\/westonclimate.com\/wp-content\/uploads\/2024\/06\/Cert_6-232x300.png\" alt=\"\" width=\"232\" height=\"300\" srcset=\"https:\/\/westonclimate.com\/wp-content\/uploads\/2024\/06\/Cert_6-232x300.png 232w, https:\/\/westonclimate.com\/wp-content\/uploads\/2024\/06\/Cert_6-792x1024.png 792w, https:\/\/westonclimate.com\/wp-content\/uploads\/2024\/06\/Cert_6-768x992.png 768w, https:\/\/westonclimate.com\/wp-content\/uploads\/2024\/06\/Cert_6-9x12.png 9w, https:\/\/westonclimate.com\/wp-content\/uploads\/2024\/06\/Cert_6-600x775.png 600w, https:\/\/westonclimate.com\/wp-content\/uploads\/2024\/06\/Cert_6.png 893w\" sizes=\"(max-width: 232px) 100vw, 232px\" \/><\/a><\/td>\n<td style=\"width: 48pt;\" width=\"64\"><a href=\"https:\/\/westonclimate.com\/wp-content\/uploads\/2026\/02\/DSS_GZEM2005012684HSVR.pdf\" target=\"_blank\" rel=\"noopener\"><img loading=\"lazy\" decoding=\"async\" class=\"alignnone size-medium wp-image-11076\" src=\"https:\/\/westonclimate.com\/wp-content\/uploads\/2024\/06\/Cert_7-231x300.png\" alt=\"\" width=\"231\" height=\"300\" srcset=\"https:\/\/westonclimate.com\/wp-content\/uploads\/2024\/06\/Cert_7-231x300.png 231w, https:\/\/westonclimate.com\/wp-content\/uploads\/2024\/06\/Cert_7-789x1024.png 789w, https:\/\/westonclimate.com\/wp-content\/uploads\/2024\/06\/Cert_7-768x997.png 768w, https:\/\/westonclimate.com\/wp-content\/uploads\/2024\/06\/Cert_7-9x12.png 9w, https:\/\/westonclimate.com\/wp-content\/uploads\/2024\/06\/Cert_7-600x779.png 600w, https:\/\/westonclimate.com\/wp-content\/uploads\/2024\/06\/Cert_7.png 887w\" sizes=\"(max-width: 231px) 100vw, 231px\" \/><\/a><\/td>\n<\/tr>\n<\/tbody>\n<\/table>\n<p><strong>Prazo de entrega at\u00e9 45 dias \u00fateis.<\/strong><\/p>\n<p>&nbsp;<\/p>","protected":false},"featured_media":3905,"template":"","meta":[],"product_brand":[],"product_cat":[121,122,35],"product_tag":[],"class_list":{"0":"post-3698","1":"product","2":"type-product","3":"status-publish","4":"has-post-thumbnail","6":"product_cat-laeventilatsioon","7":"product_cat-vertikaalsed","8":"product_cat-ventilatsiooniseadmed","10":"first","11":"instock","12":"taxable","13":"shipping-taxable","14":"purchasable","15":"product-type-variable"},"_links":{"self":[{"href":"https:\/\/westonclimate.com\/pt_pt\/wp-json\/wp\/v2\/product\/3698","targetHints":{"allow":["GET"]}}],"collection":[{"href":"https:\/\/westonclimate.com\/pt_pt\/wp-json\/wp\/v2\/product"}],"about":[{"href":"https:\/\/westonclimate.com\/pt_pt\/wp-json\/wp\/v2\/types\/product"}],"version-history":[{"count":10,"href":"https:\/\/westonclimate.com\/pt_pt\/wp-json\/wp\/v2\/product\/3698\/revisions"}],"predecessor-version":[{"id":11078,"href":"https:\/\/westonclimate.com\/pt_pt\/wp-json\/wp\/v2\/product\/3698\/revisions\/11078"}],"wp:featuredmedia":[{"embeddable":true,"href":"https:\/\/westonclimate.com\/pt_pt\/wp-json\/wp\/v2\/media\/3905"}],"wp:attachment":[{"href":"https:\/\/westonclimate.com\/pt_pt\/wp-json\/wp\/v2\/media?parent=3698"}],"wp:term":[{"taxonomy":"product_brand","embeddable":true,"href":"https:\/\/westonclimate.com\/pt_pt\/wp-json\/wp\/v2\/product_brand?post=3698"},{"taxonomy":"product_cat","embeddable":true,"href":"https:\/\/westonclimate.com\/pt_pt\/wp-json\/wp\/v2\/product_cat?post=3698"},{"taxonomy":"product_tag","embeddable":true,"href":"https:\/\/westonclimate.com\/pt_pt\/wp-json\/wp\/v2\/product_tag?post=3698"}],"curies":[{"name":"wp","href":"https:\/\/api.w.org\/{rel}","templated":true}]}}