{"id":3801,"date":"2024-06-26T21:29:14","date_gmt":"2024-06-26T21:29:14","guid":{"rendered":"https:\/\/wmdcompany.eu\/?post_type=product&#038;p=3801"},"modified":"2026-01-22T13:29:48","modified_gmt":"2026-01-22T13:29:48","slug":"weston-climate-monoblock-inverter-ohk-bomba-de-calor-de-agua-25kw","status":"publish","type":"product","link":"https:\/\/westonclimate.com\/pt_pt\/tooted\/weston-climate-monoblock-inverter-ohk-vesi-soojuspump-25kw\/","title":{"rendered":"Bomba de calor ar-\u00e1gua Weston Climate monobloco com inversor 25kW"},"content":{"rendered":"<ul>\n<li>Capacidade nominal de aquecimento:<strong>\u00a025 kW<\/strong><\/li>\n<li>Gama de capacidades de aquecimento:\u00a0<strong>8,54-30,32 kW<\/strong><\/li>\n<li>Gama COP:\u00a0<strong>5,12-2,56 w\/w<\/strong><\/li>\n<li><strong>Prontid\u00e3o do sistema de monitoriza\u00e7\u00e3o dos pre\u00e7os da eletricidade da Bolsa (SG)<\/strong><\/li>\n<li><strong>WiFi<\/strong><\/li>\n<li>Tens\u00e3o de alimenta\u00e7\u00e3o:\u00a0<strong>380-415\/50 V\/Hz<\/strong><\/li>\n<li>Compressor:\u00a0<strong>Inversor DC + EVI<\/strong><\/li>\n<li>Motor do ventilador:\u00a0<strong>Inversor de corrente cont\u00ednua<\/strong><\/li>\n<li>Bomba de \u00e1gua:\u00a0<strong>Inversor de corrente cont\u00ednua<\/strong><\/li>\n<li>Classe energ\u00e9tica:\u00a0<strong>A+++<\/strong><\/li>\n<li>Temperatura do ar exterior:\u00a0<strong>-35 a 40\u00b0C<\/strong><\/li>\n<li>Gama de temperaturas do modo de aquecimento:\u00a0<strong>30 a 60\u00b0C<\/strong><\/li>\n<li>N\u00edvel de ru\u00eddo:\u00a0<strong>at\u00e9\u00a0<\/strong><strong>62 dB(A)<\/strong><\/li>\n<li>Peso:\u00a0<strong>162 kg<\/strong><\/li>\n<li>Dimens\u00f5es (comprimento, largura, altura):\u00a0<strong>1200x430x1550 mm<\/strong><\/li>\n<\/ul>","protected":false},"excerpt":{"rendered":"<p><strong>Bomba de calor ar-\u00e1gua Weston Climate MONOBLOCK inverter 25kW. <\/strong>Fun\u00e7\u00f5es: modo de aquecimento, modo de \u00e1gua quente, modo de arrefecimento, modos de aquecimento e de \u00e1gua quente, modos de arrefecimento e de \u00e1gua quente.<\/p>\n<p>Superf\u00edcie recomendada (para um bom isolamento): at\u00e9 450 m2<\/p>\n<p>Os produtos est\u00e3o em stock.\u00a0<strong>Entrega r\u00e1pida, apenas at\u00e9 5-7 dias \u00fateis.<\/strong><\/p>\n<p><strong>O produto \u00e9 instalado de f\u00e1brica, pe\u00e7a um pre\u00e7o!<\/strong><\/p>","protected":false},"featured_media":10980,"template":"","meta":[],"product_brand":[],"product_cat":[116,63,65],"product_tag":[],"class_list":{"0":"post-3801","1":"product","2":"type-product","3":"status-publish","4":"has-post-thumbnail","6":"product_cat-monobloc-weston-r32","7":"product_cat-soojuspumbad","8":"product_cat-soojuspump-monobloc","10":"first","11":"instock","12":"taxable","13":"shipping-taxable","14":"purchasable","15":"product-type-simple"},"_links":{"self":[{"href":"https:\/\/westonclimate.com\/pt_pt\/wp-json\/wp\/v2\/product\/3801","targetHints":{"allow":["GET"]}}],"collection":[{"href":"https:\/\/westonclimate.com\/pt_pt\/wp-json\/wp\/v2\/product"}],"about":[{"href":"https:\/\/westonclimate.com\/pt_pt\/wp-json\/wp\/v2\/types\/product"}],"version-history":[{"count":7,"href":"https:\/\/westonclimate.com\/pt_pt\/wp-json\/wp\/v2\/product\/3801\/revisions"}],"predecessor-version":[{"id":10529,"href":"https:\/\/westonclimate.com\/pt_pt\/wp-json\/wp\/v2\/product\/3801\/revisions\/10529"}],"wp:featuredmedia":[{"embeddable":true,"href":"https:\/\/westonclimate.com\/pt_pt\/wp-json\/wp\/v2\/media\/10980"}],"wp:attachment":[{"href":"https:\/\/westonclimate.com\/pt_pt\/wp-json\/wp\/v2\/media?parent=3801"}],"wp:term":[{"taxonomy":"product_brand","embeddable":true,"href":"https:\/\/westonclimate.com\/pt_pt\/wp-json\/wp\/v2\/product_brand?post=3801"},{"taxonomy":"product_cat","embeddable":true,"href":"https:\/\/westonclimate.com\/pt_pt\/wp-json\/wp\/v2\/product_cat?post=3801"},{"taxonomy":"product_tag","embeddable":true,"href":"https:\/\/westonclimate.com\/pt_pt\/wp-json\/wp\/v2\/product_tag?post=3801"}],"curies":[{"name":"wp","href":"https:\/\/api.w.org\/{rel}","templated":true}]}}