{"id":3811,"date":"2024-06-26T21:49:52","date_gmt":"2024-06-26T21:49:52","guid":{"rendered":"https:\/\/wmdcompany.eu\/?post_type=product&#038;p=3811"},"modified":"2025-12-22T15:45:21","modified_gmt":"2025-12-22T15:45:21","slug":"weston-climate-split-inverter-ohk-vesi-soojuspump-15kw","status":"publish","type":"product","link":"https:\/\/westonclimate.com\/pt_pt\/tooted\/weston-climate-split-inverter-ohk-bomba-de-calor-de-agua-15kw\/","title":{"rendered":"Bomba de calor ar-\u00e1gua inverter Weston Climate split 15kW"},"content":{"rendered":"<ul>\n<li>Capacidade nominal de aquecimento:<strong>\u00a015 kW<\/strong><\/li>\n<li>Gama de capacidades de aquecimento:\u00a0<strong>4,82-18,94 kW<\/strong><\/li>\n<li>Aquecedor: inclu\u00eddo, no interior do aparelho<\/li>\n<li>Gama COP:\u00a0<strong>5,10-2,58 w\/w<\/strong><\/li>\n<li><strong>Prontid\u00e3o do sistema de monitoriza\u00e7\u00e3o dos pre\u00e7os da eletricidade da Bolsa (SG)<\/strong><\/li>\n<li><strong>WiFi<\/strong><\/li>\n<li>Tens\u00e3o de alimenta\u00e7\u00e3o:\u00a0<strong>220-240\/50 V\/Hz<\/strong><\/li>\n<li>Compressor:\u00a0<strong>Inversor DC + EVI<\/strong><\/li>\n<li>Motor do ventilador:\u00a0<strong>Inversor de corrente cont\u00ednua<\/strong><\/li>\n<li>Bomba de \u00e1gua:\u00a0<strong>Inversor de corrente cont\u00ednua<\/strong><\/li>\n<li>Refrigerante: R32<\/li>\n<li>Classe energ\u00e9tica:\u00a0<strong>A+++<\/strong><\/li>\n<li>Temperatura do ar exterior:\u00a0<strong>-35 a 40\u00b0C<\/strong><\/li>\n<li>Gama de temperaturas do modo de aquecimento:\u00a0<strong>30 a 60\u00b0C<\/strong><\/li>\n<li>N\u00edvel de ru\u00eddo interno:\u00a0<strong>at\u00e9\u00a0<\/strong><strong>32 dB(A)<\/strong><\/li>\n<li>N\u00edvel de ru\u00eddo do equipamento exterior:\u00a0<strong>at\u00e9\u00a0<\/strong><strong>5<\/strong><strong>7 dB(A)<\/strong><\/li>\n<li>Peso do dispositivo de entrada:\u00a0<strong>50 kg<\/strong><\/li>\n<li>Peso da unidade exterior:\u00a0<strong>102 kg<\/strong><\/li>\n<li>Dimens\u00f5es da unidade interior (comprimento, largura, altura):\u00a0<strong>550x430x800 mm<\/strong><\/li>\n<li>Dimens\u00f5es da unidade exterior (comprimento, largura, altura):\u00a0<strong>1000x390x1380 mm<\/strong><\/li>\n<\/ul>","protected":false},"excerpt":{"rendered":"<p><strong>Bomba de calor ar-\u00e1gua com inversor Weston Climate SPLIT 15kW. <\/strong>Fun\u00e7\u00f5es: modo de aquecimento, modo de \u00e1gua quente, modo de arrefecimento, modos de aquecimento e de \u00e1gua quente, modos de arrefecimento e de \u00e1gua quente.<\/p>\n<p>Superf\u00edcie recomendada (para um bom isolamento): at\u00e9 270 m2<\/p>\n<p><strong>Prazo de entrega at\u00e9 5 dias \u00fateis.<\/strong><\/p>","protected":false},"featured_media":10387,"template":"","meta":[],"product_brand":[],"product_cat":[63,64],"product_tag":[],"class_list":{"0":"post-3811","1":"product","2":"type-product","3":"status-publish","4":"has-post-thumbnail","6":"product_cat-soojuspumbad","7":"product_cat-soojuspump-split","9":"first","10":"instock","11":"taxable","12":"shipping-taxable","13":"purchasable","14":"product-type-variable"},"_links":{"self":[{"href":"https:\/\/westonclimate.com\/pt_pt\/wp-json\/wp\/v2\/product\/3811","targetHints":{"allow":["GET"]}}],"collection":[{"href":"https:\/\/westonclimate.com\/pt_pt\/wp-json\/wp\/v2\/product"}],"about":[{"href":"https:\/\/westonclimate.com\/pt_pt\/wp-json\/wp\/v2\/types\/product"}],"version-history":[{"count":7,"href":"https:\/\/westonclimate.com\/pt_pt\/wp-json\/wp\/v2\/product\/3811\/revisions"}],"predecessor-version":[{"id":10386,"href":"https:\/\/westonclimate.com\/pt_pt\/wp-json\/wp\/v2\/product\/3811\/revisions\/10386"}],"wp:featuredmedia":[{"embeddable":true,"href":"https:\/\/westonclimate.com\/pt_pt\/wp-json\/wp\/v2\/media\/10387"}],"wp:attachment":[{"href":"https:\/\/westonclimate.com\/pt_pt\/wp-json\/wp\/v2\/media?parent=3811"}],"wp:term":[{"taxonomy":"product_brand","embeddable":true,"href":"https:\/\/westonclimate.com\/pt_pt\/wp-json\/wp\/v2\/product_brand?post=3811"},{"taxonomy":"product_cat","embeddable":true,"href":"https:\/\/westonclimate.com\/pt_pt\/wp-json\/wp\/v2\/product_cat?post=3811"},{"taxonomy":"product_tag","embeddable":true,"href":"https:\/\/westonclimate.com\/pt_pt\/wp-json\/wp\/v2\/product_tag?post=3811"}],"curies":[{"name":"wp","href":"https:\/\/api.w.org\/{rel}","templated":true}]}}