{"id":4277,"date":"2024-07-03T15:42:34","date_gmt":"2024-07-03T15:42:34","guid":{"rendered":"https:\/\/wmdcompany.eu\/?post_type=product&#038;p=4277"},"modified":"2025-12-26T15:09:18","modified_gmt":"2025-12-26T15:09:18","slug":"weston-climate-seinale-kinnitatav-soojustagastusega-ventilatsiooniseade-werv","status":"publish","type":"product","link":"https:\/\/westonclimate.com\/pt_pt\/tooted\/unidade-de-ventilacao-com-recuperacao-de-calor-montada-na-parede-weston-climate-werv\/","title":{"rendered":"Unidade de ventila\u00e7\u00e3o com recupera\u00e7\u00e3o de calor montada na parede Weston Climate WERV"},"content":{"rendered":"<p><strong>Carater\u00edsticas:<\/strong><\/p>\n<ul>\n<li>Painel frontal decorativo e elegante.<\/li>\n<li>Uma unidade serve at\u00e9\u00a0<strong>50m2<\/strong>\u00a0espa\u00e7o.<\/li>\n<li>Instala\u00e7\u00e3o r\u00e1pida atrav\u00e9s de uma parede exterior.<\/li>\n<li>Efici\u00eancia energ\u00e9tica 82%.<\/li>\n<li>Funcionamento silencioso (22-38 dBA).<\/li>\n<li>Monitoriza\u00e7\u00e3o do ar interior (humidade, temperatura, CO2).<\/li>\n<li>Purifica\u00e7\u00e3o do ar de admiss\u00e3o com pr\u00e9-filtro + filtro central + filtro HEPA com filtro de carv\u00e3o ativo.<\/li>\n<li>Fino, leve e compacto.<\/li>\n<li>Pode ser gerido atrav\u00e9s de uma aplica\u00e7\u00e3o.<\/li>\n<li>Motor DC de 8 velocidades.<\/li>\n<\/ul>\n<p><strong>Informa\u00e7\u00f5es t\u00e9cnicas:<\/strong><\/p>\n<ul>\n<li>Tens\u00e3o: 100V~240V AC \/50-60Hz<\/li>\n<li>Pot\u00eancia (W): 12,6 - 43,8<\/li>\n<li>Amperagem (A): 0,16 - 0,37<\/li>\n<li>Caudal de ar: 50 - 150m3\/h<\/li>\n<li>N\u00edvel de press\u00e3o sonora (dBA): 22,6 - 37,9<\/li>\n<li>Dimens\u00f5es: 450x155x660mm<\/li>\n<li>Peso: 10 kg<\/li>\n<\/ul>","protected":false},"excerpt":{"rendered":"<p><strong>Weston Climate<\/strong> efetivo <strong>WERV unidade de ventila\u00e7\u00e3o com recupera\u00e7\u00e3o de calor montada na parede<\/strong>\u00a0assegura uma elevada qualidade do ar, monitorizando simultaneamente os n\u00edveis de humidade, temperatura e CO2. Os baixos n\u00edveis de ru\u00eddo de 22-38 dBA garantem uma divis\u00e3o tranquila e sem perturba\u00e7\u00f5es para qualquer atividade. A instala\u00e7\u00e3o r\u00e1pida e f\u00e1cil atrav\u00e9s de uma parede exterior est\u00e1 ao alcance de todos, e podem ser controladas v\u00e1rias unidades num grupo ao mesmo tempo. A unidade foi feita por medida e adaptada aos requisitos europeus e escandinavos.<\/p>\n<p><strong>Prazo de entrega at\u00e9 45 dias \u00fateis.<\/strong><\/p>","protected":false},"featured_media":7643,"template":"","meta":[],"product_brand":[],"product_cat":[124,35],"product_tag":[],"class_list":{"0":"post-4277","1":"product","2":"type-product","3":"status-publish","4":"has-post-thumbnail","6":"product_cat-lokaalsed","7":"product_cat-ventilatsiooniseadmed","9":"first","10":"onbackorder","11":"taxable","12":"shipping-taxable","13":"purchasable","14":"product-type-variable"},"_links":{"self":[{"href":"https:\/\/westonclimate.com\/pt_pt\/wp-json\/wp\/v2\/product\/4277","targetHints":{"allow":["GET"]}}],"collection":[{"href":"https:\/\/westonclimate.com\/pt_pt\/wp-json\/wp\/v2\/product"}],"about":[{"href":"https:\/\/westonclimate.com\/pt_pt\/wp-json\/wp\/v2\/types\/product"}],"version-history":[{"count":6,"href":"https:\/\/westonclimate.com\/pt_pt\/wp-json\/wp\/v2\/product\/4277\/revisions"}],"predecessor-version":[{"id":9315,"href":"https:\/\/westonclimate.com\/pt_pt\/wp-json\/wp\/v2\/product\/4277\/revisions\/9315"}],"wp:featuredmedia":[{"embeddable":true,"href":"https:\/\/westonclimate.com\/pt_pt\/wp-json\/wp\/v2\/media\/7643"}],"wp:attachment":[{"href":"https:\/\/westonclimate.com\/pt_pt\/wp-json\/wp\/v2\/media?parent=4277"}],"wp:term":[{"taxonomy":"product_brand","embeddable":true,"href":"https:\/\/westonclimate.com\/pt_pt\/wp-json\/wp\/v2\/product_brand?post=4277"},{"taxonomy":"product_cat","embeddable":true,"href":"https:\/\/westonclimate.com\/pt_pt\/wp-json\/wp\/v2\/product_cat?post=4277"},{"taxonomy":"product_tag","embeddable":true,"href":"https:\/\/westonclimate.com\/pt_pt\/wp-json\/wp\/v2\/product_tag?post=4277"}],"curies":[{"name":"wp","href":"https:\/\/api.w.org\/{rel}","templated":true}]}}