{"id":4293,"date":"2024-07-05T09:40:17","date_gmt":"2024-07-05T09:40:17","guid":{"rendered":"https:\/\/wmdcompany.eu\/?post_type=product&#038;p=4293"},"modified":"2026-01-16T13:44:38","modified_gmt":"2026-01-16T13:44:38","slug":"weston-climate-flex-seeria-100-180m3-soojustagastusega-ventilatsiooniseade","status":"publish","type":"product","link":"https:\/\/westonclimate.com\/pt_pt\/tooted\/unidade-de-ventilacao-com-recuperacao-de-calor-weston-climate-flex-series-100-180m3\/","title":{"rendered":"Unidade de ventila\u00e7\u00e3o com recupera\u00e7\u00e3o de calor Weston Climate Flex s\u00e9rie 100-180m3"},"content":{"rendered":"<p><strong>Carater\u00edsticas:<\/strong><\/p>\n<ul>\n<li>Design compacto, adequado para instala\u00e7\u00e3o no teto\/parede<\/li>\n<li>Na semana passada, do permutador de calor<\/li>\n<li>Alta press\u00e3o est\u00e1tica, motor EC (BLDC) comutado eletronicamente economizador de energia.<\/li>\n<li>Efici\u00eancia energ\u00e9tica at\u00e9 96%<\/li>\n<li>Integra\u00e7\u00e3o standard do bypass de ver\u00e3o<\/li>\n<li>Desempenho superlativo<\/li>\n<li>Mugav alumine hoolduspaneel &#8211; lihtne filtrihooldus<\/li>\n<li>Sensores de temperatura interior\/ humidade relativa<\/li>\n<li>Conformidade: EU1253\/2014 ErP EcoDesign<\/li>\n<li>Madal energiatarve &#8211; A+ energiam\u00e4rgis<\/li>\n<\/ul>\n<p><strong>Fun\u00e7\u00f5es de controlo:<\/strong><\/p>\n<ul>\n<li>Sistema de gest\u00e3o integrado<\/li>\n<li>Ecr\u00e3 t\u00e1til a cores HD de 7 polegadas com visualiza\u00e7\u00e3o da qualidade do ar interior em tempo real<\/li>\n<li>Gest\u00e3o da procura local com velocidade vari\u00e1vel<\/li>\n<li>Liga\u00e7\u00e3o Modbus RS485 para casa inteligente<\/li>\n<li>Sensores IAQ (Qualidade do ar interior) CO2\/PM2.5\/vOCs\/TEMP\/RH<\/li>\n<li>Opera\u00e7\u00e3o semanal proposta<\/li>\n<li>Controlo separado opcional do ventilador<\/li>\n<li>Liga\u00e7\u00e3o de v\u00e1rios sensores externos de CO2\/RH\/TEMP<\/li>\n<li>Liga\u00e7\u00e3o de v\u00e1rios interruptores de impulso externos<\/li>\n<li>Automatiza\u00e7\u00e3o da entrada\/fus\u00e3o\/IAQ<\/li>\n<li>Dispon\u00edvel com controlo remoto<\/li>\n<li>Notifica\u00e7\u00e3o de leitura\/substitui\u00e7\u00e3o do filtro invertido<\/li>\n<li>Defini\u00e7\u00f5es completas do painel de controlo<\/li>\n<\/ul>\n<p><strong>Informa\u00e7\u00f5es t\u00e9cnicas:<\/strong><\/p>\n<ul>\n<li>Tipo de motor de ventila\u00e7\u00e3o: EC<\/li>\n<li>Fluxo de ar m\u00e1ximo (m3\/h):\u00a0<strong><em>100@100Pa \/ 150@100Pa \/ 180@100Pa<\/em><\/strong><\/li>\n<li>Pot\u00eancia nominal m\u00e1xima:\u00a0<strong><em>230V-50Hz; 50W; 0,4A \/ 230V-50Hz; 85W; 0,6A \/ 230V-50Hz; 105W; 0,8A<\/em><\/strong><\/li>\n<li>Gama de entrada de alimenta\u00e7\u00e3o: 200-240 V; 50\/60Hz<\/li>\n<li>Peso (kg): 25<\/li>\n<li>Filtro: G4<\/li>\n<li>Filtro da fonte de alimenta\u00e7\u00e3o: G4, F8 (opcional)<\/li>\n<li>Press\u00e3o est\u00e1tica m\u00e1xima (Pa):\u00a0<strong><em>415 \/ 454 \/ 528<\/em><\/strong><\/li>\n<li>Tipo de permutador de calor: Contrafluxo<\/li>\n<li>Efici\u00eancia energ\u00e9tica (%):\u00a0<strong><em>85-96 \/ 80-96 \/ 77-96<\/em><\/strong><\/li>\n<li>Material de isolamento interno: espuma de polietileno<\/li>\n<li>Material do corpo: chapa de a\u00e7o revestida<\/li>\n<li>Temperatura do ar transmitido (C): -25 a +50<\/li>\n<li>Temperatura ambiente de trabalho (C): +5 a +40<\/li>\n<li>Humidade relativa do ambiente de trabalho (%): inferior a 80<\/li>\n<li>Di\u00e2metro da conduta de ar ligada (mm): 125<\/li>\n<\/ul>","protected":false},"excerpt":{"rendered":"<p><a href=\"https:\/\/eprel.ec.europa.eu\/screen\/product\/residentialventilationunits\/2428081\" target=\"_blank\" rel=\"noopener\">Registo EPREL<\/a><\/p>\n<p><strong>Weston Climate <\/strong><strong>Unidade de ventila\u00e7\u00e3o com recupera\u00e7\u00e3o de calor da s\u00e9rie Flex 100-180m3<\/strong> t\u00eam um design compacto e foram concebidos para instala\u00e7\u00e3o embutida\/encastrada. Adequado para utiliza\u00e7\u00e3o em casas particulares de pequena e m\u00e9dia dimens\u00e3o, escrit\u00f3rios, salas de estar, gin\u00e1sios, instala\u00e7\u00f5es m\u00e9dicas, lojas, hot\u00e9is, institui\u00e7\u00f5es de ensino, instala\u00e7\u00f5es de restaura\u00e7\u00e3o, etc. O equipamento foi encomendado e adaptado \u00e0s exig\u00eancias europeias e escandinavas. A constru\u00e7\u00e3o da unidade \u00e9 feita com materiais de alta qualidade, que garantem o funcionamento perfeito e extremamente silencioso da s\u00e9rie Flex. A tecnologia moderna garante a fiabilidade e a longa vida \u00fatil da unidade. A instala\u00e7\u00e3o da s\u00e9rie Flex \u00e9 muito f\u00e1cil e est\u00e1 ao alcance de qualquer homem ou mulher de fam\u00edlia empreendedor.<\/p>\n<table style=\"border-collapse: collapse; width: 48pt;\" border=\"0\" width=\"64\" cellspacing=\"0\" cellpadding=\"0\">\n<tbody>\n<tr style=\"height: 15.0pt;\">\n<td style=\"height: 15.0pt; width: 48pt;\" width=\"64\" height=\"20\"><a href=\"https:\/\/westonclimate.com\/wp-content\/uploads\/2026\/01\/CE-Certificate-CS-SERIES-1.pdf\" target=\"_blank\" rel=\"noopener\"><img fetchpriority=\"high\" decoding=\"async\" class=\"alignnone size-medium wp-image-10923\" src=\"https:\/\/westonclimate.com\/wp-content\/uploads\/2024\/06\/CS-sert-213x300.png\" alt=\"\" width=\"213\" height=\"300\" srcset=\"https:\/\/westonclimate.com\/wp-content\/uploads\/2024\/06\/CS-sert-213x300.png 213w, https:\/\/westonclimate.com\/wp-content\/uploads\/2024\/06\/CS-sert-727x1024.png 727w, https:\/\/westonclimate.com\/wp-content\/uploads\/2024\/06\/CS-sert-768x1082.png 768w, https:\/\/westonclimate.com\/wp-content\/uploads\/2024\/06\/CS-sert-9x12.png 9w, https:\/\/westonclimate.com\/wp-content\/uploads\/2024\/06\/CS-sert-600x846.png 600w, https:\/\/westonclimate.com\/wp-content\/uploads\/2024\/06\/CS-sert.png 894w\" sizes=\"(max-width: 213px) 100vw, 213px\" \/><\/a><\/td>\n<\/tr>\n<\/tbody>\n<\/table>\n<p><strong>Prazo de entrega at\u00e9 45 dias \u00fateis.<\/strong><\/p>","protected":false},"featured_media":5167,"template":"","meta":[],"product_brand":[],"product_cat":[121,35,88],"product_tag":[],"class_list":{"0":"post-4293","1":"product","2":"type-product","3":"status-publish","4":"has-post-thumbnail","6":"product_cat-laeventilatsioon","7":"product_cat-ventilatsiooniseadmed","8":"product_cat-allahindlus","10":"first","11":"instock","12":"taxable","13":"shipping-taxable","14":"purchasable","15":"product-type-variable","16":"has-default-attributes"},"_links":{"self":[{"href":"https:\/\/westonclimate.com\/pt_pt\/wp-json\/wp\/v2\/product\/4293","targetHints":{"allow":["GET"]}}],"collection":[{"href":"https:\/\/westonclimate.com\/pt_pt\/wp-json\/wp\/v2\/product"}],"about":[{"href":"https:\/\/westonclimate.com\/pt_pt\/wp-json\/wp\/v2\/types\/product"}],"version-history":[{"count":13,"href":"https:\/\/westonclimate.com\/pt_pt\/wp-json\/wp\/v2\/product\/4293\/revisions"}],"predecessor-version":[{"id":10955,"href":"https:\/\/westonclimate.com\/pt_pt\/wp-json\/wp\/v2\/product\/4293\/revisions\/10955"}],"wp:featuredmedia":[{"embeddable":true,"href":"https:\/\/westonclimate.com\/pt_pt\/wp-json\/wp\/v2\/media\/5167"}],"wp:attachment":[{"href":"https:\/\/westonclimate.com\/pt_pt\/wp-json\/wp\/v2\/media?parent=4293"}],"wp:term":[{"taxonomy":"product_brand","embeddable":true,"href":"https:\/\/westonclimate.com\/pt_pt\/wp-json\/wp\/v2\/product_brand?post=4293"},{"taxonomy":"product_cat","embeddable":true,"href":"https:\/\/westonclimate.com\/pt_pt\/wp-json\/wp\/v2\/product_cat?post=4293"},{"taxonomy":"product_tag","embeddable":true,"href":"https:\/\/westonclimate.com\/pt_pt\/wp-json\/wp\/v2\/product_tag?post=4293"}],"curies":[{"name":"wp","href":"https:\/\/api.w.org\/{rel}","templated":true}]}}